{"id":121,"date":"2022-08-16T08:54:59","date_gmt":"2022-08-16T05:54:59","guid":{"rendered":"https:\/\/talmaski.fi\/2022\/?page_id=121"},"modified":"2026-03-19T14:03:51","modified_gmt":"2026-03-19T12:03:51","slug":"yritykset-ja-ryhmat","status":"publish","type":"page","link":"https:\/\/talmaski.fi\/en\/yritykset-ja-ryhmat\/","title":{"rendered":"Companies and groups"},"content":{"rendered":"<!-- Groweo SmartFlow -->\r\n<div class=\"gw-smartflow\">\r\n<script src=\"https:\/\/engine.groweo.com\/smartFlow\/script.js\" data-cookieconsent=\"ignore\"><\/script>\r\n<iframe id=\"690491339471d85fdeba3550-68d3ce5ff1345c3924544916-smartflow-inpage\" \r\n    src=\"https:\/\/engine.groweo.com\/smartFlow\/?url=https:\/\/engine.groweo.com\/api\/68d3ce5ff1345c3924544916\/690491339471d85fdeba3550&#038;publishUrl=https:\/\/engine.groweo.com\/api\/session\/response&#038;workspaceId=68d3ce5ff1345c3924544916&#038;moduleId=690491339471d85fdeba3550&#038;inPage=true&#038;isPreview=false&#038;language=fi\" \r\n    lang=\"fi\"\r\n    title=\"groweoapp - smartflow\"\r\n    data-apptype=\"smartflow\"\r\n    data-test-id=\"smartflow-main-iframe\"\r\n    height=\"100%\" width=\"100%\" frameborder=\"0\" scrolling=\"auto\">\r\n<\/iframe>\r\n<\/div>\r\n\r\n<!-- End of Groweo SmartFlow -->\n\n\n\n<h1 class=\"wp-block-heading\">Yritystapahtumat, kouluretket ja ryhm\u00e4aktiviteetit Helsingin l\u00e4hell\u00e4<\/h1>\n\n\n\n<div class=\"wp-block-columns is-layout-flex wp-container-core-columns-is-layout-28f84493 wp-block-columns-is-layout-flex\">\n<div class=\"wp-block-column is-layout-flow wp-block-column-is-layout-flow\" style=\"flex-basis:33.33%\">\n<div class=\"wp-block-columns is-layout-flex wp-container-core-columns-is-layout-28f84493 wp-block-columns-is-layout-flex\">\n<div class=\"wp-block-column is-layout-flow wp-block-column-is-layout-flow\" style=\"flex-basis:100%\"><nav style=\"background-color: #f9f8f8;\" class=\"has-text-color has-accent-color has-background  is-vertical wp-block-navigation is-layout-flex wp-container-core-navigation-is-layout-fe9cc265 wp-block-navigation-is-layout-flex\" aria-label=\"Navigation\"><ul style=\"background-color: #f9f8f8;\" class=\"wp-block-navigation__container has-text-color has-accent-color has-background  is-vertical wp-block-navigation\"><li class=\"wp-block-navigation-item wp-block-navigation-link\"><a class=\"wp-block-navigation-item__content\"  href=\"https:\/\/talmaski.fi\/en\/yritykset-ja-ryhmat\/yritykset\/\"><span class=\"wp-block-navigation-item__label\">\u00b7 Yritystapahtumat<\/span><\/a><\/li><li class=\"wp-block-navigation-item wp-block-navigation-link\"><a class=\"wp-block-navigation-item__content\"  href=\"https:\/\/talmaski.fi\/en\/yritykset-ja-ryhmat\/koulut\/\"><span class=\"wp-block-navigation-item__label\">\u00b7 Schools<\/span><\/a><\/li><li class=\"wp-block-navigation-item wp-block-navigation-link\"><a class=\"wp-block-navigation-item__content\"  href=\"https:\/\/talmaski.fi\/en\/yritykset-ja-ryhmat\/muut-ryhmat\/\"><span class=\"wp-block-navigation-item__label\">\u00b7 Other groups<\/span><\/a><\/li><li class=\"wp-block-navigation-item wp-block-navigation-link\"><a class=\"wp-block-navigation-item__content\"  href=\"https:\/\/talmaski.fi\/en\/yritykset-ja-ryhmat\/wernerisynttarit\/\"><span class=\"wp-block-navigation-item__label\">\u00b7 Werner&#039;s birthday<\/span><\/a><\/li><li class=\"wp-block-navigation-item wp-block-navigation-link\"><a class=\"wp-block-navigation-item__content\"  href=\"https:\/\/talmaski.fi\/en\/yritykset-ja-ryhmat\/vuokrattavat-tilat\/\"><span class=\"wp-block-navigation-item__label\">\u00b7 Premises for rent<\/span><\/a><\/li><\/ul><\/nav><\/div>\n<\/div>\n<\/div>\n\n\n\n<div class=\"wp-block-column is-layout-flow wp-block-column-is-layout-flow\" style=\"flex-basis:66.66%\">\n<h2 class=\"wp-block-heading\">Planning a meeting or recreational day, company Christmas party or client day?<\/h2>\n\n\n\n<p>A club or association's season party or even an annual party? A bachelor party with a group of friends, a birthday party or a relaxed evening out? Be your needs small or large, from us you can get everything in one sensibly priced package all year round. Fun program and activities, good food, versatile facilities and great saunas - all easily, flexibly and cost-effectively! Each event is tailored according to the customer's wishes and we are always open to new ideas.<\/p>\n\n\n\n<p><strong>Contact us:<\/strong><\/p>\n\n\n\n<p>hanna (at) talmaski.fi or p. 040-1281419 (weekdays 12-15) or fill in the request a quote form<\/p>\n\n\n\n<p><\/p>\n<\/div>\n<\/div>\n\n\n\n<div class=\"wp-block-columns is-layout-flex wp-container-core-columns-is-layout-28f84493 wp-block-columns-is-layout-flex\">\n<div class=\"wp-block-column is-layout-flow wp-block-column-is-layout-flow\" style=\"flex-basis:100%\">\n<div class=\"wp-block-columns is-layout-flex wp-container-core-columns-is-layout-28f84493 wp-block-columns-is-layout-flex\">\n<div class=\"wp-block-column is-layout-flow wp-block-column-is-layout-flow\" style=\"flex-basis:100%\">\n<p><strong>Tarjouspyynt\u00f6:<\/strong><\/p>\n<\/div>\n<\/div>\n<\/div>\n<\/div>\n\n\n<style id=\"wpforms-css-vars-4034-block-b29ff3a4-fe09-4807-94dc-6acdd48b6c48\">\n\t\t\t\t#wpforms-4034.wpforms-block-b29ff3a4-fe09-4807-94dc-6acdd48b6c48 {\n\t\t\t\t--wpforms-field-size-input-height: 43px;\n--wpforms-field-size-input-spacing: 15px;\n--wpforms-field-size-font-size: 16px;\n--wpforms-field-size-line-height: 19px;\n--wpforms-field-size-padding-h: 14px;\n--wpforms-field-size-checkbox-size: 16px;\n--wpforms-field-size-sublabel-spacing: 5px;\n--wpforms-field-size-icon-size: 1;\n--wpforms-label-size-font-size: 16px;\n--wpforms-label-size-line-height: 19px;\n--wpforms-label-size-sublabel-font-size: 14px;\n--wpforms-label-size-sublabel-line-height: 17px;\n--wpforms-button-size-font-size: 17px;\n--wpforms-button-size-height: 41px;\n--wpforms-button-size-padding-h: 15px;\n--wpforms-button-size-margin-top: 10px;\n\t\t\t}\n\t\t\t<\/style><div class=\"wpforms-container wpforms-container-full wpforms-block wpforms-block-b29ff3a4-fe09-4807-94dc-6acdd48b6c48 wpforms-render-modern\" id=\"wpforms-4034\"><form id=\"wpforms-form-4034\" class=\"wpforms-validate wpforms-form wpforms-ajax-form\" data-formid=\"4034\" method=\"post\" enctype=\"multipart\/form-data\" action=\"\/en\/wp-json\/wp\/v2\/pages\/121\" data-token=\"64c60cc7c702ea1ea0a58aa657eb16f9\" data-token-time=\"1776780377\" data-trp-original-action=\"\/en\/wp-json\/wp\/v2\/pages\/121\"><noscript class=\"wpforms-error-noscript\">Please enable JavaScript in your browser to complete this form.<\/noscript><div id=\"wpforms-error-noscript\" style=\"display: none;\">Please enable JavaScript in your browser to complete this form.<\/div><div class=\"wpforms-field-container\"><div id=\"wpforms-4034-field_4-container\" class=\"wpforms-field wpforms-field-text\" data-field-id=\"4\"><label class=\"wpforms-field-label\" for=\"wpforms-4034-field_4\">Company\/group name <span class=\"wpforms-required-label\" aria-hidden=\"true\">*<\/span><\/label><input type=\"text\" id=\"wpforms-4034-field_4\" class=\"wpforms-field-medium wpforms-field-required\" name=\"wpforms[fields][4]\" aria-errormessage=\"wpforms-4034-field_4-error\" required><\/div><div id=\"wpforms-4034-field_5-container\" class=\"wpforms-field wpforms-field-text\" data-field-id=\"5\"><label class=\"wpforms-field-label\" for=\"wpforms-4034-field_5\">Name of contact person <span class=\"wpforms-required-label\" aria-hidden=\"true\">*<\/span><\/label><input type=\"text\" id=\"wpforms-4034-field_5\" class=\"wpforms-field-medium wpforms-field-required\" name=\"wpforms[fields][5]\" aria-errormessage=\"wpforms-4034-field_5-error\" required><\/div>\t\t<div id=\"wpforms-4034-field_1-container\"\n\t\t\tclass=\"wpforms-field wpforms-field-text\"\n\t\t\tdata-field-type=\"text\"\n\t\t\tdata-field-id=\"1\"\n\t\t\t>\n\t\t\t<label class=\"wpforms-field-label\" for=\"wpforms-4034-field_1\" >S\u00e4hk\u00f6posti Tapahtuman aktiviteettien,<\/label>\n\t\t\t<input type=\"text\" id=\"wpforms-4034-field_1\" class=\"wpforms-field-medium\" name=\"wpforms[fields][1]\" >\n\t\t<\/div>\n\t\t<div id=\"wpforms-4034-field_2-container\" class=\"wpforms-field wpforms-field-email\" data-field-id=\"2\"><label class=\"wpforms-field-label\" for=\"wpforms-4034-field_2\">Email <span class=\"wpforms-required-label\" aria-hidden=\"true\">*<\/span><\/label><input type=\"email\" id=\"wpforms-4034-field_2\" class=\"wpforms-field-medium wpforms-field-required\" name=\"wpforms[fields][2]\" spellcheck=\"false\" aria-errormessage=\"wpforms-4034-field_2-error\" required><\/div><div id=\"wpforms-4034-field_12-container\" class=\"wpforms-field wpforms-field-text\" data-field-id=\"12\"><label class=\"wpforms-field-label\" for=\"wpforms-4034-field_12\">Phone number<\/label><input type=\"text\" id=\"wpforms-4034-field_12\" class=\"wpforms-field-medium\" name=\"wpforms[fields][12]\" aria-errormessage=\"wpforms-4034-field_12-error\" ><\/div><div id=\"wpforms-4034-field_7-container\" class=\"wpforms-field wpforms-field-checkbox\" data-field-id=\"7\"><fieldset><legend class=\"wpforms-field-label\">Type of event<\/legend><ul id=\"wpforms-4034-field_7\"><li class=\"choice-1 depth-1\"><input type=\"checkbox\" id=\"wpforms-4034-field_7_1\" name=\"wpforms[fields][7][]\" value=\"Virkistys\/tyhyp\u00e4iv\u00e4\" aria-errormessage=\"wpforms-4034-field_7_1-error\"  ><label class=\"wpforms-field-label-inline\" for=\"wpforms-4034-field_7_1\">Recreational day<\/label><\/li><li class=\"choice-2 depth-1\"><input type=\"checkbox\" id=\"wpforms-4034-field_7_2\" name=\"wpforms[fields][7][]\" value=\"Kokous\/koulutus\" aria-errormessage=\"wpforms-4034-field_7_2-error\"  ><label class=\"wpforms-field-label-inline\" for=\"wpforms-4034-field_7_2\">Meeting\/training<\/label><\/li><li class=\"choice-3 depth-1\"><input type=\"checkbox\" id=\"wpforms-4034-field_7_3\" name=\"wpforms[fields][7][]\" value=\"Kouluryhm\u00e4n retki\" aria-errormessage=\"wpforms-4034-field_7_3-error\"  ><label class=\"wpforms-field-label-inline\" for=\"wpforms-4034-field_7_3\">School group trip<\/label><\/li><li class=\"choice-4 depth-1\"><input type=\"checkbox\" id=\"wpforms-4034-field_7_4\" name=\"wpforms[fields][7][]\" value=\"Yhdistyksen\/seuran tilaisuus\" aria-errormessage=\"wpforms-4034-field_7_4-error\"  ><label class=\"wpforms-field-label-inline\" for=\"wpforms-4034-field_7_4\">Association\/club event<\/label><\/li><li class=\"choice-5 depth-1\"><input type=\"checkbox\" id=\"wpforms-4034-field_7_5\" name=\"wpforms[fields][7][]\" value=\"Pikkujoulut\" aria-errormessage=\"wpforms-4034-field_7_5-error\"  ><label class=\"wpforms-field-label-inline\" for=\"wpforms-4034-field_7_5\">Christmas party<\/label><\/li><li class=\"choice-6 depth-1\"><input type=\"checkbox\" id=\"wpforms-4034-field_7_6\" name=\"wpforms[fields][7][]\" value=\"Asiakastilaisuus\" aria-errormessage=\"wpforms-4034-field_7_6-error\"  ><label class=\"wpforms-field-label-inline\" for=\"wpforms-4034-field_7_6\">Customer event<\/label><\/li><li class=\"choice-7 depth-1\"><input type=\"checkbox\" id=\"wpforms-4034-field_7_7\" name=\"wpforms[fields][7][]\" value=\"Perhep\u00e4iv\u00e4\" aria-errormessage=\"wpforms-4034-field_7_7-error\"  ><label class=\"wpforms-field-label-inline\" for=\"wpforms-4034-field_7_7\">Family day<\/label><\/li><li class=\"choice-9 depth-1\"><input type=\"checkbox\" id=\"wpforms-4034-field_7_9\" name=\"wpforms[fields][7][]\" value=\"Yritysjuhla\" aria-errormessage=\"wpforms-4034-field_7_9-error\"  ><label class=\"wpforms-field-label-inline\" for=\"wpforms-4034-field_7_9\">Company party<\/label><\/li><li class=\"choice-8 depth-1\"><input type=\"checkbox\" id=\"wpforms-4034-field_7_8\" name=\"wpforms[fields][7][]\" value=\"Muu\" aria-errormessage=\"wpforms-4034-field_7_8-error\"  ><label class=\"wpforms-field-label-inline\" for=\"wpforms-4034-field_7_8\">Other<\/label><\/li><\/ul><\/fieldset><\/div><div id=\"wpforms-4034-field_10-container\" class=\"wpforms-field wpforms-field-text\" data-field-id=\"10\"><label class=\"wpforms-field-label\" for=\"wpforms-4034-field_10\">Estimated amount of people <span class=\"wpforms-required-label\" aria-hidden=\"true\">*<\/span><\/label><input type=\"text\" id=\"wpforms-4034-field_10\" class=\"wpforms-field-medium wpforms-field-required\" name=\"wpforms[fields][10]\" aria-errormessage=\"wpforms-4034-field_10-error\" required><\/div><div id=\"wpforms-4034-field_11-container\" class=\"wpforms-field wpforms-field-text\" data-field-id=\"11\"><label class=\"wpforms-field-label\" for=\"wpforms-4034-field_11\">Date and timetable of the event<\/label><input type=\"text\" id=\"wpforms-4034-field_11\" class=\"wpforms-field-medium\" name=\"wpforms[fields][11]\" aria-errormessage=\"wpforms-4034-field_11-error\" ><\/div><div id=\"wpforms-4034-field_3-container\" class=\"wpforms-field wpforms-field-textarea\" data-field-id=\"3\"><label class=\"wpforms-field-label\" for=\"wpforms-4034-field_3\">What type of event would you like to have? What wishes do you have regarding e.g. activities, premises and catering? <span class=\"wpforms-required-label\" aria-hidden=\"true\">*<\/span><\/label><textarea id=\"wpforms-4034-field_3\" class=\"wpforms-field-medium wpforms-field-required\" name=\"wpforms[fields][3]\" aria-errormessage=\"wpforms-4034-field_3-error\" required><\/textarea><\/div><script>\n\t\t\t\t( function() {\n\t\t\t\t\tconst style = document.createElement( 'style' );\n\t\t\t\t\tstyle.appendChild( document.createTextNode( '#wpforms-4034-field_1-container { position: absolute !important; overflow: hidden !important; display: inline !important; height: 1px !important; width: 1px !important; z-index: -1000 !important; padding: 0 !important; } #wpforms-4034-field_1-container input { visibility: hidden; } #wpforms-conversational-form-page #wpforms-4034-field_1-container label { counter-increment: none; }' ) );\n\t\t\t\t\tdocument.head.appendChild( style );\n\t\t\t\t\tdocument.currentScript?.remove();\n\t\t\t\t} )();\n\t\t\t<\/script><\/div><!-- .wpforms-field-container --><div class=\"wpforms-submit-container\" ><input type=\"hidden\" name=\"wpforms[id]\" value=\"4034\"><input type=\"hidden\" name=\"page_title\" value=\"\"><input type=\"hidden\" name=\"page_url\" value=\"https:\/\/talmaski.fi\/en\/wp-json\/wp\/v2\/pages\/121\"><input type=\"hidden\" name=\"url_referer\" value=\"\"><button type=\"submit\" name=\"wpforms[submit]\" id=\"wpforms-submit-4034\" class=\"wpforms-submit\" data-alt-text=\"Sending...\" data-submit-text=\"L\u00e4het\u00e4\" aria-live=\"assertive\" value=\"wpforms-submit\">send<\/button><img loading=\"lazy\" decoding=\"async\" src=\"https:\/\/talmaski.fi\/wp-content\/plugins\/wpforms-lite\/assets\/images\/submit-spin.svg\" class=\"wpforms-submit-spinner\" style=\"display: none;\" width=\"26\" height=\"26\" alt=\"Loading\"><\/div><input type=\"hidden\" name=\"trp-form-language\" value=\"en\"\/><\/form><\/div>  <!-- .wpforms-container -->","protected":false},"excerpt":{"rendered":"<p>Yritystapahtumat, kouluretket ja ryhm\u00e4aktiviteetit Helsingin l\u00e4hell\u00e4 Kokous- tai TYHY-p\u00e4iv\u00e4, pikkujoulut tai asiakasp\u00e4iv\u00e4 suunnitteilla? Seuran tai yhdistyksen p\u00e4\u00e4tt\u00e4j\u00e4iset tai vaikka vuosijuhla? Koulun talviliikuntap\u00e4iv\u00e4 tai luokan kev\u00e4tretki? Kaveriporukalla polttarit, syntt\u00e4rit tai rento illanvietto? Olipa tarpeesi pieni tai iso, meilt\u00e4 saat kaikki yhdess\u00e4 j\u00e4rkev\u00e4sti hinnoitellussa paketissa ymp\u00e4ri vuoden. Hauskaa ohjelmaa ja aktiviteetteja, hyv\u00e4\u00e4 [&hellip;]<\/p>","protected":false},"author":3,"featured_media":807,"parent":0,"menu_order":0,"comment_status":"closed","ping_status":"closed","template":"","meta":{"footnotes":""},"class_list":["post-121","page","type-page","status-publish","has-post-thumbnail","hentry"],"_links":{"self":[{"href":"https:\/\/talmaski.fi\/en\/wp-json\/wp\/v2\/pages\/121","targetHints":{"allow":["GET"]}}],"collection":[{"href":"https:\/\/talmaski.fi\/en\/wp-json\/wp\/v2\/pages"}],"about":[{"href":"https:\/\/talmaski.fi\/en\/wp-json\/wp\/v2\/types\/page"}],"author":[{"embeddable":true,"href":"https:\/\/talmaski.fi\/en\/wp-json\/wp\/v2\/users\/3"}],"replies":[{"embeddable":true,"href":"https:\/\/talmaski.fi\/en\/wp-json\/wp\/v2\/comments?post=121"}],"version-history":[{"count":26,"href":"https:\/\/talmaski.fi\/en\/wp-json\/wp\/v2\/pages\/121\/revisions"}],"predecessor-version":[{"id":4979,"href":"https:\/\/talmaski.fi\/en\/wp-json\/wp\/v2\/pages\/121\/revisions\/4979"}],"wp:featuredmedia":[{"embeddable":true,"href":"https:\/\/talmaski.fi\/en\/wp-json\/wp\/v2\/media\/807"}],"wp:attachment":[{"href":"https:\/\/talmaski.fi\/en\/wp-json\/wp\/v2\/media?parent=121"}],"curies":[{"name":"wp","href":"https:\/\/api.w.org\/{rel}","templated":true}]}}