{"id":146,"date":"2022-08-16T15:52:19","date_gmt":"2022-08-16T12:52:19","guid":{"rendered":"https:\/\/talmaski.fi\/2022\/?page_id=146"},"modified":"2026-03-10T17:53:05","modified_gmt":"2026-03-10T15:53:05","slug":"aukioloajat","status":"publish","type":"page","link":"https:\/\/talmaski.fi\/en\/activepark\/aukioloajat\/","title":{"rendered":"Opening hours"},"content":{"rendered":"<p><em>Adventure park opens again in June 2026. We will inform opening day later during the spring. <\/em><\/p>\n\n\n\n<p>We reserve the right to change opening times on short notice due to f.ex. heavy rain or thunder.<\/p>\n\n\n\n<p>Restaurant SN\u00d6 opening times <a href=\"https:\/\/ravintolasno.fi\/index.html\">here<\/a><\/p>\n\n\n\n<p>Please note that the initial guidance takes about 20-30 minutes and the last starts on the track are 30 minutes before closing. So please arrive at least two hours before closing time. We recommend setting aside at least 2-3 hours for climbing.<br>We recommend setting aside at least 2-3 hours for climbing.<\/p>\n\n\n\n<p>Please note that the Talma Bike park is not open during summer 2026 either. More information <a href=\"https:\/\/talmaski.fi\/en\/talma-bike-park-2023-tiedote\/\">here<\/a>.<\/p>\n\n\n\n<p><strong>We are also open for groups outside normal opening hours by agreement. Look&nbsp;<a href=\"https:\/\/talmaski.fi\/en\/2022\/yritykset-ja-ryhmat\/\" data-type=\"page\" data-id=\"121\">groups and companies.<\/a><\/strong><\/p>","protected":false},"excerpt":{"rendered":"<p>Seikkailupuisto kes\u00e4kausi 2026 alkaa kes\u00e4kuussa. Tiedotamme tarkemmin avaamisp\u00e4iv\u00e4n my\u00f6hemmin kev\u00e4\u00e4ll\u00e4. Pid\u00e4t\u00e4mme oikeuden muutoksiin my\u00f6s lyhyell\u00e4 varoitusajalla esim. rankkasateen, voimakkaan tuulen tai ukkosen johdosta. Ravintola SN\u00d6 aukioloajat t\u00e4\u00e4lt\u00e4 Huomioithan, ett\u00e4 kiipeilyn alkuopastus vie aikaa noin 20-30 minuuttia ja viimeiset l\u00e4hd\u00f6t radalla ovat 30min ennen sulkemista. Saavuthan paikalle siis v\u00e4hint\u00e4\u00e4n kahta tuntia [&hellip;]<\/p>","protected":false},"author":3,"featured_media":0,"parent":26,"menu_order":0,"comment_status":"closed","ping_status":"closed","template":"","meta":{"footnotes":""},"class_list":["post-146","page","type-page","status-publish","hentry"],"_links":{"self":[{"href":"https:\/\/talmaski.fi\/en\/wp-json\/wp\/v2\/pages\/146","targetHints":{"allow":["GET"]}}],"collection":[{"href":"https:\/\/talmaski.fi\/en\/wp-json\/wp\/v2\/pages"}],"about":[{"href":"https:\/\/talmaski.fi\/en\/wp-json\/wp\/v2\/types\/page"}],"author":[{"embeddable":true,"href":"https:\/\/talmaski.fi\/en\/wp-json\/wp\/v2\/users\/3"}],"replies":[{"embeddable":true,"href":"https:\/\/talmaski.fi\/en\/wp-json\/wp\/v2\/comments?post=146"}],"version-history":[{"count":95,"href":"https:\/\/talmaski.fi\/en\/wp-json\/wp\/v2\/pages\/146\/revisions"}],"predecessor-version":[{"id":4931,"href":"https:\/\/talmaski.fi\/en\/wp-json\/wp\/v2\/pages\/146\/revisions\/4931"}],"up":[{"embeddable":true,"href":"https:\/\/talmaski.fi\/en\/wp-json\/wp\/v2\/pages\/26"}],"wp:attachment":[{"href":"https:\/\/talmaski.fi\/en\/wp-json\/wp\/v2\/media?parent=146"}],"curies":[{"name":"wp","href":"https:\/\/api.w.org\/{rel}","templated":true}]}}