{"id":1496,"date":"2023-01-26T12:43:39","date_gmt":"2023-01-26T10:43:39","guid":{"rendered":"https:\/\/talmaski.fi\/?page_id=1496"},"modified":"2026-01-13T13:02:50","modified_gmt":"2026-01-13T11:02:50","slug":"kouluinfo","status":"publish","type":"page","link":"https:\/\/talmaski.fi\/en\/kouluinfo\/","title":{"rendered":"Kouluinfo"},"content":{"rendered":"<p>Tervetuloa Talmaan viett\u00e4m\u00e4\u00e4n koulun talviliikuntap\u00e4iv\u00e4\u00e4!<\/p>\n\n\n\n<p>Alla olevassa esityksess\u00e4 on tietoa ja vinkkej\u00e4 retke\u00e4nne varten. Sivu vaihtuu klikkaamalla esityksen reunasta. Alareunasta klikkaamalla saa n\u00e4kyviin toimintopalkin, josta voi avata esityksen koko ruudulle (ellei t\u00e4m\u00e4 toimi, esityksen alla linkki, jonka kautta saa koko ruudun n\u00e4yt\u00f6lle). Voit my\u00f6s ladata esityksen pdf-tiedostona <strong><a href=\"https:\/\/talmaski.fi\/wp-content\/uploads\/2026\/01\/Koulun-talviliikuntapaiva-Talmassa-Info-2026.pdf\">t\u00e4st\u00e4.<\/a><\/strong><\/p>\n\n\n\n<div style=\"position: relative; width: 100%; height: 0; padding-top: 75.0000%; padding-bottom: 0; box-shadow: 0 2px 8px 0 rgba(63,69,81,0.16); margin-top: 1.6em; margin-bottom: 0.9em; overflow: hidden; border-radius: 8px; will-change: transform;\">\n  <iframe loading=\"lazy\" style=\"position: absolute; width: 100%; height: 100%; top: 0; left: 0; border: none; padding: 0;margin: 0;\"\n    src=\"https:&#x2F;&#x2F;www.canva.com&#x2F;design&#x2F;DAFOLC7LFXs&#x2F;view?embed\" allowfullscreen=\"allowfullscreen\" allow=\"fullscreen\">\n  <\/iframe>\n<\/div>\n<a href=\"https:\/\/\/en\/&\/#x2F;&#x2F;www.canva.com&#x2F;design&#x2F;DAFOLC7LFXs&#x2F;view?utm_content=DAFOLC7LFXs&amp;utm_campaign=designshare&amp;utm_medium=embeds&amp;utm_source=link\" target=\"_blank\" rel=\"noopener\">Koulun talviliikuntap\u00e4iv\u00e4 Talmassa<\/a>, tekij\u00e4 Talma Ski\n\n\n\n<p><\/p>","protected":false},"excerpt":{"rendered":"<p>Tervetuloa Talmaan viett\u00e4m\u00e4\u00e4n koulun talviliikuntap\u00e4iv\u00e4\u00e4! Alla olevassa esityksess\u00e4 on tietoa ja vinkkej\u00e4 retke\u00e4nne varten. Sivu vaihtuu klikkaamalla esityksen reunasta. Alareunasta klikkaamalla saa n\u00e4kyviin toimintopalkin, josta voi avata esityksen koko ruudulle (ellei t\u00e4m\u00e4 toimi, esityksen alla linkki, jonka kautta saa koko ruudun n\u00e4yt\u00f6lle). Voit my\u00f6s ladata esityksen pdf-tiedostona t\u00e4st\u00e4. Koulun talviliikuntap\u00e4iv\u00e4 [&hellip;]<\/p>","protected":false},"author":3,"featured_media":0,"parent":0,"menu_order":0,"comment_status":"closed","ping_status":"closed","template":"","meta":{"_uag_custom_page_level_css":"","footnotes":""},"class_list":["post-1496","page","type-page","status-publish","hentry"],"uagb_featured_image_src":{"full":false,"thumbnail":false,"medium":false,"medium_large":false,"large":false,"1536x1536":false,"2048x2048":false,"trp-custom-language-flag":false,"hestia-blog":false},"uagb_author_info":{"display_name":"aleksi","author_link":"https:\/\/talmaski.fi\/en\/author\/aleksi\/"},"uagb_comment_info":0,"uagb_excerpt":"Tervetuloa Talmaan viett\u00e4m\u00e4\u00e4n koulun talviliikuntap\u00e4iv\u00e4\u00e4! Alla olevassa esityksess\u00e4 on tietoa ja vinkkej\u00e4 retke\u00e4nne varten. Sivu vaihtuu klikkaamalla esityksen reunasta. Alareunasta klikkaamalla saa n\u00e4kyviin toimintopalkin, josta voi avata esityksen koko ruudulle (ellei t\u00e4m\u00e4 toimi, esityksen alla linkki, jonka kautta saa koko ruudun n\u00e4yt\u00f6lle). Voit my\u00f6s ladata esityksen pdf-tiedostona t\u00e4st\u00e4. Koulun talviliikuntap\u00e4iv\u00e4 [&hellip;]","_links":{"self":[{"href":"https:\/\/talmaski.fi\/en\/wp-json\/wp\/v2\/pages\/1496","targetHints":{"allow":["GET"]}}],"collection":[{"href":"https:\/\/talmaski.fi\/en\/wp-json\/wp\/v2\/pages"}],"about":[{"href":"https:\/\/talmaski.fi\/en\/wp-json\/wp\/v2\/types\/page"}],"author":[{"embeddable":true,"href":"https:\/\/talmaski.fi\/en\/wp-json\/wp\/v2\/users\/3"}],"replies":[{"embeddable":true,"href":"https:\/\/talmaski.fi\/en\/wp-json\/wp\/v2\/comments?post=1496"}],"version-history":[{"count":24,"href":"https:\/\/talmaski.fi\/en\/wp-json\/wp\/v2\/pages\/1496\/revisions"}],"predecessor-version":[{"id":4801,"href":"https:\/\/talmaski.fi\/en\/wp-json\/wp\/v2\/pages\/1496\/revisions\/4801"}],"wp:attachment":[{"href":"https:\/\/talmaski.fi\/en\/wp-json\/wp\/v2\/media?parent=1496"}],"curies":[{"name":"wp","href":"https:\/\/api.w.org\/{rel}","templated":true}]}}