{"id":151,"date":"2022-08-16T15:58:04","date_gmt":"2022-08-16T12:58:04","guid":{"rendered":"https:\/\/talmaski.fi\/2022\/?page_id=151"},"modified":"2026-04-27T15:14:21","modified_gmt":"2026-04-27T12:14:21","slug":"werneri-park","status":"publish","type":"page","link":"https:\/\/talmaski.fi\/en\/seikkailupuisto\/werneri-park\/","title":{"rendered":"Werneri Park"},"content":{"rendered":"<p>Our Werneri Park, which is popular in winter, is also open as a summer version. In the summer our activity park has a bouncy castle, two large Acon trampolines, a swing carousel with a motor, electric excavators, a regular carousel, slides and various yard games. Werneri Park is free for children under 3 and adults.<\/p>\n\n\n\n<p><strong>Werneri Park's net adventure course is suitable for all ages and does not require a harness. There is also Werneri's puzzle adventure where you solve puzzles with clues and advance from room to room. Puzzle adventure is aimed for children and is suitable also for rainy days, as it is an indoor activity. <\/strong><\/p>\n\n\n\n<p>Werneri Park also has a sunny roof terrace with views of the hill. You can also enjoy your own snacks on the terrace.<\/p>\n\n\n\n<p><strong>Werneri Park also has children's excavators! Electric excavators work with tokens, Werneri Park admission includes one token, additional tokens can be bought at the ticket sales. Excavators work for 5 min on one token. \ud83d\udc77\ud83c\udffb\u200d\u2642\ufe0f\ud83d\udc77\u200d\u2640\ufe0f Please note, free admissions, such as under 3 year old admission, do not include a token and also climbing tickets do not include a token.<\/strong><\/p>\n\n\n\n<figure class=\"wp-block-gallery has-nested-images columns-default is-cropped wp-block-gallery-1 is-layout-flex wp-block-gallery-is-layout-flex\">\n<figure class=\"wp-block-image size-full\"><img loading=\"lazy\" decoding=\"async\" width=\"1080\" height=\"1350\" data-id=\"2073\" src=\"https:\/\/talmaski.fi\/wp-content\/uploads\/2023\/06\/lasten-verkkoseikkailurata.jpg\" alt=\"\" class=\"wp-image-2073\" srcset=\"https:\/\/talmaski.fi\/wp-content\/uploads\/2023\/06\/lasten-verkkoseikkailurata.jpg 1080w, https:\/\/talmaski.fi\/wp-content\/uploads\/2023\/06\/lasten-verkkoseikkailurata-480x600.jpg 480w, https:\/\/talmaski.fi\/wp-content\/uploads\/2023\/06\/lasten-verkkoseikkailurata-768x960.jpg 768w, https:\/\/talmaski.fi\/wp-content\/uploads\/2023\/06\/lasten-verkkoseikkailurata-10x12.jpg 10w\" sizes=\"auto, (max-width: 1080px) 100vw, 1080px\" \/><\/figure>\n\n\n\n<figure class=\"wp-block-image size-full\"><img loading=\"lazy\" decoding=\"async\" width=\"500\" height=\"528\" data-id=\"2120\" src=\"https:\/\/talmaski.fi\/wp-content\/uploads\/2023\/06\/Pupu-pomppulinna_p-1.jpg\" alt=\"pomppulinna lapsille\" class=\"wp-image-2120\" srcset=\"https:\/\/talmaski.fi\/wp-content\/uploads\/2023\/06\/Pupu-pomppulinna_p-1.jpg 500w, https:\/\/talmaski.fi\/wp-content\/uploads\/2023\/06\/Pupu-pomppulinna_p-1-11x12.jpg 11w\" sizes=\"auto, (max-width: 500px) 100vw, 500px\" \/><\/figure>\n\n\n\n<figure class=\"wp-block-image size-full\"><img loading=\"lazy\" decoding=\"async\" width=\"497\" height=\"527\" data-id=\"1645\" src=\"https:\/\/talmaski.fi\/wp-content\/uploads\/2023\/02\/Kesapuuhaa-lapsille-kiipeily-Sipoo.jpg\" alt=\"\" class=\"wp-image-1645\" srcset=\"https:\/\/talmaski.fi\/wp-content\/uploads\/2023\/02\/Kesapuuhaa-lapsille-kiipeily-Sipoo.jpg 497w, https:\/\/talmaski.fi\/wp-content\/uploads\/2023\/02\/Kesapuuhaa-lapsille-kiipeily-Sipoo-11x12.jpg 11w\" sizes=\"auto, (max-width: 497px) 100vw, 497px\" \/><\/figure>\n\n\n\n<figure class=\"wp-block-image size-full\"><img loading=\"lazy\" decoding=\"async\" width=\"627\" height=\"417\" data-id=\"1646\" src=\"https:\/\/talmaski.fi\/wp-content\/uploads\/2023\/02\/Lasten-leikkipuisto-Sipoo.jpg\" alt=\"\" class=\"wp-image-1646\" srcset=\"https:\/\/talmaski.fi\/wp-content\/uploads\/2023\/02\/Lasten-leikkipuisto-Sipoo.jpg 627w, https:\/\/talmaski.fi\/wp-content\/uploads\/2023\/02\/Lasten-leikkipuisto-Sipoo-600x399.jpg 600w, https:\/\/talmaski.fi\/wp-content\/uploads\/2023\/02\/Lasten-leikkipuisto-Sipoo-18x12.jpg 18w, https:\/\/talmaski.fi\/wp-content\/uploads\/2023\/02\/Lasten-leikkipuisto-Sipoo-360x240.jpg 360w\" sizes=\"auto, (max-width: 627px) 100vw, 627px\" \/><\/figure>\n\n\n\n<figure class=\"wp-block-image size-full\"><img loading=\"lazy\" decoding=\"async\" width=\"523\" height=\"500\" data-id=\"1647\" src=\"https:\/\/talmaski.fi\/wp-content\/uploads\/2023\/02\/Moottorikayttoinen-karuselli-lapsille.jpg\" alt=\"\" class=\"wp-image-1647\" srcset=\"https:\/\/talmaski.fi\/wp-content\/uploads\/2023\/02\/Moottorikayttoinen-karuselli-lapsille.jpg 523w, https:\/\/talmaski.fi\/wp-content\/uploads\/2023\/02\/Moottorikayttoinen-karuselli-lapsille-13x12.jpg 13w\" sizes=\"auto, (max-width: 523px) 100vw, 523px\" \/><\/figure>\n\n\n\n<figure class=\"wp-block-image size-full\"><img loading=\"lazy\" decoding=\"async\" width=\"280\" height=\"300\" data-id=\"1648\" src=\"https:\/\/talmaski.fi\/wp-content\/uploads\/2023\/02\/tramppa.jpg\" alt=\"\" class=\"wp-image-1648\" srcset=\"https:\/\/talmaski.fi\/wp-content\/uploads\/2023\/02\/tramppa.jpg 280w, https:\/\/talmaski.fi\/wp-content\/uploads\/2023\/02\/tramppa-11x12.jpg 11w\" sizes=\"auto, (max-width: 280px) 100vw, 280px\" \/><\/figure>\n\n\n\n<figure class=\"wp-block-image size-large\"><img loading=\"lazy\" decoding=\"async\" width=\"1125\" height=\"1500\" data-id=\"1649\" src=\"https:\/\/talmaski.fi\/wp-content\/uploads\/2023\/02\/lasten-sahkokayttoiset-kaivurit-1125x1500.jpg\" alt=\"\" class=\"wp-image-1649\" srcset=\"https:\/\/talmaski.fi\/wp-content\/uploads\/2023\/02\/lasten-sahkokayttoiset-kaivurit-1125x1500.jpg 1125w, https:\/\/talmaski.fi\/wp-content\/uploads\/2023\/02\/lasten-sahkokayttoiset-kaivurit-450x600.jpg 450w, https:\/\/talmaski.fi\/wp-content\/uploads\/2023\/02\/lasten-sahkokayttoiset-kaivurit-768x1024.jpg 768w, https:\/\/talmaski.fi\/wp-content\/uploads\/2023\/02\/lasten-sahkokayttoiset-kaivurit-1152x1536.jpg 1152w, https:\/\/talmaski.fi\/wp-content\/uploads\/2023\/02\/lasten-sahkokayttoiset-kaivurit-1536x2048.jpg 1536w, https:\/\/talmaski.fi\/wp-content\/uploads\/2023\/02\/lasten-sahkokayttoiset-kaivurit-9x12.jpg 9w, https:\/\/talmaski.fi\/wp-content\/uploads\/2023\/02\/lasten-sahkokayttoiset-kaivurit-scaled.jpg 1920w\" sizes=\"auto, (max-width: 1125px) 100vw, 1125px\" \/><\/figure>\n\n\n\n<figure class=\"wp-block-image size-large\"><img loading=\"lazy\" decoding=\"async\" width=\"1500\" height=\"1434\" data-id=\"1642\" src=\"https:\/\/talmaski.fi\/wp-content\/uploads\/2023\/02\/Aurinkoinen-terassi-nakymat-Bike-Park-makeen-1500x1434.jpg\" alt=\"\" class=\"wp-image-1642\" srcset=\"https:\/\/talmaski.fi\/wp-content\/uploads\/2023\/02\/Aurinkoinen-terassi-nakymat-Bike-Park-makeen-1500x1434.jpg 1500w, https:\/\/talmaski.fi\/wp-content\/uploads\/2023\/02\/Aurinkoinen-terassi-nakymat-Bike-Park-makeen-600x574.jpg 600w, https:\/\/talmaski.fi\/wp-content\/uploads\/2023\/02\/Aurinkoinen-terassi-nakymat-Bike-Park-makeen-768x734.jpg 768w, https:\/\/talmaski.fi\/wp-content\/uploads\/2023\/02\/Aurinkoinen-terassi-nakymat-Bike-Park-makeen-1536x1469.jpg 1536w, https:\/\/talmaski.fi\/wp-content\/uploads\/2023\/02\/Aurinkoinen-terassi-nakymat-Bike-Park-makeen-2048x1958.jpg 2048w, https:\/\/talmaski.fi\/wp-content\/uploads\/2023\/02\/Aurinkoinen-terassi-nakymat-Bike-Park-makeen-13x12.jpg 13w\" sizes=\"auto, (max-width: 1500px) 100vw, 1500px\" \/><\/figure>\n\n\n\n<figure class=\"wp-block-image size-full\"><img loading=\"lazy\" decoding=\"async\" width=\"500\" height=\"314\" data-id=\"1651\" src=\"https:\/\/talmaski.fi\/wp-content\/uploads\/2023\/02\/pihapeleja-talmassa.jpg\" alt=\"\" class=\"wp-image-1651\" srcset=\"https:\/\/talmaski.fi\/wp-content\/uploads\/2023\/02\/pihapeleja-talmassa.jpg 500w, https:\/\/talmaski.fi\/wp-content\/uploads\/2023\/02\/pihapeleja-talmassa-18x12.jpg 18w\" sizes=\"auto, (max-width: 500px) 100vw, 500px\" \/><\/figure>\n<\/figure>\n\n\n\n<p><\/p>","protected":false},"excerpt":{"rendered":"<p>Talvella suosittu Werneri Parkimme on auki my\u00f6s kes\u00e4versiona. Touhupuistossamme on kes\u00e4ll\u00e4 verkkoseikkailurata, kaksi pomppulinnaa, kaksi isoa Acon-trampoliini\u00e4, moottorilla varustettu keinukaruselli, s\u00e4hk\u00f6toimiset kaivurit, tavallinen karuselli, liukum\u00e4ki\u00e4, kiipeilysein\u00e4 sek\u00e4 erilaisia pihapelej\u00e4 vapaasti k\u00e4ytett\u00e4v\u00e4n\u00e4. Werneri Park on ilmainen alle 3-vuotiaille ja aikuisille. Werneri Parkin verkkoseikkailurata sopii kaikenik\u00e4isille eik\u00e4 vaadi valjaita. Lis\u00e4ksi yhten\u00e4 aktiviteettina [&hellip;]<\/p>","protected":false},"author":3,"featured_media":566,"parent":26,"menu_order":0,"comment_status":"closed","ping_status":"closed","template":"","meta":{"_uag_custom_page_level_css":"","footnotes":""},"class_list":["post-151","page","type-page","status-publish","has-post-thumbnail","hentry"],"uagb_featured_image_src":{"full":["https:\/\/talmaski.fi\/wp-content\/uploads\/2022\/09\/Talma-Werneri-Park-kesa-leikkipuisto.jpg",627,186,false],"thumbnail":["https:\/\/talmaski.fi\/wp-content\/uploads\/2022\/09\/Talma-Werneri-Park-kesa-leikkipuisto-150x150.jpg",150,150,true],"medium":["https:\/\/talmaski.fi\/wp-content\/uploads\/2022\/09\/Talma-Werneri-Park-kesa-leikkipuisto-300x89.jpg",300,89,true],"medium_large":["https:\/\/talmaski.fi\/wp-content\/uploads\/2022\/09\/Talma-Werneri-Park-kesa-leikkipuisto.jpg",627,186,false],"large":["https:\/\/talmaski.fi\/wp-content\/uploads\/2022\/09\/Talma-Werneri-Park-kesa-leikkipuisto.jpg",627,186,false],"1536x1536":["https:\/\/talmaski.fi\/wp-content\/uploads\/2022\/09\/Talma-Werneri-Park-kesa-leikkipuisto.jpg",627,186,false],"2048x2048":["https:\/\/talmaski.fi\/wp-content\/uploads\/2022\/09\/Talma-Werneri-Park-kesa-leikkipuisto.jpg",627,186,false],"trp-custom-language-flag":["https:\/\/talmaski.fi\/wp-content\/uploads\/2022\/09\/Talma-Werneri-Park-kesa-leikkipuisto.jpg",18,5,false],"hestia-blog":["https:\/\/talmaski.fi\/wp-content\/uploads\/2022\/09\/Talma-Werneri-Park-kesa-leikkipuisto-360x186.jpg",360,186,true]},"uagb_author_info":{"display_name":"aleksi","author_link":"https:\/\/talmaski.fi\/en\/author\/aleksi\/"},"uagb_comment_info":0,"uagb_excerpt":"Talvella suosittu Werneri Parkimme on auki my\u00f6s kes\u00e4versiona. Touhupuistossamme on kes\u00e4ll\u00e4 verkkoseikkailurata, kaksi pomppulinnaa, kaksi isoa Acon-trampoliini\u00e4, moottorilla varustettu keinukaruselli, s\u00e4hk\u00f6toimiset kaivurit, tavallinen karuselli, liukum\u00e4ki\u00e4, kiipeilysein\u00e4 sek\u00e4 erilaisia pihapelej\u00e4 vapaasti k\u00e4ytett\u00e4v\u00e4n\u00e4. Werneri Park on ilmainen alle 3-vuotiaille ja aikuisille. Werneri Parkin verkkoseikkailurata sopii kaikenik\u00e4isille eik\u00e4 vaadi valjaita. Lis\u00e4ksi yhten\u00e4 aktiviteettina [&hellip;]","_links":{"self":[{"href":"https:\/\/talmaski.fi\/en\/wp-json\/wp\/v2\/pages\/151","targetHints":{"allow":["GET"]}}],"collection":[{"href":"https:\/\/talmaski.fi\/en\/wp-json\/wp\/v2\/pages"}],"about":[{"href":"https:\/\/talmaski.fi\/en\/wp-json\/wp\/v2\/types\/page"}],"author":[{"embeddable":true,"href":"https:\/\/talmaski.fi\/en\/wp-json\/wp\/v2\/users\/3"}],"replies":[{"embeddable":true,"href":"https:\/\/talmaski.fi\/en\/wp-json\/wp\/v2\/comments?post=151"}],"version-history":[{"count":32,"href":"https:\/\/talmaski.fi\/en\/wp-json\/wp\/v2\/pages\/151\/revisions"}],"predecessor-version":[{"id":5113,"href":"https:\/\/talmaski.fi\/en\/wp-json\/wp\/v2\/pages\/151\/revisions\/5113"}],"up":[{"embeddable":true,"href":"https:\/\/talmaski.fi\/en\/wp-json\/wp\/v2\/pages\/26"}],"wp:featuredmedia":[{"embeddable":true,"href":"https:\/\/talmaski.fi\/en\/wp-json\/wp\/v2\/media\/566"}],"wp:attachment":[{"href":"https:\/\/talmaski.fi\/en\/wp-json\/wp\/v2\/media?parent=151"}],"curies":[{"name":"wp","href":"https:\/\/api.w.org\/{rel}","templated":true}]}}