{"id":153,"date":"2022-08-16T15:59:23","date_gmt":"2022-08-16T12:59:23","guid":{"rendered":"https:\/\/talmaski.fi\/2022\/?page_id=153"},"modified":"2023-04-18T13:26:46","modified_gmt":"2023-04-18T10:26:46","slug":"minigolf","status":"publish","type":"page","link":"https:\/\/talmaski.fi\/en\/activepark\/minigolf\/","title":{"rendered":"Minigolf"},"content":{"rendered":"<p>Welcome to play minigolf! Our minigolf is available when the adventure park is open. <\/p>\n\n\n\n<p>Our 12-hole mini golf course offers a relaxed and fun activity for all ages. The price includes a minigolf club, a ball and a score card. Come and organize a family tournament or a playful competition among the company. Minigolf is suitable for everyone! To the price list <a href=\"https:\/\/talmaski.fi\/en\/activepark\/hinnasto\/\">from here<\/a><\/p>\n\n\n\n<figure class=\"wp-block-gallery has-nested-images columns-default is-cropped wp-block-gallery-1 is-layout-flex wp-block-gallery-is-layout-flex\">\n<figure class=\"wp-block-image size-large\"><img loading=\"lazy\" decoding=\"async\" width=\"1000\" height=\"1500\" data-id=\"440\" src=\"https:\/\/talmaski.fi\/wp-content\/uploads\/2022\/08\/Seikkailuleiri-32-e1676301083624-1000x1500.jpg\" alt=\"\" class=\"wp-image-440\" srcset=\"https:\/\/talmaski.fi\/wp-content\/uploads\/2022\/08\/Seikkailuleiri-32-e1676301083624-1000x1500.jpg 1000w, https:\/\/talmaski.fi\/wp-content\/uploads\/2022\/08\/Seikkailuleiri-32-e1676301083624-400x600.jpg 400w, https:\/\/talmaski.fi\/wp-content\/uploads\/2022\/08\/Seikkailuleiri-32-e1676301083624-768x1152.jpg 768w, https:\/\/talmaski.fi\/wp-content\/uploads\/2022\/08\/Seikkailuleiri-32-e1676301083624-8x12.jpg 8w, https:\/\/talmaski.fi\/wp-content\/uploads\/2022\/08\/Seikkailuleiri-32-e1676301083624.jpg 1024w\" sizes=\"auto, (max-width: 1000px) 100vw, 1000px\" \/><\/figure>\n\n\n\n<figure class=\"wp-block-image size-full\"><img loading=\"lazy\" decoding=\"async\" width=\"1024\" height=\"682\" data-id=\"1636\" src=\"https:\/\/talmaski.fi\/wp-content\/uploads\/2023\/02\/Minigolf.jpg\" alt=\"minigolf rata talma\" class=\"wp-image-1636\" srcset=\"https:\/\/talmaski.fi\/wp-content\/uploads\/2023\/02\/Minigolf.jpg 1024w, https:\/\/talmaski.fi\/wp-content\/uploads\/2023\/02\/Minigolf-600x400.jpg 600w, https:\/\/talmaski.fi\/wp-content\/uploads\/2023\/02\/Minigolf-768x512.jpg 768w, https:\/\/talmaski.fi\/wp-content\/uploads\/2023\/02\/Minigolf-18x12.jpg 18w, https:\/\/talmaski.fi\/wp-content\/uploads\/2023\/02\/Minigolf-360x240.jpg 360w\" sizes=\"auto, (max-width: 1024px) 100vw, 1024px\" \/><\/figure>\n<\/figure>","protected":false},"excerpt":{"rendered":"<p>Tervetuloa pelaamaan minigolfia! Minigolf ratamme on k\u00e4ytett\u00e4viss\u00e4 seikkailupuiston aukioloaikoina. 12-reik\u00e4inen minigolfratamme tarjoaa rentoa ja hauskaa tekemist\u00e4 kaikenik\u00e4isille. Hinta sis\u00e4lt\u00e4\u00e4 mailan, pallon sek\u00e4 tuloskortin. Tule ja j\u00e4rjest\u00e4 perheturnaus tai leikkimielinen kisa firman kesken. Minigolf sopii kaikille! Hinnastoon t\u00e4st\u00e4<\/p>","protected":false},"author":3,"featured_media":564,"parent":26,"menu_order":0,"comment_status":"closed","ping_status":"closed","template":"","meta":{"footnotes":""},"class_list":["post-153","page","type-page","status-publish","has-post-thumbnail","hentry"],"_links":{"self":[{"href":"https:\/\/talmaski.fi\/en\/wp-json\/wp\/v2\/pages\/153","targetHints":{"allow":["GET"]}}],"collection":[{"href":"https:\/\/talmaski.fi\/en\/wp-json\/wp\/v2\/pages"}],"about":[{"href":"https:\/\/talmaski.fi\/en\/wp-json\/wp\/v2\/types\/page"}],"author":[{"embeddable":true,"href":"https:\/\/talmaski.fi\/en\/wp-json\/wp\/v2\/users\/3"}],"replies":[{"embeddable":true,"href":"https:\/\/talmaski.fi\/en\/wp-json\/wp\/v2\/comments?post=153"}],"version-history":[{"count":6,"href":"https:\/\/talmaski.fi\/en\/wp-json\/wp\/v2\/pages\/153\/revisions"}],"predecessor-version":[{"id":1941,"href":"https:\/\/talmaski.fi\/en\/wp-json\/wp\/v2\/pages\/153\/revisions\/1941"}],"up":[{"embeddable":true,"href":"https:\/\/talmaski.fi\/en\/wp-json\/wp\/v2\/pages\/26"}],"wp:featuredmedia":[{"embeddable":true,"href":"https:\/\/talmaski.fi\/en\/wp-json\/wp\/v2\/media\/564"}],"wp:attachment":[{"href":"https:\/\/talmaski.fi\/en\/wp-json\/wp\/v2\/media?parent=153"}],"curies":[{"name":"wp","href":"https:\/\/api.w.org\/{rel}","templated":true}]}}