{"id":156,"date":"2022-08-16T16:01:02","date_gmt":"2022-08-16T13:01:02","guid":{"rendered":"https:\/\/talmaski.fi\/2022\/?page_id=156"},"modified":"2025-06-03T13:31:00","modified_gmt":"2025-06-03T10:31:00","slug":"paintball","status":"publish","type":"page","link":"https:\/\/talmaski.fi\/en\/activepark\/paintball\/","title":{"rendered":"Paintball"},"content":{"rendered":"<p>We have a long experience in organising paintball games, we started our paintball activities in summer 2008. Talma now has a brand new, great forest field that has both natural and build wooden obstacles. Our customers are e.g. companies, schools, sports clubs and, of course, stag parties. The feedback we have received has been unequivocally positive, come and see for yourself!<\/p>\n\n\n\n<p>We maintain our equipment after every game to make your gaming experience as smooth as possible and, of course, safe. <\/p>\n\n\n\n<p>In our guided games, players are equipped as follows:<\/p>\n\n\n\n<ul class=\"wp-block-list\">\n<li>Lightweight all-terrain overalls<\/li>\n\n\n\n<li>Anti-fog mask (teams have their own colors)<\/li>\n\n\n\n<li>Tippman FT-12 &amp; 98 ACT semi-assist.marker with a clip<\/li>\n\n\n\n<li>Gloves<\/li>\n\n\n\n<li>Headgear (HAD\/cap)<\/li>\n\n\n\n<li>At least 500 colored balls<\/li>\n<\/ul>\n\n\n\n<h3 class=\"wp-block-heading\">Guided paintball games in Talma<\/h3>\n\n\n\n<p>Practically all games on our fields, with the exception of paintball clubs' training sessions, are guided. For the customer, this means that the guide(s) will always provide guidance on everything from the protective gear to game tactics. The presence of the guide is a guarantee for a safe and smooth gaming experience. The duration of a normal guided game event is about two hours and includes at least 400-500 colored balls per player. The price varies depending on the time and the size of the group. We offer games from May to October. The field does not have lights, so we can arrange games during daylight hours. Groups can also include sauna rental and catering to the event. Request a quote for your group!<\/p>\n\n\n\n<h4 class=\"wp-block-heading\">Paintball birthday party<\/h4>\n\n\n\n<p>Do you want to organise paintball birthday party for children? Check out our package from birthday page <a href=\"https:\/\/talmaski.fi\/en\/activepark\/seikkailijan-synttarit\/\" target=\"_blank\" rel=\"noreferrer noopener\">here<\/a>.<\/p>\n\n\n\n<p><em>Reserve a fast-paced game for your group in advance (at least a week before) by emailing hanna (at) talmaski.fi or by phone at 0401281419 on weekdays at 12-15.<\/em><\/p>\n\n\n\n<figure class=\"wp-block-image size-large\"><img loading=\"lazy\" decoding=\"async\" width=\"1500\" height=\"750\" src=\"https:\/\/talmaski.fi\/wp-content\/uploads\/2024\/05\/paintballsuoja1-1500x750.jpg\" alt=\"\" class=\"wp-image-3191\" srcset=\"https:\/\/talmaski.fi\/wp-content\/uploads\/2024\/05\/paintballsuoja1-1500x750.jpg 1500w, https:\/\/talmaski.fi\/wp-content\/uploads\/2024\/05\/paintballsuoja1-600x300.jpg 600w, https:\/\/talmaski.fi\/wp-content\/uploads\/2024\/05\/paintballsuoja1-768x384.jpg 768w, https:\/\/talmaski.fi\/wp-content\/uploads\/2024\/05\/paintballsuoja1-1536x768.jpg 1536w, https:\/\/talmaski.fi\/wp-content\/uploads\/2024\/05\/paintballsuoja1-18x9.jpg 18w, https:\/\/talmaski.fi\/wp-content\/uploads\/2024\/05\/paintballsuoja1.jpg 2013w\" sizes=\"auto, (max-width: 1500px) 100vw, 1500px\" \/><\/figure>\n\n\n\n<div class=\"wp-block-columns is-layout-flex wp-container-core-columns-is-layout-28f84493 wp-block-columns-is-layout-flex\">\n<div class=\"wp-block-column is-layout-flow wp-block-column-is-layout-flow\">\n<figure class=\"wp-block-image size-full\"><img loading=\"lazy\" decoding=\"async\" width=\"1013\" height=\"1024\" src=\"https:\/\/talmaski.fi\/wp-content\/uploads\/2022\/10\/paintball-varikuula-ryhmille-sipoo_2.jpeg\" alt=\"\" class=\"wp-image-1015\" srcset=\"https:\/\/talmaski.fi\/wp-content\/uploads\/2022\/10\/paintball-varikuula-ryhmille-sipoo_2.jpeg 1013w, https:\/\/talmaski.fi\/wp-content\/uploads\/2022\/10\/paintball-varikuula-ryhmille-sipoo_2-297x300.jpeg 297w, https:\/\/talmaski.fi\/wp-content\/uploads\/2022\/10\/paintball-varikuula-ryhmille-sipoo_2-768x776.jpeg 768w, https:\/\/talmaski.fi\/wp-content\/uploads\/2022\/10\/paintball-varikuula-ryhmille-sipoo_2-12x12.jpeg 12w\" sizes=\"auto, (max-width: 1013px) 100vw, 1013px\" \/><\/figure>\n<\/div>\n\n\n\n<div class=\"wp-block-column is-layout-flow wp-block-column-is-layout-flow\">\n<figure class=\"wp-block-image size-full\"><img loading=\"lazy\" decoding=\"async\" width=\"1512\" height=\"1512\" src=\"https:\/\/talmaski.fi\/wp-content\/uploads\/2024\/05\/paintballsuoja2.jpg\" alt=\"\" class=\"wp-image-3192\" srcset=\"https:\/\/talmaski.fi\/wp-content\/uploads\/2024\/05\/paintballsuoja2.jpg 1512w, https:\/\/talmaski.fi\/wp-content\/uploads\/2024\/05\/paintballsuoja2-600x600.jpg 600w, https:\/\/talmaski.fi\/wp-content\/uploads\/2024\/05\/paintballsuoja2-1500x1500.jpg 1500w, https:\/\/talmaski.fi\/wp-content\/uploads\/2024\/05\/paintballsuoja2-150x150.jpg 150w, https:\/\/talmaski.fi\/wp-content\/uploads\/2024\/05\/paintballsuoja2-768x768.jpg 768w, https:\/\/talmaski.fi\/wp-content\/uploads\/2024\/05\/paintballsuoja2-12x12.jpg 12w\" sizes=\"auto, (max-width: 1512px) 100vw, 1512px\" \/><\/figure>\n<\/div>\n<\/div>\n\n\n\n<h3 class=\"wp-block-heading\">Paintball equipment rental<\/h3>\n\n\n\n<p>Know a spot for playing? Rent gaming equipment from us!<\/p>\n\n\n\n<p>Organize your own battles with a group of friends! Gather your friends and create your own battle scenario, for example at a summer cottage or in the forest. Capture the flag, conquering the hill or, for example, the traditional \"to the last man\"...only imagination is the limit. High-quality equipment ensures smooth games and you can get everything from us!<\/p>\n\n\n\n<p>Rental set without coveralls:<\/p>\n\n\n\n<ul class=\"wp-block-list\">\n<li>Tippman FT-12 &amp; 98 ACT semi-assist.marker with a clip<\/li>\n\n\n\n<li>200 bullet magazine<\/li>\n\n\n\n<li>Pressure bottle for marker (HPA)<\/li>\n\n\n\n<li>Mask (different colors for teams)<\/li>\n\n\n\n<li>Gloves<\/li>\n\n\n\n<li>Cleaning tools and substances<\/li>\n\n\n\n<li>500 colored balls per player<\/li>\n<\/ul>\n\n\n\n<h4 class=\"wp-block-heading\">Rental price list summer 2024:<\/h4>\n\n\n\n<p>Rental price on weekdays 48h (e.g. pick-up Mon, return Wed) = 35\u20ac\/player<br>Rental price for the weekend (pick-up on Fri, return on Mon) = 40\u20ac\/player<\/p>\n\n\n\n<p>Additional options:<\/p>\n\n\n\n<p>Camo overalls + 5\u20ac\/person<br>500 additional balls (total 1000) + 15\u20ac<br>HAD multifunctional scarf + 5\u20ac<\/p>\n\n\n\n<p>Tippman&#039;s own game bottle shoots about 400-500 shots. If your group rents at least 6 sets at a time, we include the so-called bank bottle, which, with the additional compressed air provided, a group of 10 people can shoot at least 1000 balls per player.<\/p>\n\n\n\n<p>Reserve rental in advance at vuokraamo (at ) talmaski.fi or during the opening hours of the adventure park, tel. 0400 716 882. Payment methods: cash, bank card, most common credit cards (not Amex), Smartum, Edenred, ePassi.<\/p>\n\n\n\n<h3 class=\"wp-block-heading\">High-quality colored balls from Talma Active Park<\/h3>\n\n\n\n<p>Paintballs price list summer 2025:<\/p>\n\n\n\n<ul class=\"wp-block-list\">\n<li>2000 pcs box = 59\u20ac<\/li>\n<\/ul>","protected":false},"excerpt":{"rendered":"<p>Paintball-pelin ohjaamisesta meill\u00e4 on pitk\u00e4 kokemus, aloitimme paintball-toimintamme kes\u00e4ll\u00e4 2008. Talmassa on nyt uusi upea mets\u00e4rata, joka koostuu luonnon omista esteist\u00e4 sek\u00e4 puusta rakennetuista esteist\u00e4. Asiakkaitamme ovat mm. yritykset, koulut, urheiluseurat sek\u00e4 tietenkin polttariporukat. Saamamme palaute on ollut yksiselitteisesti positiivista, tule ja totea itse! Paintball-vuokraamomme laadukkaat v\u00e4lineet takaavat pelimukavuuden ja [&hellip;]<\/p>","protected":false},"author":3,"featured_media":565,"parent":26,"menu_order":0,"comment_status":"closed","ping_status":"closed","template":"","meta":{"footnotes":""},"class_list":["post-156","page","type-page","status-publish","has-post-thumbnail","hentry"],"_links":{"self":[{"href":"https:\/\/talmaski.fi\/en\/wp-json\/wp\/v2\/pages\/156","targetHints":{"allow":["GET"]}}],"collection":[{"href":"https:\/\/talmaski.fi\/en\/wp-json\/wp\/v2\/pages"}],"about":[{"href":"https:\/\/talmaski.fi\/en\/wp-json\/wp\/v2\/types\/page"}],"author":[{"embeddable":true,"href":"https:\/\/talmaski.fi\/en\/wp-json\/wp\/v2\/users\/3"}],"replies":[{"embeddable":true,"href":"https:\/\/talmaski.fi\/en\/wp-json\/wp\/v2\/comments?post=156"}],"version-history":[{"count":32,"href":"https:\/\/talmaski.fi\/en\/wp-json\/wp\/v2\/pages\/156\/revisions"}],"predecessor-version":[{"id":4201,"href":"https:\/\/talmaski.fi\/en\/wp-json\/wp\/v2\/pages\/156\/revisions\/4201"}],"up":[{"embeddable":true,"href":"https:\/\/talmaski.fi\/en\/wp-json\/wp\/v2\/pages\/26"}],"wp:featuredmedia":[{"embeddable":true,"href":"https:\/\/talmaski.fi\/en\/wp-json\/wp\/v2\/media\/565"}],"wp:attachment":[{"href":"https:\/\/talmaski.fi\/en\/wp-json\/wp\/v2\/media?parent=156"}],"curies":[{"name":"wp","href":"https:\/\/api.w.org\/{rel}","templated":true}]}}