{"id":158,"date":"2022-08-16T16:03:21","date_gmt":"2022-08-16T13:03:21","guid":{"rendered":"https:\/\/talmaski.fi\/2022\/?page_id=158"},"modified":"2024-05-24T14:26:15","modified_gmt":"2024-05-24T11:26:15","slug":"frisbeegolf","status":"publish","type":"page","link":"https:\/\/talmaski.fi\/en\/activepark\/frisbeegolf\/","title":{"rendered":"Disc golf"},"content":{"rendered":"<h2 class=\"wp-block-heading\">Talma Disc Golf Park<\/h2>\n\n\n\n<p>The Talma disc golf park is located behind the Talma beach, i.e. on the other side of the road from the Talma adventure park. <\/p>\n\n\n\n<p>At the adventure park, you can rent a frisbee golf disc set for independent play. We also organize frisbee golf instruction for groups upon prior reservation. Read more <a href=\"https:\/\/talmaski.fi\/en\/yritykset-ja-ryhmat\/\">here<\/a>.<\/p>\n\n\n\n<p>Independent players should use the track's own parking lot, especially in the evening, as the adventure park's parking lot is closed when the park closes. There are 18 fairways and it is free for everyone. Welcome to play!<\/p>\n\n\n\n<p>The maintenance of the track is mainly based on voluntary work by the Sipoon Disctroyers club. Let&#039;s keep the track clean together.<\/p>\n\n\n\n<figure class=\"wp-block-gallery has-nested-images columns-default is-cropped wp-block-gallery-1 is-layout-flex wp-block-gallery-is-layout-flex\">\n<figure class=\"wp-block-image size-large\"><img loading=\"lazy\" decoding=\"async\" width=\"1500\" height=\"1125\" data-id=\"445\" src=\"https:\/\/talmaski.fi\/wp-content\/uploads\/2022\/08\/Frisbeegolf3-1-e1676300905677-1500x1125.jpg\" alt=\"\" class=\"wp-image-445\" srcset=\"https:\/\/talmaski.fi\/wp-content\/uploads\/2022\/08\/Frisbeegolf3-1-e1676300905677-1500x1125.jpg 1500w, https:\/\/talmaski.fi\/wp-content\/uploads\/2022\/08\/Frisbeegolf3-1-e1676300905677-600x450.jpg 600w, https:\/\/talmaski.fi\/wp-content\/uploads\/2022\/08\/Frisbeegolf3-1-e1676300905677-768x576.jpg 768w, https:\/\/talmaski.fi\/wp-content\/uploads\/2022\/08\/Frisbeegolf3-1-e1676300905677-1536x1152.jpg 1536w, https:\/\/talmaski.fi\/wp-content\/uploads\/2022\/08\/Frisbeegolf3-1-e1676300905677-16x12.jpg 16w, https:\/\/talmaski.fi\/wp-content\/uploads\/2022\/08\/Frisbeegolf3-1-e1676300905677.jpg 2048w\" sizes=\"auto, (max-width: 1500px) 100vw, 1500px\" \/><\/figure>\n\n\n\n<figure class=\"wp-block-image size-large\"><img loading=\"lazy\" decoding=\"async\" width=\"1500\" height=\"1125\" data-id=\"443\" src=\"https:\/\/talmaski.fi\/wp-content\/uploads\/2022\/08\/Frisbeegolf-1-e1676300885769-1500x1125.jpg\" alt=\"\" class=\"wp-image-443\" srcset=\"https:\/\/talmaski.fi\/wp-content\/uploads\/2022\/08\/Frisbeegolf-1-e1676300885769-1500x1125.jpg 1500w, https:\/\/talmaski.fi\/wp-content\/uploads\/2022\/08\/Frisbeegolf-1-e1676300885769-600x450.jpg 600w, https:\/\/talmaski.fi\/wp-content\/uploads\/2022\/08\/Frisbeegolf-1-e1676300885769-768x576.jpg 768w, https:\/\/talmaski.fi\/wp-content\/uploads\/2022\/08\/Frisbeegolf-1-e1676300885769-1536x1152.jpg 1536w, https:\/\/talmaski.fi\/wp-content\/uploads\/2022\/08\/Frisbeegolf-1-e1676300885769-16x12.jpg 16w, https:\/\/talmaski.fi\/wp-content\/uploads\/2022\/08\/Frisbeegolf-1-e1676300885769.jpg 2048w\" sizes=\"auto, (max-width: 1500px) 100vw, 1500px\" \/><\/figure>\n\n\n\n<figure class=\"wp-block-image size-large\"><img loading=\"lazy\" decoding=\"async\" width=\"1500\" height=\"1125\" data-id=\"444\" src=\"https:\/\/talmaski.fi\/wp-content\/uploads\/2022\/08\/Frisbeegolf2-1-e1676300861368-1500x1125.jpg\" alt=\"\" class=\"wp-image-444\" srcset=\"https:\/\/talmaski.fi\/wp-content\/uploads\/2022\/08\/Frisbeegolf2-1-e1676300861368-1500x1125.jpg 1500w, https:\/\/talmaski.fi\/wp-content\/uploads\/2022\/08\/Frisbeegolf2-1-e1676300861368-600x450.jpg 600w, https:\/\/talmaski.fi\/wp-content\/uploads\/2022\/08\/Frisbeegolf2-1-e1676300861368-768x576.jpg 768w, https:\/\/talmaski.fi\/wp-content\/uploads\/2022\/08\/Frisbeegolf2-1-e1676300861368-1536x1152.jpg 1536w, https:\/\/talmaski.fi\/wp-content\/uploads\/2022\/08\/Frisbeegolf2-1-e1676300861368-16x12.jpg 16w, https:\/\/talmaski.fi\/wp-content\/uploads\/2022\/08\/Frisbeegolf2-1-e1676300861368.jpg 2048w\" sizes=\"auto, (max-width: 1500px) 100vw, 1500px\" \/><\/figure>\n<\/figure>\n\n\n\n<p><\/p>","protected":false},"excerpt":{"rendered":"<p>Talma Disc Golf Park Talman rata sijaitsee Talman uimamontun takana eli toisella puolella tiet\u00e4 kuin Talman seikkailupuisto. Seikkailupuistosta voit vuokrata frisbeegolf kiekkosetin omatoimiseen pelailuun. J\u00e4rjest\u00e4mme ennakkovarauksesta ryhmille my\u00f6s frisbeegolf -ohjausta. Katso lis\u00e4\u00e4 t\u00e4\u00e4lt\u00e4. Omatoimipelaajien kannattaa k\u00e4ytt\u00e4\u00e4 radan omaa parkkipaikkaa, etenkin ilta-aikaan sill\u00e4 seikkailupuiston parkkipaikka suljetaan puiston sulkeuduttua. Radalla on 18 [&hellip;]<\/p>","protected":false},"author":3,"featured_media":567,"parent":26,"menu_order":0,"comment_status":"closed","ping_status":"closed","template":"","meta":{"footnotes":""},"class_list":["post-158","page","type-page","status-publish","has-post-thumbnail","hentry"],"_links":{"self":[{"href":"https:\/\/talmaski.fi\/en\/wp-json\/wp\/v2\/pages\/158","targetHints":{"allow":["GET"]}}],"collection":[{"href":"https:\/\/talmaski.fi\/en\/wp-json\/wp\/v2\/pages"}],"about":[{"href":"https:\/\/talmaski.fi\/en\/wp-json\/wp\/v2\/types\/page"}],"author":[{"embeddable":true,"href":"https:\/\/talmaski.fi\/en\/wp-json\/wp\/v2\/users\/3"}],"replies":[{"embeddable":true,"href":"https:\/\/talmaski.fi\/en\/wp-json\/wp\/v2\/comments?post=158"}],"version-history":[{"count":10,"href":"https:\/\/talmaski.fi\/en\/wp-json\/wp\/v2\/pages\/158\/revisions"}],"predecessor-version":[{"id":3203,"href":"https:\/\/talmaski.fi\/en\/wp-json\/wp\/v2\/pages\/158\/revisions\/3203"}],"up":[{"embeddable":true,"href":"https:\/\/talmaski.fi\/en\/wp-json\/wp\/v2\/pages\/26"}],"wp:featuredmedia":[{"embeddable":true,"href":"https:\/\/talmaski.fi\/en\/wp-json\/wp\/v2\/media\/567"}],"wp:attachment":[{"href":"https:\/\/talmaski.fi\/en\/wp-json\/wp\/v2\/media?parent=158"}],"curies":[{"name":"wp","href":"https:\/\/api.w.org\/{rel}","templated":true}]}}