{"id":163,"date":"2022-08-16T16:05:11","date_gmt":"2022-08-16T13:05:11","guid":{"rendered":"https:\/\/talmaski.fi\/2022\/?page_id=163"},"modified":"2026-03-10T17:38:47","modified_gmt":"2026-03-10T15:38:47","slug":"seikkailijan-synttarit","status":"publish","type":"page","link":"https:\/\/talmaski.fi\/en\/activepark\/seikkailijan-synttarit\/","title":{"rendered":"Adventurer&#039;s birthday"},"content":{"rendered":"<h2 class=\"wp-block-heading\"><strong>Organize a memorable birthday party at the Talma adventure park! <\/strong><\/h2>\n\n\n\n<p>In Talma's adventure park, an active birthday party with friends can easily be organized - there are activities suitable for children of all ages. Climbing, playing in Werneri Park, paintball, children's ATVs and, of course, tasty snacks in restaurant SN\u00d6. Birthdays can be arranged during park opening hours (june-august\/september).<\/p>\n\n\n\n<p>A few packages are presented below - we can also customise the package for you. Birhdays can be arranged during adventure park opening hours. Birthday packages need to be booked at least one week in advance. <\/p>\n\n\n\n<p>Birthdays can also be arranged by yourself in the adventure park. There are tables around the adventure park and Werneri Park for eating your own food and even a grill can be arranged for your use. You can also rent our big hut for your private use for the duration of the party. The rent is 90\u20ac\/1-3 hours, including firewood and cleaning.<\/p>\n\n\n\n<p>At least 1 adult must accompany the birthday groups. The adult must supervise that the children adhere to the rules and regulations of the park. The adult does not need to go climbing with the children, if they are tall enough for independent climbing. Our staff will supervise in the park generally and will be available to help when needed. <\/p>\n\n\n\n<figure class=\"wp-block-gallery has-nested-images columns-default is-cropped wp-block-gallery-1 is-layout-flex wp-block-gallery-is-layout-flex\">\n<figure class=\"wp-block-image size-full\"><img loading=\"lazy\" decoding=\"async\" width=\"1080\" height=\"1080\" data-id=\"4925\" src=\"https:\/\/talmaski.fi\/wp-content\/uploads\/2026\/03\/adventure-park-birthday-packages.jpg\" alt=\"\" class=\"wp-image-4925\" srcset=\"https:\/\/talmaski.fi\/wp-content\/uploads\/2026\/03\/adventure-park-birthday-packages.jpg 1080w, https:\/\/talmaski.fi\/wp-content\/uploads\/2026\/03\/adventure-park-birthday-packages-600x600.jpg 600w, https:\/\/talmaski.fi\/wp-content\/uploads\/2026\/03\/adventure-park-birthday-packages-150x150.jpg 150w, https:\/\/talmaski.fi\/wp-content\/uploads\/2026\/03\/adventure-park-birthday-packages-768x768.jpg 768w, https:\/\/talmaski.fi\/wp-content\/uploads\/2026\/03\/adventure-park-birthday-packages-12x12.jpg 12w\" sizes=\"auto, (max-width: 1080px) 100vw, 1080px\" \/><\/figure>\n<\/figure>\n\n\n\n<p>Enquiries\/reservations info (at) talmaski.fi \/ 0400716882 (during park opening hours)<\/p>\n\n\n\n<p>Terms of cancellation: Events cancelled more than 7 days prior, free of charge. If the cancellation is made less than 7 days prior, all booked catering will be invoiced.<\/p>","protected":false},"excerpt":{"rendered":"<p>J\u00e4rjest\u00e4 ikimuistoiset syntt\u00e4rit seikkailupuistossa! Talman seikkailupuistossa j\u00e4rjestyy touhukas syntt\u00e4rip\u00e4iv\u00e4 kavereiden kanssa helposti \u2013 aktiviteeteistamme l\u00f6ytyy sopivia kaikenik\u00e4isille lapsille. Seikkailua kiipeillen, Werneri Parkissa peuhuamista, vauhdikas paintball v\u00e4rikuulapeli, minim\u00f6nkk\u00e4rit sek\u00e4 tietysti maittavat tarjoilut ravintola SN\u00d6ss\u00e4. Syntt\u00e4reit\u00e4 voi j\u00e4rjest\u00e4\u00e4 seikkailupuiston aukioloaikoina (kes\u00e4-elo\/syyskuu). Muutama valmis syntt\u00e4ripaketti on esitelty alla &#8211; voimme my\u00f6s r\u00e4\u00e4t\u00e4l\u00f6id\u00e4 juuri [&hellip;]<\/p>","protected":false},"author":3,"featured_media":3010,"parent":26,"menu_order":0,"comment_status":"closed","ping_status":"closed","template":"","meta":{"footnotes":""},"class_list":["post-163","page","type-page","status-publish","has-post-thumbnail","hentry"],"_links":{"self":[{"href":"https:\/\/talmaski.fi\/en\/wp-json\/wp\/v2\/pages\/163","targetHints":{"allow":["GET"]}}],"collection":[{"href":"https:\/\/talmaski.fi\/en\/wp-json\/wp\/v2\/pages"}],"about":[{"href":"https:\/\/talmaski.fi\/en\/wp-json\/wp\/v2\/types\/page"}],"author":[{"embeddable":true,"href":"https:\/\/talmaski.fi\/en\/wp-json\/wp\/v2\/users\/3"}],"replies":[{"embeddable":true,"href":"https:\/\/talmaski.fi\/en\/wp-json\/wp\/v2\/comments?post=163"}],"version-history":[{"count":35,"href":"https:\/\/talmaski.fi\/en\/wp-json\/wp\/v2\/pages\/163\/revisions"}],"predecessor-version":[{"id":4927,"href":"https:\/\/talmaski.fi\/en\/wp-json\/wp\/v2\/pages\/163\/revisions\/4927"}],"up":[{"embeddable":true,"href":"https:\/\/talmaski.fi\/en\/wp-json\/wp\/v2\/pages\/26"}],"wp:featuredmedia":[{"embeddable":true,"href":"https:\/\/talmaski.fi\/en\/wp-json\/wp\/v2\/media\/3010"}],"wp:attachment":[{"href":"https:\/\/talmaski.fi\/en\/wp-json\/wp\/v2\/media?parent=163"}],"curies":[{"name":"wp","href":"https:\/\/api.w.org\/{rel}","templated":true}]}}