{"id":1658,"date":"2024-03-01T17:49:46","date_gmt":"2024-03-01T15:49:46","guid":{"rendered":"https:\/\/talmaski.fi\/?page_id=1658"},"modified":"2026-04-09T09:04:56","modified_gmt":"2026-04-09T06:04:56","slug":"ennakkokausikortti","status":"publish","type":"page","link":"https:\/\/talmaski.fi\/en\/ennakkokausikortti\/","title":{"rendered":"Advance season ticket 2026-2027 &amp; Werneri Park season ticket"},"content":{"rendered":"<figure class=\"wp-block-image size-large\"><img loading=\"lazy\" decoding=\"async\" width=\"1000\" height=\"1500\" src=\"https:\/\/talmaski.fi\/wp-content\/uploads\/2026\/01\/Talma_tuolihissi_kuvamikkokempas-2-1000x1500.jpg\" alt=\"\" class=\"wp-image-4751\" srcset=\"https:\/\/talmaski.fi\/wp-content\/uploads\/2026\/01\/Talma_tuolihissi_kuvamikkokempas-2-1000x1500.jpg 1000w, https:\/\/talmaski.fi\/wp-content\/uploads\/2026\/01\/Talma_tuolihissi_kuvamikkokempas-2-400x600.jpg 400w, https:\/\/talmaski.fi\/wp-content\/uploads\/2026\/01\/Talma_tuolihissi_kuvamikkokempas-2-768x1152.jpg 768w, https:\/\/talmaski.fi\/wp-content\/uploads\/2026\/01\/Talma_tuolihissi_kuvamikkokempas-2-1024x1536.jpg 1024w, https:\/\/talmaski.fi\/wp-content\/uploads\/2026\/01\/Talma_tuolihissi_kuvamikkokempas-2-1365x2048.jpg 1365w, https:\/\/talmaski.fi\/wp-content\/uploads\/2026\/01\/Talma_tuolihissi_kuvamikkokempas-2-8x12.jpg 8w, https:\/\/talmaski.fi\/wp-content\/uploads\/2026\/01\/Talma_tuolihissi_kuvamikkokempas-2-scaled.jpg 1707w\" sizes=\"auto, (max-width: 1000px) 100vw, 1000px\" \/><\/figure>\n\n\n\n<p><\/p>\n\n\n\n<p>Ennakkokausikorttien tarjouskamppanja on kev\u00e4\u00e4n osalta p\u00e4\u00e4ttynyt. Jatkoa luvassa syksyll\u00e4.<\/p>\n\n\n\n<div class=\"wp-block-group\"><div class=\"wp-block-group__inner-container is-layout-constrained wp-block-group-is-layout-constrained\">\n<p>For the next season 2026-2027 Talma is aiming to open yet another new slope! This season we opened the only chair lift in South-Finland and a new slope with it. Easy and comfortable chair lift has been popular especially amongst families with children and those who ski less. The new slope will be Talma's longest and easiest slope, about 500m in length, opening on the other side of the chair lift. \n\nWith the season pass you can ski on every opening day for the whole season 2026-2027. If you own an Axess keycard (not Skidata), you can purchase the season pass directly from Talma's&nbsp;<a href=\"http:\/\/www.talma.axess.fi\/\">webshop&nbsp;<\/a>and enter all the necessary information and a photo.<\/p>\n\n\n\n<p><em>We do not send a separate notification about pick-up on season passes. You can upload it at Talma's ticket sales at the start of the season with valid ID.&nbsp;<\/em><\/p>\n\n\n\n<p><strong>SEASON PASS 2026-2027<\/strong> <strong>199\u20ac<\/strong><br>Normal price for an adult 430\u20ac and child 350\u20ac.<\/p>\n\n\n\n\n\n\n\n<p><strong>WERNERI PARK SEASON PASS<\/strong> <strong>79\u20ac<\/strong><br>Werneri Park season pass is valid the whole winter season 2026\/2027 at all times when Werneri Park is open. Everyone 4 years and above needs a ticket to Werneri Park. Normal price for the season pass is 150\u20ac.<\/p>\n\n\n\n<p>Season ticket can be bought in our webshop and uploaded onto an Axess smartcard. If you do not have an Axess smartcard, you can buy one for 8\u20ac. Campaign prices do not include smartcards.<\/p>\n\n\n\n<p><strong>Payment methods<\/strong><br>Payment in webshop with card, e-banking, inoice and ePassi. If you pay with ePassi online, you need the whole amount as balance on your ePassi. If needed, you can upload your own money to add to ePassi balance to make up any difference.<br>Payment on site with cash, card, ePassi, Smartum and Edenred e-payments and vouchers. On site purchases only during <a href=\"https:\/\/talmaski.fi\/en\/hiihtokeskus\/aukioloajat\/\" data-type=\"link\" data-id=\"https:\/\/talmaski.fi\/hiihtokeskus\/aukioloajat\/\">opening times<\/a><a href=\"https:\/\/talmaski.fi\/en\/aukioloajat\/\">.<\/a><\/p>\n\n\n\n<div class=\"wp-block-buttons is-content-justification-left is-layout-flex wp-container-core-buttons-is-layout-f3afa3a0 wp-block-buttons-is-layout-flex\"><\/div>\n<\/div><\/div>\n\n\n\n<p><\/p>\n\n\n\n<p><\/p>\n\n\n\n<h2 class=\"wp-block-heading\"><strong>Instructions for use of the season ticket<\/strong><\/h2>\n\n\n\n<p><strong>The season ticket is personal<\/strong>! The season ticket may not be used by anyone other than the season ticket holder.<\/p>\n\n\n\n<p>Misuse will result in the loss of the season ticket for the whole winter. The photo of the season ticket holder is automatically displayed at the lower station of the lift each time going up.<\/p>\n\n\n\n<p>If the season ticket is lost, we charge a total of 15 euros + the price of the remote card for cancelling the old card and making a new card.<\/p>\n\n\n\n<p>ADDITIONAL INFORMATION \/ QUESTIONS:<br>Talma Ski Oy<br>info(at)talmaski.fi (Note! email is only read on weekdays)<\/p>\n\n\n\n<ol class=\"wp-block-list\">\n<li>Season pass is personal and cannot be transferred to another person. Season pass is valid on all slope areas for the whole winter season. Werneri Park season pass is valid only for Werrneri Park.<\/li>\n\n\n\n<li>The season ticket is downloaded in the online store.<\/li>\n\n\n\n<li>A picture is uploaded to the season ticket. The photo must be a recent &quot;passport photo&quot; - type photo, a clearly recognizable photo.<\/li>\n\n\n\n<li>The cardholder&#039;s photo must be added to the order at the time of purchase.<\/li>\n\n\n\n<li>When buying a season ticket for children (6-11 years) or seniors (65+), be prepared to prove your identity to the staff if necessary while on the slopes.<\/li>\n\n\n\n<li>The season ticket is only loaded onto an Axess SmartCard chip card. The chip card can be purchased at the time of ticket redemption for 8 EUR\/piece. Some of Skidata&#039;s KeyCards also work, but we cannot guarantee this. The chip card is not included in the campaign or normal price of the season ticket.<br>All slope cards of the Axess ticket system can be read remotely. Remote cards must not be punched or the chip will be damaged.&nbsp;<strong>The customer must redeem a new chip card to replace the damaged Axess chip card.<\/strong>&nbsp;The slope card should be placed on the left side, in the breast, belly or sleeve pocket of the jacket.<\/li>\n\n\n\n<li>When you buy the card on the spot, it is immediately loaded onto the chip card. The card holder will also be photographed on the card. So take your own chip card and card holder with you.<\/li>\n\n\n\n<li>Misuse or violation of lift and slope rules can result in the ticket being withheld for a limited period of time or completely.<\/li>\n\n\n\n<li>If the season ticket is used by someone other than the card owner, it is a case of fraud, which we will report to the authorities. If the wrong person uses the card, he will automatically lose the season ticket.<\/li>\n\n\n\n<li><strong>We charge a cancellation fee of 15 euros for a new card issued to replace a forgotten\/lost season ticket. You also need to buy a new chip card.<\/strong><\/li>\n\n\n\n<li>An already purchased season ticket cannot be exchanged, changed or canceled except in cases of force majeure - or in cases of illness with a medical certificate. In case of changes after the purchase, a 15\u20ac office payment is charged.<\/li>\n\n\n\n<li>The skier himself has to take care of the insurance coverage he thinks he needs.<\/li>\n<\/ol>","protected":false},"excerpt":{"rendered":"<p>Ennakkokausikorttien tarjouskamppanja on kev\u00e4\u00e4n osalta p\u00e4\u00e4ttynyt. Jatkoa luvassa syksyll\u00e4. Tulevalle talvelle Sipoon Talmaan on tarkoitus saada auki taas uusi rinne! Viime kaudelle avautui Etel\u00e4-Suomen ainoa tuolihissi sek\u00e4 uusi rinne. Helppo ja mukava tuolihissi on ollut etenkin lapsiperheiden ja harvemmin laskettelevien mieleen ja uusi rinne toi tavallisen rinteen laskettelijoille lis\u00e4\u00e4 tilaa [&hellip;]<\/p>","protected":false},"author":3,"featured_media":0,"parent":0,"menu_order":0,"comment_status":"closed","ping_status":"closed","template":"","meta":{"footnotes":""},"class_list":["post-1658","page","type-page","status-publish","hentry"],"_links":{"self":[{"href":"https:\/\/talmaski.fi\/en\/wp-json\/wp\/v2\/pages\/1658","targetHints":{"allow":["GET"]}}],"collection":[{"href":"https:\/\/talmaski.fi\/en\/wp-json\/wp\/v2\/pages"}],"about":[{"href":"https:\/\/talmaski.fi\/en\/wp-json\/wp\/v2\/types\/page"}],"author":[{"embeddable":true,"href":"https:\/\/talmaski.fi\/en\/wp-json\/wp\/v2\/users\/3"}],"replies":[{"embeddable":true,"href":"https:\/\/talmaski.fi\/en\/wp-json\/wp\/v2\/comments?post=1658"}],"version-history":[{"count":82,"href":"https:\/\/talmaski.fi\/en\/wp-json\/wp\/v2\/pages\/1658\/revisions"}],"predecessor-version":[{"id":5026,"href":"https:\/\/talmaski.fi\/en\/wp-json\/wp\/v2\/pages\/1658\/revisions\/5026"}],"wp:attachment":[{"href":"https:\/\/talmaski.fi\/en\/wp-json\/wp\/v2\/media?parent=1658"}],"curies":[{"name":"wp","href":"https:\/\/api.w.org\/{rel}","templated":true}]}}