{"id":2059,"date":"2023-06-04T15:42:50","date_gmt":"2023-06-04T12:42:50","guid":{"rendered":"https:\/\/talmaski.fi\/?page_id=2059"},"modified":"2025-01-02T12:40:46","modified_gmt":"2025-01-02T10:40:46","slug":"lasten-monkijat","status":"publish","type":"page","link":"https:\/\/talmaski.fi\/en\/lasten-monkijat\/","title":{"rendered":"Children's ATVs"},"content":{"rendered":"<p>New - Yamaha children's ATVs!<\/p>\n\n\n\n<p>We have two different sizes of ATVs, they are suitable for children around 4-12 years. There is a fun and safe track on the parking lot where children can zoom through different mounds and bends. The ATVs are available during adventure park opening times and they do not need to be booked in advance.<\/p>\n\n\n\n<p>Children's ATVs 10min\/10\u20ac, 20min\/15\u20ac - available during adventure park's opening hours. <\/p>\n\n\n\n<figure class=\"wp-block-image size-full\"><img loading=\"lazy\" decoding=\"async\" width=\"2560\" height=\"1920\" src=\"https:\/\/talmaski.fi\/wp-content\/uploads\/2024\/06\/Monkkarirata-scaled.jpeg\" alt=\"\" class=\"wp-image-3229\" srcset=\"https:\/\/talmaski.fi\/wp-content\/uploads\/2024\/06\/Monkkarirata-scaled.jpeg 2560w, https:\/\/talmaski.fi\/wp-content\/uploads\/2024\/06\/Monkkarirata-600x450.jpeg 600w, https:\/\/talmaski.fi\/wp-content\/uploads\/2024\/06\/Monkkarirata-1500x1125.jpeg 1500w, https:\/\/talmaski.fi\/wp-content\/uploads\/2024\/06\/Monkkarirata-768x576.jpeg 768w, https:\/\/talmaski.fi\/wp-content\/uploads\/2024\/06\/Monkkarirata-1536x1152.jpeg 1536w, https:\/\/talmaski.fi\/wp-content\/uploads\/2024\/06\/Monkkarirata-2048x1536.jpeg 2048w, https:\/\/talmaski.fi\/wp-content\/uploads\/2024\/06\/Monkkarirata-16x12.jpeg 16w\" sizes=\"auto, (max-width: 2560px) 100vw, 2560px\" \/><\/figure>\n\n\n\n<p><\/p>\n\n\n\n<figure class=\"wp-block-image size-full\"><img loading=\"lazy\" decoding=\"async\" width=\"1080\" height=\"1351\" src=\"https:\/\/talmaski.fi\/wp-content\/uploads\/2023\/06\/talma-lasten-monkijat.jpg\" alt=\"\" class=\"wp-image-2061\" srcset=\"https:\/\/talmaski.fi\/wp-content\/uploads\/2023\/06\/talma-lasten-monkijat.jpg 1080w, https:\/\/talmaski.fi\/wp-content\/uploads\/2023\/06\/talma-lasten-monkijat-480x600.jpg 480w, https:\/\/talmaski.fi\/wp-content\/uploads\/2023\/06\/talma-lasten-monkijat-768x961.jpg 768w, https:\/\/talmaski.fi\/wp-content\/uploads\/2023\/06\/talma-lasten-monkijat-10x12.jpg 10w\" sizes=\"auto, (max-width: 1080px) 100vw, 1080px\" \/><\/figure>\n\n\n\n<p><\/p>","protected":false},"excerpt":{"rendered":"<p>Uutuutena Yamahan lasten m\u00f6nkij\u00e4t! Lasten m\u00f6nkij\u00f6it\u00e4 l\u00f6ytyy kahta kokoa ja ne soveltuvat n. 4-12-vuotiaille. Parkkipaikalle on tehty hauska ja turvallinen rata, jossa lapset p\u00e4\u00e4sev\u00e4t p\u00e4ristelem\u00e4\u00e4n erilaisia kumpuja ja kallistettuja kaarteita! M\u00f6nkij\u00e4t ovat k\u00e4ytett\u00e4viss\u00e4 aina kes\u00e4ll\u00e4 seikkailupuiston aukioloaikoina, eik\u00e4 niit\u00e4 tarvitse varata etuk\u00e4teen. Lasten minim\u00f6nkij\u00e4t 10min\/10\u20ac, 20min\/15\u20ac &#8211; saatavilla seikkailupuiston aukioloaikoina.<\/p>","protected":false},"author":3,"featured_media":0,"parent":0,"menu_order":0,"comment_status":"closed","ping_status":"closed","template":"","meta":{"footnotes":""},"class_list":["post-2059","page","type-page","status-publish","hentry"],"_links":{"self":[{"href":"https:\/\/talmaski.fi\/en\/wp-json\/wp\/v2\/pages\/2059","targetHints":{"allow":["GET"]}}],"collection":[{"href":"https:\/\/talmaski.fi\/en\/wp-json\/wp\/v2\/pages"}],"about":[{"href":"https:\/\/talmaski.fi\/en\/wp-json\/wp\/v2\/types\/page"}],"author":[{"embeddable":true,"href":"https:\/\/talmaski.fi\/en\/wp-json\/wp\/v2\/users\/3"}],"replies":[{"embeddable":true,"href":"https:\/\/talmaski.fi\/en\/wp-json\/wp\/v2\/comments?post=2059"}],"version-history":[{"count":10,"href":"https:\/\/talmaski.fi\/en\/wp-json\/wp\/v2\/pages\/2059\/revisions"}],"predecessor-version":[{"id":3812,"href":"https:\/\/talmaski.fi\/en\/wp-json\/wp\/v2\/pages\/2059\/revisions\/3812"}],"wp:attachment":[{"href":"https:\/\/talmaski.fi\/en\/wp-json\/wp\/v2\/media?parent=2059"}],"curies":[{"name":"wp","href":"https:\/\/api.w.org\/{rel}","templated":true}]}}