{"id":217,"date":"2022-08-17T11:22:48","date_gmt":"2022-08-17T08:22:48","guid":{"rendered":"https:\/\/talmaski.fi\/2022\/?page_id=217"},"modified":"2026-03-02T11:46:28","modified_gmt":"2026-03-02T09:46:28","slug":"rinteet","status":"publish","type":"page","link":"https:\/\/talmaski.fi\/en\/hiihtokeskus\/rinteet\/","title":{"rendered":"The slopes"},"content":{"rendered":"<h2 class=\"wp-block-heading\">Slope map<\/h2>\n\n\n\n<figure data-wp-context=\"{&quot;imageId&quot;:&quot;69e7845f3f304&quot;}\" data-wp-interactive=\"core\/image\" data-wp-key=\"69e7845f3f304\" class=\"wp-block-image size-full wp-lightbox-container\"><img loading=\"lazy\" decoding=\"async\" width=\"2560\" height=\"1671\" data-wp-class--hide=\"state.isContentHidden\" data-wp-class--show=\"state.isContentVisible\" data-wp-init=\"callbacks.setButtonStyles\" data-wp-on--click=\"actions.showLightbox\" data-wp-on--load=\"callbacks.setButtonStyles\" data-wp-on-window--resize=\"callbacks.setButtonStyles\" src=\"https:\/\/talmaski.fi\/wp-content\/uploads\/2026\/03\/Talmarinnekartta_2026-scaled.jpg\" alt=\"\" class=\"wp-image-4890\" srcset=\"https:\/\/talmaski.fi\/wp-content\/uploads\/2026\/03\/Talmarinnekartta_2026-scaled.jpg 2560w, https:\/\/talmaski.fi\/wp-content\/uploads\/2026\/03\/Talmarinnekartta_2026-600x392.jpg 600w, https:\/\/talmaski.fi\/wp-content\/uploads\/2026\/03\/Talmarinnekartta_2026-1500x979.jpg 1500w, https:\/\/talmaski.fi\/wp-content\/uploads\/2026\/03\/Talmarinnekartta_2026-768x501.jpg 768w, https:\/\/talmaski.fi\/wp-content\/uploads\/2026\/03\/Talmarinnekartta_2026-1536x1003.jpg 1536w, https:\/\/talmaski.fi\/wp-content\/uploads\/2026\/03\/Talmarinnekartta_2026-2048x1337.jpg 2048w, https:\/\/talmaski.fi\/wp-content\/uploads\/2026\/03\/Talmarinnekartta_2026-18x12.jpg 18w\" sizes=\"auto, (max-width: 2560px) 100vw, 2560px\" \/><button\n\t\t\tclass=\"lightbox-trigger\"\n\t\t\ttype=\"button\"\n\t\t\taria-haspopup=\"dialog\"\n\t\t\taria-label=\"Enlarge\"\n\t\t\tdata-wp-init=\"callbacks.initTriggerButton\"\n\t\t\tdata-wp-on--click=\"actions.showLightbox\"\n\t\t\tdata-wp-style--right=\"state.imageButtonRight\"\n\t\t\tdata-wp-style--top=\"state.imageButtonTop\"\n\t\t>\n\t\t\t<svg xmlns=\"http:\/\/www.w3.org\/2000\/svg\" width=\"12\" height=\"12\" fill=\"none\" viewbox=\"0 0 12 12\">\n\t\t\t\t<path fill=\"#fff\" d=\"M2 0a2 2 0 0 0-2 2v2h1.5V2a.5.5 0 0 1 .5-.5h2V0H2Zm2 10.5H2a.5.5 0 0 1-.5-.5V8H0v2a2 2 0 0 0 2 2h2v-1.5ZM8 12v-1.5h2a.5.5 0 0 0 .5-.5V8H12v2a2 2 0 0 1-2 2H8Zm2-12a2 2 0 0 1 2 2v2h-1.5V2a.5.5 0 0 0-.5-.5H8V0h2Z\" \/>\n\t\t\t<\/svg>\n\t\t<\/button><\/figure>\n\n\n\n<p><\/p>\n\n\n\n<p><a href=\"http:\/\/ajomaa.fi\/talma\/\">SEE HERE THE 3D SITE MAP<\/a> NOTE! The 3D slopemap is not up to date, new slopes are not in it.<\/p>\n\n\n\n<p><\/p>","protected":false},"excerpt":{"rendered":"<p>Rinnekartta KATSO T\u00c4ST\u00c4 3D RINNEKARTTA &#8211; HUOM 3D rinnekartta ei ole ajantasalla ja siit\u00e4 puuttuu esimerkiksi uudet rinteet kokonaan.<\/p>","protected":false},"author":3,"featured_media":622,"parent":23,"menu_order":0,"comment_status":"closed","ping_status":"closed","template":"","meta":{"footnotes":""},"class_list":["post-217","page","type-page","status-publish","has-post-thumbnail","hentry"],"_links":{"self":[{"href":"https:\/\/talmaski.fi\/en\/wp-json\/wp\/v2\/pages\/217","targetHints":{"allow":["GET"]}}],"collection":[{"href":"https:\/\/talmaski.fi\/en\/wp-json\/wp\/v2\/pages"}],"about":[{"href":"https:\/\/talmaski.fi\/en\/wp-json\/wp\/v2\/types\/page"}],"author":[{"embeddable":true,"href":"https:\/\/talmaski.fi\/en\/wp-json\/wp\/v2\/users\/3"}],"replies":[{"embeddable":true,"href":"https:\/\/talmaski.fi\/en\/wp-json\/wp\/v2\/comments?post=217"}],"version-history":[{"count":16,"href":"https:\/\/talmaski.fi\/en\/wp-json\/wp\/v2\/pages\/217\/revisions"}],"predecessor-version":[{"id":4893,"href":"https:\/\/talmaski.fi\/en\/wp-json\/wp\/v2\/pages\/217\/revisions\/4893"}],"up":[{"embeddable":true,"href":"https:\/\/talmaski.fi\/en\/wp-json\/wp\/v2\/pages\/23"}],"wp:featuredmedia":[{"embeddable":true,"href":"https:\/\/talmaski.fi\/en\/wp-json\/wp\/v2\/media\/622"}],"wp:attachment":[{"href":"https:\/\/talmaski.fi\/en\/wp-json\/wp\/v2\/media?parent=217"}],"curies":[{"name":"wp","href":"https:\/\/api.w.org\/{rel}","templated":true}]}}