{"id":219,"date":"2022-08-17T11:23:47","date_gmt":"2022-08-17T08:23:47","guid":{"rendered":"https:\/\/talmaski.fi\/2022\/?page_id=219"},"modified":"2025-12-24T15:54:59","modified_gmt":"2025-12-24T13:54:59","slug":"vuokraamo","status":"publish","type":"page","link":"https:\/\/talmaski.fi\/en\/hiihtokeskus\/vuokraamo\/","title":{"rendered":"Rentals"},"content":{"rendered":"<p><strong>Season rental equipment available - read more <a href=\"https:\/\/talmaski.fi\/en\/kausivuokra\/\">FROM HERE<\/a><\/strong><\/p>\n\n\n\n<p>We have two rental offices that ensure a smooth service even on the busiest days. From our rental office, you can get the right equipment and expert service. Our equipment is renewed every season and is constantly maintained. &nbsp;<strong>Please note that you need an ID card when renting.<\/strong><\/p>\n\n\n\n<p>The equipment rental opens 30 minutes before the slopes open.<\/p>\n\n\n\n<p><strong><em>We have rental equipment for smaller children as well;<\/em><\/strong>skis starting from 80cm children and ski boots from EU 24 shoe size. Snowboards starting from 90cm children and boots from EU 27 shoe size. <br><br>Equipment maintenace also at the rental shop. More information<a href=\"https:\/\/talmaski.fi\/en\/huolto\/\"> FROM HERE.<\/a><\/p>\n\n\n\n<h1 class=\"wp-block-heading\">Price list<\/h1>\n\n\n\n<figure class=\"wp-block-table\"><table><tbody><tr><td><strong>Equipment packages<\/strong> (skis\/board, boots, helmet and poles)<\/td><td><\/td><\/tr><tr><td>1 hour<\/td><td>27\u20ac<\/td><\/tr><tr><td>2 hours<\/td><td>28\u20ac<\/td><\/tr><tr><td>3 hours<\/td><td>29\u20ac<\/td><\/tr><tr><td>4 hours<\/td><td>30\u20ac<\/td><\/tr><tr><td>Weekday evening*<\/td><td>26\u20ac<\/td><\/tr><tr><td>Day<\/td><td>31\u20ac<\/td><\/tr><\/tbody><\/table><\/figure>\n\n\n\n<p>*Weekday evening means weekday evenings at 4 pm - closing time, not valid on midweek holidays such as Epiphany. <\/p>\n\n\n\n<figure class=\"wp-block-table\"><table><tbody><tr><td><strong>Individual equipment<\/strong><\/td><td><strong>Skis, board or boots<\/strong><\/td><td><strong>Helmet, poles or glasses<\/strong><\/td><\/tr><tr><td>1 hour<\/td><td>16\u20ac<\/td><td>6\u20ac<\/td><\/tr><tr><td>2 hours<\/td><td>17\u20ac<\/td><td>7\u20ac<\/td><\/tr><tr><td>3 hours<\/td><td>18\u20ac<\/td><td>8\u20ac<\/td><\/tr><tr><td>4 hours<\/td><td>19\u20ac<\/td><td>9\u20ac<\/td><\/tr><tr><td>Day<\/td><td>20\u20ac<\/td><td>10\u20ac<\/td><\/tr><\/tbody><\/table><\/figure><br>\n\n\n\n<p>*Weekday evening means weekday evenings at 16:00 - closing time. Not valid on public holidays.<\/p>\n\n\n\n<p>Customer is responsible for the rented equipment. The rental shop has the right to charge lost or broken equipment from the customer. <a href=\"https:\/\/www.ski.fi\/en\/info\/terms-of-delivery\/rental-services\/\">Rental terms and conditions<\/a>.<\/p>\n\n\n\n<p><a href=\"https:\/\/www.instagram.com\/talmaglacier\/\" target=\"_blank\" rel=\"noreferrer noopener\"><\/a><\/p>\n\n\n\n<p><a href=\"https:\/\/www.instagram.com\/talmaglacier\/\" target=\"_blank\" rel=\"noreferrer noopener\"><\/a><\/p>\n\n\n\n<p><a href=\"https:\/\/www.instagram.com\/talmaglacier\/\" target=\"_blank\" rel=\"noreferrer noopener\"><\/a><\/p>\n\n\n\n<p><a href=\"https:\/\/www.instagram.com\/talmaglacier\/\" target=\"_blank\" rel=\"noreferrer noopener\"><\/a><a href=\"https:\/\/www.instagram.com\/talmaglacier\/\" target=\"_blank\" rel=\"noreferrer noopener\"><\/a><\/p>\n\n\n\n<p><\/p>","protected":false},"excerpt":{"rendered":"<p>Kausivuokrav\u00e4lineet saatavilla taas pian &#8211; lue lis\u00e4\u00e4 T\u00c4ST\u00c4 Meill\u00e4 on kaksi vuokraamoa, jotka varmistavat sujuvan palvelun my\u00f6s ruuhkaisempina p\u00e4ivin\u00e4. Vuokraamostamme saat juuri sinulle sopivat v\u00e4lineet ja asiantuntevan palvelun. Vuokrav\u00e4linein\u00e4 laadukkaat Salomonin, Atomicin, V\u00f6lklin ja Nitron v\u00e4lineet. Vuokraamon v\u00e4lineit\u00e4 uusitaan vuosittain ja niit\u00e4 huolletaan jatkuvasti. &nbsp;Huomioithan, ett\u00e4 vuokratessa tarvitset mukaan henkil\u00f6llisyystodistuksen. [&hellip;]<\/p>","protected":false},"author":3,"featured_media":650,"parent":23,"menu_order":0,"comment_status":"closed","ping_status":"closed","template":"","meta":{"footnotes":""},"class_list":["post-219","page","type-page","status-publish","has-post-thumbnail","hentry"],"_links":{"self":[{"href":"https:\/\/talmaski.fi\/en\/wp-json\/wp\/v2\/pages\/219","targetHints":{"allow":["GET"]}}],"collection":[{"href":"https:\/\/talmaski.fi\/en\/wp-json\/wp\/v2\/pages"}],"about":[{"href":"https:\/\/talmaski.fi\/en\/wp-json\/wp\/v2\/types\/page"}],"author":[{"embeddable":true,"href":"https:\/\/talmaski.fi\/en\/wp-json\/wp\/v2\/users\/3"}],"replies":[{"embeddable":true,"href":"https:\/\/talmaski.fi\/en\/wp-json\/wp\/v2\/comments?post=219"}],"version-history":[{"count":97,"href":"https:\/\/talmaski.fi\/en\/wp-json\/wp\/v2\/pages\/219\/revisions"}],"predecessor-version":[{"id":4704,"href":"https:\/\/talmaski.fi\/en\/wp-json\/wp\/v2\/pages\/219\/revisions\/4704"}],"up":[{"embeddable":true,"href":"https:\/\/talmaski.fi\/en\/wp-json\/wp\/v2\/pages\/23"}],"wp:featuredmedia":[{"embeddable":true,"href":"https:\/\/talmaski.fi\/en\/wp-json\/wp\/v2\/media\/650"}],"wp:attachment":[{"href":"https:\/\/talmaski.fi\/en\/wp-json\/wp\/v2\/media?parent=219"}],"curies":[{"name":"wp","href":"https:\/\/api.w.org\/{rel}","templated":true}]}}