{"id":221,"date":"2022-08-17T11:24:39","date_gmt":"2022-08-17T08:24:39","guid":{"rendered":"https:\/\/talmaski.fi\/2022\/?page_id=221"},"modified":"2026-03-23T09:24:34","modified_gmt":"2026-03-23T07:24:34","slug":"hinnasto","status":"publish","type":"page","link":"https:\/\/talmaski.fi\/en\/hiihtokeskus\/hinnasto\/","title":{"rendered":"Price list"},"content":{"rendered":"<p><strong>Starting on wed 18.3.26 lift tickets with special price until end of this season: evening tickets 20\u20ac\/person and day tickets 30\u20ac\/person.<\/strong> (same price adults and children, other ticket types not sold). Friend's monday and student friday discounts with normal prices.<\/p>\n\n\n\n<p><strong>Pricing for season 2025-2026<\/strong><\/p>\n\n\n\n<figure class=\"wp-block-table\"><table class=\"has-fixed-layout\"><tbody><tr><td><strong>Lift tickets<\/strong><\/td><td><strong>Children 6-11 years old and pensioners<\/strong><\/td><td><strong>Adult<\/strong><\/td><\/tr><tr><td>1 hour<\/td><td>31<\/td><td>34<\/td><\/tr><tr><td>2 hours<\/td><td>33<\/td><td>36<\/td><\/tr><tr><td>3 hours<\/td><td>34<\/td><td>37<\/td><\/tr><tr><td>4 hours<\/td><td>35<\/td><td>38<\/td><\/tr><tr><td>Weekday evening*<\/td><td>29<\/td><td>32<\/td><\/tr><tr><td>Day ticket<\/td><td>36<\/td><td>39<\/td><\/tr><tr><td>2 p\u00e4iv\u00e4\u00e4**<\/td><td>60<\/td><td>70<\/td><\/tr><tr><td>3 p\u00e4iv\u00e4\u00e4**<\/td><td>80<\/td><td>90<\/td><\/tr><tr><td>5 p\u00e4iv\u00e4\u00e4**<\/td><td>125<\/td><td>140<\/td><\/tr><tr><td>Monthly card***<\/td><td>140<\/td><td>170<\/td><\/tr><tr><td>Kausikortti***<\/td><td>340<\/td><td>420<\/td><\/tr><tr><td>Yrityskausikortti****<\/td><td><\/td><td>590<\/td><\/tr><\/tbody><\/table><\/figure>\n\n\n\n<p>Lift tickets include entry to Werneri Park. Lift tickets can only be bought on keycard that can be read from your pocket. If the customer does not have his own keycard, he must buy a single-use card for \u20ac3 or a rechargeable card for \u20ac8. The price of the keycard is therefore not included in the price of the lift ticket. We accept Axess keycards.<\/p>\n\n\n\n<p><br>*Weekday evening means weekday evenings at 4 pm - closing time, not valid on midweek holidays such as Epiphany. <br>**Consecutive days<br>***30 consecutive days<br>****Yrityskausikortti ei ole henkil\u00f6kohtainen. Se on oiva tapa antaa mahdollisuus lasketteluun esimerkiksi henkil\u00f6kunnalle ja yhteisty\u00f6kumppaneille!<\/p>\n\n\n\n<p>Children under the age of 6 wearing helmets ski free together with an adult who has a paid ticket (does not apply to Werneri Park).<\/p>\n\n\n\n<p><em><strong>Friends Mondays<\/strong><\/em>Weekday evening tickets two for the price of one. Valid on mondays (not week 52, 1 or, 8 and not valid for Werneri tickets) <strong>Friends monday offer only on site purchases.<\/strong><\/p>\n\n\n\n<p><strong><em>Student discount<\/em><\/strong>: weekday evening tickets on Fridays two students for the price of one, both must have a student card. Valid on weekdays other than weeks 52, 1 and 8. (offer not valid for Werneri Park tickets). <br><br><strong>Friends monday and student friday tickets will be valid only on the day of purchase.<\/strong> Friends monday and student friday tickets are valid only when normal lift tickets are sold. They are not valid wit pop-up or other discounted tickets. <strong>Friends monday and student friday offers only on site purchases.<\/strong><\/p>\n\n\n\n<p><em>Werneri Park<\/em><\/p>\n\n\n\n<p><strong><em>Werneri Park now closed for this winter season.<\/em><\/strong><\/p>\n\n\n\n<figure class=\"wp-block-table\"><table><tbody><tr><td><strong>Werneri Park entrance fee<\/strong><\/td><td><strong>Everyone over 4 years old<\/strong><\/td><\/tr><tr><td>Weekday evening*<\/td><td>x\u20ac<\/td><\/tr><tr><td>Day ticket<\/td><td>x\u20ac<\/td><\/tr><tr><td>Family ticket (4 admission tickets)*<\/td><td>x\u20ac<\/td><\/tr><\/tbody><\/table><\/figure>\n\n\n\n<p><strong>* Werneri family ticket valid only on the day of the purchase<\/strong><\/p>\n\n\n\n<p>Please also remember that with a valid Talma lift ticket (or season ticket) you can also access Werneri Park.<\/p>\n\n\n\n<p>Please note! Werneri Park entrance fee always includes single use keycard.<br>*Weekday evening means weekday evenings at 4 pm - closing time, not valid on midweek holidays such as Epiphany.<\/p>\n\n\n\n<p>Under 4 years children can enter Werneri Park for free when accompanied by a parent with a ticket.<\/p>\n\n\n\n<p>We reserve the right to make changes to pricing.<\/p>\n\n\n\n<p>info (at) talmaski.fi (Note! email is only read on weekdays)<\/p>\n\n\n\n<p>Black Friday \/ Christmas calendar tickets are valid until 15.3.2026 or to the last opening day of slopes or Werneri Park for season 2025-2026. Tickets cannot be transferred, exchanged or updated to any other tickets. It is good to use the tickets early on.<\/p>\n\n\n\n<p>All tickets are valid only during the season they are bought. Unused tickets cannot be tranferred to another season and they will not be reimbursed.<\/p>\n\n\n\n<h1 class=\"wp-block-heading\">Equipment rental and maintenance<\/h1>\n\n\n\n<figure class=\"wp-block-table\"><table><tbody><tr><td><strong>Equipment packages<\/strong> (skis\/board, boots, helmet and poles)<\/td><td><\/td><\/tr><tr><td>1 hour<\/td><td>27\u20ac<\/td><\/tr><tr><td>2 hours<\/td><td>28\u20ac<\/td><\/tr><tr><td>3 hours<\/td><td>29\u20ac<\/td><\/tr><tr><td>4 hours<\/td><td>30\u20ac<\/td><\/tr><tr><td>Weekday evening*<\/td><td>26\u20ac<\/td><\/tr><tr><td>Day<\/td><td>31\u20ac<\/td><\/tr><\/tbody><\/table><\/figure>\n\n\n\n<p>*Weekday evening means weekday evenings at 4 pm - closing time, not valid on midweek holidays such as Epiphany. <\/p>\n\n\n\n<figure class=\"wp-block-table\"><table><tbody><tr><td><strong>Individual equipment<\/strong><\/td><td><strong>Skis, board or boots<\/strong><\/td><td><strong>Helmet, poles or glasses<\/strong><\/td><\/tr><tr><td>1 hour<\/td><td>16\u20ac<\/td><td>6\u20ac<\/td><\/tr><tr><td>2 hours<\/td><td>17\u20ac<\/td><td>7\u20ac<\/td><\/tr><tr><td>3 hours<\/td><td>18\u20ac<\/td><td>8\u20ac<\/td><\/tr><tr><td>4 hours<\/td><td>19\u20ac<\/td><td>9\u20ac<\/td><\/tr><tr><td>Day<\/td><td>20\u20ac<\/td><td>10\u20ac<\/td><\/tr><\/tbody><\/table><\/figure><br>\n\n\n\n<figure class=\"wp-block-table\"><table><tbody><tr><td><strong>Maintenance<\/strong><\/td><td><\/td><\/tr><tr><td>Optiwax waxing (for skis)<\/td><td>25\u20ac<\/td><\/tr><tr><td>Hot waxing (by hand)<\/td><td>30\u20ac<\/td><\/tr><tr><td>Edge sharpening<\/td><td>15\u20ac<\/td><\/tr><tr><td>Basic maintenance (Sanding the bottom, sharpening the edges, hot waxing)<\/td><td>45\u20ac<\/td><\/tr><tr><td>Full maintenance (Sanding the bottom, filling the holes, sharpening the edges, hot waxing)<\/td><td>from \u20ac50<\/td><\/tr><tr><td>Installation or transfer of bindings<\/td><td>40\u20ac \/ 50\u20ac<\/td><\/tr><\/tbody><\/table><\/figure>\n\n\n\n<p>Equipment maintenance quickly, usually within 1-2 days! Leave the equipment for maintenance at the end of the ski day and they will be waiting for you, fully serviced, the next time you come to the hill!<\/p>\n\n\n\n<p>We also sell spare parts for bindings and do small repairs, feel free to ask for more!<\/p>\n\n\n\n<p><a rel=\"noreferrer noopener\" href=\"https:\/\/talmaski.fi\/en\/hiihtokeskus\/vuokraamo\/\" data-type=\"page\" target=\"_blank\">Read more about seasonal rent HERE.<\/a><\/p>\n\n\n\n<p><strong>Talma Ski equipment rental: tel. 0400-716882 \/ vuokraamo (at) talmaski.fi<\/strong> <br>(during opening hours of the slopes)<\/p>\n\n\n\n<p>PAYMENT METHODS IN THE ONLINE SHOP<br>\u2013 Bank and credit card (Master, Visa)<br>- ePassi in the online store when paying from the ePassi button on the order page (lift tickets for adults)<br>- Internet bank<br>- Invoice via the online payment supplier<\/p>\n\n\n\n<p>PAYMENT METHODS ON SITE (in addition to cash)<br>\u2013 Bank and credit card (Master, Visa)<br>\u2013 Visa Electron<br>\u2013 Smartum&#039;s Sports and culture benefit (voucher and mobile app)*<br>\u2013 ePassi*<br>\u2013 TYKY voucher*<br>\u2013 Edenred card, mobile app and incentive voucher*<br>*Smartum Pay, ePassi, Edenred PAYMENT METHODS CAN ONLY BE USED ON SITE. PAYMENT CANNOT BE MADE REMOTELY OR IN ADVANCE, BUT IT CAN ONLY BE MADE AT THE CASHIER ACCORDING TO THE SELLER'S INSTRUCTIONS.<\/p>\n\n\n\n<h1 class=\"wp-block-heading\">Season ticket<\/h1>\n\n\n\n<p><!--<p><em>HUOM: Kaudella 2022\/2023 Talman kausikortilla 50% alennus p\u00e4iv\u00e4lipuista Laajavuoressa ja Mielakassa (osto paikan p\u00e4\u00e4ll\u00e4 kassalta), tunnistus Talman kuvallisella kausarilla, etu on henkil\u00f6kohtainen. Vastaavasti edell\u00e4 mainittujen keskusten kausikorteilla Talmasta 50% alennus p\u00e4iv\u00e4- tai iltalipusta. Emme l\u00e4het\u00e4 ennakkoon ostetuista kausikorteista erikseen viesti\u00e4 noudosta vaan kausikortin voit lunastaa Talman lipunmyynnist\u00e4 kauden alussa henkil\u00f6kohtaisesti (valokuvaamme paikan p\u00e4\u00e4ll\u00e4) henkil\u00f6llisyystodistusta vastaan.&nbsp;<\/em><\/p>--><\/p>\n\n\n\n<h2 class=\"wp-block-heading\"><strong>Instructions for use of the season ticket<\/strong><\/h2>\n\n\n\n<p>The season ticket is personal. The season ticket may not be used by anyone other than the season ticket holder.<\/p>\n\n\n\n<p>Misuse will result in the loss of the season ticket for the whole winter. The photo of the season ticket holder is automatically displayed at the lower station of the lift each time going up.<\/p>\n\n\n\n<p><strong>If the season ticket is lost, we charge a total of 15 euros + the price of the remote card for cancelling the old card and making a new card.<\/strong><\/p>\n\n\n\n<p>ADDITIONAL INFORMATION \/ QUESTIONS:<br>Talma Ski Oy<br>info (at) talmaski.fi (Note! Email is only read on weekdays)<\/p>","protected":false},"excerpt":{"rendered":"<p>Keskiviikosta 18.3.2026 alkaen t\u00e4m\u00e4n kauden loppuun saakka hissiliput edullisesti; arki-iltaliput 20\u20ac\/hl\u00f6 ja viikonloppuisin p\u00e4iv\u00e4lippu 30\u20ac\/hl\u00f6 (sama hinta aikuisille ja lapsille, muita lipputyyppej\u00e4 ei myynniss\u00e4). Kaverimaanantai- ja opiskelijaperjantaialennukset lasketaan normaalihinnoista. Hinnastot kaudelle 2025-2026 Hissiliput Lapsi 6-11v ja el\u00e4kel\u00e4iset Aikuinen 1 tunti 31 34 2 tuntia 33 36 3 tuntia 34 37 [&hellip;]<\/p>","protected":false},"author":3,"featured_media":569,"parent":23,"menu_order":0,"comment_status":"closed","ping_status":"closed","template":"","meta":{"footnotes":""},"class_list":["post-221","page","type-page","status-publish","has-post-thumbnail","hentry"],"_links":{"self":[{"href":"https:\/\/talmaski.fi\/en\/wp-json\/wp\/v2\/pages\/221","targetHints":{"allow":["GET"]}}],"collection":[{"href":"https:\/\/talmaski.fi\/en\/wp-json\/wp\/v2\/pages"}],"about":[{"href":"https:\/\/talmaski.fi\/en\/wp-json\/wp\/v2\/types\/page"}],"author":[{"embeddable":true,"href":"https:\/\/talmaski.fi\/en\/wp-json\/wp\/v2\/users\/3"}],"replies":[{"embeddable":true,"href":"https:\/\/talmaski.fi\/en\/wp-json\/wp\/v2\/comments?post=221"}],"version-history":[{"count":111,"href":"https:\/\/talmaski.fi\/en\/wp-json\/wp\/v2\/pages\/221\/revisions"}],"predecessor-version":[{"id":4984,"href":"https:\/\/talmaski.fi\/en\/wp-json\/wp\/v2\/pages\/221\/revisions\/4984"}],"up":[{"embeddable":true,"href":"https:\/\/talmaski.fi\/en\/wp-json\/wp\/v2\/pages\/23"}],"wp:featuredmedia":[{"embeddable":true,"href":"https:\/\/talmaski.fi\/en\/wp-json\/wp\/v2\/media\/569"}],"wp:attachment":[{"href":"https:\/\/talmaski.fi\/en\/wp-json\/wp\/v2\/media?parent=221"}],"curies":[{"name":"wp","href":"https:\/\/api.w.org\/{rel}","templated":true}]}}