{"id":223,"date":"2022-08-17T11:26:21","date_gmt":"2022-08-17T08:26:21","guid":{"rendered":"https:\/\/talmaski.fi\/2022\/?page_id=223"},"modified":"2026-03-23T09:23:40","modified_gmt":"2026-03-23T07:23:40","slug":"werneri-park","status":"publish","type":"page","link":"https:\/\/talmaski.fi\/en\/hiihtokeskus\/werneri-park\/","title":{"rendered":"Werneri Park snow fun park"},"content":{"rendered":"<p><strong><em>Werneri Park now closed for this winter season.<\/em><\/strong><\/p>\n\n\n\n<p>What could be nicer than spending a wintery day out with the family? In Talma, it's even more fun because Talma has something for everyone. Parents and young people can enjoy skiing on the slopes, and for the youngest in the family, we have an area of almost a hectare in size, where you can ski, slide down the hill with slider or snow tube in a tube chute, spin on a carousel and much more! Best of all, tubes, sliders and sleds can be found ready at Werneri Park, so you don't have to bring your own! The slopes in Werneri Park are covered with snow and groomed, so they can be enjoyed even during warmer days. The slope in Werneri Park is easy training slope and on this slope, it is allowed to walk on with shoes. Good place to practice skiing and snowboarding, if adults want to help in training without having skiing\/snowboarding equipment on. <\/p>\n\n\n\n<p>Werneri Park has a large, two-storey multipurpose building with a open fire grilling place, tables and chairs. Adults are also welcome to enjoy the snow fun, <strong>Werneri Park is a land of snow for all ages<\/strong>For example, snow tubes are also great fun for adults. A playful snow tube race between family members will make cheeks red and the corners of your mouths rise. So you can get down the slope in many different ways, but getting back up is also an experience in its own right. The magic carpet is the heart of Werneri Park! You can use the carpet lift with almost anything - easily and safely. Werneri Park, combined with Talma's versatile slopes, offers activities for the whole family and for the whole day!<\/p>\n\n\n\n<p>Werneri Park is also a perfect place to celebrate children's birthdays while enjoying fun outdoor activities. Read more about Werneri's birthday packages <a href=\"https:\/\/talmaski.fi\/en\/yritykset-ja-ryhmat\/wernerisynttarit\/\" data-type=\"page\" target=\"_blank\" rel=\"noreferrer noopener\">here.<\/a><\/p>\n\n\n\n<figure class=\"wp-block-gallery has-nested-images columns-default is-cropped wp-block-gallery-1 is-layout-flex wp-block-gallery-is-layout-flex\">\n<figure class=\"wp-block-image size-large\"><img loading=\"lazy\" decoding=\"async\" width=\"1024\" height=\"683\" data-id=\"1027\" src=\"https:\/\/talmaski.fi\/wp-content\/uploads\/2022\/10\/laskettelua-lapsille-mattohissi-1024x683.jpg\" alt=\"\" class=\"wp-image-1027\" srcset=\"https:\/\/talmaski.fi\/wp-content\/uploads\/2022\/10\/laskettelua-lapsille-mattohissi-1024x683.jpg 1024w, https:\/\/talmaski.fi\/wp-content\/uploads\/2022\/10\/laskettelua-lapsille-mattohissi-300x200.jpg 300w, https:\/\/talmaski.fi\/wp-content\/uploads\/2022\/10\/laskettelua-lapsille-mattohissi-768x512.jpg 768w, https:\/\/talmaski.fi\/wp-content\/uploads\/2022\/10\/laskettelua-lapsille-mattohissi-1536x1025.jpg 1536w, https:\/\/talmaski.fi\/wp-content\/uploads\/2022\/10\/laskettelua-lapsille-mattohissi-18x12.jpg 18w, https:\/\/talmaski.fi\/wp-content\/uploads\/2022\/10\/laskettelua-lapsille-mattohissi-360x240.jpg 360w, https:\/\/talmaski.fi\/wp-content\/uploads\/2022\/10\/laskettelua-lapsille-mattohissi.jpg 2048w\" sizes=\"auto, (max-width: 1024px) 100vw, 1024px\" \/><\/figure>\n\n\n\n<figure class=\"wp-block-image size-full\"><img loading=\"lazy\" decoding=\"async\" width=\"1000\" height=\"667\" data-id=\"1029\" src=\"https:\/\/talmaski.fi\/wp-content\/uploads\/2022\/10\/talma-werneri-park-kiipeily-.jpg\" alt=\"\" class=\"wp-image-1029\" srcset=\"https:\/\/talmaski.fi\/wp-content\/uploads\/2022\/10\/talma-werneri-park-kiipeily-.jpg 1000w, https:\/\/talmaski.fi\/wp-content\/uploads\/2022\/10\/talma-werneri-park-kiipeily--300x200.jpg 300w, https:\/\/talmaski.fi\/wp-content\/uploads\/2022\/10\/talma-werneri-park-kiipeily--768x512.jpg 768w, https:\/\/talmaski.fi\/wp-content\/uploads\/2022\/10\/talma-werneri-park-kiipeily--18x12.jpg 18w, https:\/\/talmaski.fi\/wp-content\/uploads\/2022\/10\/talma-werneri-park-kiipeily--360x240.jpg 360w\" sizes=\"auto, (max-width: 1000px) 100vw, 1000px\" \/><\/figure>\n\n\n\n<figure class=\"wp-block-image size-full\"><img loading=\"lazy\" decoding=\"async\" width=\"768\" height=\"576\" data-id=\"1011\" src=\"https:\/\/talmaski.fi\/wp-content\/uploads\/2022\/10\/snow-tube-karuselli.jpg\" alt=\"\" class=\"wp-image-1011\" srcset=\"https:\/\/talmaski.fi\/wp-content\/uploads\/2022\/10\/snow-tube-karuselli.jpg 768w, https:\/\/talmaski.fi\/wp-content\/uploads\/2022\/10\/snow-tube-karuselli-300x225.jpg 300w, https:\/\/talmaski.fi\/wp-content\/uploads\/2022\/10\/snow-tube-karuselli-16x12.jpg 16w\" sizes=\"auto, (max-width: 768px) 100vw, 768px\" \/><\/figure>\n\n\n\n<figure class=\"wp-block-image size-large\"><img loading=\"lazy\" decoding=\"async\" width=\"1024\" height=\"683\" data-id=\"615\" src=\"https:\/\/talmaski.fi\/wp-content\/uploads\/2022\/09\/werneri1-1-of-1-3-1024x683.jpg\" alt=\"\" class=\"wp-image-615\" srcset=\"https:\/\/talmaski.fi\/wp-content\/uploads\/2022\/09\/werneri1-1-of-1-3-1024x683.jpg 1024w, https:\/\/talmaski.fi\/wp-content\/uploads\/2022\/09\/werneri1-1-of-1-3-300x200.jpg 300w, https:\/\/talmaski.fi\/wp-content\/uploads\/2022\/09\/werneri1-1-of-1-3-768x512.jpg 768w, https:\/\/talmaski.fi\/wp-content\/uploads\/2022\/09\/werneri1-1-of-1-3-1536x1024.jpg 1536w, https:\/\/talmaski.fi\/wp-content\/uploads\/2022\/09\/werneri1-1-of-1-3-360x240.jpg 360w, https:\/\/talmaski.fi\/wp-content\/uploads\/2022\/09\/werneri1-1-of-1-3-600x400.jpg 600w, https:\/\/talmaski.fi\/wp-content\/uploads\/2022\/09\/werneri1-1-of-1-3.jpg 2048w\" sizes=\"auto, (max-width: 1024px) 100vw, 1024px\" \/><\/figure>\n\n\n\n<figure class=\"wp-block-image size-large\"><img loading=\"lazy\" decoding=\"async\" width=\"768\" height=\"480\" data-id=\"486\" src=\"https:\/\/talmaski.fi\/wp-content\/uploads\/2022\/08\/talma-werneri-park-maisema.jpg\" alt=\"\" class=\"wp-image-486\" srcset=\"https:\/\/talmaski.fi\/wp-content\/uploads\/2022\/08\/talma-werneri-park-maisema.jpg 768w, https:\/\/talmaski.fi\/wp-content\/uploads\/2022\/08\/talma-werneri-park-maisema-600x375.jpg 600w, https:\/\/talmaski.fi\/wp-content\/uploads\/2022\/08\/talma-werneri-park-maisema-300x188.jpg 300w\" sizes=\"auto, (max-width: 768px) 100vw, 768px\" \/><\/figure>\n\n\n\n<figure class=\"wp-block-image size-large\"><img loading=\"lazy\" decoding=\"async\" width=\"1024\" height=\"683\" data-id=\"614\" src=\"https:\/\/talmaski.fi\/wp-content\/uploads\/2022\/09\/Talma_treenirinne-1024x683.jpg\" alt=\"\" class=\"wp-image-614\" srcset=\"https:\/\/talmaski.fi\/wp-content\/uploads\/2022\/09\/Talma_treenirinne-1024x683.jpg 1024w, https:\/\/talmaski.fi\/wp-content\/uploads\/2022\/09\/Talma_treenirinne-300x200.jpg 300w, https:\/\/talmaski.fi\/wp-content\/uploads\/2022\/09\/Talma_treenirinne-768x512.jpg 768w, https:\/\/talmaski.fi\/wp-content\/uploads\/2022\/09\/Talma_treenirinne-1536x1025.jpg 1536w, https:\/\/talmaski.fi\/wp-content\/uploads\/2022\/09\/Talma_treenirinne-360x240.jpg 360w, https:\/\/talmaski.fi\/wp-content\/uploads\/2022\/09\/Talma_treenirinne-600x400.jpg 600w, https:\/\/talmaski.fi\/wp-content\/uploads\/2022\/09\/Talma_treenirinne.jpg 2048w\" sizes=\"auto, (max-width: 1024px) 100vw, 1024px\" \/><\/figure>\n<\/figure>\n\n\n\n<p>in Werneri Park<\/p>\n\n\n\n<ul class=\"wp-block-list\">\n<li>snow covered and groomed slopes; beginner friendly easy slope for skiing and snowboarding, snow tube slope and a slope for other equipment such as toboggans etc. <\/li>\n\n\n\n<li>easy carpet lift <\/li>\n\n\n\n<li>net adventure track<\/li>\n\n\n\n<li>motorised carousel and traditional carousel <\/li>\n\n\n\n<li>Werneri's puzzle adventure<\/li>\n\n\n\n<li>climbing wall<\/li>\n\n\n\n<li>slides<\/li>\n\n\n\n<li>covered picnic area with tables, chairs and barbecue<\/li>\n\n\n\n<li>large selection of different equipment such as toboggans, gliders, sleds, snow tubes, snowscoots etc.<\/li>\n<\/ul>\n\n\n\n<iframe loading=\"lazy\" src=\"https:\/\/www.facebook.com\/plugins\/video.php?height=314&amp;href=https%3A%2F%2Fwww.facebook.com%2FTalmaski%2Fvideos%2F693040272329598%2F&amp;show_text=false&amp;width=560&amp;t=0\" style=\"border:none;overflow:hidden\" scrolling=\"no\" allowfullscreen=\"true\" allow=\"autoplay; clipboard-write; encrypted-media; picture-in-picture; web-share\" width=\"820\" height=\"459\" frameborder=\"0\"><\/iframe>\n\n\n\n<p>Werneri Park has an entrance fee. See pricing <a href=\"https:\/\/talmaski.fi\/en\/hiihtokeskus\/hinnasto\/\" data-type=\"link\" data-id=\"https:\/\/talmaski.fi\/hiihtokeskus\/hinnasto\/\">here.<\/a><\/p>\n\n\n\n<p><\/p>\n\n\n\n<p><\/p>","protected":false},"excerpt":{"rendered":"<p>Werneri Park suljettu t\u00e4m\u00e4n talvikauden osalta. Mik\u00e4 onkaan mukavampaa kuin viett\u00e4\u00e4 talvinen ulkoilup\u00e4iv\u00e4 perheen kanssa? Talmassa se on entist\u00e4 mukavampaa sill\u00e4 meilt\u00e4 l\u00f6ytyy takuulla jokaiselle jotakin. Vanhemmat ja nuoret voivat nauttia laskettelusta rinteiss\u00e4 ja perheen pienimmille meill\u00e4 on tarjota l\u00e4hes hehtaarin kokoinen alue, jossa voi lasketella perinteisesti, laskea pulkalla, stigalla [&hellip;]<\/p>","protected":false},"author":3,"featured_media":569,"parent":23,"menu_order":0,"comment_status":"closed","ping_status":"closed","template":"","meta":{"footnotes":""},"class_list":["post-223","page","type-page","status-publish","has-post-thumbnail","hentry"],"_links":{"self":[{"href":"https:\/\/talmaski.fi\/en\/wp-json\/wp\/v2\/pages\/223","targetHints":{"allow":["GET"]}}],"collection":[{"href":"https:\/\/talmaski.fi\/en\/wp-json\/wp\/v2\/pages"}],"about":[{"href":"https:\/\/talmaski.fi\/en\/wp-json\/wp\/v2\/types\/page"}],"author":[{"embeddable":true,"href":"https:\/\/talmaski.fi\/en\/wp-json\/wp\/v2\/users\/3"}],"replies":[{"embeddable":true,"href":"https:\/\/talmaski.fi\/en\/wp-json\/wp\/v2\/comments?post=223"}],"version-history":[{"count":64,"href":"https:\/\/talmaski.fi\/en\/wp-json\/wp\/v2\/pages\/223\/revisions"}],"predecessor-version":[{"id":4983,"href":"https:\/\/talmaski.fi\/en\/wp-json\/wp\/v2\/pages\/223\/revisions\/4983"}],"up":[{"embeddable":true,"href":"https:\/\/talmaski.fi\/en\/wp-json\/wp\/v2\/pages\/23"}],"wp:featuredmedia":[{"embeddable":true,"href":"https:\/\/talmaski.fi\/en\/wp-json\/wp\/v2\/media\/569"}],"wp:attachment":[{"href":"https:\/\/talmaski.fi\/en\/wp-json\/wp\/v2\/media?parent=223"}],"curies":[{"name":"wp","href":"https:\/\/api.w.org\/{rel}","templated":true}]}}