{"id":2247,"date":"2025-10-28T15:46:53","date_gmt":"2025-10-28T13:46:53","guid":{"rendered":"https:\/\/talmaski.fi\/?page_id=2247"},"modified":"2026-03-26T13:37:53","modified_gmt":"2026-03-26T11:37:53","slug":"ukk-hiihtokoulu","status":"publish","type":"page","link":"https:\/\/talmaski.fi\/en\/hiihtokoulu\/ukk-hiihtokoulu\/","title":{"rendered":"UKK &#8211; HIIHTOKOULU"},"content":{"rendered":"<h3 class=\"wp-block-heading\">Talman hiihtokoulun usein kysytyt kysymykset<\/h3>\n\n\n\n<p>Vastauksen saat n\u00e4kyviin klikkaamalla +-symbolia otsikon edess\u00e4.<\/p>\n\n\n\n<details class=\"wp-block-details is-layout-flow wp-block-details-is-layout-flow\"><summary><strong>+ Miten paljon aikaisemmin opetus olisi hyv\u00e4 varata?<\/strong> <\/summary>\n<p>Sek\u00e4 kurssit ett\u00e4 yksityistunnit on hyv\u00e4 varata mahdollisimman aikaisessa vaiheessa varmistaaksesi paikan kurssilta tai yksityistunnin haluamallesi ajankohdalle. Osa kursseista on hyvin suosittuja, jolloin paikat saattavat t\u00e4ytty\u00e4 nopeastikin (esim. Lautanaperot). Varaukset on teht\u00e4v\u00e4 v\u00e4hint\u00e4\u00e4n 1vrk ennen kurssin tai yksityistunnin alkua. Mahdollisia peruutuspaikkoja tai viime hetken varauksia voi kysell\u00e4 hiihtokoulun toimistolta puh. 040-1281419. <\/p>\n<\/details>\n\n\n\n<details class=\"wp-block-details is-layout-flow wp-block-details-is-layout-flow\"><summary><strong>+ Varaisinko yksityistunnin vai kurssin? <\/strong><\/summary>\n<p>Yksityisopetus mahdollistaa yksil\u00f6llisen etenemisen ja toiveiden huomioimisen opetuksessa, jolloin eteneminen voi usein olla nopeampaa kuin kurssilla. Yksityistunnit ovat my\u00f6s varattavissa joustavammin omiin aikatauluihisi sopien. Kursseilla on samanik\u00e4ist\u00e4 seuraa ja yhdess\u00e4 tekemist\u00e4, eteneminen sopeutetaan ryhm\u00e4n tason mukaisesti eik\u00e4 yksil\u00f6llinen opetus ole samalla tavoin mahdollista kuin yksityistunnilla. Kursseilla p\u00e4\u00e4s\u00e4\u00e4nt\u00f6isesti opetuskieli on suomi, yksityistunteja on saatavilla my\u00f6s muilla kielill\u00e4. <br>Jos yksityistunnille osallistuu useampi henkil\u00f6, edellytt\u00e4\u00e4 se kaikille saman lajin ja suunnilleen saman taitotason omaamista. On hyv\u00e4 humioida, ett\u00e4 isot ik\u00e4erot osallistujilla tai taitotasoerot vaikuttavat opetuksen etenemiseen &#8211; opetus etenee aina ns heikoimman ehdoilla. Suosittelemme lapsille omaa opettajaa ja aikuisille omaa opettajaa. Erityistuen tarvitsijoille suosittelemme my\u00f6s yksityisopetusta, joka mahdollistaa yksil\u00f6llisen tuen ja oppimistahdin. <\/p>\n<\/details>\n\n\n\n<details class=\"wp-block-details is-layout-flow wp-block-details-is-layout-flow\"><summary><strong>+ Kuuluuko hissilippu opetuksen hintaan?<\/strong><\/summary>\n<p>Kyll\u00e4 kuuluu. Opetuksen ajaksi et tarvitse hissilippua. Jos haluat j\u00e4\u00e4d\u00e4 opetuksen j\u00e4lkeen samana p\u00e4iv\u00e4n\u00e4 laskemaan, saat hissilipun puoleen hintaan n\u00e4ytt\u00e4m\u00e4ll\u00e4 lipunmyynniss\u00e4 hiihtokoulukuittia. Alennus koskee vain kurssille tai yksityistunnille osallistunutta, ei perheenj\u00e4seni\u00e4. Alennus ei koske Werneri Park lippuja.<\/p>\n<\/details>\n\n\n\n<details class=\"wp-block-details is-layout-flow wp-block-details-is-layout-flow\"><summary><strong>+ Kuuluvatko v\u00e4lineet opetuksen hintaan?<\/strong><\/summary>\n<p>Eiv\u00e4t kuulu. V\u00e4lineet voit tarvittaessa vuokrata v\u00e4linevuokraamostamme. Kaikilla kursseilla v\u00e4linevuokrasetin hinta on 16\u20ac\/opetuskerta ja yksityistunneilla vuokraamon hinnaston mukaisesti. Saavuthan vuokraamoon noin 30min ennen opetuksen alkua, jotta ehdit saada sopivat v\u00e4lineet. Vuokraamo aukeaa 30min ennen rinteiden avaamista.<\/p>\n<\/details>\n\n\n\n<details class=\"wp-block-details is-layout-flow wp-block-details-is-layout-flow\"><summary><strong>+ Pit\u00e4\u00e4k\u00f6 ilmoittautua hiihtokoululla ennen opetuksen alkua?<\/strong><\/summary>\n<p>Hiihtokoulun tiskill\u00e4 ei tarvitse ilmoittautua, <strong>jos maksu on hoidettu etuk\u00e4teen<\/strong>. Wernerikurssille tuleville lapsille laitetaan kyp\u00e4r\u00e4\u00e4n nimitarra, jonka voi noutaa hiihtokoulun tiskilt\u00e4 tai vuokraamosta. Vuokrattuun kyp\u00e4r\u00e4\u00e4n annetaan jokaisella kerralla aina uusi nimilappu. Opetus alkaa vuokraamorakennuksen rinteiden puoleisessa p\u00e4\u00e4dyss\u00e4. Wernerikurssit kokoontuvat kurssin nimell\u00e4 varustetun kyltin luona ja yksityistunnit alkavat hiihtokoulun kohtaamispaikka-kyltin luona.<\/p>\n<\/details>\n\n\n\n<details class=\"wp-block-details is-layout-flow wp-block-details-is-layout-flow\"><summary><strong>+ Miss\u00e4 tapaan opettajan yksityistunnille tullessani?<\/strong><\/summary>\n<p>Jos olet maksanut tunnin ennakkoon, hiihtokoululla ei tarvitse ilmoittautua. Tapaat tunnin alkaessa opettajasi vuokraamorakennuksen rinteiden puoleisessa p\u00e4\u00e4dyss\u00e4, hiihtokoulun kohtaamispaikka -kyltin luona. Jos tarvitset vuokrata v\u00e4lineet, varaa v\u00e4hint\u00e4\u00e4n puoli tuntia aikaa v\u00e4lineiden vuokraamiseen ja sovittamiseen ennen tunnin alkua.<\/p>\n<\/details>\n\n\n\n<details class=\"wp-block-details is-layout-flow wp-block-details-is-layout-flow\"><summary><strong>+ Onko opetuksessa s\u00e4\u00e4varaus? <\/strong><\/summary>\n<p>Hiihtokoulussamme ei ole s\u00e4\u00e4varausta muutoin kuin pakkasraja on -25c. Opetukset pidet\u00e4\u00e4n s\u00e4\u00e4ll\u00e4 kuin s\u00e4\u00e4ll\u00e4, pukeuduthan siis s\u00e4\u00e4olosuhteet huomioiden. Suosittelemme kerrospukeutumista ja rukkasia, joiden sis\u00e4\u00e4n mahtuvat villasormikkaat tai -lapaset tarvittaessa. \u00c4lk\u00e4\u00e4 kuitenkaan pukeko villasukkia monoihin.<\/p>\n<\/details>\n\n\n\n<details class=\"wp-block-details is-layout-flow wp-block-details-is-layout-flow\"><summary><strong>+ Miten paljon aikaa on hyv\u00e4 varata v\u00e4lineiden vuokraamiseen?<\/strong> <\/summary>\n<p>Vuokraamoon on hyv\u00e4 saapua 30min ennen opetuksen alkua, jotta ehtii hyvin saada ja sovitella v\u00e4lineet. Vuokraamo avaa 30min ennen rinteiden avaamista. <\/p>\n\n\n\n<details class=\"wp-block-details is-layout-flow wp-block-details-is-layout-flow\"><summary><strong>+ Miten voin perua opetuksen tai ent\u00e4, jos en sairastumisen vuoksi p\u00e4\u00e4se osallistumaan? <\/strong><\/summary>\n<p>Voin perua kurssin tai yksityistunnin s\u00e4hk\u00f6postitse hiihdonopetus (at) talmaski.fi. Sopimusehtojen mukaisesti palautamme maksun, jos peruutus tehd\u00e4\u00e4n v\u00e4hint\u00e4\u00e4n 14vrk ennen opetuksen alkua. Jos peruutus tehd\u00e4\u00e4n alle 14vrk mutta kuitenkin yli 24 tuntia ennen opetuksen alkua, palautamme puolet opetuksen hinnasta. Voimme kuitenkin sopia, ett\u00e4 siirr\u00e4mme varauksen toiseen ajankohtaan, jolloin koko maksu siirtyy uudelle varaukselle. Mik\u00e4li opetus peruuntuu tai keskeytyy kuluttajan sairastumisen vuoksi, koko opetus tai kurssi tai sen j\u00e4ljell\u00e4 oleva osuus voidaan korvata vastaavalla kurssilla tai sen osalla, jos osapuolet niin sopivat. Mik\u00e4li korvaavaa kurssia tai sen osaa ei kyet\u00e4 j\u00e4rjest\u00e4m\u00e4\u00e4n, on kuluttajalla oikeus saada etuk\u00e4teen maksetusta kurssimaksusta korvauksena yksi kolmasosa (1\/3) suorittamatta j\u00e4\u00e4neen kurssiosuuden arvosta. Sairastumisesta on pyydett\u00e4ess\u00e4 esitett\u00e4v\u00e4 l\u00e4\u00e4k\u00e4rintodistus tai muu luotettava selvitys.<\/p>\n<\/details>\n\n\n\n<details class=\"wp-block-details is-layout-flow wp-block-details-is-layout-flow\"><summary><strong>+ Voinko maksaa hiihtokoulun liikuntaeduilla? <\/strong><\/summary>\n<p>Kyll\u00e4 voit, samoin kuin my\u00f6s v\u00e4linevuokrauksen tarvittaessa. Meill\u00e4 k\u00e4y maksuna Smartumin Liikunta- ja kulttuurietu (seteli ja mobiilisovellus), ePassi, TYKY-seteli ja  Edenred -kortti, mobiilisovellus ja virikeseteli. Hiihtokoulun verkkokaupassa voi maksaa ePassilla, muilla liikuntaeduilla voit maksaa vain paikan p\u00e4\u00e4ll\u00e4 hiihtokoululla. Jos haluat maksaa muulla liikuntaedulla, teeth\u00e4n varauksen ensin s\u00e4hk\u00f6postitse hiihdonopetus (at) talmaski.fi ja mainitse mill\u00e4 liikuntaedulla haluat maksaa. Maksu hoidetaan hiihtokoulun toimistolla ennen opetuksen alkua. V\u00e4linevuokraus maksetaan erikseen vuokraamossa v\u00e4lineiden vuokrauksen yhteydess\u00e4. <\/p>\n<\/details>\n<\/details>\n\n\n\n<details class=\"wp-block-details is-layout-flow wp-block-details-is-layout-flow\"><summary><strong>+ Mitk\u00e4 ovat hiihtokoulun varaus- ja peruutusehdot?<\/strong><\/summary>\n<p>Noudatamme Suomen Hiihtokeskusyhdistys ry:n ja kuluttaja-asiamiehen sopimia&nbsp;hiihtokoulujen palveluita koskevia&nbsp;sopimusehtoja, jotka l\u00f6ytyv\u00e4t <a href=\"https:\/\/ski.fi\/sopimusehdot\/hiihtokoulujen-sopimusehdot\/\" data-type=\"link\" data-id=\"https:\/\/ski.fi\/sopimusehdot\/hiihtokoulujen-sopimusehdot\/\" target=\"_blank\" rel=\"noreferrer noopener\">T\u00c4\u00c4LT\u00c4.<\/a> <\/p>\n<\/details>\n\n\n\n<figure class=\"wp-block-image size-large\"><img loading=\"lazy\" decoding=\"async\" width=\"1500\" height=\"1200\" src=\"https:\/\/talmaski.fi\/wp-content\/uploads\/2026\/03\/lasten-hiihtokoulu-1500x1200.jpg\" alt=\"\" class=\"wp-image-4995\" srcset=\"https:\/\/talmaski.fi\/wp-content\/uploads\/2026\/03\/lasten-hiihtokoulu-1500x1200.jpg 1500w, https:\/\/talmaski.fi\/wp-content\/uploads\/2026\/03\/lasten-hiihtokoulu-600x480.jpg 600w, https:\/\/talmaski.fi\/wp-content\/uploads\/2026\/03\/lasten-hiihtokoulu-768x614.jpg 768w, https:\/\/talmaski.fi\/wp-content\/uploads\/2026\/03\/lasten-hiihtokoulu-1536x1229.jpg 1536w, https:\/\/talmaski.fi\/wp-content\/uploads\/2026\/03\/lasten-hiihtokoulu-2048x1638.jpg 2048w, https:\/\/talmaski.fi\/wp-content\/uploads\/2026\/03\/lasten-hiihtokoulu-15x12.jpg 15w\" sizes=\"auto, (max-width: 1500px) 100vw, 1500px\" \/><\/figure>\n\n\n\n<p><\/p>","protected":false},"excerpt":{"rendered":"<p>Talman hiihtokoulun usein kysytyt kysymykset Vastauksen saat n\u00e4kyviin klikkaamalla +-symbolia otsikon edess\u00e4.<\/p>","protected":false},"author":3,"featured_media":0,"parent":24,"menu_order":0,"comment_status":"closed","ping_status":"closed","template":"","meta":{"_uag_custom_page_level_css":"","footnotes":""},"class_list":["post-2247","page","type-page","status-publish","hentry"],"uagb_featured_image_src":{"full":false,"thumbnail":false,"medium":false,"medium_large":false,"large":false,"1536x1536":false,"2048x2048":false,"trp-custom-language-flag":false,"hestia-blog":false},"uagb_author_info":{"display_name":"aleksi","author_link":"https:\/\/talmaski.fi\/en\/author\/aleksi\/"},"uagb_comment_info":0,"uagb_excerpt":"Talman hiihtokoulun usein kysytyt kysymykset Vastauksen saat n\u00e4kyviin klikkaamalla +-symbolia otsikon edess\u00e4.","_links":{"self":[{"href":"https:\/\/talmaski.fi\/en\/wp-json\/wp\/v2\/pages\/2247","targetHints":{"allow":["GET"]}}],"collection":[{"href":"https:\/\/talmaski.fi\/en\/wp-json\/wp\/v2\/pages"}],"about":[{"href":"https:\/\/talmaski.fi\/en\/wp-json\/wp\/v2\/types\/page"}],"author":[{"embeddable":true,"href":"https:\/\/talmaski.fi\/en\/wp-json\/wp\/v2\/users\/3"}],"replies":[{"embeddable":true,"href":"https:\/\/talmaski.fi\/en\/wp-json\/wp\/v2\/comments?post=2247"}],"version-history":[{"count":32,"href":"https:\/\/talmaski.fi\/en\/wp-json\/wp\/v2\/pages\/2247\/revisions"}],"predecessor-version":[{"id":4997,"href":"https:\/\/talmaski.fi\/en\/wp-json\/wp\/v2\/pages\/2247\/revisions\/4997"}],"up":[{"embeddable":true,"href":"https:\/\/talmaski.fi\/en\/wp-json\/wp\/v2\/pages\/24"}],"wp:attachment":[{"href":"https:\/\/talmaski.fi\/en\/wp-json\/wp\/v2\/media?parent=2247"}],"curies":[{"name":"wp","href":"https:\/\/api.w.org\/{rel}","templated":true}]}}