{"id":23,"date":"2022-08-01T12:16:10","date_gmt":"2022-08-01T09:16:10","guid":{"rendered":"http:\/\/talmaski.fi\/2022\/?page_id=23"},"modified":"2026-01-13T14:13:58","modified_gmt":"2026-01-13T12:13:58","slug":"hiihtokeskus","status":"publish","type":"page","link":"https:\/\/talmaski.fi\/en\/hiihtokeskus\/","title":{"rendered":"Ski resort"},"content":{"rendered":"<p><\/p>\n\n\n\n<div class=\"wp-block-columns is-layout-flex wp-container-core-columns-is-layout-28f84493 wp-block-columns-is-layout-flex\">\n<div class=\"wp-block-column is-layout-flow wp-block-column-is-layout-flow\" style=\"flex-basis:33.33%\">\n<div class=\"wp-block-columns is-layout-flex wp-container-core-columns-is-layout-28f84493 wp-block-columns-is-layout-flex\">\n<div class=\"wp-block-column is-layout-flow wp-block-column-is-layout-flow\" style=\"flex-basis:100%\">\n<div class=\"wp-block-columns is-layout-flex wp-container-core-columns-is-layout-28f84493 wp-block-columns-is-layout-flex\">\n<div class=\"wp-block-column is-layout-flow wp-block-column-is-layout-flow\"><nav style=\"background-color: #f9f8f8;\" class=\"has-text-color has-accent-color has-background  is-vertical wp-block-navigation is-layout-flex wp-container-core-navigation-is-layout-fe9cc265 wp-block-navigation-is-layout-flex\" aria-label=\"Navigation 2\"><ul style=\"background-color: #f9f8f8;\" class=\"wp-block-navigation__container has-text-color has-accent-color has-background  is-vertical wp-block-navigation\"><li class=\"wp-block-navigation-item wp-block-navigation-link\"><a class=\"wp-block-navigation-item__content\"  href=\"https:\/\/talmaski.fi\/en\/hiihtokeskus\/aukioloajat\/\"><span class=\"wp-block-navigation-item__label\">\u00b7 Opening hours<\/span><\/a><\/li><\/ul><ul style=\"background-color: #f9f8f8;\" class=\"wp-block-navigation__container has-text-color has-accent-color has-background  is-vertical wp-block-navigation\"><li class=\"wp-block-navigation-item wp-block-navigation-link\"><a class=\"wp-block-navigation-item__content\"  href=\"https:\/\/talmaski.fi\/en\/hiihtokeskus\/rinteet\/\"><span class=\"wp-block-navigation-item__label\">\u00b7 Slopes<\/span><\/a><\/li><li class=\"wp-block-navigation-item wp-block-navigation-link\"><a class=\"wp-block-navigation-item__content\"  href=\"https:\/\/talmaski.fi\/en\/hiihtokeskus\/snow-park\/\"><span class=\"wp-block-navigation-item__label\">\u00b7 Snow Park<\/span><\/a><\/li><li class=\"wp-block-navigation-item wp-block-navigation-link\"><a class=\"wp-block-navigation-item__content\"  href=\"https:\/\/talmaski.fi\/en\/hiihtokeskus\/werneri-park\/\"><span class=\"wp-block-navigation-item__label\">\u00b7 Werneri Park<\/span><\/a><\/li><li class=\"wp-block-navigation-item wp-block-navigation-link\"><a class=\"wp-block-navigation-item__content\"  href=\"https:\/\/talmaski.fi\/en\/hiihtokeskus\/vuokraamo\/\"><span class=\"wp-block-navigation-item__label\">\u00b7 Rentals<\/span><\/a><\/li><li class=\"wp-block-navigation-item wp-block-navigation-link\"><a class=\"wp-block-navigation-item__content\"  href=\"https:\/\/talmaski.fi\/en\/hiihtokeskus\/talma-shop\/\"><span class=\"wp-block-navigation-item__label\">\u00b7 Talma Shop<\/span><\/a><\/li><li class=\"wp-block-navigation-item wp-block-navigation-link\"><a class=\"wp-block-navigation-item__content\"  href=\"https:\/\/talmaski.fi\/en\/ski-patrol\/\"><span class=\"wp-block-navigation-item__label\">\u00b7 Ski Patrol<\/span><\/a><\/li><li class=\"wp-block-navigation-item wp-block-navigation-link\"><a class=\"wp-block-navigation-item__content\"  href=\"https:\/\/talmaski.fi\/en\/hiihtokeskus\/toimitusehdot\/\"><span class=\"wp-block-navigation-item__label\">\u00b7 Terms of delivery<\/span><\/a><\/li><\/ul><\/nav><\/div>\n<\/div>\n<\/div>\n<\/div>\n<\/div>\n\n\n\n<div class=\"wp-block-column is-layout-flow wp-block-column-is-layout-flow\" style=\"flex-basis:66.66%\">\n<h1 class=\"wp-block-heading\">Talma Ski \u2013 Sipoo Alps<\/h1>\n\n\n\n<p>Winter season 2025-2026 is on! And this season we had a major update, a whole new slope with the only chair lift in South-Finland! See you on the slopes!<\/p>\n\n\n\n<p>Welcome to enjoy the slopes to the Sipoo Alps!<br><br>Lift tickets and season passes can be purchased online (e-Passi is also a payment method): <a href=\"https:\/\/talma.axess.fi\/fi\/hissiliput\/\">HERE TO THE ONLINE SHOP<\/a><br>Edenred, Smartum etc. are also acceptable payment methods when buying on site from Talma. <\/p>\n\n\n\n<p><\/p>\n\n\n\n<figure class=\"wp-block-image size-large is-style-default\"><a class=\"\" href=\"\/en\/www.talma.axess.fi\/\" target=\"_blank\" rel=\"noopener\"><img loading=\"lazy\" decoding=\"async\" width=\"819\" height=\"1024\" src=\"https:\/\/talmaski.fi\/wp-content\/uploads\/2022\/10\/osta-liput-819x1024.jpg\" alt=\"\" class=\"wp-image-1084\" srcset=\"https:\/\/talmaski.fi\/wp-content\/uploads\/2022\/10\/osta-liput-819x1024.jpg 819w, https:\/\/talmaski.fi\/wp-content\/uploads\/2022\/10\/osta-liput-240x300.jpg 240w, https:\/\/talmaski.fi\/wp-content\/uploads\/2022\/10\/osta-liput-768x960.jpg 768w, https:\/\/talmaski.fi\/wp-content\/uploads\/2022\/10\/osta-liput-1229x1536.jpg 1229w, https:\/\/talmaski.fi\/wp-content\/uploads\/2022\/10\/osta-liput-1638x2048.jpg 1638w, https:\/\/talmaski.fi\/wp-content\/uploads\/2022\/10\/osta-liput-10x12.jpg 10w, https:\/\/talmaski.fi\/wp-content\/uploads\/2022\/10\/osta-liput-scaled.jpg 2048w\" sizes=\"auto, (max-width: 819px) 100vw, 819px\" \/><\/a><\/figure>\n<\/div>\n<\/div>\n\n\n\n<h1 class=\"wp-block-heading\"><\/h1>","protected":false},"excerpt":{"rendered":"<p>Talma Ski \u2013 Sipoon Alpit Talvikausi 2025-2026 on k\u00e4ynniss\u00e4! Ja t\u00e4m\u00e4 talvikausi toikin suuren uudistuksen Talmaan, kun avasimme kokonaan uuden rinteen ja Suomen etel\u00e4isimm\u00e4n tuolihissin! N\u00e4hd\u00e4\u00e4n rinteess\u00e4! Tervetuloa nauttimaan rinteist\u00e4 Sipoon Alpeille! Hissiliput ja kausikortit ostettavissa verkkokaupasta (maksutapana my\u00f6s E-Passi): T\u00c4ST\u00c4 VERKKOKAUPPAANPaikanp\u00e4\u00e4lt\u00e4 Talmasta ostaessa maksutapoina k\u00e4yv\u00e4t my\u00f6s Edenred, Smartum, TYKY-seteli [&hellip;]<\/p>","protected":false},"author":1,"featured_media":630,"parent":0,"menu_order":0,"comment_status":"closed","ping_status":"closed","template":"page-templates\/template-fullwidth.php","meta":{"footnotes":""},"class_list":["post-23","page","type-page","status-publish","has-post-thumbnail","hentry"],"_links":{"self":[{"href":"https:\/\/talmaski.fi\/en\/wp-json\/wp\/v2\/pages\/23","targetHints":{"allow":["GET"]}}],"collection":[{"href":"https:\/\/talmaski.fi\/en\/wp-json\/wp\/v2\/pages"}],"about":[{"href":"https:\/\/talmaski.fi\/en\/wp-json\/wp\/v2\/types\/page"}],"author":[{"embeddable":true,"href":"https:\/\/talmaski.fi\/en\/wp-json\/wp\/v2\/users\/1"}],"replies":[{"embeddable":true,"href":"https:\/\/talmaski.fi\/en\/wp-json\/wp\/v2\/comments?post=23"}],"version-history":[{"count":27,"href":"https:\/\/talmaski.fi\/en\/wp-json\/wp\/v2\/pages\/23\/revisions"}],"predecessor-version":[{"id":4802,"href":"https:\/\/talmaski.fi\/en\/wp-json\/wp\/v2\/pages\/23\/revisions\/4802"}],"wp:featuredmedia":[{"embeddable":true,"href":"https:\/\/talmaski.fi\/en\/wp-json\/wp\/v2\/media\/630"}],"wp:attachment":[{"href":"https:\/\/talmaski.fi\/en\/wp-json\/wp\/v2\/media?parent=23"}],"curies":[{"name":"wp","href":"https:\/\/api.w.org\/{rel}","templated":true}]}}