{"id":233,"date":"2022-08-17T14:26:49","date_gmt":"2022-08-17T11:26:49","guid":{"rendered":"https:\/\/talmaski.fi\/2022\/?page_id=233"},"modified":"2026-03-03T18:16:39","modified_gmt":"2026-03-03T16:16:39","slug":"hiihtokouluhinnasto","status":"publish","type":"page","link":"https:\/\/talmaski.fi\/en\/hiihtokoulu\/hiihtokouluhinnasto\/","title":{"rendered":"Ski school price list"},"content":{"rendered":"<p>Pricing for season 2025-2026<\/p>\n\n\n\n<p>Spring offer on private lessons from 3.3.26 onwards for new resevations: lesson for 2 people 110\u20ac, for 3 people 145\u20ac and for 4 people 180\u20ac. Plenty of season still left and best sping weather ahead. Prices valid <a href=\"https:\/\/talma.axess.fi\/en_US\/yksityistunti\/\">in our webshop<\/a> automatically. Welcome!<\/p>\n\n\n\n<figure class=\"wp-block-table\"><table><tbody><tr><td><strong>Private lesson 100 min<\/strong><\/td><td><strong>Total price<\/strong><\/td><\/tr><tr><td>1 person<\/td><td>110\u20ac<\/td><\/tr><tr><td>2 people<\/td><td>145\u20ac<\/td><\/tr><tr><td>3 people<\/td><td>180\u20ac<\/td><\/tr><tr><td>4 people<\/td><td>215\u20ac<\/td><\/tr><\/tbody><\/table><\/figure>\n\n\n\n<p><\/p>\n\n\n\n<figure class=\"wp-block-table\"><table class=\"has-fixed-layout\"><tbody><tr><td>Werneri esikoulu 2 x 90min<\/td><td>90\u20ac<\/td><\/tr><tr><td>Werneri courses 2 x 100min<\/td><td>90\u20ac<\/td><\/tr><tr><td>Adult courses 2 x 100min<\/td><td>90\u20ac<\/td><\/tr><\/tbody><\/table><\/figure>\n\n\n\n<p><\/p>\n\n\n\n<p>On private lessons, rental equipment according to the price list of rental shop. On courses, rental equipment 16\u20ac\/lesson.<\/p>\n\n\n\n<p>Reservations and free times for courses and private lessons <a href=\"https:\/\/talma.axess.fi\/fi\/\">FROM HERE<\/a>. Varaukset v\u00e4hint\u00e4\u00e4n 48t aikaisemmin. <\/p>\n\n\n\n<p>In the webshop you can pay with ePassi for a course (and rental equipment if needed) or private lesson for a person of at least 18 years of age. You cannot pay with other sports benefits or gift cards in the webshop. Those can be used at the ski school office though, as well as cash and usual credit cards (not Amex\/Diners). <\/p>\n\n\n\n<p>Contact: email hiihdonopetus (at) talmaski.fi, phone 040-1281419 (winter season, during course times)<\/p>\n\n\n\n<p><\/p>","protected":false},"excerpt":{"rendered":"<p>Hinnastot talvelle 2025-2026 Kev\u00e4ttarjous yksityistunneista 3.3.26 alkaen uusiin varauksiin: kahden hengen yksityistunti 110\u20ac, kolmen hengen yksityistunti 145\u20ac ja nelj\u00e4n hengen yksityistunti 180\u20ac. Viel\u00e4 on paljon kautta j\u00e4ljell\u00e4 ja upeimma kev\u00e4tkelit edess\u00e4. Hinnat voimassa verkkokaupassamme automaattisesti. Tervetuloa! Yksityistunti 100 min Hinta yhteens\u00e4 1 henkil\u00f6 110\u20ac 2 henke\u00e4 145\u20ac 3 henke\u00e4 180\u20ac [&hellip;]<\/p>","protected":false},"author":3,"featured_media":563,"parent":24,"menu_order":0,"comment_status":"closed","ping_status":"closed","template":"","meta":{"footnotes":""},"class_list":["post-233","page","type-page","status-publish","has-post-thumbnail","hentry"],"_links":{"self":[{"href":"https:\/\/talmaski.fi\/en\/wp-json\/wp\/v2\/pages\/233","targetHints":{"allow":["GET"]}}],"collection":[{"href":"https:\/\/talmaski.fi\/en\/wp-json\/wp\/v2\/pages"}],"about":[{"href":"https:\/\/talmaski.fi\/en\/wp-json\/wp\/v2\/types\/page"}],"author":[{"embeddable":true,"href":"https:\/\/talmaski.fi\/en\/wp-json\/wp\/v2\/users\/3"}],"replies":[{"embeddable":true,"href":"https:\/\/talmaski.fi\/en\/wp-json\/wp\/v2\/comments?post=233"}],"version-history":[{"count":30,"href":"https:\/\/talmaski.fi\/en\/wp-json\/wp\/v2\/pages\/233\/revisions"}],"predecessor-version":[{"id":4897,"href":"https:\/\/talmaski.fi\/en\/wp-json\/wp\/v2\/pages\/233\/revisions\/4897"}],"up":[{"embeddable":true,"href":"https:\/\/talmaski.fi\/en\/wp-json\/wp\/v2\/pages\/24"}],"wp:featuredmedia":[{"embeddable":true,"href":"https:\/\/talmaski.fi\/en\/wp-json\/wp\/v2\/media\/563"}],"wp:attachment":[{"href":"https:\/\/talmaski.fi\/en\/wp-json\/wp\/v2\/media?parent=233"}],"curies":[{"name":"wp","href":"https:\/\/api.w.org\/{rel}","templated":true}]}}