{"id":235,"date":"2022-08-17T14:27:41","date_gmt":"2022-08-17T11:27:41","guid":{"rendered":"https:\/\/talmaski.fi\/2022\/?page_id=235"},"modified":"2026-03-26T18:14:55","modified_gmt":"2026-03-26T16:14:55","slug":"werneri-ja-muut-kurssit","status":"publish","type":"page","link":"https:\/\/talmaski.fi\/en\/hiihtokoulu\/werneri-ja-muut-kurssit\/","title":{"rendered":"Ski school courses"},"content":{"rendered":"<p>Helmet is mandatory on all ski school courses and private lessons. Minimum group size on courses is 5 people. We do not cancel our lessons due to weather conditions, unless it is below -25c. Please choose clothing according to the weather. Course cancellations will be announced on the previous day. Ski school <a href=\"https:\/\/www.ski.fi\/en\/info\/terms-of-delivery\/ski-school-services\/\">terms and conditions.<\/a>Teaching on these courses is in finnish. In addition to these general courses we can arrange your own customised course, for both children and adults and teaching can then be also on another language, for example english, swedish or russian. Read more about customised courses <a href=\"https:\/\/talmaski.fi\/en\/hiihtokoulu\/raataloidyt-kurssit\/\" data-type=\"page\" data-id=\"239\">here.<\/a><\/p>\n\n\n\n<p><strong>All reservations at least 48 hours in advance via the ski school online shop.<\/strong><\/p>\n\n\n\n<div class=\"wp-block-buttons is-layout-flex wp-block-buttons-is-layout-flex\">\n<div class=\"wp-block-button\"><a class=\"wp-block-button__link has-header-gradient-color has-accent-background-color has-text-color has-background has-link-color wp-element-button\" href=\"https:\/\/talma.axess.fi\/en_US\/kurssit\/\" target=\"_blank\" rel=\"noreferrer noopener\">BOOKINGS<\/a><\/div>\n<\/div>\n\n\n\n<p><\/p>\n\n\n\n<p><strong>Lift rides during the course are included in the prices. All course participants can rent an equipment package from the rental company for two hours (course session) for 16 euros.<\/strong><\/p>\n\n\n\n<h3 class=\"wp-block-heading\">One day beginner courses<\/h3>\n\n\n\n<p>This season we have new one day courses (100min) for beginners aged 7-14 years on 26.12.25 and 2.1.26 for both alpine skis and snowboard. These function especially well as short introduction to skiing and snowboarding. On these courses we familiarize with the equipment and slope safety and take first steps into the world of alpine skiing or snowboarding. Teaching is in Finnish.<\/p>\n\n\n\n<h3 class=\"wp-block-heading\">Lapsi ja aikuinen -kurssi<\/h3>\n\n\n\n<p>Kun lapsi (noin 4-7v) on k\u00e4ynyt LumiWerneri kurssin tai osaa laskea jo auttavasti auraamalla, t\u00e4m\u00e4 kurssi on teille. Kurssi antaa aikuiselle ty\u00f6kaluja ja vinkkej\u00e4 mukavaan ja turvalliseen lasketteluun lapsen kanssa. Kurssilla k\u00e4ymme l\u00e4pi mahdollisten opetusv\u00e4lineiden kuten valjaiden oikean k\u00e4yt\u00f6n, paneudumme siihen miten voit aikuisena antaa lapsen laskea itse ja miten varmistat silti vauhtikontrollin ja millaisilla harjoitteilla leikin kautta voitte yhdess\u00e4 harjoitella laskemista helpoissa rinneolosuhteissa turvallisesti. Huom! T\u00e4lle kurssille ilmoittauduttava aina kahden henkil\u00f6n kerralla eli aikuinen + lapsi.<br>Taitotasovaatimus: Aikuisella tulee olla hyv\u00e4t peruslaskutaidot, lapsen tulee osata laskea auraamalla helpossa\/harjoittelurinteess\u00e4<\/p>\n\n\n\n<h3 class=\"wp-block-heading\">Children's Werneri courses<\/h3>\n\n\n\n<p>Werneri is a ski school concept that enables fun and high-quality skiing and snowboarding lessons for children. The Werneri ski school concept was developed by the Finnish Ski Center Association and is used all over the country. Talma is one of the largest ski schools in the country and the organizer of Werneri courses! Below are short descriptions of the courses - we will be happy to help in choosing the right course for the child. Teaching in all courses is in finnish. If you need teaching in another language, please choose private lesson or customised course instead. <\/p>\n\n\n\n<p><\/p>\n\n\n\n<figure class=\"wp-block-image size-full\"><img loading=\"lazy\" decoding=\"async\" width=\"768\" height=\"354\" src=\"https:\/\/talmaski.fi\/wp-content\/uploads\/2022\/09\/talma-ski-hiihtokoulu.jpg\" alt=\"\" class=\"wp-image-563\" srcset=\"https:\/\/talmaski.fi\/wp-content\/uploads\/2022\/09\/talma-ski-hiihtokoulu.jpg 768w, https:\/\/talmaski.fi\/wp-content\/uploads\/2022\/09\/talma-ski-hiihtokoulu-300x138.jpg 300w, https:\/\/talmaski.fi\/wp-content\/uploads\/2022\/09\/talma-ski-hiihtokoulu-600x277.jpg 600w\" sizes=\"auto, (max-width: 768px) 100vw, 768px\" \/><\/figure>\n\n\n\n<h3 class=\"wp-block-heading\" id=\"lastenalppihiihtokurssit\">CHILDREN'S ALPINE SKIING COURSES<\/h3>\n\n\n\n<figure class=\"wp-block-image size-full\"><img loading=\"lazy\" decoding=\"async\" width=\"300\" height=\"295\" src=\"https:\/\/talmaski.fi\/wp-content\/uploads\/2024\/12\/logo_werneri-300x295-1.png\" alt=\"WERNERIN ESIKOULU\" class=\"wp-image-3726\" srcset=\"https:\/\/talmaski.fi\/wp-content\/uploads\/2024\/12\/logo_werneri-300x295-1.png 300w, https:\/\/talmaski.fi\/wp-content\/uploads\/2024\/12\/logo_werneri-300x295-1-12x12.png 12w\" sizes=\"auto, (max-width: 300px) 100vw, 300px\" \/><figcaption class=\"wp-element-caption\"><strong>WERNERI PRESCHOOL<\/strong> (skis)<\/figcaption><\/figure>\n\n\n\n<p>We have created 2 x 90-minute long Werneri's Preschool for 4-5 year-olds, which helps in taking the first steps on skis in a group of the same age. It is important that the child experiences feelings of realization and success in the right reference environment and at the right goal level. The goal of the preschool is to create readiness for LumiWerneri course, stopping at the marked place and the first turns from the mid exit point of the children's slope carpet lift. We can also assess whether the child is ready for LumiWerneri course during this season. <strong>On this course, at least one adult is required to participate, as \"mental support and helping hands\", assisting in for example getting on and off the carpet lift. For this task, you only need warm clothes and waterproof shoes.<\/strong> .<\/p>\n\n\n\n<div class=\"wp-block-group\"><div class=\"wp-block-group__inner-container is-layout-constrained wp-block-group-is-layout-constrained\">\n<div class=\"wp-block-group is-vertical is-layout-flex wp-container-core-group-is-layout-fe9cc265 wp-block-group-is-layout-flex\">\n<figure class=\"wp-block-image size-full\"><img loading=\"lazy\" decoding=\"async\" width=\"300\" height=\"296\" src=\"https:\/\/talmaski.fi\/wp-content\/uploads\/2024\/12\/logo_lumiwerneri-300x296-1.png\" alt=\"LUMIWERNERI\" class=\"wp-image-3725\" srcset=\"https:\/\/talmaski.fi\/wp-content\/uploads\/2024\/12\/logo_lumiwerneri-300x296-1.png 300w, https:\/\/talmaski.fi\/wp-content\/uploads\/2024\/12\/logo_lumiwerneri-300x296-1-12x12.png 12w\" sizes=\"auto, (max-width: 300px) 100vw, 300px\" \/><figcaption class=\"wp-element-caption\"><strong>LUMIWERNERI<\/strong> (skis)<\/figcaption><\/figure>\n\n\n\n<p>Course is intended for 5-12 year olds who are taking their first steps on alpine skis. The aim of the course is to learn basic skiing skills, smooth plow turns, use of Talma lifts, slope behavior and slope safety issues. If there are enough participants in a course, they will be divided into smaller groups according to age.&nbsp;<\/p>\n\n\n\n<p><strong>OSA 1 (part 1): <\/strong>First steps into alpine skiing. Starts from the very basics, with the idea that child has never been on skiis or at most has tried a bit before. Slope safety, moving around with skiis, basic stance, stopping, snow plough and first turns, carpet lift.<br><strong>OSA 2 (part 2):<\/strong> Controlling speed, snow plough turn sequences and bringing skiis parallel, training slope children's lift.<\/p>\n<\/div>\n<\/div><\/div>\n\n\n\n<figure class=\"wp-block-image size-full\"><img loading=\"lazy\" decoding=\"async\" width=\"300\" height=\"296\" src=\"https:\/\/talmaski.fi\/wp-content\/uploads\/2024\/12\/logo_vauhtiwerneri-300x296-1.png\" alt=\"\" class=\"wp-image-3724\" srcset=\"https:\/\/talmaski.fi\/wp-content\/uploads\/2024\/12\/logo_vauhtiwerneri-300x296-1.png 300w, https:\/\/talmaski.fi\/wp-content\/uploads\/2024\/12\/logo_vauhtiwerneri-300x296-1-12x12.png 12w\" sizes=\"auto, (max-width: 300px) 100vw, 300px\" \/><figcaption class=\"wp-element-caption\"><strong>VAUHTIWERNERI<\/strong> (skis)<\/figcaption><\/figure>\n\n\n\n<p>Course is aimed at 6-14 year olds. One part is 2x100min long. Requirement for this course is either Lumiwerneri course or same level of skills and ability to use Talma's front slope lifts. It is recommended to practise independently in between courses. The aim of this course is to proceed towards parallel skiing, learn more about technique and increase speed in skiing.<\/p>\n\n\n\n<p><strong>OSA 1 (part 1): <\/strong>LumiWerneri skills recap, turn sequences, parallel skiis turns, front slope, front slope lift.<br><strong>OSA 2 (part 2):<\/strong> Further technique learning, alpine tracks in front slope, basics of carving turns.<\/p>\n\n\n\n<p><strong>OSA 3+4 (parts 3+4):<\/strong> level intermediate. For those who have been to VauhtiWerneri part 2 or have similar skills.  Course themes: Parallel skiing, basics of carving turns, skiing with more speed, and different radius slalom.<br><\/p>\n\n\n\n<h3 class=\"wp-block-heading\"><strong>Freestyle&nbsp;Ski&nbsp;(suksilla)<\/strong><\/h3>\n\n\n\n<p>Kahden kerran&nbsp;freestyle alkeiskurssi 7-14 vuotiaille. Kurssilla tutustutaan turvalliseen freestyle lasketteluun, k\u00e4yd\u00e4\u00e4n l\u00e4pi rinne- ja parkkis\u00e4\u00e4nn\u00f6t, ohjeet ja vinkit turvalliseen temppujen harjoitteluun ja k\u00e4yd\u00e4\u00e4n l\u00e4pi perusteita hyppyihin ja reileihin. L\u00e4ht\u00f6tasona kurssille vaaditaan perus hyv\u00e4t laskutaidot ja Talman isojen hissien k\u00e4ytt\u00f6. Kurssin kesto 2 x 100min, opetuskielen\u00e4 suomi.<\/p>\n\n\n\n<h3 class=\"wp-block-heading\"><strong>Freestyle&nbsp;Snowboard (Lumilaudalla)<\/strong><\/h3>\n\n\n\n<p>Kahden&nbsp;kerran&nbsp;freestyle alkeiskurssi 8-14 vuotiaille. Kurssilla tutustutaan turvalliseen freestyle&nbsp;lautailuun, k\u00e4yd\u00e4\u00e4n l\u00e4pi rinne- ja parkkis\u00e4\u00e4nn\u00f6t, ohjeet ja vinkit turvalliseen temppujen harjoitteluun ja k\u00e4yd\u00e4\u00e4n l\u00e4pi perusteita hyppyihin ja reileihin. L\u00e4ht\u00f6tasona kurssille vaaditaan perus hyv\u00e4t laskutaidot ja Talman isojen hissien k\u00e4ytt\u00f6. Kurssin kesto 2 x 100min, opetuskielen\u00e4 suomi.<\/p>\n\n\n\n<h3 class=\"wp-block-heading\">CHILDREN'S SNOWBOARD COURSES<\/h3>\n\n\n\n<figure class=\"wp-block-image size-full\"><img loading=\"lazy\" decoding=\"async\" width=\"300\" height=\"295\" src=\"https:\/\/talmaski.fi\/wp-content\/uploads\/2024\/12\/logo_werneri-300x295-2.png\" alt=\"\" class=\"wp-image-3727\" srcset=\"https:\/\/talmaski.fi\/wp-content\/uploads\/2024\/12\/logo_werneri-300x295-2.png 300w, https:\/\/talmaski.fi\/wp-content\/uploads\/2024\/12\/logo_werneri-300x295-2-12x12.png 12w\" sizes=\"auto, (max-width: 300px) 100vw, 300px\" \/><figcaption class=\"wp-element-caption\"><strong>LAUTANAPEROT<\/strong> (snowboard)<\/figcaption><\/figure>\n\n\n\n<p><strong>LAUTANAPEROT <\/strong>(snowboard) is meant for children between 5-7 years, who have never snowboarded before. Course lenght is 2 x90min and runs on two consecutive days. Course includes getting to know the snowboard, sliding on the board and moving around with it. Participants will also learn about basic slope manners, carpet lift usage and slope safety. <strong>On this course, adults are more than welcome to follow the teaching, for help and mental support.<\/strong><\/p>\n\n\n\n<figure class=\"wp-block-image size-full\"><img loading=\"lazy\" decoding=\"async\" width=\"273\" height=\"300\" src=\"https:\/\/talmaski.fi\/wp-content\/uploads\/2024\/12\/logo_lautawerneri1-273x300-1.png\" alt=\"\" class=\"wp-image-3723\" srcset=\"https:\/\/talmaski.fi\/wp-content\/uploads\/2024\/12\/logo_lautawerneri1-273x300-1.png 273w, https:\/\/talmaski.fi\/wp-content\/uploads\/2024\/12\/logo_lautawerneri1-273x300-1-11x12.png 11w\" sizes=\"auto, (max-width: 273px) 100vw, 273px\" \/><figcaption class=\"wp-element-caption\"><strong>LAUTAWERNERI<\/strong> (snowboard)<\/figcaption><\/figure>\n\n\n\n<p>Course is aimed for 8-12 year olds. The course is intended for snowboarding beginners or who have tried snowboarding a few times on their own. The aim of the course is to learn basic snowboarding skills, turn sequences, slope safety issues and the use of ski lifts during the course.<br><strong>OSA 1 (part 1): <\/strong>First steps into snowboarding. Starts from the very basics, with the idea that child has never been on snowboard or at most has tried a bit before. Slope safety, moving around with snowboard, basic stance, weight transfer, stopping and first turns, carpet lift\/children's lift.<br><strong>OSA 2 (part 2): <\/strong>Turn sequences and controlling the speed, controlled stopping, skills in controlling the board<\/p>\n\n\n\n<figure class=\"wp-block-image size-full\"><img loading=\"lazy\" decoding=\"async\" width=\"273\" height=\"300\" src=\"https:\/\/talmaski.fi\/wp-content\/uploads\/2024\/12\/logo_lautawerneri2-273x300-1.png\" alt=\"\" class=\"wp-image-3722\" srcset=\"https:\/\/talmaski.fi\/wp-content\/uploads\/2024\/12\/logo_lautawerneri2-273x300-1.png 273w, https:\/\/talmaski.fi\/wp-content\/uploads\/2024\/12\/logo_lautawerneri2-273x300-1-11x12.png 11w\" sizes=\"auto, (max-width: 273px) 100vw, 273px\" \/><figcaption class=\"wp-element-caption\"><strong>LAUTAWERNERI OSAT 3 AND 4<\/strong> (snowboard)<\/figcaption><\/figure>\n\n\n\n<p>Course for children aged 8-14 years. The basic requirement is the basic skill level of those who have taken the Snowboard Werneri courses part 1 and 2. The child can master Talma's telescopic\/button lifts. The goal of the course is smooth, speedy snowboarding and versatile control of snowboard handling skills.<br><strong>OSA 3 (part 3): <\/strong>Smooth sliding turn sequences, switch snowboarding, basics of carving turns, front slope<br><strong>OSA 4 (part 4): <\/strong>Carving turns, rythm, switch snowboarding in more difficult places, laerning more skills on snowboard<\/p>\n\n\n\n<p><\/p>\n\n\n\n<h3 class=\"wp-block-heading\">SKIING AND SNOWBOARDING COURSES FOR TEENS AND ADULTS<\/h3>\n\n\n\n<p>ADULT AND TEEN STARTER COURSE<\/p>\n\n\n\n<p>For adults and teens over 12 years old, who have never skiid\/snowboarded before or it has been a very long time. Skiing and snowboarding courses for teenagers and adults are usually on Saturday-Sunday weekends. The courses are held often at the same time as the Werneri courses. Basic courses for beginners and advanced level for those who have previously skied or boarded. It's easier to be on the slopes with children when you know the same basics yourself. The minimum size of the course is five (5) people and the minimum age is 13 years. The goal of the course is to learn smooth skiing or snowboarding in easy conditions. The duration of the weekend course is 2\u00d7100 minutes. There are courses in both finnish and english available. <\/p>\n\n\n\n<p>After the course you can ski on easy slopes independently, know ski equipment, can use the ski lifts, do snowplough turns\/first turns with snowboard and stop. In addition you will know the slope rules.<\/p>\n\n\n\n<p><strong>TEEMAKURSSIT<\/strong><\/p>\n\n\n\n<p><strong>Suksien kanttaaminen ja sen merkitys (suksilla, taso: harrastaja)<\/strong><br>Kesto: 1 x 100min<br>Ik\u00e4: 14-99v<br>Taitotasovaatimus: osaat jo laskea k\u00e4\u00e4nn\u00f6ksi\u00e4 yhdensuuntaisin suksin ja mahdollisesti olet jo kokeillut leikkaavia k\u00e4\u00e4nn\u00f6ksi\u00e4.<br>Kurssilla paneudutaan nilkkojen k\u00e4ytt\u00f6\u00f6n sek\u00e4 kanttaamisen merkitykseen sek\u00e4 siit\u00e4 saataviin hy\u00f6tyihin. Kurssilla lasketaan erilaisia kanttaamiseen sek\u00e4 nilkkojen k\u00e4ytt\u00f6\u00f6n liittyvi\u00e4 harjoitteita sek\u00e4 k\u00e4yd\u00e4\u00e4n keskustelua oivalluksista. Kurssin tarkoituksena on tuoda lis\u00e4oppia ja ymm\u00e4rryst\u00e4 omaan laskemiseen.<\/p>\n\n\n\n<p><strong>Vaihtelua ja iloa laskemiseen (suksilla, taso: harrastaja)<\/strong><br>Kesto: 1 x 100min<br>Ik\u00e4 14-99v<br>Taitotasovaatimus: osaat jo laskea k\u00e4\u00e4nn\u00f6ksi\u00e4 yhdensuuntaisin suksin.<br>Kurssi paneutuu siihen, kuinka laskemiseen saadaan vaihtelua ja iloa. Kuinka voin laske samoja rinteit\u00e4 eri tavalla, itse\u00e4ni samalla kehitt\u00e4en. Teemoina mm. rinnealueen hy\u00f6dynt\u00e4minen, eris\u00e4teiset k\u00e4\u00e4nn\u00f6kset, vauhtikontrolli ja turvallisuus. Kokeilemme, keskustelemme ja oivallamme yhdess\u00e4 ilon kautta uutta.<\/p>\n\n\n\n<p><strong>Kokeile, opi ja oivalla (suksilla, taso: edistynyt)<\/strong><br>Kesto: 1 x 150min<br>Ik\u00e4 18-99v<br>Taitotasovaatimus: osaat laskea jo k\u00e4\u00e4nn\u00f6ksi\u00e4 yhdensuuntaisin suksin sek\u00e4 leikkaavasti.<br>T\u00e4ll\u00e4 kurssilla kokeillaan laskemista erilaisin tavoin, haetaan kokeillen \u00e4\u00e4rip\u00e4it\u00e4, oivalletaan asioita ja saadaan vahvistusta omaan laskemiseen. Tavoitteena on my\u00f6s laajentaa laskijan lajiteknist\u00e4 osaamista. Kurssin teemoja ja kokeiltavia asioita on mm. laskuasennon merkitys, painopisteen paikka sek\u00e4 erilaiset paineistukset sukselle. T\u00e4m\u00e4 on oivaltava ja hauska oppimistapahtuma, jonka teemme yhdess\u00e4.<\/p>\n\n\n\n<p><strong>Leikkaava k\u00e4\u00e4nn\u00f6s (Carving) (suksilla, taso: edistynyt)<\/strong><br>Kesto: 1 x 150min<br>Ik\u00e4 18-99<br>Taitotasovaatimus: T\u00e4m\u00e4 kurssi on suunnattu henkil\u00f6ille, jotka laskevat jo k\u00e4\u00e4nn\u00f6ksi\u00e4 yhdensuuntaisin suksin.<br>T\u00e4ll\u00e4 kurssilla k\u00e4yd\u00e4\u00e4n l\u00e4pi keikkaavan k\u00e4\u00e4nn\u00f6ksen laskemisen perusteet, edeten leikkaavien k\u00e4\u00e4nn\u00f6ksien oikeaoppiseen laskemiseen erilaisten harjoitteiden kautta.<\/p>\n\n\n\n<p><strong>Kurssien hinnat sis\u00e4lt\u00e4v\u00e4t meill\u00e4 aina hissinousut opetuksen aikana! Kurssilaiset saavat v\u00e4linepaketin vuokraamosta kahdeksi tunniksi (kurssikerta) 16 eurolla.<\/strong><\/p>\n\n\n\n<p><\/p>\n\n\n\n<p><strong>All reservations at least 48 hours in advance via the <a href=\"https:\/\/talma.axess.fi\/fi\/\">electronic reservation system<\/a> .<\/strong> If you would like to pay with excercise benefits, please make booking via the ski school:<\/p>\n\n\n\n<p>Enquiries via email hiihdonopetus (at) talmaski.fi or via phone 040-1281419 (within course times)<\/p>\n\n\n\n<p><strong>For both private lessons and courses, lift rides during the lesson are included in the prices.<\/strong> After the ski school, you can continue training cheaper on the same day. A customer who has attended a private lesson or course, receives a 50% discount on the lift ticket on the same day as having attended the lesson by showing the receipt at the ticket office. Note! Does not apply to Werneri Park tickets.<\/p>","protected":false},"excerpt":{"rendered":"<p>Hiihtokoulun kursseilla ja yksityistunneilla kyp\u00e4r\u00e4n k\u00e4ytt\u00f6 on pakollista. Kurssien minimi osallistujam\u00e4\u00e4r\u00e4 on viisi henkil\u00f6\u00e4. Hiihtokoulussamme ei ole s\u00e4\u00e4varausta, pakkasraja on -25c. Pukeuduthan s\u00e4\u00e4olosuhteet huomioiden. Kurssin peruuntumisesta ilmoitetaan edellisen\u00e4 p\u00e4iv\u00e4n\u00e4. Hiihtokoulujen sopimusehdot. Opetuskielen\u00e4 n\u00e4ill\u00e4 kursseilla on suomi. Yleisten hiihtokoulukurssien lis\u00e4ksi voimme j\u00e4rjest\u00e4\u00e4 my\u00f6s r\u00e4\u00e4t\u00e4l\u00f6idyn kurssin omalle porukallenne, sek\u00e4 lapsille ett\u00e4 aikuisille [&hellip;]<\/p>","protected":false},"author":3,"featured_media":614,"parent":24,"menu_order":0,"comment_status":"closed","ping_status":"closed","template":"","meta":{"footnotes":""},"class_list":["post-235","page","type-page","status-publish","has-post-thumbnail","hentry"],"_links":{"self":[{"href":"https:\/\/talmaski.fi\/en\/wp-json\/wp\/v2\/pages\/235","targetHints":{"allow":["GET"]}}],"collection":[{"href":"https:\/\/talmaski.fi\/en\/wp-json\/wp\/v2\/pages"}],"about":[{"href":"https:\/\/talmaski.fi\/en\/wp-json\/wp\/v2\/types\/page"}],"author":[{"embeddable":true,"href":"https:\/\/talmaski.fi\/en\/wp-json\/wp\/v2\/users\/3"}],"replies":[{"embeddable":true,"href":"https:\/\/talmaski.fi\/en\/wp-json\/wp\/v2\/comments?post=235"}],"version-history":[{"count":91,"href":"https:\/\/talmaski.fi\/en\/wp-json\/wp\/v2\/pages\/235\/revisions"}],"predecessor-version":[{"id":5006,"href":"https:\/\/talmaski.fi\/en\/wp-json\/wp\/v2\/pages\/235\/revisions\/5006"}],"up":[{"embeddable":true,"href":"https:\/\/talmaski.fi\/en\/wp-json\/wp\/v2\/pages\/24"}],"wp:featuredmedia":[{"embeddable":true,"href":"https:\/\/talmaski.fi\/en\/wp-json\/wp\/v2\/media\/614"}],"wp:attachment":[{"href":"https:\/\/talmaski.fi\/en\/wp-json\/wp\/v2\/media?parent=235"}],"curies":[{"name":"wp","href":"https:\/\/api.w.org\/{rel}","templated":true}]}}