{"id":237,"date":"2022-08-17T14:28:48","date_gmt":"2022-08-17T11:28:48","guid":{"rendered":"https:\/\/talmaski.fi\/2022\/?page_id=237"},"modified":"2024-09-30T10:35:19","modified_gmt":"2024-09-30T07:35:19","slug":"freestyle-campit-ja-seuratoiminta","status":"publish","type":"page","link":"https:\/\/talmaski.fi\/en\/hiihtokoulu\/freestyle-campit-ja-seuratoiminta\/","title":{"rendered":"Ski and snowboard clubs"},"content":{"rendered":"<figure class=\"wp-block-image size-large\"><img loading=\"lazy\" decoding=\"async\" width=\"1024\" height=\"683\" src=\"https:\/\/talmaski.fi\/wp-content\/uploads\/2022\/10\/Skimbamies2-1-of-1-1024x683.jpeg\" alt=\"\" class=\"wp-image-945\" srcset=\"https:\/\/talmaski.fi\/wp-content\/uploads\/2022\/10\/Skimbamies2-1-of-1-1024x683.jpeg 1024w, https:\/\/talmaski.fi\/wp-content\/uploads\/2022\/10\/Skimbamies2-1-of-1-300x200.jpeg 300w, https:\/\/talmaski.fi\/wp-content\/uploads\/2022\/10\/Skimbamies2-1-of-1-768x512.jpeg 768w, https:\/\/talmaski.fi\/wp-content\/uploads\/2022\/10\/Skimbamies2-1-of-1-1536x1025.jpeg 1536w, https:\/\/talmaski.fi\/wp-content\/uploads\/2022\/10\/Skimbamies2-1-of-1-18x12.jpeg 18w, https:\/\/talmaski.fi\/wp-content\/uploads\/2022\/10\/Skimbamies2-1-of-1-360x240.jpeg 360w, https:\/\/talmaski.fi\/wp-content\/uploads\/2022\/10\/Skimbamies2-1-of-1.jpeg 2048w\" sizes=\"auto, (max-width: 1024px) 100vw, 1024px\" \/><\/figure>\n\n\n\n<p><\/p>\n\n\n\n<h2 class=\"wp-block-heading\">Moebius<\/h2>\n\n\n\n<p><a href=\"http:\/\/www.moebius.fi\/\" target=\"_blank\" rel=\"noreferrer noopener\">Freestyle club Moebius ry<\/a> is a freestyle association operating in the capital region, founded in 1980, whose goal is to offer club members high-quality activities, challenges, experiences and pleasant togetherness in freestyle skiing. In addition, the club's goal is to offer members the opportunity to succeed in both national and international freestyle competitions. Moebius is a member club of Ski Sport Finland ry, and organizes both recreational and competitive activities in all competitive disciplines of freestyle skiing (ski slopestyle, ski halfpipe, downhill and ski cross).<\/p>\n\n\n\n<p><a rel=\"noreferrer noopener\" href=\"http:\/\/www.moebius.fi\/\" target=\"_blank\">Check out the action!<\/a><\/p>\n\n\n\n<h2 class=\"wp-block-heading\">Helsinki Snowboarders<\/h2>\n\n\n\n<p>Helsinki Snowboarders (formerly Pakastin ry) \u2013 The association's idea is to remain open to everyone and support the activities of the snowboarding youth of the capital region. The club has a variety of coaching activities for all age groups and skill levels. See Talma's coaching groups <a href=\"https:\/\/helsinginlumilautailijat.fi\/valmennus\/\" target=\"_blank\" rel=\"noreferrer noopener\">FROM HERE<\/a>. <\/p>\n\n\n\n<p>Check out the activities: <a href=\"https:\/\/helsinginlumilautailijat.fi\/\" target=\"_blank\" rel=\"noopener\">Helsinki Snowboarders<\/a><\/p>\n\n\n\n<figure class=\"wp-block-image size-large\"><img loading=\"lazy\" decoding=\"async\" width=\"1024\" height=\"640\" src=\"https:\/\/talmaski.fi\/2022\/wp-content\/uploads\/2022\/10\/IMG_0889-1024x640.jpeg\" alt=\"Helsingin lumilautailijat\" class=\"wp-image-830\" srcset=\"https:\/\/talmaski.fi\/wp-content\/uploads\/2022\/10\/IMG_0889-1024x640.jpeg 1024w, https:\/\/talmaski.fi\/wp-content\/uploads\/2022\/10\/IMG_0889-300x188.jpeg 300w, https:\/\/talmaski.fi\/wp-content\/uploads\/2022\/10\/IMG_0889-768x480.jpeg 768w, https:\/\/talmaski.fi\/wp-content\/uploads\/2022\/10\/IMG_0889-1536x960.jpeg 1536w, https:\/\/talmaski.fi\/wp-content\/uploads\/2022\/10\/IMG_0889-2048x1280.jpeg 2048w, https:\/\/talmaski.fi\/wp-content\/uploads\/2022\/10\/IMG_0889-600x375.jpeg 600w\" sizes=\"auto, (max-width: 1024px) 100vw, 1024px\" \/><\/figure>","protected":false},"excerpt":{"rendered":"<p>Moebius Freestyleseura Moebius ry on vuonna 1980 perustettu p\u00e4\u00e4kaupunkiseudulla toimiva freestyleseura, jonka tavoitteena on tarjota seuran j\u00e4senille laadukasta toimintaa, haasteita, el\u00e4myksi\u00e4 ja mukavaa yhdess\u00e4oloa freestylehiihdon parissa. Lis\u00e4ksi seuran tavoitteena on tarjota j\u00e4senille mahdollisuudet menesty\u00e4 sek\u00e4 kansallisen tason ett\u00e4 kansainv\u00e4lisen tason freestylekilpailuissa. Moebius on Ski Sport Finland ry:n j\u00e4senseura, ja organisoi [&hellip;]<\/p>","protected":false},"author":3,"featured_media":618,"parent":24,"menu_order":0,"comment_status":"closed","ping_status":"closed","template":"","meta":{"_uag_custom_page_level_css":"","footnotes":""},"class_list":["post-237","page","type-page","status-publish","has-post-thumbnail","hentry"],"uagb_featured_image_src":{"full":["https:\/\/talmaski.fi\/wp-content\/uploads\/2022\/09\/Talma_hyppyri2-1-of-1.jpg",1761,1536,false],"thumbnail":["https:\/\/talmaski.fi\/wp-content\/uploads\/2022\/09\/Talma_hyppyri2-1-of-1-150x150.jpg",150,150,true],"medium":["https:\/\/talmaski.fi\/wp-content\/uploads\/2022\/09\/Talma_hyppyri2-1-of-1-300x262.jpg",300,262,true],"medium_large":["https:\/\/talmaski.fi\/wp-content\/uploads\/2022\/09\/Talma_hyppyri2-1-of-1-768x670.jpg",750,654,true],"large":["https:\/\/talmaski.fi\/wp-content\/uploads\/2022\/09\/Talma_hyppyri2-1-of-1-1024x893.jpg",750,654,true],"1536x1536":["https:\/\/talmaski.fi\/wp-content\/uploads\/2022\/09\/Talma_hyppyri2-1-of-1-1536x1340.jpg",1536,1340,true],"2048x2048":["https:\/\/talmaski.fi\/wp-content\/uploads\/2022\/09\/Talma_hyppyri2-1-of-1.jpg",1761,1536,false],"trp-custom-language-flag":["https:\/\/talmaski.fi\/wp-content\/uploads\/2022\/09\/Talma_hyppyri2-1-of-1.jpg",14,12,false],"hestia-blog":["https:\/\/talmaski.fi\/wp-content\/uploads\/2022\/09\/Talma_hyppyri2-1-of-1-360x240.jpg",360,240,true]},"uagb_author_info":{"display_name":"aleksi","author_link":"https:\/\/talmaski.fi\/en\/author\/aleksi\/"},"uagb_comment_info":0,"uagb_excerpt":"Moebius Freestyleseura Moebius ry on vuonna 1980 perustettu p\u00e4\u00e4kaupunkiseudulla toimiva freestyleseura, jonka tavoitteena on tarjota seuran j\u00e4senille laadukasta toimintaa, haasteita, el\u00e4myksi\u00e4 ja mukavaa yhdess\u00e4oloa freestylehiihdon parissa. Lis\u00e4ksi seuran tavoitteena on tarjota j\u00e4senille mahdollisuudet menesty\u00e4 sek\u00e4 kansallisen tason ett\u00e4 kansainv\u00e4lisen tason freestylekilpailuissa. Moebius on Ski Sport Finland ry:n j\u00e4senseura, ja organisoi [&hellip;]","_links":{"self":[{"href":"https:\/\/talmaski.fi\/en\/wp-json\/wp\/v2\/pages\/237","targetHints":{"allow":["GET"]}}],"collection":[{"href":"https:\/\/talmaski.fi\/en\/wp-json\/wp\/v2\/pages"}],"about":[{"href":"https:\/\/talmaski.fi\/en\/wp-json\/wp\/v2\/types\/page"}],"author":[{"embeddable":true,"href":"https:\/\/talmaski.fi\/en\/wp-json\/wp\/v2\/users\/3"}],"replies":[{"embeddable":true,"href":"https:\/\/talmaski.fi\/en\/wp-json\/wp\/v2\/comments?post=237"}],"version-history":[{"count":12,"href":"https:\/\/talmaski.fi\/en\/wp-json\/wp\/v2\/pages\/237\/revisions"}],"predecessor-version":[{"id":3456,"href":"https:\/\/talmaski.fi\/en\/wp-json\/wp\/v2\/pages\/237\/revisions\/3456"}],"up":[{"embeddable":true,"href":"https:\/\/talmaski.fi\/en\/wp-json\/wp\/v2\/pages\/24"}],"wp:featuredmedia":[{"embeddable":true,"href":"https:\/\/talmaski.fi\/en\/wp-json\/wp\/v2\/media\/618"}],"wp:attachment":[{"href":"https:\/\/talmaski.fi\/en\/wp-json\/wp\/v2\/media?parent=237"}],"curies":[{"name":"wp","href":"https:\/\/api.w.org\/{rel}","templated":true}]}}