{"id":24,"date":"2022-08-01T12:16:10","date_gmt":"2022-08-01T09:16:10","guid":{"rendered":"http:\/\/talmaski.fi\/2022\/?page_id=24"},"modified":"2024-10-07T13:19:35","modified_gmt":"2024-10-07T10:19:35","slug":"hiihtokoulu","status":"publish","type":"page","link":"https:\/\/talmaski.fi\/en\/hiihtokoulu\/","title":{"rendered":"Ski school"},"content":{"rendered":"<div class=\"wp-block-columns is-layout-flex wp-container-core-columns-is-layout-28f84493 wp-block-columns-is-layout-flex\">\n<div class=\"wp-block-column is-layout-flow wp-block-column-is-layout-flow\" style=\"flex-basis:33.33%\"><nav style=\"background-color: #f9f8f8;\" class=\"has-text-color has-accent-color has-background  is-vertical wp-block-navigation is-layout-flex wp-container-core-navigation-is-layout-fe9cc265 wp-block-navigation-is-layout-flex\" aria-label=\"Navigation 4\"><ul style=\"background-color: #f9f8f8;\" class=\"wp-block-navigation__container has-text-color has-accent-color has-background  is-vertical wp-block-navigation\"><li class=\"wp-block-navigation-item wp-block-navigation-link\"><a class=\"wp-block-navigation-item__content\"  href=\"https:\/\/talma.axess.fi\/fi\/\" target=\"_blank\"  ><span class=\"wp-block-navigation-item__label\">\u00b7 Ski school reservation<\/span><\/a><\/li><li class=\"wp-block-navigation-item wp-block-navigation-link\"><a class=\"wp-block-navigation-item__content\"  href=\"https:\/\/talmaski.fi\/en\/hiihtokoulu\/hiihtokouluhinnasto\/\"><span class=\"wp-block-navigation-item__label\">\u00b7 Ski school price list<\/span><\/a><\/li><li class=\"wp-block-navigation-item wp-block-navigation-link\"><a class=\"wp-block-navigation-item__content\"  href=\"https:\/\/talmaski.fi\/en\/hiihtokoulu\/werneri-ja-muut-kurssit\/\"><span class=\"wp-block-navigation-item__label\">\u00b7 Ski school courses<\/span><\/a><\/li><li class=\"wp-block-navigation-item wp-block-navigation-link\"><a class=\"wp-block-navigation-item__content\"  href=\"https:\/\/talmaski.fi\/en\/hiihtokoulu\/hiihtokoulun-yksityistunnit\/\"><span class=\"wp-block-navigation-item__label\">\u00b7 Ski school private lessons<\/span><\/a><\/li><li class=\"wp-block-navigation-item wp-block-navigation-link\"><a class=\"wp-block-navigation-item__content\"  href=\"https:\/\/talmaski.fi\/en\/hiihtokoulu\/freestyle-campit-ja-seuratoiminta\/\"><span class=\"wp-block-navigation-item__label\">\u00b7 Ski and snowboard clubs<\/span><\/a><\/li><li class=\"wp-block-navigation-item wp-block-navigation-link\"><a class=\"wp-block-navigation-item__content\"  href=\"https:\/\/talmaski.fi\/en\/hiihtokoulu\/raataloidyt-kurssit\/\"><span class=\"wp-block-navigation-item__label\">\u00b7 Customized courses<\/span><\/a><\/li><li class=\"wp-block-navigation-item wp-block-navigation-link\"><a class=\"wp-block-navigation-item__content\"  href=\"https:\/\/talma.axess.fi\/fi\/ennakkotiedote-kurssilaisille\/\" target=\"_blank\"  ><span class=\"wp-block-navigation-item__label\">\u00b7 Advance information for course participants<\/span><\/a><\/li><\/ul><\/nav><\/div>\n\n\n\n<div class=\"wp-block-column is-layout-flow wp-block-column-is-layout-flow\" style=\"flex-basis:66.66%\">\n<h1 class=\"wp-block-heading\">Talma Ski School<\/h1>\n\n\n\n<p><strong>All reservations at least 24 hours in advance via the ski school <a href=\"https:\/\/talma.axess.fi\/fi\/\">electronic reservation system<\/a> .<\/strong> If you would like to pay with excercise benefits, please make booking via the ski school:<\/p>\n\n\n\n<p>Enquiries via email hiihdonopetus (at) talmaski.fi or via phone 040-1281419 (within course times)<\/p>\n\n\n\n<figure class=\"wp-block-image size-large\"><img loading=\"lazy\" decoding=\"async\" width=\"1500\" height=\"942\" src=\"https:\/\/talmaski.fi\/wp-content\/uploads\/2023\/01\/talman-hiihtokoulu-lumilautailija-1500x942.jpg\" alt=\"\" class=\"wp-image-1564\" srcset=\"https:\/\/talmaski.fi\/wp-content\/uploads\/2023\/01\/talman-hiihtokoulu-lumilautailija-1500x942.jpg 1500w, https:\/\/talmaski.fi\/wp-content\/uploads\/2023\/01\/talman-hiihtokoulu-lumilautailija-600x377.jpg 600w, https:\/\/talmaski.fi\/wp-content\/uploads\/2023\/01\/talman-hiihtokoulu-lumilautailija-768x482.jpg 768w, https:\/\/talmaski.fi\/wp-content\/uploads\/2023\/01\/talman-hiihtokoulu-lumilautailija-1536x965.jpg 1536w, https:\/\/talmaski.fi\/wp-content\/uploads\/2023\/01\/talman-hiihtokoulu-lumilautailija-18x12.jpg 18w, https:\/\/talmaski.fi\/wp-content\/uploads\/2023\/01\/talman-hiihtokoulu-lumilautailija.jpg 2048w\" sizes=\"auto, (max-width: 1500px) 100vw, 1500px\" \/><\/figure>\n\n\n\n<p>Talma ski school specialises in teaching children and young people. We have been actively involved in developing ski teaching concepts for children and young people, according to which our ski school operates. The Werneri concept is a national \"product\" that is used in SHKY's (The Finnish Ski Area Association) ski centers. The individual abilities of children and young people in learning, combined with a positive and stimulating interaction, learning by doing, play a decisive role for us. Our ski school has been one of the biggest Werneri schools in Finland for many years.<\/p>\n\n\n\n<p>On these grounds, Talma Ski School was chosen Ski School of the Year 2010 and, as part of the same thing, Talma Ski Slope of the Year 2011, 2016 and 2020. We offer courses in various levels in alpine skiing and snowboarding and private lessons with flexible timetables. We do not offer cross country skiing teaching. <\/p>\n\n\n\n<p>All ski instructors responsible for our Werneri courses have received separate Werneri instructor concept training. Our teachers strive to create strong trust between the children and themselves. We let children test their own limits and openly enjoy their success. We inspire and guide them with positive encouragement and strictly adhere to football coach Stuart Baxter's statement: \"children are not small adults, they are children\". Children's learning must be fun, lively and versatile. You always have to work with children with all your heart.<\/p>\n\n\n\n<p>In our opinion, the child should be left with a good mood and the joy of self-realization every time. We do our best to see excited and happy faces at the end of each episode. Little skiers or snowboarders waiting for the next chance to go down.<\/p>\n\n\n\n<p><strong>Welcome and see you in Talma!<\/strong><\/p>\n<\/div>\n<\/div>\n\n\n\n<p><\/p>","protected":false},"excerpt":{"rendered":"<p>Talman Hiihtokoulu Varaukset v\u00e4hint\u00e4\u00e4n 24t etuk\u00e4teen hiihtokoulun s\u00e4hk\u00f6isen varausj\u00e4rjestelm\u00e4n kautta. Jos haluat maksaa kurssin tai yksityistunnin liikuntaedulla, tee varaus hiihtokoululle: Tiedustelut s\u00e4hk\u00f6postitse hiihdonopetus(at)talmaski.fi tai puhelimitse 040-1281419 (kurssiaikojen puitteissa) Talman hiihtokoulu on erityisesti lasten ja nuorten opettamiseen erikoistunut hiihtokoulu. Hiihtokoulumme on ollut aktiivisesti mukana alusta l\u00e4htien Werneri-konseptin kehitysty\u00f6ryhmiss\u00e4 ja testaamassa konsepteja [&hellip;]<\/p>","protected":false},"author":1,"featured_media":563,"parent":0,"menu_order":0,"comment_status":"closed","ping_status":"closed","template":"","meta":{"footnotes":""},"class_list":["post-24","page","type-page","status-publish","has-post-thumbnail","hentry"],"_links":{"self":[{"href":"https:\/\/talmaski.fi\/en\/wp-json\/wp\/v2\/pages\/24","targetHints":{"allow":["GET"]}}],"collection":[{"href":"https:\/\/talmaski.fi\/en\/wp-json\/wp\/v2\/pages"}],"about":[{"href":"https:\/\/talmaski.fi\/en\/wp-json\/wp\/v2\/types\/page"}],"author":[{"embeddable":true,"href":"https:\/\/talmaski.fi\/en\/wp-json\/wp\/v2\/users\/1"}],"replies":[{"embeddable":true,"href":"https:\/\/talmaski.fi\/en\/wp-json\/wp\/v2\/comments?post=24"}],"version-history":[{"count":32,"href":"https:\/\/talmaski.fi\/en\/wp-json\/wp\/v2\/pages\/24\/revisions"}],"predecessor-version":[{"id":3521,"href":"https:\/\/talmaski.fi\/en\/wp-json\/wp\/v2\/pages\/24\/revisions\/3521"}],"wp:featuredmedia":[{"embeddable":true,"href":"https:\/\/talmaski.fi\/en\/wp-json\/wp\/v2\/media\/563"}],"wp:attachment":[{"href":"https:\/\/talmaski.fi\/en\/wp-json\/wp\/v2\/media?parent=24"}],"curies":[{"name":"wp","href":"https:\/\/api.w.org\/{rel}","templated":true}]}}