{"id":25,"date":"2022-08-01T12:16:10","date_gmt":"2022-08-01T09:16:10","guid":{"rendered":"http:\/\/talmaski.fi\/2022\/?page_id=25"},"modified":"2026-03-25T13:01:41","modified_gmt":"2026-03-25T11:01:41","slug":"bike-park","status":"publish","type":"page","link":"https:\/\/talmaski.fi\/en\/bike-park\/","title":{"rendered":"Cycling"},"content":{"rendered":"<div class=\"wp-block-columns is-layout-flex wp-container-core-columns-is-layout-28f84493 wp-block-columns-is-layout-flex\">\n<div class=\"wp-block-column is-layout-flow wp-block-column-is-layout-flow\" style=\"flex-basis:33.33%\"><nav style=\"background-color: #f9f8f8;\" class=\"has-text-color has-accent-color has-background  is-vertical wp-block-navigation is-layout-flex wp-container-core-navigation-is-layout-fe9cc265 wp-block-navigation-is-layout-flex\" aria-label=\"Navigation 3\"><ul style=\"background-color: #f9f8f8;\" class=\"wp-block-navigation__container has-text-color has-accent-color has-background  is-vertical wp-block-navigation\"><li class=\"wp-block-navigation-item wp-block-navigation-link\"><a class=\"wp-block-navigation-item__content\"  href=\"https:\/\/talmaski.fi\/en\/bike-park\/pyoravuokraus\/\"><span class=\"wp-block-navigation-item__label\">\u00b7 Bicycle rental<\/span><\/a><\/li><\/ul><\/nav><\/div>\n\n\n\n<div class=\"wp-block-column is-layout-flow wp-block-column-is-layout-flow\" style=\"flex-basis:66.66%\">\n<h2 class=\"wp-block-heading\"><strong>Bike Park<\/strong><\/h2>\n\n\n\n<p>Talman bike park ei ole avoinna kes\u00e4ll\u00e4 2026. Lue tiedote asiasta <strong><a href=\"https:\/\/talmaski.fi\/en\/talma-bike-park-2023-tiedote\/\">here<\/a><\/strong><\/p>\n\n\n\n<p>Bike rental has ended, our bikes are for sale. Read more <a href=\"https:\/\/talmaski.fi\/en\/bike-park\/pyoravuokraus\/\" data-type=\"page\" data-id=\"262\">here.<\/a><\/p>\n\n\n\n<p><\/p>\n<\/div>\n<\/div>","protected":false},"excerpt":{"rendered":"<p>Bike Park Talman bike park ei ole avoinna kes\u00e4ll\u00e4 2026. Lue tiedote asiasta t\u00e4\u00e4lt\u00e4 Py\u00f6r\u00e4vuokraustoimintamme on p\u00e4\u00e4ttynyt. Maastopy\u00f6r\u00e4t ovat myynniss\u00e4, lue lis\u00e4\u00e4 t\u00e4\u00e4lt\u00e4.<\/p>","protected":false},"author":1,"featured_media":562,"parent":0,"menu_order":0,"comment_status":"closed","ping_status":"closed","template":"","meta":{"footnotes":""},"class_list":["post-25","page","type-page","status-publish","has-post-thumbnail","hentry"],"_links":{"self":[{"href":"https:\/\/talmaski.fi\/en\/wp-json\/wp\/v2\/pages\/25","targetHints":{"allow":["GET"]}}],"collection":[{"href":"https:\/\/talmaski.fi\/en\/wp-json\/wp\/v2\/pages"}],"about":[{"href":"https:\/\/talmaski.fi\/en\/wp-json\/wp\/v2\/types\/page"}],"author":[{"embeddable":true,"href":"https:\/\/talmaski.fi\/en\/wp-json\/wp\/v2\/users\/1"}],"replies":[{"embeddable":true,"href":"https:\/\/talmaski.fi\/en\/wp-json\/wp\/v2\/comments?post=25"}],"version-history":[{"count":22,"href":"https:\/\/talmaski.fi\/en\/wp-json\/wp\/v2\/pages\/25\/revisions"}],"predecessor-version":[{"id":4988,"href":"https:\/\/talmaski.fi\/en\/wp-json\/wp\/v2\/pages\/25\/revisions\/4988"}],"wp:featuredmedia":[{"embeddable":true,"href":"https:\/\/talmaski.fi\/en\/wp-json\/wp\/v2\/media\/562"}],"wp:attachment":[{"href":"https:\/\/talmaski.fi\/en\/wp-json\/wp\/v2\/media?parent=25"}],"curies":[{"name":"wp","href":"https:\/\/api.w.org\/{rel}","templated":true}]}}