{"id":253,"date":"2022-08-17T14:40:43","date_gmt":"2022-08-17T11:40:43","guid":{"rendered":"https:\/\/talmaski.fi\/2022\/?page_id=253"},"modified":"2026-04-09T13:49:12","modified_gmt":"2026-04-09T10:49:12","slug":"aukioloajat","status":"publish","type":"page","link":"https:\/\/talmaski.fi\/en\/hiihtokeskus\/aukioloajat\/","title":{"rendered":"Opening hours"},"content":{"rendered":"<p>All slopes and Werneri Park closed for this season.<br><br>Seasonal rentals can be returned on rental shop opening hours.<br>Rental shop opening hours:<br>Sat 11.4. at 11.00-15.00<br>Tue 14.4. at 10.00-18.00<br>Thu 16.4. at 10.00-18.00<br><br>On other weekdays mainly 9.00-15.00, but please call ahead to ensure we are around before you arrive. P. 0400-716882.<\/p>\n\n\n\n<p><\/p>","protected":false},"excerpt":{"rendered":"<p>Rinteet ja Werneri Park suljettu t\u00e4lt\u00e4 kaudelta. Kausivuokra v\u00e4lineit\u00e4 voi palauttaa vuokraamon aukioloaikojen mukaan.Vuokraamon aukioloajat:Lauantai 11.4. kello 11-15Tiistai 14.4. kello 10-18Torstai 16.4. kello 10-18 Muulloin arkena kello 9-15. Soitathan kuitenkin etuk\u00e4teen 0400-716882 muulloin kun yll\u00e4mainittuina p\u00e4ivin\u00e4, sill\u00e4 emme v\u00e4ltt\u00e4m\u00e4tt\u00e4 p\u00e4ivyst\u00e4 vuokraamolla.<\/p>","protected":false},"author":3,"featured_media":0,"parent":23,"menu_order":0,"comment_status":"closed","ping_status":"closed","template":"","meta":{"footnotes":""},"class_list":["post-253","page","type-page","status-publish","hentry"],"_links":{"self":[{"href":"https:\/\/talmaski.fi\/en\/wp-json\/wp\/v2\/pages\/253","targetHints":{"allow":["GET"]}}],"collection":[{"href":"https:\/\/talmaski.fi\/en\/wp-json\/wp\/v2\/pages"}],"about":[{"href":"https:\/\/talmaski.fi\/en\/wp-json\/wp\/v2\/types\/page"}],"author":[{"embeddable":true,"href":"https:\/\/talmaski.fi\/en\/wp-json\/wp\/v2\/users\/3"}],"replies":[{"embeddable":true,"href":"https:\/\/talmaski.fi\/en\/wp-json\/wp\/v2\/comments?post=253"}],"version-history":[{"count":271,"href":"https:\/\/talmaski.fi\/en\/wp-json\/wp\/v2\/pages\/253\/revisions"}],"predecessor-version":[{"id":5031,"href":"https:\/\/talmaski.fi\/en\/wp-json\/wp\/v2\/pages\/253\/revisions\/5031"}],"up":[{"embeddable":true,"href":"https:\/\/talmaski.fi\/en\/wp-json\/wp\/v2\/pages\/23"}],"wp:attachment":[{"href":"https:\/\/talmaski.fi\/en\/wp-json\/wp\/v2\/media?parent=253"}],"curies":[{"name":"wp","href":"https:\/\/api.w.org\/{rel}","templated":true}]}}