{"id":257,"date":"2022-08-17T14:43:26","date_gmt":"2022-08-17T11:43:26","guid":{"rendered":"https:\/\/talmaski.fi\/2022\/?page_id=257"},"modified":"2024-01-31T17:25:20","modified_gmt":"2024-01-31T15:25:20","slug":"talma-shop","status":"publish","type":"page","link":"https:\/\/talmaski.fi\/en\/hiihtokeskus\/talma-shop\/","title":{"rendered":"Talma Shop"},"content":{"rendered":"<h2 class=\"wp-block-heading\">Service and a surprisingly wide selection.<\/h2>\n\n\n\n<p>In the Talma Shop, skiing equipment can always be found on sale! We have almost everything, but a particularly wide selection of helmets, gloves and goggles. You can also browse our selection in our online store: <a href=\"https:\/\/www.talmashop.com\" target=\"_blank\" rel=\"noreferrer noopener\">www.talmashop.com <\/a><\/p>\n\n\n\n<p><strong>NOTE: the online store does not have all the products in the shop, but all the products in our online store can also be purchased in the shop.<\/strong><\/p>\n\n\n\n<p>We are happy to help and advise in matters related to skiing. Good service costs nothing! We can also order products for the shop according to your needs.<\/p>\n\n\n\n<p>Now also ski boot heat modification for Salomon and Atomic available (only outer layer for the time being)!<\/p>\n\n\n\n<p>For ski boots bought in our skishop, heat modification free of charge!<\/p>\n\n\n\n<figure class=\"wp-block-image size-full\"><img loading=\"lazy\" decoding=\"async\" width=\"2560\" height=\"1920\" src=\"https:\/\/talmaski.fi\/wp-content\/uploads\/2023\/11\/IMG_9091-scaled.jpg\" alt=\"\" class=\"wp-image-2498\" srcset=\"https:\/\/talmaski.fi\/wp-content\/uploads\/2023\/11\/IMG_9091-scaled.jpg 2560w, https:\/\/talmaski.fi\/wp-content\/uploads\/2023\/11\/IMG_9091-600x450.jpg 600w, https:\/\/talmaski.fi\/wp-content\/uploads\/2023\/11\/IMG_9091-1500x1125.jpg 1500w, https:\/\/talmaski.fi\/wp-content\/uploads\/2023\/11\/IMG_9091-768x576.jpg 768w, https:\/\/talmaski.fi\/wp-content\/uploads\/2023\/11\/IMG_9091-1536x1152.jpg 1536w, https:\/\/talmaski.fi\/wp-content\/uploads\/2023\/11\/IMG_9091-2048x1536.jpg 2048w, https:\/\/talmaski.fi\/wp-content\/uploads\/2023\/11\/IMG_9091-16x12.jpg 16w\" sizes=\"auto, (max-width: 2560px) 100vw, 2560px\" \/><\/figure>\n\n\n\n<figure class=\"wp-block-image size-large\"><img loading=\"lazy\" decoding=\"async\" width=\"1500\" height=\"1125\" src=\"https:\/\/talmaski.fi\/wp-content\/uploads\/2023\/11\/IMG_9092-1500x1125.jpg\" alt=\"\" class=\"wp-image-2500\" srcset=\"https:\/\/talmaski.fi\/wp-content\/uploads\/2023\/11\/IMG_9092-1500x1125.jpg 1500w, https:\/\/talmaski.fi\/wp-content\/uploads\/2023\/11\/IMG_9092-600x450.jpg 600w, https:\/\/talmaski.fi\/wp-content\/uploads\/2023\/11\/IMG_9092-768x576.jpg 768w, https:\/\/talmaski.fi\/wp-content\/uploads\/2023\/11\/IMG_9092-1536x1152.jpg 1536w, https:\/\/talmaski.fi\/wp-content\/uploads\/2023\/11\/IMG_9092-2048x1536.jpg 2048w, https:\/\/talmaski.fi\/wp-content\/uploads\/2023\/11\/IMG_9092-16x12.jpg 16w\" sizes=\"auto, (max-width: 1500px) 100vw, 1500px\" \/><\/figure>\n\n\n\n<p>We have quality brands for children and adults.<\/p>\n\n\n\n<ul class=\"wp-block-list\">\n<li>Salomon<\/li>\n\n\n\n<li>V\u00f6lkl<\/li>\n\n\n\n<li>Armada<\/li>\n\n\n\n<li>Marker<\/li>\n\n\n\n<li>Union<\/li>\n\n\n\n<li>Out Of<\/li>\n\n\n\n<li>Skullcandy<\/li>\n\n\n\n<li>Burton<\/li>\n\n\n\n<li>Uvex<\/li>\n\n\n\n<li>LINE<\/li>\n\n\n\n<li>Heart medicine<\/li>\n\n\n\n<li>Atomic<\/li>\n\n\n\n<li>Crazy Ears<\/li>\n\n\n\n<li>ThirtyTwo<\/li>\n\n\n\n<li>Hestra<\/li>\n\n\n\n<li>Ziener<\/li>\n\n\n\n<li>Giro<\/li>\n<\/ul>\n\n\n\n<p><strong><a href=\"http:\/\/talmashop.com\" data-type=\"link\" data-id=\"talmashop.com\">Talma Ski Shop<\/a><\/strong><\/p>","protected":false},"excerpt":{"rendered":"<p>Palvelua ja yll\u00e4tt\u00e4v\u00e4n laaja valikoima. Talman Shopissa aina laskuv\u00e4lineit\u00e4 alennuksessa! Meilt\u00e4 l\u00f6ytyy l\u00e4hes kaikkea mutta erityisen laaja valikoima kyp\u00e4ri\u00e4, hanskoja sek\u00e4 laskulaseja. Voit selata valikoimaamme my\u00f6s nettikaupassamme: www.talmashop.com HUOM: nettikaupassa ei ole kaikkia myym\u00e4l\u00e4n tuotteita mutta kaikki nettikauppamme tuotteet ovat ostettavissa my\u00f6s myym\u00e4l\u00e4st\u00e4. Autamme ja neuvomme mielell\u00e4mme lasketteluun littyviss\u00e4 asioissa. [&hellip;]<\/p>","protected":false},"author":3,"featured_media":2500,"parent":23,"menu_order":0,"comment_status":"closed","ping_status":"closed","template":"","meta":{"footnotes":""},"class_list":["post-257","page","type-page","status-publish","has-post-thumbnail","hentry"],"_links":{"self":[{"href":"https:\/\/talmaski.fi\/en\/wp-json\/wp\/v2\/pages\/257","targetHints":{"allow":["GET"]}}],"collection":[{"href":"https:\/\/talmaski.fi\/en\/wp-json\/wp\/v2\/pages"}],"about":[{"href":"https:\/\/talmaski.fi\/en\/wp-json\/wp\/v2\/types\/page"}],"author":[{"embeddable":true,"href":"https:\/\/talmaski.fi\/en\/wp-json\/wp\/v2\/users\/3"}],"replies":[{"embeddable":true,"href":"https:\/\/talmaski.fi\/en\/wp-json\/wp\/v2\/comments?post=257"}],"version-history":[{"count":12,"href":"https:\/\/talmaski.fi\/en\/wp-json\/wp\/v2\/pages\/257\/revisions"}],"predecessor-version":[{"id":2846,"href":"https:\/\/talmaski.fi\/en\/wp-json\/wp\/v2\/pages\/257\/revisions\/2846"}],"up":[{"embeddable":true,"href":"https:\/\/talmaski.fi\/en\/wp-json\/wp\/v2\/pages\/23"}],"wp:featuredmedia":[{"embeddable":true,"href":"https:\/\/talmaski.fi\/en\/wp-json\/wp\/v2\/media\/2500"}],"wp:attachment":[{"href":"https:\/\/talmaski.fi\/en\/wp-json\/wp\/v2\/media?parent=257"}],"curies":[{"name":"wp","href":"https:\/\/api.w.org\/{rel}","templated":true}]}}