{"id":2595,"date":"2023-11-25T12:06:44","date_gmt":"2023-11-25T10:06:44","guid":{"rendered":"https:\/\/talmaski.fi\/?page_id=2595"},"modified":"2024-03-04T18:37:26","modified_gmt":"2024-03-04T16:37:26","slug":"huolto","status":"publish","type":"page","link":"https:\/\/talmaski.fi\/en\/huolto\/","title":{"rendered":"Maintenance"},"content":{"rendered":"<p>Talma's rental shop also does maintenance. We maintain ski equipment with decades of experience with new Reihmann equipment! Maintenance is open during slope opening hours. <\/p>\n\n\n\n<p>Equipment maintenance quickly, mostly within 1-2 days! Leave the equipment for maintenance at the end of the skiing day and they will be waiting for you, fully serviced, the next time you come to the slopes!<\/p>\n\n\n\n<p>We also sell spare parts for bindings and do small repairs, feel free to ask for more!<\/p>\n\n\n\n<p>If possible, bring snowboards to maintenance without the bindings.<\/p>\n\n\n\n<figure class=\"wp-block-image size-large\"><img loading=\"lazy\" decoding=\"async\" width=\"1500\" height=\"998\" src=\"https:\/\/talmaski.fi\/wp-content\/uploads\/2023\/11\/talma-ski-suksi-ja-lumilauta-huolto-1500x998.jpg\" alt=\"\" class=\"wp-image-2600\" srcset=\"https:\/\/talmaski.fi\/wp-content\/uploads\/2023\/11\/talma-ski-suksi-ja-lumilauta-huolto-1500x998.jpg 1500w, https:\/\/talmaski.fi\/wp-content\/uploads\/2023\/11\/talma-ski-suksi-ja-lumilauta-huolto-600x399.jpg 600w, https:\/\/talmaski.fi\/wp-content\/uploads\/2023\/11\/talma-ski-suksi-ja-lumilauta-huolto-768x511.jpg 768w, https:\/\/talmaski.fi\/wp-content\/uploads\/2023\/11\/talma-ski-suksi-ja-lumilauta-huolto-1536x1022.jpg 1536w, https:\/\/talmaski.fi\/wp-content\/uploads\/2023\/11\/talma-ski-suksi-ja-lumilauta-huolto-18x12.jpg 18w, https:\/\/talmaski.fi\/wp-content\/uploads\/2023\/11\/talma-ski-suksi-ja-lumilauta-huolto-360x240.jpg 360w, https:\/\/talmaski.fi\/wp-content\/uploads\/2023\/11\/talma-ski-suksi-ja-lumilauta-huolto.jpg 2048w\" sizes=\"auto, (max-width: 1500px) 100vw, 1500px\" \/><\/figure>\n\n\n\n<figure class=\"wp-block-table\"><table><tbody><tr><td><strong>Maintenance<\/strong><\/td><td><\/td><\/tr><tr><td>Ski boot modification (only outer shell for time being)<\/td><td>30\u20ac<\/td><\/tr><tr><td>Optiwax waxing<\/td><td>25\u20ac<\/td><\/tr><tr><td>Hot waxing (by hand) for snowboards and skis<\/td><td>30\u20ac<\/td><\/tr><tr><td>Basic maintenance skis (Sanding the bottom, sharpening the edges, hot waxing)<\/td><td>45\u20ac<\/td><\/tr><tr><td>Basic maintenance snowboard (Sanding the bottom, sharpening the edges, hot waxing)<\/td><td>50\u20ac<\/td><\/tr><tr><td>Full maintenance (Sanding the bottom, filling the holes, sharpening the edges, hot waxing)<\/td><td>from 55\u20ac<\/td><\/tr><tr><td>Installation of bindings<\/td><td>40\u20ac<\/td><\/tr><tr><td>Binding transfer<\/td><td>50\u20ac<\/td><\/tr><\/tbody><\/table><\/figure>\n\n\n\n<p><strong>Talma Ski equipment rental<\/strong> <strong>&amp; huolto<\/strong><br>Phone 0400-716882 (only on slope opening times)<br>vuokraamo(at)talmaski.fi<\/p>","protected":false},"excerpt":{"rendered":"<p>Talman v\u00e4linevuokraamon yhteydess\u00e4 toimii huolto. Huollamme lasketteluv\u00e4lineet vuosikymmenten kokemuksella, uusilla Reichmannin laitteilla! Huolto on auki rinteiden aukioloaikojen puitteissa. V\u00e4lineiden huolto nopeasti, p\u00e4\u00e4s\u00e4\u00e4nt\u00f6isesti 1-2 p\u00e4iv\u00e4ss\u00e4! J\u00e4t\u00e4 v\u00e4lineet huoltoon laskup\u00e4iv\u00e4n p\u00e4\u00e4tteeksi ja ne odottavat sinua valmiiksi huollettuina kun tulet seuraavan kerran m\u00e4keen! Huollosta my\u00f6s varaosat siteisiin &amp; monoihin sek\u00e4 pienet korjaukset, kysy [&hellip;]<\/p>","protected":false},"author":3,"featured_media":0,"parent":0,"menu_order":0,"comment_status":"closed","ping_status":"closed","template":"","meta":{"footnotes":""},"class_list":["post-2595","page","type-page","status-publish","hentry"],"_links":{"self":[{"href":"https:\/\/talmaski.fi\/en\/wp-json\/wp\/v2\/pages\/2595","targetHints":{"allow":["GET"]}}],"collection":[{"href":"https:\/\/talmaski.fi\/en\/wp-json\/wp\/v2\/pages"}],"about":[{"href":"https:\/\/talmaski.fi\/en\/wp-json\/wp\/v2\/types\/page"}],"author":[{"embeddable":true,"href":"https:\/\/talmaski.fi\/en\/wp-json\/wp\/v2\/users\/3"}],"replies":[{"embeddable":true,"href":"https:\/\/talmaski.fi\/en\/wp-json\/wp\/v2\/comments?post=2595"}],"version-history":[{"count":4,"href":"https:\/\/talmaski.fi\/en\/wp-json\/wp\/v2\/pages\/2595\/revisions"}],"predecessor-version":[{"id":2981,"href":"https:\/\/talmaski.fi\/en\/wp-json\/wp\/v2\/pages\/2595\/revisions\/2981"}],"wp:attachment":[{"href":"https:\/\/talmaski.fi\/en\/wp-json\/wp\/v2\/media?parent=2595"}],"curies":[{"name":"wp","href":"https:\/\/api.w.org\/{rel}","templated":true}]}}