{"id":26,"date":"2022-08-01T12:16:10","date_gmt":"2022-08-01T09:16:10","guid":{"rendered":"http:\/\/talmaski.fi\/2022\/?page_id=26"},"modified":"2026-03-10T17:52:30","modified_gmt":"2026-03-10T15:52:30","slug":"activepark","status":"publish","type":"page","link":"https:\/\/talmaski.fi\/en\/activepark\/","title":{"rendered":"Summer"},"content":{"rendered":"<h1 class=\"wp-block-heading\">Talma Active Park adventure park<\/h1>\n\n\n\n<div class=\"wp-block-columns is-layout-flex wp-container-core-columns-is-layout-28f84493 wp-block-columns-is-layout-flex\">\n<div class=\"wp-block-column is-layout-flow wp-block-column-is-layout-flow\" style=\"flex-basis:33.33%\"><nav style=\"background-color: #f9f8f8;\" class=\"has-text-color has-accent-color has-background  is-vertical wp-block-navigation is-layout-flex wp-container-core-navigation-is-layout-fe9cc265 wp-block-navigation-is-layout-flex\" aria-label=\"summer\"><ul style=\"background-color: #f9f8f8;\" class=\"wp-block-navigation__container has-text-color has-accent-color has-background  is-vertical wp-block-navigation\"><li class=\"wp-block-navigation-item wp-block-navigation-link\"><a class=\"wp-block-navigation-item__content\"  href=\"https:\/\/talmaski.fi\/en\/activepark\/aukioloajat\/\"><span class=\"wp-block-navigation-item__label\">\u00b7 Opening hours<\/span><\/a><\/li><li class=\"wp-block-navigation-item wp-block-navigation-link\"><a class=\"wp-block-navigation-item__content\"  href=\"https:\/\/talmaski.fi\/en\/activepark\/hinnasto\/\"><span class=\"wp-block-navigation-item__label\">\u00b7 Price list<\/span><\/a><\/li><li class=\"wp-block-navigation-item wp-block-navigation-link\"><a class=\"wp-block-navigation-item__content\"  href=\"https:\/\/talmaski.fi\/en\/activepark\/kiipeilypuisto\/\"><span class=\"wp-block-navigation-item__label\">\u00b7 Aerial adventure park<\/span><\/a><\/li><li class=\"wp-block-navigation-item wp-block-navigation-link\"><a class=\"wp-block-navigation-item__content\"  href=\"https:\/\/talmaski.fi\/en\/activepark\/werneri-park\/\"><span class=\"wp-block-navigation-item__label\">\u00b7 Werneri Park<\/span><\/a><\/li><li class=\"wp-block-navigation-item wp-block-navigation-link\"><a class=\"wp-block-navigation-item__content\"  href=\"https:\/\/talmaski.fi\/en\/activepark\/minigolf\/\"><span class=\"wp-block-navigation-item__label\">\u00b7 Mini golf<\/span><\/a><\/li><li class=\"wp-block-navigation-item wp-block-navigation-link\"><a class=\"wp-block-navigation-item__content\"  href=\"https:\/\/talmaski.fi\/en\/activepark\/paintball\/\"><span class=\"wp-block-navigation-item__label\">\u00b7 Paintball<\/span><\/a><\/li><li class=\"wp-block-navigation-item wp-block-navigation-link\"><a class=\"wp-block-navigation-item__content\"  href=\"https:\/\/talmaski.fi\/en\/activepark\/frisbeegolf\/\"><span class=\"wp-block-navigation-item__label\">\u00b7 Disc golf<\/span><\/a><\/li><li class=\"wp-block-navigation-item wp-block-navigation-link\"><a class=\"wp-block-navigation-item__content\"  href=\"https:\/\/talmaski.fi\/en\/activepark\/seikkailijan-synttarit\/\"><span class=\"wp-block-navigation-item__label\">\u00b7 Adventurer&#039;s birthday<\/span><\/a><\/li><li class=\"wp-block-navigation-item wp-block-navigation-link\"><a class=\"wp-block-navigation-item__content\"  href=\"https:\/\/talmaski.fi\/en\/bike-park\/pyoravuokraus\/\"><span class=\"wp-block-navigation-item__label\">\u00b7 Bicycle rental<\/span><\/a><\/li><li class=\"wp-block-navigation-item wp-block-navigation-link\"><a class=\"wp-block-navigation-item__content\"  href=\"https:\/\/talmaski.fi\/en\/lasten-monkijat\/\"><span class=\"wp-block-navigation-item__label\">\u00b7 Children's ATVs<\/span><\/a><\/li><\/ul><\/nav><\/div>\n\n\n\n<div class=\"wp-block-column is-layout-flow wp-block-column-is-layout-flow\" style=\"flex-basis:66.66%\">\n<p><strong>Adventure park opens again in June 2026. We will inform opening day later during the spring. <\/strong><\/p>\n\n\n\n<p>Talma Active Park offers many different activities for all ages - even for a whole day! More information about each activity via the menu. <\/p>\n\n\n\n<p>Please note that the initial guidance for aerial adventure takes about 20-30 minutes and the last starts on the track are 30 minutes before closing. So please arrive at least an hour before closing time. We recommend setting aside at least 2-3 hours for climbing.<br>We recommend setting aside at least 2-3 hours for the tracks.<\/p>\n\n\n\n<p>Please always check the up-to-date opening hours on our website before you come, there may be last-minute changes, e.g. for security reasons.<\/p>\n\n\n\n<p><strong>You don&#039;t have to book a separate time for the climbing park! You can come to climb when the adventure park is open. Please read the safety instructions <a rel=\"noreferrer noopener\" href=\"https:\/\/talmaski.fi\/en\/talma-bike-park-2023-tiedote\/\" target=\"_blank\">here<\/a>.<\/strong><\/p>\n\n\n\n<p>Please note that the Talma Bike park is not open during summer 2026 either. More information <a href=\"https:\/\/talmaski.fi\/en\/talma-bike-park-2023-tiedote\/\">here<\/a>. <strong><br><\/strong><\/p>\n<\/div>\n<\/div>\n\n\n\n<p><\/p>\n\n\n\n<p><\/p>\n\n\n\n<p><\/p>","protected":false},"excerpt":{"rendered":"<p>Talma Active Park seikkailupuisto Seikkailupuiston kes\u00e4kausi 2026 alkaa kes\u00e4kuussa. Tiedotamme avaamisp\u00e4iv\u00e4n tarkemmin my\u00f6hemmin kev\u00e4\u00e4ll\u00e4. Talman seikkailupuistossa on monipuolisesti hauskaa tekemist\u00e4 kaikenik\u00e4isille, vaikka koko p\u00e4iv\u00e4ksi! Lis\u00e4tietoa eri aktiviteeteistamme l\u00f6ytyy aktiviteettien omilta sivuilta valikosta. Huomioithan, ett\u00e4 kiipeilyn alkuopastus vie aikaa noin 20-30 minuuttia ja viimeiset l\u00e4hd\u00f6t radalla ovat 30min ennen sulkemista. Saavuthan [&hellip;]<\/p>","protected":false},"author":1,"featured_media":560,"parent":0,"menu_order":0,"comment_status":"closed","ping_status":"closed","template":"","meta":{"footnotes":""},"class_list":["post-26","page","type-page","status-publish","has-post-thumbnail","hentry"],"_links":{"self":[{"href":"https:\/\/talmaski.fi\/en\/wp-json\/wp\/v2\/pages\/26","targetHints":{"allow":["GET"]}}],"collection":[{"href":"https:\/\/talmaski.fi\/en\/wp-json\/wp\/v2\/pages"}],"about":[{"href":"https:\/\/talmaski.fi\/en\/wp-json\/wp\/v2\/types\/page"}],"author":[{"embeddable":true,"href":"https:\/\/talmaski.fi\/en\/wp-json\/wp\/v2\/users\/1"}],"replies":[{"embeddable":true,"href":"https:\/\/talmaski.fi\/en\/wp-json\/wp\/v2\/comments?post=26"}],"version-history":[{"count":40,"href":"https:\/\/talmaski.fi\/en\/wp-json\/wp\/v2\/pages\/26\/revisions"}],"predecessor-version":[{"id":4929,"href":"https:\/\/talmaski.fi\/en\/wp-json\/wp\/v2\/pages\/26\/revisions\/4929"}],"wp:featuredmedia":[{"embeddable":true,"href":"https:\/\/talmaski.fi\/en\/wp-json\/wp\/v2\/media\/560"}],"wp:attachment":[{"href":"https:\/\/talmaski.fi\/en\/wp-json\/wp\/v2\/media?parent=26"}],"curies":[{"name":"wp","href":"https:\/\/api.w.org\/{rel}","templated":true}]}}