{"id":2602,"date":"2023-11-25T12:20:37","date_gmt":"2023-11-25T10:20:37","guid":{"rendered":"https:\/\/talmaski.fi\/?page_id=2602"},"modified":"2026-04-14T08:28:05","modified_gmt":"2026-04-14T05:28:05","slug":"kausivuokra","status":"publish","type":"page","link":"https:\/\/talmaski.fi\/en\/kausivuokra\/","title":{"rendered":"Seasonal rental sets"},"content":{"rendered":"<p><strong>Kausivuokrien palautus p\u00e4iv\u00e4t ja aukioloajat voit tarksitaa\u00a0<a href=\"https:\/\/talmaski.fi\/en\/hiihtokeskus\/aukioloajat\/\">here<\/a>.<\/strong><\/p>\n\n\n\n<!--<p>T\u00e4lle kaudelle on uutuutena tullut lasten temppusuksisettej\u00e4 (118-148cm sukset) my\u00f6s kausivuokralle, hinta 149\u20ac <strong>T\u00c4YSIN UUDET temppusukset nyt saapuneet ja vuokrattavissa. Temppusuksia j\u00e4ljell\u00e4 todella v\u00e4h\u00e4n, nopeat sy\u00f6v\u00e4t hitaat!<\/strong><br>Edit 19.1.2026: J\u00e4ljell\u00e4 temppusuksia 3 x 118cm. (Muiden v\u00e4lineiden saatavuudet alempana)<br>Huomaathan, ett\u00e4 saldoa ei p\u00e4ivitet\u00e4 p\u00e4ivitt\u00e4in ja tilanne voi muuttua edell\u00e4 mainitusta.<\/p>-->\n\n\n\n<!--<p>Vuokrav\u00e4linesetti sis\u00e4lt\u00e4\u00e4 sukset\/laudan, monot ja sauvat. V\u00e4lineiden palautus Talmaan 11.4.2026 menness\u00e4. <strong>Jos haluat pident\u00e4\u00e4 vuokrausaikaa kuukaudella, onnistuu se +20\u20ac\/alkava kuukausi hintaan<\/strong>. V\u00e4lineet luovutetaan asiakkaalle t\u00e4ysin huollettuina. Jos v\u00e4lineet j\u00e4\u00e4v\u00e4t pieneksi kauden aikana, voit tulla vaihtamaan ne suurempiin. Kausivuokrien hintaan ei sis\u00e4lly kyp\u00e4r\u00e4. Kausivuokran yhteydess\u00e4 kyp\u00e4r\u00e4n vuokra kaudeksi +20\u20ac.<\/p>-->\n\n\n\n<!--<p>V\u00e4lineet noudetaan Talmasta ja ne palautetaan Talmaan vasta kev\u00e4\u00e4ll\u00e4. Voit siis laskea v\u00e4lineill\u00e4 miss\u00e4 vain keskuksessa. Valitettavasti emme voi s\u00e4ilytt\u00e4\u00e4 kausivuokrav\u00e4lineit\u00e4 Talmassa.<\/p> -->\n\n\n\n<div class=\"wp-block-group\"><div class=\"wp-block-group__inner-container is-layout-constrained wp-block-group-is-layout-constrained\">\n<!--<p><strong>Kausivuokraushinnat:<\/strong> P\u00e4ivitetty 19.1.2026<br>- Lasten suksisetti (lasten sukset, monot ja sauvat) 110cm ja 130cm suksia j\u00e4ljell\u00e4. 129\u20ac. <strong>Muut koot loppu.<\/strong><br>- <strong>Uudet <\/strong>lasten temppusuksisetit. <strong>J\u00e4ljell\u00e4 vain 118cm!<\/strong> (twintip sukset, monot, sauvat) 149\u20ac<br>- Lasten ja aikuisten lumilautasetti, (lauta, siteet, keng\u00e4t) 149\u20ac <strong>(lasten ja aikuisten setit loppunut)<\/strong><br>- Aikuisten suksisetti (sukset, monot, sauvat) hintaan 149\u20ac. <strong>(loppunut)<\/strong><\/p> -->\n\n\n\n\n<!--<p>Huom! V\u00e4lineit\u00e4 ei voi my\u00f6sk\u00e4\u00e4n varata. V\u00e4lineet noudetaan Talman vuokraamosta. Kausivuokrav\u00e4lineit\u00e4 on tarjolla vain rajoitettu m\u00e4\u00e4r\u00e4.&nbsp;<strong>Huomioithan, ett\u00e4 vuokratessa tarvitset mukaan henkil\u00f6llisyystodistuksen.<\/strong><\/p>-->\n<\/div><\/div>\n\n\n\n<p><strong>Rental set availability:<\/strong> <\/p>\n\n\n\n<p>Ei saatavilla.<\/p>\n\n\n\n<p><\/p>\n\n\n\n<p><strong>Talma Ski equipment rental<\/strong><\/p>\n\n\n\n<p>Puh. 0400-716 882 (vain kausivuokrausten ja rinteiden aukioloaikoina)<\/p>\n\n\n\n<p>vuokraamo(at)talmaski.fi <\/p>","protected":false},"excerpt":{"rendered":"<p>Kausivuokrien palautus p\u00e4iv\u00e4t ja aukioloajat voit tarksitaa\u00a0t\u00e4\u00e4lt\u00e4. Kausivuokrav\u00e4lineiden saatavuudet: Ei saatavilla. Talma Ski v\u00e4linevuokraamo Puh. 0400-716 882 (vain kausivuokrausten ja rinteiden aukioloaikoina) vuokraamo(at)talmaski.fi<\/p>","protected":false},"author":3,"featured_media":0,"parent":0,"menu_order":0,"comment_status":"closed","ping_status":"closed","template":"","meta":{"footnotes":""},"class_list":["post-2602","page","type-page","status-publish","hentry"],"_links":{"self":[{"href":"https:\/\/talmaski.fi\/en\/wp-json\/wp\/v2\/pages\/2602","targetHints":{"allow":["GET"]}}],"collection":[{"href":"https:\/\/talmaski.fi\/en\/wp-json\/wp\/v2\/pages"}],"about":[{"href":"https:\/\/talmaski.fi\/en\/wp-json\/wp\/v2\/types\/page"}],"author":[{"embeddable":true,"href":"https:\/\/talmaski.fi\/en\/wp-json\/wp\/v2\/users\/3"}],"replies":[{"embeddable":true,"href":"https:\/\/talmaski.fi\/en\/wp-json\/wp\/v2\/comments?post=2602"}],"version-history":[{"count":99,"href":"https:\/\/talmaski.fi\/en\/wp-json\/wp\/v2\/pages\/2602\/revisions"}],"predecessor-version":[{"id":5037,"href":"https:\/\/talmaski.fi\/en\/wp-json\/wp\/v2\/pages\/2602\/revisions\/5037"}],"wp:attachment":[{"href":"https:\/\/talmaski.fi\/en\/wp-json\/wp\/v2\/media?parent=2602"}],"curies":[{"name":"wp","href":"https:\/\/api.w.org\/{rel}","templated":true}]}}