{"id":262,"date":"2022-08-18T07:39:07","date_gmt":"2022-08-18T04:39:07","guid":{"rendered":"https:\/\/talmaski.fi\/2022\/?page_id=262"},"modified":"2025-09-24T10:25:31","modified_gmt":"2025-09-24T07:25:31","slug":"pyoravuokraus","status":"publish","type":"page","link":"https:\/\/talmaski.fi\/en\/bike-park\/pyoravuokraus\/","title":{"rendered":"Bike rental"},"content":{"rendered":"<p>Our bikerental service has ended. Our bikes are for sale, please contact us if you wish to buy a bike. Our bikes are used but in good condition. <\/p>\n\n\n\n<p>Contact regarding buying a bike: info (at) talmaski.fi <\/p>\n\n\n\n<p><\/p>\n\n\n\n<h3 class=\"wp-block-heading\">Electric bikes for mountain biking (not for lift biking):<\/h3>\n\n\n\n<div class=\"wp-block-columns is-layout-flex wp-container-core-columns-is-layout-28f84493 wp-block-columns-is-layout-flex\">\n<div class=\"wp-block-column is-layout-flow wp-block-column-is-layout-flow\">\n<figure class=\"wp-block-image size-full\"><img loading=\"lazy\" decoding=\"async\" width=\"500\" height=\"300\" src=\"https:\/\/talmaski.fi\/wp-content\/uploads\/2022\/10\/sahko-fatbike-whistle-bison-gen2.jpg\" alt=\"\" class=\"wp-image-1036\" srcset=\"https:\/\/talmaski.fi\/wp-content\/uploads\/2022\/10\/sahko-fatbike-whistle-bison-gen2.jpg 500w, https:\/\/talmaski.fi\/wp-content\/uploads\/2022\/10\/sahko-fatbike-whistle-bison-gen2-300x180.jpg 300w, https:\/\/talmaski.fi\/wp-content\/uploads\/2022\/10\/sahko-fatbike-whistle-bison-gen2-18x12.jpg 18w\" sizes=\"auto, (max-width: 500px) 100vw, 500px\" \/><\/figure>\n<\/div>\n\n\n\n<div class=\"wp-block-column is-layout-flow wp-block-column-is-layout-flow\">\n<p><strong>Whistle Bison Gen2<\/strong><\/p>\n\n\n\n<p>Electric fatbike with front suspension, 4\u2033 wide wheels<\/p>\n\n\n\n<ul class=\"wp-block-list\">\n<li>Size M: 2 pieces (for approx. 170-185cm)<\/li>\n<\/ul>\n<\/div>\n<\/div>\n\n\n\n<div class=\"wp-block-columns is-layout-flex wp-container-core-columns-is-layout-28f84493 wp-block-columns-is-layout-flex\">\n<div class=\"wp-block-column is-layout-flow wp-block-column-is-layout-flow\">\n<figure class=\"wp-block-image size-full\"><img loading=\"lazy\" decoding=\"async\" width=\"500\" height=\"305\" src=\"https:\/\/talmaski.fi\/wp-content\/uploads\/2022\/10\/Tunturi-e260-sahkomaastopyora-vuokrapyora.jpg\" alt=\"\" class=\"wp-image-1038\" srcset=\"https:\/\/talmaski.fi\/wp-content\/uploads\/2022\/10\/Tunturi-e260-sahkomaastopyora-vuokrapyora.jpg 500w, https:\/\/talmaski.fi\/wp-content\/uploads\/2022\/10\/Tunturi-e260-sahkomaastopyora-vuokrapyora-300x183.jpg 300w, https:\/\/talmaski.fi\/wp-content\/uploads\/2022\/10\/Tunturi-e260-sahkomaastopyora-vuokrapyora-18x12.jpg 18w\" sizes=\"auto, (max-width: 500px) 100vw, 500px\" \/><\/figure>\n<\/div>\n\n\n\n<div class=\"wp-block-column is-layout-flow wp-block-column-is-layout-flow\">\n<p><strong>Tunturi e260<\/strong><\/p>\n\n\n\n<p>Electric mountain bike with front suspension<\/p>\n\n\n\n<p>For young people from 9 years old, 26-in<\/p>\n\n\n\n<ul class=\"wp-block-list\">\n<li>2 pcs, for approx. 135-160cm<\/li>\n<\/ul>\n<\/div>\n<\/div>\n\n\n\n<div class=\"wp-block-columns is-layout-flex wp-container-core-columns-is-layout-28f84493 wp-block-columns-is-layout-flex\">\n<div class=\"wp-block-column is-layout-flow wp-block-column-is-layout-flow\">\n<figure class=\"wp-block-image size-full\"><img loading=\"lazy\" decoding=\"async\" width=\"600\" height=\"363\" src=\"https:\/\/talmaski.fi\/wp-content\/uploads\/2022\/10\/TunturiE-Max-sahkofatbike-pyoravuokraus.jpg\" alt=\"\" class=\"wp-image-1039\" srcset=\"https:\/\/talmaski.fi\/wp-content\/uploads\/2022\/10\/TunturiE-Max-sahkofatbike-pyoravuokraus.jpg 600w, https:\/\/talmaski.fi\/wp-content\/uploads\/2022\/10\/TunturiE-Max-sahkofatbike-pyoravuokraus-300x182.jpg 300w, https:\/\/talmaski.fi\/wp-content\/uploads\/2022\/10\/TunturiE-Max-sahkofatbike-pyoravuokraus-18x12.jpg 18w\" sizes=\"auto, (max-width: 600px) 100vw, 600px\" \/><\/figure>\n<\/div>\n\n\n\n<div class=\"wp-block-column is-layout-flow wp-block-column-is-layout-flow\">\n<p><strong>Tunturi EMax<\/strong><\/p>\n\n\n\n<p>Electric fatbike with front suspension<\/p>\n\n\n\n<ul class=\"wp-block-list\">\n<li>Size S : 3pcs. (for approx. 155-170cm)<\/li>\n\n\n\n<li>Size M: 1pcs. (for approx. 170-185cm)<\/li>\n\n\n\n<li>Size L: 2pcs. (for approx. 180-190cm)<\/li>\n<\/ul>\n<\/div>\n<\/div>\n\n\n\n<p><\/p>\n\n\n\n<p><\/p>\n\n\n\n<p><\/p>","protected":false},"excerpt":{"rendered":"<p>Py\u00f6r\u00e4vuokraustoimintamme on p\u00e4\u00e4ttynyt. Py\u00f6r\u00e4mme ovat myyt\u00e4v\u00e4n\u00e4, ota yhteytt\u00e4, jos haluat ostaa py\u00f6r\u00e4n. Py\u00f6r\u00e4t ovat k\u00e4ytettyj\u00e4 mutta hyv\u00e4kuntoisia. Py\u00f6rien ostoon liittyen ota yhteytt\u00e4: info (at) talmaski.fi. Maastopy\u00f6r\u00e4ilyyn soveltuvat s\u00e4hk\u00f6py\u00f6r\u00e4t (ei hissipy\u00f6r\u00e4ilyyn): Whistle Bison Gen2 Etujousitettu s\u00e4hk\u00f6fatbike, 4&#8243; leve\u00e4t py\u00f6r\u00e4t Tunturi e260 Etujousitettu s\u00e4hk\u00f6maastopy\u00f6r\u00e4 Nuorille 9v. alkaen, 26-tuumainen Tunturi eMax Etujousitettu s\u00e4hk\u00f6fatbike<\/p>","protected":false},"author":3,"featured_media":0,"parent":25,"menu_order":0,"comment_status":"closed","ping_status":"closed","template":"","meta":{"footnotes":""},"class_list":["post-262","page","type-page","status-publish","hentry"],"_links":{"self":[{"href":"https:\/\/talmaski.fi\/en\/wp-json\/wp\/v2\/pages\/262","targetHints":{"allow":["GET"]}}],"collection":[{"href":"https:\/\/talmaski.fi\/en\/wp-json\/wp\/v2\/pages"}],"about":[{"href":"https:\/\/talmaski.fi\/en\/wp-json\/wp\/v2\/types\/page"}],"author":[{"embeddable":true,"href":"https:\/\/talmaski.fi\/en\/wp-json\/wp\/v2\/users\/3"}],"replies":[{"embeddable":true,"href":"https:\/\/talmaski.fi\/en\/wp-json\/wp\/v2\/comments?post=262"}],"version-history":[{"count":32,"href":"https:\/\/talmaski.fi\/en\/wp-json\/wp\/v2\/pages\/262\/revisions"}],"predecessor-version":[{"id":4410,"href":"https:\/\/talmaski.fi\/en\/wp-json\/wp\/v2\/pages\/262\/revisions\/4410"}],"up":[{"embeddable":true,"href":"https:\/\/talmaski.fi\/en\/wp-json\/wp\/v2\/pages\/25"}],"wp:attachment":[{"href":"https:\/\/talmaski.fi\/en\/wp-json\/wp\/v2\/media?parent=262"}],"curies":[{"name":"wp","href":"https:\/\/api.w.org\/{rel}","templated":true}]}}