{"id":2621,"date":"2023-11-28T21:46:56","date_gmt":"2023-11-28T19:46:56","guid":{"rendered":"https:\/\/talmaski.fi\/?page_id=2621"},"modified":"2025-11-30T16:32:26","modified_gmt":"2025-11-30T14:32:26","slug":"joulukalenteri","status":"publish","type":"page","link":"https:\/\/talmaski.fi\/en\/joulukalenteri\/","title":{"rendered":"Christmas calendar"},"content":{"rendered":"<p>Talman suosittu joulukalenteri tulee taas! Uusi luukku aukeaa joka p\u00e4iv\u00e4 kello 8.00 aina jouluaattoon saakka! Luvassa tuttuun tapaan hyvi\u00e4 tarjouksia hissilipuista, v\u00e4lineist\u00e4 ja tietenkin ravintolasta! Tarjoukset voimassa 25.12.2025 saakka ellei muuta mainita tai niin kauan kun tavaraa riitt\u00e4\u00e4!<\/p>\n\n\n\n<p>You can download <a href=\"https:\/\/talmaski.fi\/wp-content\/uploads\/2023\/11\/Talma-Ski-Lahjakorttipohja.pdf\" target=\"_blank\" rel=\"noreferrer noopener\">gift card template<\/a> which you can fill out yourself and give as a gift. In this case, the recipient of the gift can pick up the Christmas present himself at Talma&#039;s ticket office.<\/p>\n\n\n\n<iframe loading=\"lazy\" src=\"https:\/\/app.myadvent.net\/calendar?id=5uztglf3d4jhfk64bndftygk0qj46156\" class=\"myadvent-calendar\" frameborder=\"0\" scrolling=\"no\" width=\"600\" height=\"400\" style=\"width: 100%; min-height: 600px\"><\/iframe><script src=\"https:\/\/www.myadvent.net\/embed\/autoResize_2.0.1.min.js\"><\/script>\n\n\n\n<p><\/p>","protected":false},"excerpt":{"rendered":"<p>Talman suosittu joulukalenteri tulee taas! Uusi luukku aukeaa joka p\u00e4iv\u00e4 kello 8.00 aina jouluaattoon saakka! Luvassa tuttuun tapaan hyvi\u00e4 tarjouksia hissilipuista, v\u00e4lineist\u00e4 ja tietenkin ravintolasta! Tarjoukset voimassa 25.12.2025 saakka ellei muuta mainita tai niin kauan kun tavaraa riitt\u00e4\u00e4! Voit ladata lahjakorttipohjan jonka voit itse t\u00e4ytt\u00e4\u00e4 ja antaa lahjaksi. T\u00e4ll\u00f6in lahjan [&hellip;]<\/p>","protected":false},"author":3,"featured_media":0,"parent":0,"menu_order":0,"comment_status":"closed","ping_status":"closed","template":"","meta":{"footnotes":""},"class_list":["post-2621","page","type-page","status-publish","hentry"],"_links":{"self":[{"href":"https:\/\/talmaski.fi\/en\/wp-json\/wp\/v2\/pages\/2621","targetHints":{"allow":["GET"]}}],"collection":[{"href":"https:\/\/talmaski.fi\/en\/wp-json\/wp\/v2\/pages"}],"about":[{"href":"https:\/\/talmaski.fi\/en\/wp-json\/wp\/v2\/types\/page"}],"author":[{"embeddable":true,"href":"https:\/\/talmaski.fi\/en\/wp-json\/wp\/v2\/users\/3"}],"replies":[{"embeddable":true,"href":"https:\/\/talmaski.fi\/en\/wp-json\/wp\/v2\/comments?post=2621"}],"version-history":[{"count":9,"href":"https:\/\/talmaski.fi\/en\/wp-json\/wp\/v2\/pages\/2621\/revisions"}],"predecessor-version":[{"id":4629,"href":"https:\/\/talmaski.fi\/en\/wp-json\/wp\/v2\/pages\/2621\/revisions\/4629"}],"wp:attachment":[{"href":"https:\/\/talmaski.fi\/en\/wp-json\/wp\/v2\/media?parent=2621"}],"curies":[{"name":"wp","href":"https:\/\/api.w.org\/{rel}","templated":true}]}}