{"id":2668,"date":"2023-12-05T12:36:13","date_gmt":"2023-12-05T10:36:13","guid":{"rendered":"https:\/\/talmaski.fi\/?page_id=2668"},"modified":"2026-04-01T13:04:13","modified_gmt":"2026-04-01T10:04:13","slug":"tapahtumakalenteri","status":"publish","type":"page","link":"https:\/\/talmaski.fi\/en\/tapahtumakalenteri\/","title":{"rendered":"Event calendar 2025-2026"},"content":{"rendered":"<figure class=\"wp-block-table\"><table><tbody><tr><td><strong>P\u00e4iv\u00e4m\u00e4\u00e4r\u00e4<\/strong><\/td><td><strong>Tapahtuma<\/strong><\/td><td><strong>Lis\u00e4tiedot<\/strong><\/td><\/tr><tr><td>Lauantai 13.12.2025<\/td><td>Helsingin Lumilautailijat Master of Talma 1. osakilpailu: Railjam.<\/td><td><a href=\"https:\/\/helsinginlumilautailijat.fi\/tapahtuma\/master-of-talma-railjam-2\/\" data-type=\"link\" data-id=\"https:\/\/helsinginlumilautailijat.fi\/tapahtuma\/master-of-talma-railjam-2\/\" target=\"_blank\" rel=\"noreferrer noopener\">Lis\u00e4tiedot<\/a><\/td><\/tr><tr><td>Lauantai 10.1.2026<\/td><td>Uuden rinteen ja tuolihissin viralliset avajaiset. Klo 10 nauhanleikkaus ja hissi virallisesti k\u00e4ytt\u00f6\u00f6n. Klo 11 alkaen makkaraa ja kuumaa mehua 300 ensimm\u00e4iselle. Klo 11 alkaen uudessa rinteess\u00e4 kaksi pujottelukilpailua (ilmoittautuminen paikan p\u00e4\u00e4ll\u00e4). <\/td><td><\/td><\/tr><tr><td>Lauantai 17.1.2026<\/td><td>Moe Ski Tour Slopestyle kilpailut<\/td><td><a href=\"https:\/\/www.moebius.fi\/skitour\" data-type=\"link\" data-id=\"https:\/\/www.moebius.fi\/skitour\" target=\"_blank\" rel=\"noreferrer noopener\">Lis\u00e4tiedot<\/a><\/td><\/tr><tr><td>Sunnuntai 18.1.2026<\/td><td>Kansallinen laskup\u00e4iv\u00e4<br>Talman hiihtokoulussa 50min kokeilutunteja sek\u00e4 suksilla ett\u00e4 laudalla eri-ik\u00e4isille 15\u20ac\/hl\u00f6 (+tarvittaessa v\u00e4linevuokra 16\u20ac\/hl\u00f6). Lis\u00e4ksi 18.1.2026 asti kaikkiin uusiin yksityistuntivarauksiin alennus: kahden hengen 100min yksityistunti yhden hengen hinnalla (110\u20ac\/2hl\u00f6), kolmen hengen 100min yksityistunti kahden hengen hinnalla (145\u20ac\/3hl\u00f6) ja nelj\u00e4n hengen 100min yksityistunti kolmen hengen hinnalla (180\u20ac\/3hl\u00f6). Varaukset verkkokaupassa ennakkoon: <a href=\"http:\/\/talma.axess.fi\/kurssit\/\">talma.axess.fi\/kurssit\/<\/a><br>Werneri Parkissa lapsille suunnattu teatteriesitys ulkona ja Werneri -maskotti vierailee my\u00f6s p\u00e4iv\u00e4n mittaa useaan kertaan (sis. Werneri Park lipun hintaan)<\/td><td><\/td><\/tr><tr><td>Lauantai 24.1.2026<\/td><td>Helsingin Lumilautailijat Master of Talma 1. osakilpailu: Railjam<br><br>Talma x Laajis vaihtop\u00e4iv\u00e4, Talman kausikortilla ilmaiseksi Laajikseen laskemaan ja toisinp\u00e4in. Etu koskee vain henkil\u00f6kohtaista t\u00e4ytt\u00e4 kausikorttia, ei koske Werneri Park ja firma kausikorttia. Lippuj\u00e4rjestelm\u00e4n kortti lunastettava itse.<\/td><td><\/td><\/tr><tr><td>Lauantai 7.2.2026<\/td><td>Helsingin Lumilautailijat Master of Talma 2. osakilpailu: Slopestyle.<\/td><td><a href=\"https:\/\/helsinginlumilautailijat.fi\/tapahtuma\/master-of-talma-slopestyle-2\/\" target=\"_blank\" rel=\"noreferrer noopener\">Lis\u00e4tiedot<\/a><\/td><\/tr><tr><td>Lauantai 28.2.2026<\/td><td>Lumilautailun halfpipen SM-kilpailut \/ Helsingin Lumilautailijat Master of Talma 3. osakilpailu: Halfpipe<\/td><td><a href=\"https:\/\/www.fsa.fi\/tapahtumat\/suomi-cup-talma\" target=\"_blank\" rel=\"noreferrer noopener\">Lis\u00e4tiedot<\/a><\/td><\/tr><tr><td>Sunnuntai 1.3.2026<\/td><td>Hike the pipe<\/td><td><a href=\"https:\/\/helsinginlumilautailijat.fi\/tapahtuma\/master-of-talma-halfpipe-2\/\" target=\"_blank\" rel=\"noreferrer noopener\">Lis\u00e4tiedot<\/a><\/td><\/tr><tr><td>Lauantai 28.3.2026<\/td><td>Moe Ski Tour Slopestyle kilpailut<\/td><td><a href=\"https:\/\/www.moebius.fi\/skitour\" data-type=\"link\" data-id=\"https:\/\/www.moebius.fi\/skitour\" target=\"_blank\" rel=\"noreferrer noopener\">Lis\u00e4tiedot<\/a><\/td><\/tr><\/tbody><\/table><\/figure>\n\n\n\n<p><\/p>\n\n\n\n<p><strong>Koko kauden l\u00e4pi kulkevat kamppanjat (ei voimassa arki-pyhin\u00e4, viikolla 52, 1 ja 8 eik\u00e4 koske Werneri Parkia eik\u00e4 pop-up parkkia):<\/strong><br><br>Bring a friend monday: two evening tickets for the price of one.<br>Kausarikeskiviikko 21.1. alkaen: kausikortilla m\u00e4keen jo kello 14:00. Huom. Lipunmyynti, vuokraamo ja ravintola ei auki kello 14-16:00.<br>Student Fridays: two weekday tickets for the price of one. Note! Both require valid student cards.<\/p>\n\n\n\n<p><\/p>\n\n\n\n<p><\/p>","protected":false},"excerpt":{"rendered":"<p>P\u00e4iv\u00e4m\u00e4\u00e4r\u00e4 Tapahtuma Lis\u00e4tiedot Lauantai 13.12.2025 Helsingin Lumilautailijat Master of Talma 1. osakilpailu: Railjam. Lis\u00e4tiedot Lauantai 10.1.2026 Uuden rinteen ja tuolihissin viralliset avajaiset. Klo 10 nauhanleikkaus ja hissi virallisesti k\u00e4ytt\u00f6\u00f6n. Klo 11 alkaen makkaraa ja kuumaa mehua 300 ensimm\u00e4iselle. Klo 11 alkaen uudessa rinteess\u00e4 kaksi pujottelukilpailua (ilmoittautuminen paikan p\u00e4\u00e4ll\u00e4). Lauantai 17.1.2026 [&hellip;]<\/p>","protected":false},"author":3,"featured_media":0,"parent":0,"menu_order":0,"comment_status":"closed","ping_status":"closed","template":"","meta":{"footnotes":""},"class_list":["post-2668","page","type-page","status-publish","hentry"],"_links":{"self":[{"href":"https:\/\/talmaski.fi\/en\/wp-json\/wp\/v2\/pages\/2668","targetHints":{"allow":["GET"]}}],"collection":[{"href":"https:\/\/talmaski.fi\/en\/wp-json\/wp\/v2\/pages"}],"about":[{"href":"https:\/\/talmaski.fi\/en\/wp-json\/wp\/v2\/types\/page"}],"author":[{"embeddable":true,"href":"https:\/\/talmaski.fi\/en\/wp-json\/wp\/v2\/users\/3"}],"replies":[{"embeddable":true,"href":"https:\/\/talmaski.fi\/en\/wp-json\/wp\/v2\/comments?post=2668"}],"version-history":[{"count":34,"href":"https:\/\/talmaski.fi\/en\/wp-json\/wp\/v2\/pages\/2668\/revisions"}],"predecessor-version":[{"id":5020,"href":"https:\/\/talmaski.fi\/en\/wp-json\/wp\/v2\/pages\/2668\/revisions\/5020"}],"wp:attachment":[{"href":"https:\/\/talmaski.fi\/en\/wp-json\/wp\/v2\/media?parent=2668"}],"curies":[{"name":"wp","href":"https:\/\/api.w.org\/{rel}","templated":true}]}}