{"id":2681,"date":"2025-12-22T15:08:44","date_gmt":"2025-12-22T13:08:44","guid":{"rendered":"https:\/\/talmaski.fi\/?page_id=2681"},"modified":"2025-12-22T15:08:44","modified_gmt":"2025-12-22T13:08:44","slug":"kouluttaudu-hiihdonopettajaksi","status":"publish","type":"page","link":"https:\/\/talmaski.fi\/en\/kouluttaudu-hiihdonopettajaksi\/","title":{"rendered":"Train as a ski instructor"},"content":{"rendered":"<figure class=\"wp-block-image size-large\"><img loading=\"lazy\" decoding=\"async\" width=\"1060\" height=\"1500\" src=\"https:\/\/talmaski.fi\/wp-content\/uploads\/2025\/12\/opettajaksi-2026-tammikuu-1060x1500.jpg\" alt=\"\" class=\"wp-image-4690\" srcset=\"https:\/\/talmaski.fi\/wp-content\/uploads\/2025\/12\/opettajaksi-2026-tammikuu-1060x1500.jpg 1060w, https:\/\/talmaski.fi\/wp-content\/uploads\/2025\/12\/opettajaksi-2026-tammikuu-424x600.jpg 424w, https:\/\/talmaski.fi\/wp-content\/uploads\/2025\/12\/opettajaksi-2026-tammikuu-768x1086.jpg 768w, https:\/\/talmaski.fi\/wp-content\/uploads\/2025\/12\/opettajaksi-2026-tammikuu-1086x1536.jpg 1086w, https:\/\/talmaski.fi\/wp-content\/uploads\/2025\/12\/opettajaksi-2026-tammikuu-1448x2048.jpg 1448w, https:\/\/talmaski.fi\/wp-content\/uploads\/2025\/12\/opettajaksi-2026-tammikuu-8x12.jpg 8w, https:\/\/talmaski.fi\/wp-content\/uploads\/2025\/12\/opettajaksi-2026-tammikuu-scaled.jpg 1810w\" sizes=\"auto, (max-width: 1060px) 100vw, 1060px\" \/><\/figure>\n\n\n\n<p>J\u00e4rjest\u00e4mme Talmassa SHKY:n alppihiihdon ja lumilautailun 1-tason opettajakurssit tammikuussa 2026.<br><br>Aikataulu pe-su 30.1-1.2. ja pe-su 6-8.2.2026 + ennen kurssia ennakkoteht\u00e4v\u00e4t Moodlessa alkavat kaksi viikkoa ennen kurssia. Perjantait ovat puolikkaita p\u00e4ivi\u00e4 ja la-su t\u00e4ysi\u00e4 p\u00e4ivi\u00e4.<\/p>\n\n\n\n<p><br>The requirement is good numeracy and an interest in teaching work and, above all, in working with children.<br>Kurssin j\u00e4lkeen mahdollisuus ty\u00f6llisty\u00e4 hiihtokouluissa opetusty\u00f6h\u00f6n.<br>Alpine ski\/snowboard equipment and a helmet are required for the course.<\/p>\n\n\n\n<p><br>Educators<br>Jari Haapala, snowboard<br>Juha Verona, alpine<\/p>\n\n\n\n<p><br>Kurssin hinta 450\u20ac<br>The age limit for the course is 17 years.<\/p>\n\n\n\n<p><br>More information about the course and registration for skiing lessons at talmaski.fi or 044 574 9070<\/p>","protected":false},"excerpt":{"rendered":"<p>J\u00e4rjest\u00e4mme Talmassa SHKY:n alppihiihdon ja lumilautailun 1-tason opettajakurssit tammikuussa 2026. Aikataulu pe-su 30.1-1.2. ja pe-su 6-8.2.2026 + ennen kurssia ennakkoteht\u00e4v\u00e4t Moodlessa alkavat kaksi viikkoa ennen kurssia. Perjantait ovat puolikkaita p\u00e4ivi\u00e4 ja la-su t\u00e4ysi\u00e4 p\u00e4ivi\u00e4. Vaatimuksena hyv\u00e4 laskutaito ja kiinnostus opetusty\u00f6h\u00f6n sek\u00e4 ennen kaikkea lasten kanssa toimimiseen.Kurssin j\u00e4lkeen mahdollisuus ty\u00f6llisty\u00e4 hiihtokouluissa [&hellip;]<\/p>","protected":false},"author":3,"featured_media":0,"parent":0,"menu_order":0,"comment_status":"closed","ping_status":"closed","template":"","meta":{"footnotes":""},"class_list":["post-2681","page","type-page","status-publish","hentry"],"_links":{"self":[{"href":"https:\/\/talmaski.fi\/en\/wp-json\/wp\/v2\/pages\/2681","targetHints":{"allow":["GET"]}}],"collection":[{"href":"https:\/\/talmaski.fi\/en\/wp-json\/wp\/v2\/pages"}],"about":[{"href":"https:\/\/talmaski.fi\/en\/wp-json\/wp\/v2\/types\/page"}],"author":[{"embeddable":true,"href":"https:\/\/talmaski.fi\/en\/wp-json\/wp\/v2\/users\/3"}],"replies":[{"embeddable":true,"href":"https:\/\/talmaski.fi\/en\/wp-json\/wp\/v2\/comments?post=2681"}],"version-history":[{"count":10,"href":"https:\/\/talmaski.fi\/en\/wp-json\/wp\/v2\/pages\/2681\/revisions"}],"predecessor-version":[{"id":4692,"href":"https:\/\/talmaski.fi\/en\/wp-json\/wp\/v2\/pages\/2681\/revisions\/4692"}],"wp:attachment":[{"href":"https:\/\/talmaski.fi\/en\/wp-json\/wp\/v2\/media?parent=2681"}],"curies":[{"name":"wp","href":"https:\/\/api.w.org\/{rel}","templated":true}]}}