{"id":28,"date":"2022-08-01T12:16:10","date_gmt":"2022-08-01T09:16:10","guid":{"rendered":"http:\/\/talmaski.fi\/2022\/?page_id=28"},"modified":"2026-05-07T11:38:24","modified_gmt":"2026-05-07T08:38:24","slug":"ravintolapalvelut","status":"publish","type":"page","link":"https:\/\/talmaski.fi\/en\/ravintolapalvelut\/","title":{"rendered":"Restaurant services"},"content":{"rendered":"<p>Talma\u2019s slope restaurant underwent a complete transformation in the autumn of 2022 \u2013 including both the interior and the menu. Restaurant Sn\u00f6 Kitchen &amp; Bar is run by top professionals in the industry. Restaurateur Eemeli Liljestr\u00f6m has built a career in food for over 20 years, with highlights including working in a <strong>Michelin-starred kitchen<\/strong> and providing catering for the legendary Vesku Loiri through his own catering company. We can proudly state that Talma is home to <strong>one of the best slope restaurants in Finland! <\/strong><\/p>\n\n\n\n<blockquote class=\"wp-block-quote is-layout-flow wp-block-quote-is-layout-flow\">\n<p>\u201dThe selection is high-quality, fresh, and delicious \u2013 the atmosphere is wonderful and the service is cheerful.\u201d<\/p>\n\n\n\n<figure class=\"wp-block-gallery has-nested-images columns-default is-cropped wp-block-gallery-1 is-layout-flex wp-block-gallery-is-layout-flex\">\n<figure class=\"wp-block-image size-full\"><img loading=\"lazy\" decoding=\"async\" width=\"2048\" height=\"1365\" data-id=\"5340\" src=\"https:\/\/talmaski.fi\/wp-content\/uploads\/2026\/05\/sno-kitchen-bar-talma-ruoka.jpeg\" alt=\"laadukas annos talman sn\u00f6 kitchen &amp; bar -ravintolassa\" class=\"wp-image-5340\" srcset=\"https:\/\/talmaski.fi\/wp-content\/uploads\/2026\/05\/sno-kitchen-bar-talma-ruoka.jpeg 2048w, https:\/\/talmaski.fi\/wp-content\/uploads\/2026\/05\/sno-kitchen-bar-talma-ruoka-600x400.jpeg 600w, https:\/\/talmaski.fi\/wp-content\/uploads\/2026\/05\/sno-kitchen-bar-talma-ruoka-1500x1000.jpeg 1500w, https:\/\/talmaski.fi\/wp-content\/uploads\/2026\/05\/sno-kitchen-bar-talma-ruoka-768x512.jpeg 768w, https:\/\/talmaski.fi\/wp-content\/uploads\/2026\/05\/sno-kitchen-bar-talma-ruoka-1536x1024.jpeg 1536w, https:\/\/talmaski.fi\/wp-content\/uploads\/2026\/05\/sno-kitchen-bar-talma-ruoka-18x12.jpeg 18w, https:\/\/talmaski.fi\/wp-content\/uploads\/2026\/05\/sno-kitchen-bar-talma-ruoka-360x240.jpeg 360w\" sizes=\"auto, (max-width: 2048px) 100vw, 2048px\" \/><\/figure>\n\n\n\n<figure class=\"wp-block-image size-large\"><img loading=\"lazy\" decoding=\"async\" width=\"512\" height=\"512\" data-id=\"5342\" src=\"https:\/\/talmaski.fi\/wp-content\/uploads\/2026\/05\/talma-sno-ravintolasali.jpg\" alt=\"sn\u00f6 kitchen &amp; bar ravintolasali talmassa\" class=\"wp-image-5342\" srcset=\"https:\/\/talmaski.fi\/wp-content\/uploads\/2026\/05\/talma-sno-ravintolasali.jpg 512w, https:\/\/talmaski.fi\/wp-content\/uploads\/2026\/05\/talma-sno-ravintolasali-150x150.jpg 150w, https:\/\/talmaski.fi\/wp-content\/uploads\/2026\/05\/talma-sno-ravintolasali-12x12.jpg 12w\" sizes=\"auto, (max-width: 512px) 100vw, 512px\" \/><\/figure>\n\n\n\n<figure class=\"wp-block-image size-large\"><img loading=\"lazy\" decoding=\"async\" width=\"1500\" height=\"1000\" data-id=\"5341\" src=\"https:\/\/talmaski.fi\/wp-content\/uploads\/2026\/05\/talma-sno-laadukas-annos-1500x1000.jpeg\" alt=\"tuoretta ja herkullista ruokaa talman rinneravintolassa\" class=\"wp-image-5341\" srcset=\"https:\/\/talmaski.fi\/wp-content\/uploads\/2026\/05\/talma-sno-laadukas-annos-1500x1000.jpeg 1500w, https:\/\/talmaski.fi\/wp-content\/uploads\/2026\/05\/talma-sno-laadukas-annos-600x400.jpeg 600w, https:\/\/talmaski.fi\/wp-content\/uploads\/2026\/05\/talma-sno-laadukas-annos-768x512.jpeg 768w, https:\/\/talmaski.fi\/wp-content\/uploads\/2026\/05\/talma-sno-laadukas-annos-1536x1024.jpeg 1536w, https:\/\/talmaski.fi\/wp-content\/uploads\/2026\/05\/talma-sno-laadukas-annos-18x12.jpeg 18w, https:\/\/talmaski.fi\/wp-content\/uploads\/2026\/05\/talma-sno-laadukas-annos-360x240.jpeg 360w, https:\/\/talmaski.fi\/wp-content\/uploads\/2026\/05\/talma-sno-laadukas-annos.jpeg 2048w\" sizes=\"auto, (max-width: 1500px) 100vw, 1500px\" \/><\/figure>\n<\/figure>\n<\/blockquote>\n\n\n\n<h2 class=\"wp-block-heading\">Good food \u2013 in winter and summer<\/h2>\n\n\n\n<p>Sn\u00f6 serves during the slopes' opening hours in the winter season and welcomes adventure park guests in the summer. Come and enjoy lunch in the middle of skiing or at the end of a summer day \u2013 the food is always fresh and high-quality, far from the typical slope restaurant clich\u00e9s. <\/p>\n\n\n\n<p>You can find the menu, opening hours, and contact information on the restaurant's own pages <a href=\"http:\/\/www.ravintolasno.fi\" data-type=\"URL\" data-id=\"www.ravintolasno.fi\" target=\"_blank\" rel=\"noreferrer noopener\">here.<\/a><\/p>\n\n\n\n<figure class=\"wp-block-gallery has-nested-images columns-default is-cropped wp-block-gallery-2 is-layout-flex wp-block-gallery-is-layout-flex\">\n<figure class=\"wp-block-image size-full\"><img loading=\"lazy\" decoding=\"async\" width=\"611\" height=\"609\" data-id=\"5343\" src=\"https:\/\/talmaski.fi\/wp-content\/uploads\/2026\/05\/talma-sno-ryhmaruokailu.jpg\" alt=\"ryhm\u00e4menu talman ravintolassa - r\u00e4\u00e4t\u00e4l\u00f6ity yritysruokailu\" class=\"wp-image-5343\" srcset=\"https:\/\/talmaski.fi\/wp-content\/uploads\/2026\/05\/talma-sno-ryhmaruokailu.jpg 611w, https:\/\/talmaski.fi\/wp-content\/uploads\/2026\/05\/talma-sno-ryhmaruokailu-600x598.jpg 600w, https:\/\/talmaski.fi\/wp-content\/uploads\/2026\/05\/talma-sno-ryhmaruokailu-150x150.jpg 150w, https:\/\/talmaski.fi\/wp-content\/uploads\/2026\/05\/talma-sno-ryhmaruokailu-12x12.jpg 12w\" sizes=\"auto, (max-width: 611px) 100vw, 611px\" \/><\/figure>\n\n\n\n<figure class=\"wp-block-image size-large\"><img loading=\"lazy\" decoding=\"async\" width=\"1500\" height=\"1481\" data-id=\"5344\" src=\"https:\/\/talmaski.fi\/wp-content\/uploads\/2026\/05\/sno-kitchen-bar-miljoo-1500x1481.jpg\" alt=\"sn\u00f6 kitchen &amp; bar upea milj\u00f6\u00f6 talma ski alueella\" class=\"wp-image-5344\" srcset=\"https:\/\/talmaski.fi\/wp-content\/uploads\/2026\/05\/sno-kitchen-bar-miljoo-1500x1481.jpg 1500w, https:\/\/talmaski.fi\/wp-content\/uploads\/2026\/05\/sno-kitchen-bar-miljoo-600x593.jpg 600w, https:\/\/talmaski.fi\/wp-content\/uploads\/2026\/05\/sno-kitchen-bar-miljoo-768x758.jpg 768w, https:\/\/talmaski.fi\/wp-content\/uploads\/2026\/05\/sno-kitchen-bar-miljoo-1536x1517.jpg 1536w, https:\/\/talmaski.fi\/wp-content\/uploads\/2026\/05\/sno-kitchen-bar-miljoo-2048x2023.jpg 2048w, https:\/\/talmaski.fi\/wp-content\/uploads\/2026\/05\/sno-kitchen-bar-miljoo-12x12.jpg 12w\" sizes=\"auto, (max-width: 1500px) 100vw, 1500px\" \/><\/figure>\n\n\n\n<figure class=\"wp-block-image size-large\"><img loading=\"lazy\" decoding=\"async\" width=\"974\" height=\"929\" data-id=\"5345\" src=\"https:\/\/talmaski.fi\/wp-content\/uploads\/2026\/05\/talma-rinneravintola-yritysryhma.jpeg\" alt=\"yritysryhm\u00e4 ruokailu talman sn\u00f6 ravintolassa\" class=\"wp-image-5345\" srcset=\"https:\/\/talmaski.fi\/wp-content\/uploads\/2026\/05\/talma-rinneravintola-yritysryhma.jpeg 974w, https:\/\/talmaski.fi\/wp-content\/uploads\/2026\/05\/talma-rinneravintola-yritysryhma-600x572.jpeg 600w, https:\/\/talmaski.fi\/wp-content\/uploads\/2026\/05\/talma-rinneravintola-yritysryhma-768x733.jpeg 768w, https:\/\/talmaski.fi\/wp-content\/uploads\/2026\/05\/talma-rinneravintola-yritysryhma-13x12.jpeg 13w\" sizes=\"auto, (max-width: 974px) 100vw, 974px\" \/><\/figure>\n<\/figure>\n\n\n\n<h2 class=\"wp-block-heading\">Tailored catering for companies and groups<\/h2>\n\n\n\n<p>Corporate groups and other parties can book their meals from a variety of ready-made group menus or have them completely customized to their wishes. Our group menus are in a league of their own compared to typical slope restaurants \u2013 as proven during many team-building days and corporate events. <\/p>\n\n\n\n<p>Dining fits perfectly as part of Talma\u2019s activity services. Check out our<a href=\"https:\/\/talmaski.fi\/en\/yritykset-ja-ryhmat\/\"> services for companies and groups<\/a> <\/p>","protected":false},"excerpt":{"rendered":"<p>Talman rinneravintola uudistui syksyll\u00e4 2022 &#8211; niin sisustus kuin tarjontakin. Ravintola Sn\u00f6 kitchen &amp; bar toimii alan huippuammattilaisten k\u00e4siss\u00e4. Ravintoloitsija Eemeli Liljestr\u00f6m on tehnyt yli 20 vuoden uran ruoan parissa, huippuhetkin\u00e4\u00e4n ty\u00f6skentely Michelin-t\u00e4hdell\u00e4 palkitussa keitti\u00f6ss\u00e4 ja oman catering yrityksen tarjoilut Vesku Loirin juhlissa. Voimmekin ylpe\u00e4sti todeta, ett\u00e4 Talmassa toimii Suomen [&hellip;]<\/p>","protected":false},"author":1,"featured_media":674,"parent":0,"menu_order":0,"comment_status":"closed","ping_status":"closed","template":"","meta":{"_uag_custom_page_level_css":"","footnotes":""},"class_list":["post-28","page","type-page","status-publish","has-post-thumbnail","hentry"],"uagb_featured_image_src":{"full":["https:\/\/talmaski.fi\/wp-content\/uploads\/2022\/10\/talman-ravintola-uudistuu.png",1772,591,false],"thumbnail":["https:\/\/talmaski.fi\/wp-content\/uploads\/2022\/10\/talman-ravintola-uudistuu-150x150.png",150,150,true],"medium":["https:\/\/talmaski.fi\/wp-content\/uploads\/2022\/10\/talman-ravintola-uudistuu-300x100.png",300,100,true],"medium_large":["https:\/\/talmaski.fi\/wp-content\/uploads\/2022\/10\/talman-ravintola-uudistuu-768x256.png",750,250,true],"large":["https:\/\/talmaski.fi\/wp-content\/uploads\/2022\/10\/talman-ravintola-uudistuu-1024x342.png",750,250,true],"1536x1536":["https:\/\/talmaski.fi\/wp-content\/uploads\/2022\/10\/talman-ravintola-uudistuu-1536x512.png",1536,512,true],"2048x2048":["https:\/\/talmaski.fi\/wp-content\/uploads\/2022\/10\/talman-ravintola-uudistuu.png",1772,591,false],"trp-custom-language-flag":["https:\/\/talmaski.fi\/wp-content\/uploads\/2022\/10\/talman-ravintola-uudistuu.png",18,6,false],"hestia-blog":["https:\/\/talmaski.fi\/wp-content\/uploads\/2022\/10\/talman-ravintola-uudistuu-360x240.png",360,240,true]},"uagb_author_info":{"display_name":"talma_admin","author_link":"https:\/\/talmaski.fi\/en\/author\/talma_admin\/"},"uagb_comment_info":0,"uagb_excerpt":"Talman rinneravintola uudistui syksyll\u00e4 2022 &#8211; niin sisustus kuin tarjontakin. Ravintola Sn\u00f6 kitchen &amp; bar toimii alan huippuammattilaisten k\u00e4siss\u00e4. Ravintoloitsija Eemeli Liljestr\u00f6m on tehnyt yli 20 vuoden uran ruoan parissa, huippuhetkin\u00e4\u00e4n ty\u00f6skentely Michelin-t\u00e4hdell\u00e4 palkitussa keitti\u00f6ss\u00e4 ja oman catering yrityksen tarjoilut Vesku Loirin juhlissa. Voimmekin ylpe\u00e4sti todeta, ett\u00e4 Talmassa toimii Suomen [&hellip;]","_links":{"self":[{"href":"https:\/\/talmaski.fi\/en\/wp-json\/wp\/v2\/pages\/28","targetHints":{"allow":["GET"]}}],"collection":[{"href":"https:\/\/talmaski.fi\/en\/wp-json\/wp\/v2\/pages"}],"about":[{"href":"https:\/\/talmaski.fi\/en\/wp-json\/wp\/v2\/types\/page"}],"author":[{"embeddable":true,"href":"https:\/\/talmaski.fi\/en\/wp-json\/wp\/v2\/users\/1"}],"replies":[{"embeddable":true,"href":"https:\/\/talmaski.fi\/en\/wp-json\/wp\/v2\/comments?post=28"}],"version-history":[{"count":28,"href":"https:\/\/talmaski.fi\/en\/wp-json\/wp\/v2\/pages\/28\/revisions"}],"predecessor-version":[{"id":5348,"href":"https:\/\/talmaski.fi\/en\/wp-json\/wp\/v2\/pages\/28\/revisions\/5348"}],"wp:featuredmedia":[{"embeddable":true,"href":"https:\/\/talmaski.fi\/en\/wp-json\/wp\/v2\/media\/674"}],"wp:attachment":[{"href":"https:\/\/talmaski.fi\/en\/wp-json\/wp\/v2\/media?parent=28"}],"curies":[{"name":"wp","href":"https:\/\/api.w.org\/{rel}","templated":true}]}}