{"id":29,"date":"2022-08-01T12:16:10","date_gmt":"2022-08-01T09:16:10","guid":{"rendered":"http:\/\/talmaski.fi\/2022\/?page_id=29"},"modified":"2025-09-23T14:30:15","modified_gmt":"2025-09-23T11:30:15","slug":"yhteystiedot","status":"publish","type":"page","link":"https:\/\/talmaski.fi\/en\/yhteystiedot\/","title":{"rendered":"Contact information"},"content":{"rendered":"<p>Contact information for Talma Ski skiresort and Talma Active Park adventure park<\/p>\n\n\n\n<p><strong>Address<\/strong>:<br>Talma Ski Oy<br>Talmantie 341, 04240 Sipoo<\/p>\n\n\n\n<p>email info (at) talmaski.fi (Note - only read on weekdays)<br><\/p>\n\n\n\n<p><strong>How to get here<\/strong><\/p>\n\n\n\n<p>Distance from Helsinki about 30km, Vantaa about 20km, Porvoo about 35km. We do not have Skibus transport. Public transport via <a href=\"https:\/\/reittiopas.hsl.fi\/etusivu\" target=\"_blank\" rel=\"noreferrer noopener\">HSL<\/a> <\/p>\n\n\n\n<ul class=\"wp-block-list\">\n<li>Nearest train station: Kerava train station about 6km<\/li>\n\n\n\n<li>Nearest bus stop on Kerava side: Sorsakorventie about 2km (stops Ke0512\/Ke0513, bus lines 978, 738)<\/li>\n\n\n\n<li>Nearest bus stop on Sipoo side: Martinkyl\u00e4n koulu about 1km (Si722\/Si723 stops , bus lines 984, 985)<\/li>\n<\/ul>\n\n\n\n<p><\/p>\n\n\n\n<p><strong>Ticket sales &amp; equipment rental:<\/strong>:<br>Contact: vuokraamo (at) talmaski.fi, phone 0400-716882 (only on slope opening times)<\/p>\n\n\n\n<p><strong>Adventure park:<\/strong><br>Phone 0400-716882 (only on park opening times)<\/p>\n\n\n\n<p><strong>Corporate events, group bookings<\/strong> <strong>and<\/strong> <strong>meetings<\/strong>: <br>hanna (at) talmaski.fi, phone 040-1281419 (weekdays 12-15)<\/p>\n\n\n\n<p><strong>Ski school<\/strong>:<br>Contact: email hiihdonopetus (at) talmaski.fi, phone 040-1281419 (during course times)<\/p>\n\n\n\n<p><strong>Restaurant SN\u00d6<\/strong>:<br>Homepage: <a href=\"https:\/\/ravintolasno.fi\/index.html\">ravintolasno.fi<\/a><br>Email info (at) ravintolasno.fi<br>Phone 0400-716856 (during restaurant opening times)<\/p>\n\n\n\n<hr class=\"wp-block-separator has-alpha-channel-opacity is-style-dots\"\/>\n\n\n\n<p><strong>BILLING ADDRESS<\/strong><\/p>\n\n\n\n<p><strong>Online invoicing:<\/strong><\/p>\n\n\n\n<p>Online invoice address 003724363690<br>Operator ID 003721291126<br>If your online invoice operator is a bank, e.g. Nordea, Osuuspankki, etc., the broker ID is DABAFIHH<\/p>\n\n\n\n<p>If you are unable to send online invoices, we ask that you deliver the purchase invoices directly to the scanning service in paper form or by e-mail according to the instructions below.<\/p>\n\n\n\n<p>Talma Ski Oy (2436369-0)<br>24363690<br>PL100<br>80020 Collector Scan<\/p>\n\n\n\n<p>invoice-24363690@kollektor.fi<\/p>","protected":false},"excerpt":{"rendered":"<p>Talma Ski laskettelukeskuksen ja Talma Active Park seikkailupuiston yhteystiedot Osoite:Talma Ski OyTalmantie 341, 04240 Sipoo S\u00e4hk\u00f6posti info (at) talmaski.fi (huom luetaan vain arkisin) Kulkuyhteydet Et\u00e4isyys Helsingist\u00e4 noin 30km, Vantaalta noin 20km, Porvoosta noin 35km. Skibus toimintaa Talmalla ei en\u00e4\u00e4 ole. Julkinen liikenne HSL reittiopas: Lipunmyynti &amp; v\u00e4linevuokraamo:vuokraamo (at) talmaski.fi, puhelinnumero [&hellip;]<\/p>","protected":false},"author":1,"featured_media":486,"parent":0,"menu_order":0,"comment_status":"closed","ping_status":"closed","template":"","meta":{"footnotes":""},"class_list":["post-29","page","type-page","status-publish","has-post-thumbnail","hentry"],"_links":{"self":[{"href":"https:\/\/talmaski.fi\/en\/wp-json\/wp\/v2\/pages\/29","targetHints":{"allow":["GET"]}}],"collection":[{"href":"https:\/\/talmaski.fi\/en\/wp-json\/wp\/v2\/pages"}],"about":[{"href":"https:\/\/talmaski.fi\/en\/wp-json\/wp\/v2\/types\/page"}],"author":[{"embeddable":true,"href":"https:\/\/talmaski.fi\/en\/wp-json\/wp\/v2\/users\/1"}],"replies":[{"embeddable":true,"href":"https:\/\/talmaski.fi\/en\/wp-json\/wp\/v2\/comments?post=29"}],"version-history":[{"count":45,"href":"https:\/\/talmaski.fi\/en\/wp-json\/wp\/v2\/pages\/29\/revisions"}],"predecessor-version":[{"id":4398,"href":"https:\/\/talmaski.fi\/en\/wp-json\/wp\/v2\/pages\/29\/revisions\/4398"}],"wp:featuredmedia":[{"embeddable":true,"href":"https:\/\/talmaski.fi\/en\/wp-json\/wp\/v2\/media\/486"}],"wp:attachment":[{"href":"https:\/\/talmaski.fi\/en\/wp-json\/wp\/v2\/media?parent=29"}],"curies":[{"name":"wp","href":"https:\/\/api.w.org\/{rel}","templated":true}]}}