{"id":339,"date":"2022-08-18T09:57:36","date_gmt":"2022-08-18T06:57:36","guid":{"rendered":"https:\/\/talmaski.fi\/2022\/?page_id=339"},"modified":"2026-05-08T13:56:24","modified_gmt":"2026-05-08T10:56:24","slug":"yritystapahtumat","status":"publish","type":"page","link":"https:\/\/talmaski.fi\/en\/yritykset-ja-ryhmat\/yritystapahtumat\/","title":{"rendered":"Corporate events"},"content":{"rendered":"<h2 class=\"wp-block-heading\"><strong>Virkistystapahtumat Talmassa<\/strong> &#8211; kes\u00e4 ja talvi<\/h2>\n\n\n\n<p>Talma on suosittu yritystilaisuuksien j\u00e4rjest\u00e4mispaikka Uudellamaalla. Monipuolinen tarjonta, toimiva kokonaisuus ja aito palvelu tekev\u00e4t tapahtuman j\u00e4rjest\u00e4misest\u00e4 helppoa &#8211; teid\u00e4n ei tarvitse mietti\u00e4 yksityiskohtia, me hoidamme ne. <\/p>\n\n\n\n<p>Palvelemme yrityksi\u00e4 ymp\u00e4ri vuoden. Kes\u00e4ll\u00e4 seikkailupuistomme tarjoaa aktiviteetteja isollekin porukalle, talvella rinteet ja Werneri Park luovat ainutlaatuisen talvisen kokemuksen. Monipuoliset ja toimivat tilat, kuten sauna, kokoustilat ja kota tarjoavat monia mahdollisuuksia tunnelmallisiin tapahtumiin. <\/p>\n\n\n\n<blockquote class=\"wp-block-quote is-layout-flow wp-block-quote-is-layout-flow\">\n<p>&#8221;Monipuolinen laskettelukeskus l\u00e4hell\u00e4 Helsinki\u00e4. Oli helppo ja huoleton paikka viett\u00e4\u00e4 yritystapahtumaa &#8211; voin suositella l\u00e4mpim\u00e4sti.&#8221; &#8211; yritysasiakas, talvinen perhep\u00e4iv\u00e4<\/p>\n<\/blockquote>\n\n\n\n<h2 class=\"wp-block-heading\">Kes\u00e4tapahtumat &#8211; seikkailupuisto, Amazing race ja sauna<\/h2>\n\n\n\n<p>Toukokuusta syyskuuhun Talmassa toimii seikkailupuisto monipuolisine aktiviteetteineen. Kes\u00e4 on suosituin aikamme yritystilaisuuksille &#8211; ja syyst\u00e4. Tekemist\u00e4 riitt\u00e4\u00e4 kaikenkuntoisille, ruoka on herkullista ja tunnelma rento. <\/p>\n\n\n\n<div class=\"wp-block-buttons is-layout-flex wp-block-buttons-is-layout-flex\">\n<div class=\"wp-block-button\"><a class=\"wp-block-button__link has-accent-background-color has-background wp-element-button\" href=\"https:\/\/talmaski.fi\/en\/yritykset-ja-ryhmat\/yritystapahtumat\/kesatapahtumat\/\">Katso kes\u00e4tapahtumat ja paketit<\/a><\/div>\n<\/div>\n\n\n\n<p><\/p>\n\n\n\n<h2 class=\"wp-block-heading\">Talvitapahtumat &#8211; laskettelu, pikkujoulut ja kotael\u00e4mys<\/h2>\n\n\n\n<p>Talvikaudella Talma tarjoaa raikasta laskettelua, iloisen Werneri Parkin lumipuuhailun, saunaillan sek\u00e4 pikkujoulut. Arki-illat ovat rauhallisia ja tunnelmallisia &#8211; ihanteellinen aika yrityksenne yhteiselle hetkelle. <\/p>\n\n\n\n<div class=\"wp-block-buttons is-layout-flex wp-block-buttons-is-layout-flex\">\n<div class=\"wp-block-button\"><a class=\"wp-block-button__link has-accent-background-color has-background wp-element-button\" href=\"https:\/\/talmaski.fi\/en\/yritykset-ja-ryhmat\/yritystapahtumat\/talvitapahtumat\/\">Katso talvitapahtumat ja paketit<\/a><\/div>\n<\/div>\n\n\n\n<p><\/p>\n\n\n\n<h2 class=\"wp-block-heading\">R\u00e4\u00e4t\u00e4l\u00f6imme tapahtuman juuri teille<\/h2>\n\n\n\n<p>Valmiit paketit helpottavat suunnittelua, mutta r\u00e4\u00e4t\u00e4l\u00f6imme mielell\u00e4mme juuri teid\u00e4n porukalle sopivan kokonaisuuden &#8211; ryhm\u00e4n koon, aikataulun ja toiveiden mukaan. <\/p>\n\n\n\n<p>Peirlle p\u00e4\u00e4see helposti omilla autoilla &#8211; parkkitilaa on runsaasti. Tarvittaessa voimme j\u00e4rjest\u00e4\u00e4 yhteiskuljetuksen yhteisty\u00f6kumppanimme kautta. <\/p>\n\n\n\n<p>hanna (at) talmaski.fi | puh. 040-1281419 | <a href=\"https:\/\/talmaski.fi\/en\/tarjouspyynto\/\">Tarjouspyynt\u00f6lomake<\/a><\/p>\n\n\n\n<p><\/p>\n\n\n\n<p><\/p>","protected":false},"excerpt":{"rendered":"<p>Virkistystapahtumat Talmassa &#8211; kes\u00e4 ja talvi Talma on suosittu yritystilaisuuksien j\u00e4rjest\u00e4mispaikka Uudellamaalla. Monipuolinen tarjonta, toimiva kokonaisuus ja aito palvelu tekev\u00e4t tapahtuman j\u00e4rjest\u00e4misest\u00e4 helppoa &#8211; teid\u00e4n ei tarvitse mietti\u00e4 yksityiskohtia, me hoidamme ne. Palvelemme yrityksi\u00e4 ymp\u00e4ri vuoden. Kes\u00e4ll\u00e4 seikkailupuistomme tarjoaa aktiviteetteja isollekin porukalle, talvella rinteet ja Werneri Park luovat ainutlaatuisen talvisen [&hellip;]<\/p>","protected":false},"author":3,"featured_media":570,"parent":121,"menu_order":0,"comment_status":"closed","ping_status":"closed","template":"","meta":{"_uag_custom_page_level_css":"","footnotes":""},"class_list":["post-339","page","type-page","status-publish","has-post-thumbnail","hentry"],"uagb_featured_image_src":{"full":["https:\/\/talmaski.fi\/wp-content\/uploads\/2022\/09\/tunnelmallinen-kota-elamys.jpg",2101,880,false],"thumbnail":["https:\/\/talmaski.fi\/wp-content\/uploads\/2022\/09\/tunnelmallinen-kota-elamys-150x150.jpg",150,150,true],"medium":["https:\/\/talmaski.fi\/wp-content\/uploads\/2022\/09\/tunnelmallinen-kota-elamys-300x126.jpg",300,126,true],"medium_large":["https:\/\/talmaski.fi\/wp-content\/uploads\/2022\/09\/tunnelmallinen-kota-elamys-768x322.jpg",750,314,true],"large":["https:\/\/talmaski.fi\/wp-content\/uploads\/2022\/09\/tunnelmallinen-kota-elamys-1024x429.jpg",750,314,true],"1536x1536":["https:\/\/talmaski.fi\/wp-content\/uploads\/2022\/09\/tunnelmallinen-kota-elamys-1536x643.jpg",1536,643,true],"2048x2048":["https:\/\/talmaski.fi\/wp-content\/uploads\/2022\/09\/tunnelmallinen-kota-elamys-2048x858.jpg",2048,858,true],"trp-custom-language-flag":["https:\/\/talmaski.fi\/wp-content\/uploads\/2022\/09\/tunnelmallinen-kota-elamys.jpg",18,8,false],"hestia-blog":["https:\/\/talmaski.fi\/wp-content\/uploads\/2022\/09\/tunnelmallinen-kota-elamys-360x240.jpg",360,240,true]},"uagb_author_info":{"display_name":"aleksi","author_link":"https:\/\/talmaski.fi\/en\/author\/aleksi\/"},"uagb_comment_info":0,"uagb_excerpt":"Virkistystapahtumat Talmassa &#8211; kes\u00e4 ja talvi Talma on suosittu yritystilaisuuksien j\u00e4rjest\u00e4mispaikka Uudellamaalla. Monipuolinen tarjonta, toimiva kokonaisuus ja aito palvelu tekev\u00e4t tapahtuman j\u00e4rjest\u00e4misest\u00e4 helppoa &#8211; teid\u00e4n ei tarvitse mietti\u00e4 yksityiskohtia, me hoidamme ne. Palvelemme yrityksi\u00e4 ymp\u00e4ri vuoden. Kes\u00e4ll\u00e4 seikkailupuistomme tarjoaa aktiviteetteja isollekin porukalle, talvella rinteet ja Werneri Park luovat ainutlaatuisen talvisen [&hellip;]","_links":{"self":[{"href":"https:\/\/talmaski.fi\/en\/wp-json\/wp\/v2\/pages\/339","targetHints":{"allow":["GET"]}}],"collection":[{"href":"https:\/\/talmaski.fi\/en\/wp-json\/wp\/v2\/pages"}],"about":[{"href":"https:\/\/talmaski.fi\/en\/wp-json\/wp\/v2\/types\/page"}],"author":[{"embeddable":true,"href":"https:\/\/talmaski.fi\/en\/wp-json\/wp\/v2\/users\/3"}],"replies":[{"embeddable":true,"href":"https:\/\/talmaski.fi\/en\/wp-json\/wp\/v2\/comments?post=339"}],"version-history":[{"count":171,"href":"https:\/\/talmaski.fi\/en\/wp-json\/wp\/v2\/pages\/339\/revisions"}],"predecessor-version":[{"id":5410,"href":"https:\/\/talmaski.fi\/en\/wp-json\/wp\/v2\/pages\/339\/revisions\/5410"}],"up":[{"embeddable":true,"href":"https:\/\/talmaski.fi\/en\/wp-json\/wp\/v2\/pages\/121"}],"wp:featuredmedia":[{"embeddable":true,"href":"https:\/\/talmaski.fi\/en\/wp-json\/wp\/v2\/media\/570"}],"wp:attachment":[{"href":"https:\/\/talmaski.fi\/en\/wp-json\/wp\/v2\/media?parent=339"}],"curies":[{"name":"wp","href":"https:\/\/api.w.org\/{rel}","templated":true}]}}