{"id":341,"date":"2022-08-18T09:57:51","date_gmt":"2022-08-18T06:57:51","guid":{"rendered":"https:\/\/talmaski.fi\/2022\/?page_id=341"},"modified":"2026-03-03T18:34:05","modified_gmt":"2026-03-03T16:34:05","slug":"koulut","status":"publish","type":"page","link":"https:\/\/talmaski.fi\/en\/yritykset-ja-ryhmat\/koulut\/","title":{"rendered":"Schools"},"content":{"rendered":"<p><em>Winter activities further down on the page. <\/em><\/p>\n\n\n\n<h2 class=\"wp-block-heading\">Talma's spring and autumn seasons for school groups<\/h2>\n\n\n\n<h2 class=\"wp-block-heading\">Class trip in adventure park<\/h2>\n\n\n\n<p><strong>Active and fun day at Talma adventure park!<\/strong><\/p>\n\n\n\n<p>Our adventure park's six climbing tracks of different levels offer excitement, challenges and fun exercise that develops motor skills. The price also includes entry to Werneri Park, where there are more fun activities, e.g. net climbing adventure that does not require a harness, trampolines, puzzle adventure, climbing wall, yard games etc. Our competent staff welcomes the group and gives comprehensive instructions with safety instructions, helps with safety equipment and supervises the climbing throughout the visit. It is good to reserve at least 3 hours for an adventure day. In addition to or instead of climbing, we have also a fast-paced guided paintball game, mini golf and disc golf and pirate treasure hunt.<\/p>\n\n\n\n<figure class=\"wp-block-gallery has-nested-images columns-default is-cropped wp-block-gallery-1 is-layout-flex wp-block-gallery-is-layout-flex\">\n<figure class=\"wp-block-image size-large\"><img loading=\"lazy\" decoding=\"async\" width=\"1024\" height=\"1024\" data-id=\"1005\" src=\"https:\/\/talmaski.fi\/wp-content\/uploads\/2022\/10\/syksy-seikkailupuistossa-1024x1024.jpg\" alt=\"\" class=\"wp-image-1005\" srcset=\"https:\/\/talmaski.fi\/wp-content\/uploads\/2022\/10\/syksy-seikkailupuistossa-1024x1024.jpg 1024w, https:\/\/talmaski.fi\/wp-content\/uploads\/2022\/10\/syksy-seikkailupuistossa-300x300.jpg 300w, https:\/\/talmaski.fi\/wp-content\/uploads\/2022\/10\/syksy-seikkailupuistossa-150x150.jpg 150w, https:\/\/talmaski.fi\/wp-content\/uploads\/2022\/10\/syksy-seikkailupuistossa-768x767.jpg 768w, https:\/\/talmaski.fi\/wp-content\/uploads\/2022\/10\/syksy-seikkailupuistossa-12x12.jpg 12w, https:\/\/talmaski.fi\/wp-content\/uploads\/2022\/10\/syksy-seikkailupuistossa.jpg 1154w\" sizes=\"auto, (max-width: 1024px) 100vw, 1024px\" \/><\/figure>\n\n\n\n<figure class=\"wp-block-image size-large\"><img loading=\"lazy\" decoding=\"async\" width=\"540\" height=\"540\" data-id=\"1004\" src=\"https:\/\/talmaski.fi\/wp-content\/uploads\/2022\/10\/liikuntaa-lapsille.jpg\" alt=\"\" class=\"wp-image-1004\" srcset=\"https:\/\/talmaski.fi\/wp-content\/uploads\/2022\/10\/liikuntaa-lapsille.jpg 540w, https:\/\/talmaski.fi\/wp-content\/uploads\/2022\/10\/liikuntaa-lapsille-300x300.jpg 300w, https:\/\/talmaski.fi\/wp-content\/uploads\/2022\/10\/liikuntaa-lapsille-150x150.jpg 150w, https:\/\/talmaski.fi\/wp-content\/uploads\/2022\/10\/liikuntaa-lapsille-12x12.jpg 12w\" sizes=\"auto, (max-width: 540px) 100vw, 540px\" \/><\/figure>\n\n\n\n<figure class=\"wp-block-image size-large\"><img loading=\"lazy\" decoding=\"async\" width=\"1013\" height=\"1024\" data-id=\"1015\" src=\"https:\/\/talmaski.fi\/wp-content\/uploads\/2022\/10\/paintball-varikuula-ryhmille-sipoo_2.jpeg\" alt=\"\" class=\"wp-image-1015\" srcset=\"https:\/\/talmaski.fi\/wp-content\/uploads\/2022\/10\/paintball-varikuula-ryhmille-sipoo_2.jpeg 1013w, https:\/\/talmaski.fi\/wp-content\/uploads\/2022\/10\/paintball-varikuula-ryhmille-sipoo_2-297x300.jpeg 297w, https:\/\/talmaski.fi\/wp-content\/uploads\/2022\/10\/paintball-varikuula-ryhmille-sipoo_2-768x776.jpeg 768w, https:\/\/talmaski.fi\/wp-content\/uploads\/2022\/10\/paintball-varikuula-ryhmille-sipoo_2-12x12.jpeg 12w\" sizes=\"auto, (max-width: 1013px) 100vw, 1013px\" \/><\/figure>\n\n\n\n<figure class=\"wp-block-image size-large\"><img loading=\"lazy\" decoding=\"async\" width=\"1024\" height=\"1024\" data-id=\"999\" src=\"https:\/\/talmaski.fi\/wp-content\/uploads\/2022\/10\/kivaa-puuhaa-kesalla-1024x1024.jpg\" alt=\"\" class=\"wp-image-999\" srcset=\"https:\/\/talmaski.fi\/wp-content\/uploads\/2022\/10\/kivaa-puuhaa-kesalla-1024x1024.jpg 1024w, https:\/\/talmaski.fi\/wp-content\/uploads\/2022\/10\/kivaa-puuhaa-kesalla-300x300.jpg 300w, https:\/\/talmaski.fi\/wp-content\/uploads\/2022\/10\/kivaa-puuhaa-kesalla-150x150.jpg 150w, https:\/\/talmaski.fi\/wp-content\/uploads\/2022\/10\/kivaa-puuhaa-kesalla-768x768.jpg 768w, https:\/\/talmaski.fi\/wp-content\/uploads\/2022\/10\/kivaa-puuhaa-kesalla-12x12.jpg 12w, https:\/\/talmaski.fi\/wp-content\/uploads\/2022\/10\/kivaa-puuhaa-kesalla.jpg 1181w\" sizes=\"auto, (max-width: 1024px) 100vw, 1024px\" \/><\/figure>\n\n\n\n<figure class=\"wp-block-image size-large\"><img loading=\"lazy\" decoding=\"async\" width=\"280\" height=\"300\" data-id=\"1007\" src=\"https:\/\/talmaski.fi\/wp-content\/uploads\/2022\/10\/tramppa.jpg\" alt=\"\" class=\"wp-image-1007\" srcset=\"https:\/\/talmaski.fi\/wp-content\/uploads\/2022\/10\/tramppa.jpg 280w, https:\/\/talmaski.fi\/wp-content\/uploads\/2022\/10\/tramppa-11x12.jpg 11w\" sizes=\"auto, (max-width: 280px) 100vw, 280px\" \/><\/figure>\n\n\n\n<figure class=\"wp-block-image size-large\"><img loading=\"lazy\" decoding=\"async\" width=\"720\" height=\"719\" data-id=\"1000\" src=\"https:\/\/talmaski.fi\/wp-content\/uploads\/2022\/10\/lapset-liikkumaan.jpg\" alt=\"\" class=\"wp-image-1000\" srcset=\"https:\/\/talmaski.fi\/wp-content\/uploads\/2022\/10\/lapset-liikkumaan.jpg 720w, https:\/\/talmaski.fi\/wp-content\/uploads\/2022\/10\/lapset-liikkumaan-300x300.jpg 300w, https:\/\/talmaski.fi\/wp-content\/uploads\/2022\/10\/lapset-liikkumaan-150x150.jpg 150w, https:\/\/talmaski.fi\/wp-content\/uploads\/2022\/10\/lapset-liikkumaan-12x12.jpg 12w\" sizes=\"auto, (max-width: 720px) 100vw, 720px\" \/><\/figure>\n<\/figure>\n\n\n\n<h3 class=\"wp-block-heading\"><strong>Adventure park offer for school groups <\/strong><\/h3>\n\n\n\n<h5 class=\"wp-block-heading\"><strong>Adevnture park package according to group size (min. 20p.)<\/strong>:<\/h5>\n\n\n\n<ul class=\"wp-block-list\">\n<li>20-30 pupils 25\u20ac\/person<\/li>\n\n\n\n<li>31-50 pupils 20\u20ac\/person<\/li>\n\n\n\n<li>over 50 pupils 15\u20ac\/person<\/li>\n<\/ul>\n\n\n\n<p>Price inc. all tracks and zip lines of the aerial adventure park (within height and weight limits), gloves for climbing, mini golf, disc golf disc set rent and all Werneri Park's fun activities in free use. There is also a pirate treasure hunt for independent use within the park area. Teachers\/supervisors for free. We recommend to take at least 3 hours time for the visit.<\/p>\n\n\n\n<p>Kiipeilyss\u00e4 on hanskapakko, omat hanskat voi my\u00f6s tuoda. Hinta on voimassa arkip\u00e4ivisin toukokuussa ja elo-syyskuussa 2026 v\u00e4hint\u00e4\u00e4n 20hl\u00f6n ryhmille. Varaukset v\u00e4hint\u00e4\u00e4n 2 viikkoa ennen retkip\u00e4iv\u00e4\u00e4.<\/p>\n\n\n\n<p>You can find more information about the aerial adventure park <a href=\"https:\/\/talmaski.fi\/en\/kesa\/kiipeilypuisto\/\" target=\"_blank\" rel=\"noreferrer noopener\">here<\/a> and about Werneri Park <a href=\"https:\/\/talmaski.fi\/en\/activepark\/werneri-park\/\" target=\"_blank\" rel=\"noreferrer noopener\">here<\/a>.<\/p>\n\n\n\n<h3 class=\"wp-block-heading\"><strong>Paintball game for school groups<\/strong> <\/h3>\n\n\n\n<h5 class=\"wp-block-heading\"><strong>Guided paintball game for schoolgroups according to group size (minimun 10p.)<\/strong>:<\/h5>\n\n\n\n<ul class=\"wp-block-list\">\n<li>10-19 pupils 39\u20ac\/person<\/li>\n\n\n\n<li>20-30 pupils 35\u20ac\/person<\/li>\n<\/ul>\n\n\n\n<p>Another popular activity option is the guided paintball game, which offers speed, excitement and good exercise. We have many years of experience in organizing guided paintball games. The duration of the program is about 2 hours. Price inc. 400 balls\/person and protective gear. NOTE! own clothes according the weather to be worn under the thin overall and own shoes, our field is oudoor forest field.<\/p>\n\n\n\n<p>You can find more information about the paintball game <a href=\"https:\/\/talmaski.fi\/en\/kesa\/paintball\/\" target=\"_blank\" rel=\"noreferrer noopener\">here<\/a>. Hinta on voimassa arkip\u00e4ivisin toukokuussa ja elo-syyskuussa 2026.<\/p>\n\n\n\n<p>Group transport are also possible through us according to a separate offer.<\/p>\n\n\n\n<p>Many different types of catering options are also available. The recently renowated restaurant SN\u00d6 offers for example the popular hot dog buffet or a delicious homecooked meal. Groups can also eat their own packed meals in the park and a barbecue is also available free of charge if needed.<\/p>\n\n\n\n<p><strong>Group visits must be booked at least two weeks in advance.<\/strong><\/p>\n\n\n\n<p><strong>Make a reservation or ask more!<\/strong><\/p>\n\n\n\n<p>S\u00e4hk\u00f6posti hanna (at) talmaski.fi, puhelinnumero 040-1281419 (arkisin 12-16)<\/p>\n\n\n\n<h2 class=\"wp-block-heading\">Talma winter activity day for school groups:<\/h2>\n\n\n\n<h4 class=\"wp-block-heading\">Winter fun for schoolchildren in Talma!<\/h4>\n\n\n\n<p><strong>Organising a winter sports day with us is easy!<\/strong> Olemme jo vuosikymmenten ajan panostaneet koululaisryhmien monipuolisen ja laadukkaan talviliikuntap\u00e4iv\u00e4n j\u00e4rjest\u00e4miseen. Hoidamme kaikki tarvittavat etuk\u00e4teisj\u00e4rjestelyt toiveidenne mukaisesti, l\u00e4het\u00e4mme opettajille kattavan infopaketin ennakkoon ja ryhm\u00e4n saapuessa paikalle teit\u00e4 ollaan vastassa, ev\u00e4\u00e4nne kuljetetaan omaan taukopaikkaanne ja oppilaat ohjataan oikeaan vuokraamoon. Meill\u00e4 on my\u00f6s eritt\u00e4in helppo lasten harjoittelurinne, joka sopii erinomaisesti my\u00f6s ensikertalaisille laskettelun tai lautailun kokeiluun &#8211; ja yl\u00f6s m\u00e4ke\u00e4 tuo lyhyt, helppo ja turvallinen mattohissi. My\u00f6s ei-lasketteleville Werneri Park-lumipuuhamaa tarjoaa todella monipuolisesti erilaista talvipuuhailua, mm. snow tube kouru, uusi verkkoseikkailurata, moottorikaruselli sek\u00e4 iso liuta erilaisia laskuv\u00e4lineit\u00e4 m\u00e4keen. Halutessanne j\u00e4rjest\u00e4mme my\u00f6s lasketteluohjausta pienryhmille niin suksilla kuin laudallakin.<\/p>\n\n\n\n<p><strong>UUTTA kaudelle 2026 &#8211; kokonaan uusi rinne sek\u00e4 tuolihissi!<\/strong> Avaamme uuden rinteen, joka on loiva ja pitk\u00e4 sek\u00e4 sen yhteyteen tuolihissin, joka onkin sitten Suomen etel\u00e4isin tuolihissi!<\/p>\n\n\n\n<p><strong>On a school's winter sports day all of our services will be available<\/strong><\/p>\n\n\n\n<ul class=\"wp-block-list\">\n<li>all slopes, lifts and Werneri Park will be open<\/li>\n<\/ul>\n\n\n\n<ul class=\"wp-block-list\">\n<li>personnel will be on lifts, Werneri Park and the rental shop, always ready and willing to help where ever needed<\/li>\n<\/ul>\n\n\n\n<ul class=\"wp-block-list\">\n<li>there are picnic places also for bigger groups, and when needed, a barbecue is available without any cost<\/li>\n<\/ul>\n\n\n\n<ul class=\"wp-block-list\">\n<li>recently renovated restaurant is open and service is quick and smooth, with pre-booking, they can arrange a whole meal for the group<\/li>\n<\/ul>\n\n\n\n<ul class=\"wp-block-list\">\n<li>ski patrol is on duty on the slopes, to ensure safety and to help in case of an accident or any medical emergency<\/li>\n<\/ul>\n\n\n\n<h4 class=\"wp-block-heading\">Tarjoukset koululaisryhmille koululaisp\u00e4ivin\u00e4 2026<\/h4>\n\n\n\n<p>Ellei n\u00e4iss\u00e4 yleisiss\u00e4 p\u00e4iviss\u00e4 l\u00f6ydy sopivaa, annamme mielell\u00e4mme tarjouksen muillekin p\u00e4iville. <strong>Talven 2026 yleiset koululaisp\u00e4iv\u00e4t ovat:<\/strong><\/p>\n\n\n\n<p><strong>Viikolla 5:<\/strong> perjantai 30.1.<\/p>\n\n\n\n<p><strong>Viikolla 6<\/strong>: keskiviikko 4.2.<\/p>\n\n\n\n<p><strong>Week 7:<\/strong> tiistai 10.2., keskiviikko 11.2., torstai 12.2., ja perjantai 13.2.<\/p>\n\n\n\n<p><strong>Week 9:<\/strong> keskiviikko 25.2. ja torstai 26.2.<\/p>\n\n\n\n<p>In the prices below there is a minimum of 40 ticket buyers, smaller groups and other times according to a separate offer. Free tickets, equipment and coffee with bun for teachers!<\/p>\n\n\n\n<p><strong>Ski package<\/strong>i<\/p>\n\n\n\n<ul class=\"wp-block-list\">\n<li>40-99 ticket buyers \u20ac17\/person<\/li>\n\n\n\n<li>100-199 ticket buyers \u20ac15\/person<\/li>\n\n\n\n<li>200 \u2013 ticket buyers \u20ac13\/person<\/li>\n<\/ul>\n\n\n\n<p>The price includes: 1-4 hour lift ticket and use of the popular Werneri Park<\/p>\n\n\n\n<p><strong>Equipment rental \u20ac16\/set<\/strong><\/p>\n\n\n\n<div class=\"wp-block-group\"><div class=\"wp-block-group__inner-container is-layout-constrained wp-block-group-is-layout-constrained\">\n<div class=\"wp-block-group\"><div class=\"wp-block-group__inner-container is-layout-constrained wp-block-group-is-layout-constrained\">\n<p>Price includes: 4h ski <strong>or<\/strong> board equipment set, with helmet<\/p>\n\n\n\n<p>Ski goggles rental \u20ac5 and helmet rental \u20ac5<\/p>\n\n\n\n<p>Our two rental shops equip students quickly.<\/p>\n<\/div><\/div>\n<\/div><\/div>\n\n\n\n<p><strong>Snow sports package in Werneri Park<\/strong><\/p>\n\n\n\n<ul class=\"wp-block-list\">\n<li>40-99 ticket buyers \u20ac12\/person<\/li>\n\n\n\n<li>100- ticket buyers \u20ac10\/person<\/li>\n<\/ul>\n\n\n\n<p>Werneri Parkissa mm.:<\/p>\n\n\n\n<ul class=\"wp-block-list\">\n<li>lumetetut ja hoidetut rinteet sek\u00e4 runsaasti erilaisia laskuv\u00e4lineit\u00e4, mm. sitgat, pulkat, liukurit, snow skuutit jne. <\/li>\n\n\n\n<li>snow tube -m\u00e4ki ja snow tubet<\/li>\n\n\n\n<li>taikamattohissi<\/li>\n\n\n\n<li>leikkikeskus, jossa voi mm. kiipeill\u00e4 ja laskea liukum\u00e4ke\u00e4<\/li>\n\n\n\n<li>moottorikaruselli<\/li>\n\n\n\n<li>net adventure track<\/li>\n\n\n\n<li>Werneri's puzzle adventure<\/li>\n<\/ul>\n\n\n\n<p><em>Kaikki v\u00e4lineet l\u00f6ytyv\u00e4t paikan p\u00e4\u00e4lt\u00e4. Omia ei tarvitse tuoda.<\/em><\/p>\n\n\n\n<p><strong>Bus transportation:<\/strong>We will provide an offer according to your group size and wished. We can make all the necessary arrangements for you.  <\/p>\n\n\n\n<p><strong>Ski instruction: <\/strong>Our ski school can offer beginner level ski or snowboard instruction for small group. Ask for an offer for your group!<\/p>\n\n\n\n<p><strong>Make a reservation or ask for more information:<\/strong> <strong>hanna (at) talmaski.fi or p. 040-1281419 (weekdays 12-15)<\/strong><\/p>\n\n\n\n<p><strong>Group visits must be booked at least two weeks in advance.<\/strong><\/p>\n\n\n\n<figure class=\"wp-block-image size-large\"><img loading=\"lazy\" decoding=\"async\" width=\"1024\" height=\"342\" src=\"https:\/\/talmaski.fi\/wp-content\/uploads\/2022\/10\/talviliikuntapaiva-talmassa-kouluryhmille-1-1024x342.png\" alt=\"\" class=\"wp-image-995\" srcset=\"https:\/\/talmaski.fi\/wp-content\/uploads\/2022\/10\/talviliikuntapaiva-talmassa-kouluryhmille-1-1024x342.png 1024w, https:\/\/talmaski.fi\/wp-content\/uploads\/2022\/10\/talviliikuntapaiva-talmassa-kouluryhmille-1-300x100.png 300w, https:\/\/talmaski.fi\/wp-content\/uploads\/2022\/10\/talviliikuntapaiva-talmassa-kouluryhmille-1-768x256.png 768w, https:\/\/talmaski.fi\/wp-content\/uploads\/2022\/10\/talviliikuntapaiva-talmassa-kouluryhmille-1-1536x512.png 1536w, https:\/\/talmaski.fi\/wp-content\/uploads\/2022\/10\/talviliikuntapaiva-talmassa-kouluryhmille-1-18x6.png 18w, https:\/\/talmaski.fi\/wp-content\/uploads\/2022\/10\/talviliikuntapaiva-talmassa-kouluryhmille-1.png 1772w\" sizes=\"auto, (max-width: 1024px) 100vw, 1024px\" \/><\/figure>\n\n\n\n<figure class=\"wp-block-image size-large\"><img loading=\"lazy\" decoding=\"async\" width=\"1024\" height=\"342\" src=\"https:\/\/talmaski.fi\/wp-content\/uploads\/2022\/10\/talman-talviliikuntapaiva-koululaisille-1-1024x342.png\" alt=\"\" class=\"wp-image-997\" srcset=\"https:\/\/talmaski.fi\/wp-content\/uploads\/2022\/10\/talman-talviliikuntapaiva-koululaisille-1-1024x342.png 1024w, https:\/\/talmaski.fi\/wp-content\/uploads\/2022\/10\/talman-talviliikuntapaiva-koululaisille-1-300x100.png 300w, https:\/\/talmaski.fi\/wp-content\/uploads\/2022\/10\/talman-talviliikuntapaiva-koululaisille-1-768x256.png 768w, https:\/\/talmaski.fi\/wp-content\/uploads\/2022\/10\/talman-talviliikuntapaiva-koululaisille-1-1536x512.png 1536w, https:\/\/talmaski.fi\/wp-content\/uploads\/2022\/10\/talman-talviliikuntapaiva-koululaisille-1-18x6.png 18w, https:\/\/talmaski.fi\/wp-content\/uploads\/2022\/10\/talman-talviliikuntapaiva-koululaisille-1.png 1772w\" sizes=\"auto, (max-width: 1024px) 100vw, 1024px\" \/><\/figure>\n\n\n\n<p><strong>Make a reservation or ask more!<\/strong><\/p>\n\n\n\n<p>hanna (at) talmaski.fi or p. 040-1281419 (weekdays 12-15)<\/p>","protected":false},"excerpt":{"rendered":"<p>Koulujen talvikauden tarjontaa alempana sivulla. Talman kev\u00e4t- ja syyskaudet kouluryhmille Luokkaretki seikkailupuistossa Aktiivinen ja hauska liikuntap\u00e4iv\u00e4 Talman seikkailupuistossa! Seikkailupuistomme kuusi eritasoista kiipeilyrataa vaijeriliukuineen tarjoavat j\u00e4nnityst\u00e4, haasteita ja hauskaa motorisia taitoja kehitt\u00e4v\u00e4\u00e4 liikuntaa. Kouluryhm\u00e4hintaan sis\u00e4ltyy my\u00f6s sis\u00e4\u00e4np\u00e4\u00e4sy Werneri Parkiin, jossa on lis\u00e4\u00e4 kivoja aktiviteetteja, mm. trampat, verkkoseikkailurata, aivonystyr\u00f6it\u00e4 aktivoiva Wernerin pulmaseikkailu, [&hellip;]<\/p>","protected":false},"author":3,"featured_media":801,"parent":121,"menu_order":0,"comment_status":"closed","ping_status":"closed","template":"","meta":{"footnotes":""},"class_list":["post-341","page","type-page","status-publish","has-post-thumbnail","hentry"],"_links":{"self":[{"href":"https:\/\/talmaski.fi\/en\/wp-json\/wp\/v2\/pages\/341","targetHints":{"allow":["GET"]}}],"collection":[{"href":"https:\/\/talmaski.fi\/en\/wp-json\/wp\/v2\/pages"}],"about":[{"href":"https:\/\/talmaski.fi\/en\/wp-json\/wp\/v2\/types\/page"}],"author":[{"embeddable":true,"href":"https:\/\/talmaski.fi\/en\/wp-json\/wp\/v2\/users\/3"}],"replies":[{"embeddable":true,"href":"https:\/\/talmaski.fi\/en\/wp-json\/wp\/v2\/comments?post=341"}],"version-history":[{"count":104,"href":"https:\/\/talmaski.fi\/en\/wp-json\/wp\/v2\/pages\/341\/revisions"}],"predecessor-version":[{"id":4899,"href":"https:\/\/talmaski.fi\/en\/wp-json\/wp\/v2\/pages\/341\/revisions\/4899"}],"up":[{"embeddable":true,"href":"https:\/\/talmaski.fi\/en\/wp-json\/wp\/v2\/pages\/121"}],"wp:featuredmedia":[{"embeddable":true,"href":"https:\/\/talmaski.fi\/en\/wp-json\/wp\/v2\/media\/801"}],"wp:attachment":[{"href":"https:\/\/talmaski.fi\/en\/wp-json\/wp\/v2\/media?parent=341"}],"curies":[{"name":"wp","href":"https:\/\/api.w.org\/{rel}","templated":true}]}}