{"id":343,"date":"2022-08-18T09:58:09","date_gmt":"2022-08-18T06:58:09","guid":{"rendered":"https:\/\/talmaski.fi\/2022\/?page_id=343"},"modified":"2026-03-18T12:27:29","modified_gmt":"2026-03-18T10:27:29","slug":"muut-ryhmat","status":"publish","type":"page","link":"https:\/\/talmaski.fi\/en\/yritykset-ja-ryhmat\/muut-ryhmat\/","title":{"rendered":"Other groups"},"content":{"rendered":"<!-- Groweo SmartFlow -->\n<div class=\"gw-smartflow\">\n<script src=\"https:\/\/engine.groweo.com\/smartFlow\/script.js\" data-cookieconsent=\"ignore\"><\/script>\n<iframe id=\"690491339471d85fdeba3550-68d3ce5ff1345c3924544916-smartflow-inpage\" \n    src=\"https:\/\/engine.groweo.com\/smartFlow\/?url=https:\/\/engine.groweo.com\/api\/68d3ce5ff1345c3924544916\/690491339471d85fdeba3550&#038;publishUrl=https:\/\/engine.groweo.com\/api\/session\/response&#038;workspaceId=68d3ce5ff1345c3924544916&#038;moduleId=690491339471d85fdeba3550&#038;inPage=true&#038;isPreview=false&#038;language=fi\" \n    lang=\"fi\"\n    title=\"groweoapp - smartflow\"\n    data-apptype=\"smartflow\"\n    data-test-id=\"smartflow-main-iframe\"\n    height=\"100%\" width=\"100%\" frameborder=\"0\" scrolling=\"auto\">\n<\/iframe>\n<\/div>\n\n<!-- End of Groweo SmartFlow -->\n\n\n\n<p>A club or association's season party or even an annual party? A bachelor party with a group of friends, a birthday party - adults, children or both? Whether your needs are small or large, from us you can get everything in one sensibly priced package all year round. Fun program, good food, versatile facilities, saunas and transport - all easily, flexibly and cost-effectively! Our big area is a perfect arena also for big events! <\/p>\n\n\n\n<p><strong>Contact us, and we&#039;ll customize a day just right for your group!<\/strong><\/p>\n\n\n\n<p>hanna (at) talmaski.fi or p. 040-1281419 (weekdays 12-15) or fill in the request a quote form <a href=\"https:\/\/talmaski.fi\/en\/tarjouspyynto\/\" data-type=\"page\" data-id=\"4048\">here.<\/a><\/p>\n\n\n\n<h2 class=\"wp-block-heading\">Kes\u00e4n seikkailupakettitarjous 39,90\u20ac\/hl\u00f6 <strong>(inc VAT)<\/strong><\/h2>\n\n\n\n<p>Inc. Aerial adventure, Werneri Park and minigolf in free use and restaurant SN\u00d6s delicious Hotdog menu.<\/p>\n\n\n\n<p>With additional price, you can include for example paintball, meeting room or the hut for the groups use.<\/p>\n\n\n\n<p>Esimerkkipaketin hinta voimassa seikkailupuiston aukioloaikoina arkip\u00e4ivisin kes\u00e4-elokuussa 2026, minimiveloitus 20hl\u00f6. Varaukset v\u00e4hint\u00e4\u00e4n 2 viikkoa ennen tilaisuuden ajankohtaa.<\/p>\n\n\n\n<h2 class=\"wp-block-heading\">Kiipeilylipputarjous ryhmille 19,00\u20ac\/hl\u00f6 <strong>(inc VAT)<\/strong><\/h2>\n\n\n\n<p>Price inc. all tracks and zip lines in the aerial adventure (within the height and weight limits) and Werneri Park activities within park opening times. Gloves are mandatory in climbing, you can bring your own or buy a pair from us with 4\u20ac.<\/p>\n\n\n\n<p>Hinta voimassa v\u00e4hint\u00e4\u00e4n 20hl\u00f6 ryhmille seikkailupuiston aukioloaikoina kes\u00e4-elokuussa 2026. Ryhm\u00e4varaukset v\u00e4hint\u00e4\u00e4n 2 viikkoa ennen tilaisuuden ajankohtaa. <em>Tickets can also be bought as gift vouchers which can be used any time during park opening hours during the summer season. <\/em><\/p>\n\n\n\n<h2 class=\"wp-block-heading\"><strong>Ohjattu paintball-peli ja sauna 65\u20ac\/hl\u00f6 (sis. alv, minimi 10hl\u00f6)<\/strong><\/h2>\n\n\n\n<p>Pelin kesto noin 2 tuntia. Hinta sis\u00e4lt\u00e4\u00e4 500 kuulaa\/hl\u00f6 ja varusteet. Omat keng\u00e4t sek\u00e4 s\u00e4\u00e4nmukaiset vaatteet ohuehkon haalarin alle, pelikentt\u00e4mme on mets\u00e4inen ulkokentt\u00e4. Hinta sis\u00e4lt\u00e4\u00e4 lis\u00e4ksi saunatilojen k\u00e4yt\u00f6n 2 tunniksi (sis. pyyhkeet ja pesuaineet). Minimiveloitus 10hl\u00f6. <\/p>\n\n\n\n<p><strong>We are happy to customize a package most suitable for you. Events can also be organised outside normal opening hours of the park.<\/strong><\/p>\n\n\n\n<figure class=\"wp-block-gallery has-nested-images columns-default is-cropped wp-block-gallery-1 is-layout-flex wp-block-gallery-is-layout-flex\">\n<figure class=\"wp-block-image size-full\"><img loading=\"lazy\" decoding=\"async\" width=\"768\" height=\"576\" data-id=\"1011\" src=\"https:\/\/talmaski.fi\/wp-content\/uploads\/2022\/10\/snow-tube-karuselli.jpg\" alt=\"\" class=\"wp-image-1011\" srcset=\"https:\/\/talmaski.fi\/wp-content\/uploads\/2022\/10\/snow-tube-karuselli.jpg 768w, https:\/\/talmaski.fi\/wp-content\/uploads\/2022\/10\/snow-tube-karuselli-300x225.jpg 300w, https:\/\/talmaski.fi\/wp-content\/uploads\/2022\/10\/snow-tube-karuselli-16x12.jpg 16w\" sizes=\"auto, (max-width: 768px) 100vw, 768px\" \/><\/figure>\n\n\n\n<figure class=\"wp-block-image size-full\"><img loading=\"lazy\" decoding=\"async\" width=\"512\" height=\"512\" data-id=\"1013\" src=\"https:\/\/talmaski.fi\/wp-content\/uploads\/2022\/10\/talma-kiipeilypuisto.jpg\" alt=\"\" class=\"wp-image-1013\" srcset=\"https:\/\/talmaski.fi\/wp-content\/uploads\/2022\/10\/talma-kiipeilypuisto.jpg 512w, https:\/\/talmaski.fi\/wp-content\/uploads\/2022\/10\/talma-kiipeilypuisto-300x300.jpg 300w, https:\/\/talmaski.fi\/wp-content\/uploads\/2022\/10\/talma-kiipeilypuisto-150x150.jpg 150w, https:\/\/talmaski.fi\/wp-content\/uploads\/2022\/10\/talma-kiipeilypuisto-12x12.jpg 12w\" sizes=\"auto, (max-width: 512px) 100vw, 512px\" \/><\/figure>\n\n\n\n<figure class=\"wp-block-image size-large\"><img loading=\"lazy\" decoding=\"async\" width=\"1024\" height=\"1024\" data-id=\"1014\" src=\"https:\/\/talmaski.fi\/wp-content\/uploads\/2022\/10\/pyoravuokraus-sipoo-1024x1024.jpg\" alt=\"\" class=\"wp-image-1014\" srcset=\"https:\/\/talmaski.fi\/wp-content\/uploads\/2022\/10\/pyoravuokraus-sipoo-1024x1024.jpg 1024w, https:\/\/talmaski.fi\/wp-content\/uploads\/2022\/10\/pyoravuokraus-sipoo-300x300.jpg 300w, https:\/\/talmaski.fi\/wp-content\/uploads\/2022\/10\/pyoravuokraus-sipoo-150x150.jpg 150w, https:\/\/talmaski.fi\/wp-content\/uploads\/2022\/10\/pyoravuokraus-sipoo-768x767.jpg 768w, https:\/\/talmaski.fi\/wp-content\/uploads\/2022\/10\/pyoravuokraus-sipoo-12x12.jpg 12w, https:\/\/talmaski.fi\/wp-content\/uploads\/2022\/10\/pyoravuokraus-sipoo.jpg 1440w\" sizes=\"auto, (max-width: 1024px) 100vw, 1024px\" \/><\/figure>\n\n\n\n<figure class=\"wp-block-image size-full\"><img loading=\"lazy\" decoding=\"async\" width=\"1013\" height=\"1024\" data-id=\"1015\" src=\"https:\/\/talmaski.fi\/wp-content\/uploads\/2022\/10\/paintball-varikuula-ryhmille-sipoo_2.jpeg\" alt=\"\" class=\"wp-image-1015\" srcset=\"https:\/\/talmaski.fi\/wp-content\/uploads\/2022\/10\/paintball-varikuula-ryhmille-sipoo_2.jpeg 1013w, https:\/\/talmaski.fi\/wp-content\/uploads\/2022\/10\/paintball-varikuula-ryhmille-sipoo_2-297x300.jpeg 297w, https:\/\/talmaski.fi\/wp-content\/uploads\/2022\/10\/paintball-varikuula-ryhmille-sipoo_2-768x776.jpeg 768w, https:\/\/talmaski.fi\/wp-content\/uploads\/2022\/10\/paintball-varikuula-ryhmille-sipoo_2-12x12.jpeg 12w\" sizes=\"auto, (max-width: 1013px) 100vw, 1013px\" \/><\/figure>\n\n\n\n<figure class=\"wp-block-image size-large\"><img loading=\"lazy\" decoding=\"async\" width=\"1024\" height=\"683\" data-id=\"1016\" src=\"https:\/\/talmaski.fi\/wp-content\/uploads\/2022\/10\/talma-werneri-park-evaspaikka-1024x683.jpg\" alt=\"\" class=\"wp-image-1016\" srcset=\"https:\/\/talmaski.fi\/wp-content\/uploads\/2022\/10\/talma-werneri-park-evaspaikka-1024x683.jpg 1024w, https:\/\/talmaski.fi\/wp-content\/uploads\/2022\/10\/talma-werneri-park-evaspaikka-300x200.jpg 300w, https:\/\/talmaski.fi\/wp-content\/uploads\/2022\/10\/talma-werneri-park-evaspaikka-768x512.jpg 768w, https:\/\/talmaski.fi\/wp-content\/uploads\/2022\/10\/talma-werneri-park-evaspaikka-1536x1025.jpg 1536w, https:\/\/talmaski.fi\/wp-content\/uploads\/2022\/10\/talma-werneri-park-evaspaikka-18x12.jpg 18w, https:\/\/talmaski.fi\/wp-content\/uploads\/2022\/10\/talma-werneri-park-evaspaikka-360x240.jpg 360w, https:\/\/talmaski.fi\/wp-content\/uploads\/2022\/10\/talma-werneri-park-evaspaikka.jpg 2048w\" sizes=\"auto, (max-width: 1024px) 100vw, 1024px\" \/><\/figure>\n\n\n\n<figure class=\"wp-block-image size-large\"><img loading=\"lazy\" decoding=\"async\" width=\"802\" height=\"1024\" data-id=\"1017\" src=\"https:\/\/talmaski.fi\/wp-content\/uploads\/2022\/10\/kotakokemus-loimulohi-2-802x1024.jpg\" alt=\"\" class=\"wp-image-1017\" srcset=\"https:\/\/talmaski.fi\/wp-content\/uploads\/2022\/10\/kotakokemus-loimulohi-2-802x1024.jpg 802w, https:\/\/talmaski.fi\/wp-content\/uploads\/2022\/10\/kotakokemus-loimulohi-2-235x300.jpg 235w, https:\/\/talmaski.fi\/wp-content\/uploads\/2022\/10\/kotakokemus-loimulohi-2-768x981.jpg 768w, https:\/\/talmaski.fi\/wp-content\/uploads\/2022\/10\/kotakokemus-loimulohi-2-1203x1536.jpg 1203w, https:\/\/talmaski.fi\/wp-content\/uploads\/2022\/10\/kotakokemus-loimulohi-2-9x12.jpg 9w, https:\/\/talmaski.fi\/wp-content\/uploads\/2022\/10\/kotakokemus-loimulohi-2.jpg 1436w\" sizes=\"auto, (max-width: 802px) 100vw, 802px\" \/><\/figure>\n<\/figure>\n\n\n\n<p><\/p>\n\n\n\n<p><strong>Contact us, and we&#039;ll customize a day just right for your group!<\/strong><\/p>\n\n\n\n<p>Via email hanna (at) talmaski.fi <\/p>\n\n\n\n<p><\/p>","protected":false},"excerpt":{"rendered":"<p>Seuran kauden p\u00e4\u00e4tt\u00e4j\u00e4iset tai aloitus, yhdistyksen vuosijuhla, polttarit tai syntt\u00e4rit &#8211; aikuisia, lapsia tai molempia, iso tai pieni porukka &#8211; olipa ryhm\u00e4nne millainen vain, Talman tarjonnasta l\u00f6ytyy sopiva kokonaisuus aktiviteetteja, tiloja ja ruokaa. Suuri alueemme mahdollistaa my\u00f6s erilaisten, isojenkin tapahtumien j\u00e4rjest\u00e4misen esimerkiksi yhdistyksille. Ota yhteytt\u00e4, niin r\u00e4\u00e4t\u00e4l\u00f6imme juuri teid\u00e4n porukalle [&hellip;]<\/p>","protected":false},"author":3,"featured_media":808,"parent":121,"menu_order":0,"comment_status":"closed","ping_status":"closed","template":"","meta":{"footnotes":""},"class_list":["post-343","page","type-page","status-publish","has-post-thumbnail","hentry"],"_links":{"self":[{"href":"https:\/\/talmaski.fi\/en\/wp-json\/wp\/v2\/pages\/343","targetHints":{"allow":["GET"]}}],"collection":[{"href":"https:\/\/talmaski.fi\/en\/wp-json\/wp\/v2\/pages"}],"about":[{"href":"https:\/\/talmaski.fi\/en\/wp-json\/wp\/v2\/types\/page"}],"author":[{"embeddable":true,"href":"https:\/\/talmaski.fi\/en\/wp-json\/wp\/v2\/users\/3"}],"replies":[{"embeddable":true,"href":"https:\/\/talmaski.fi\/en\/wp-json\/wp\/v2\/comments?post=343"}],"version-history":[{"count":46,"href":"https:\/\/talmaski.fi\/en\/wp-json\/wp\/v2\/pages\/343\/revisions"}],"predecessor-version":[{"id":4961,"href":"https:\/\/talmaski.fi\/en\/wp-json\/wp\/v2\/pages\/343\/revisions\/4961"}],"up":[{"embeddable":true,"href":"https:\/\/talmaski.fi\/en\/wp-json\/wp\/v2\/pages\/121"}],"wp:featuredmedia":[{"embeddable":true,"href":"https:\/\/talmaski.fi\/en\/wp-json\/wp\/v2\/media\/808"}],"wp:attachment":[{"href":"https:\/\/talmaski.fi\/en\/wp-json\/wp\/v2\/media?parent=343"}],"curies":[{"name":"wp","href":"https:\/\/api.w.org\/{rel}","templated":true}]}}