{"id":3492,"date":"2024-10-03T12:44:41","date_gmt":"2024-10-03T09:44:41","guid":{"rendered":"https:\/\/talmaski.fi\/?page_id=3492"},"modified":"2026-03-26T17:54:15","modified_gmt":"2026-03-26T15:54:15","slug":"mainospaikat-talmassa","status":"publish","type":"page","link":"https:\/\/talmaski.fi\/en\/yritykset-ja-ryhmat\/mainospaikat-talmassa\/","title":{"rendered":"Advertising spaces in Talma"},"content":{"rendered":"<figure class=\"wp-block-image size-large\"><img loading=\"lazy\" decoding=\"async\" width=\"1500\" height=\"866\" src=\"https:\/\/talmaski.fi\/wp-content\/uploads\/2024\/10\/mainostauluhyppykuva-1500x866.jpg\" alt=\"\" class=\"wp-image-3496\" srcset=\"https:\/\/talmaski.fi\/wp-content\/uploads\/2024\/10\/mainostauluhyppykuva-1500x866.jpg 1500w, https:\/\/talmaski.fi\/wp-content\/uploads\/2024\/10\/mainostauluhyppykuva-600x346.jpg 600w, https:\/\/talmaski.fi\/wp-content\/uploads\/2024\/10\/mainostauluhyppykuva-768x443.jpg 768w, https:\/\/talmaski.fi\/wp-content\/uploads\/2024\/10\/mainostauluhyppykuva-1536x887.jpg 1536w, https:\/\/talmaski.fi\/wp-content\/uploads\/2024\/10\/mainostauluhyppykuva-2048x1182.jpg 2048w, https:\/\/talmaski.fi\/wp-content\/uploads\/2024\/10\/mainostauluhyppykuva-18x10.jpg 18w\" sizes=\"auto, (max-width: 1500px) 100vw, 1500px\" \/><\/figure>\n\n\n\n<p>Talmassa k\u00e4y vuosittain noin 100 000 ihmist\u00e4 joista suurin osa talvikaudella. Tarjoamme yrityksille paketteja jotka tuottavat yrityksellenne n\u00e4kyvyytt\u00e4 sek\u00e4 antavat n\u00e4pp\u00e4r\u00e4n ty\u00f6kalun TYHY-k\u00e4ytt\u00f6\u00f6n eli firmakausikortin (ei henkil\u00f6kohtainen). N\u00e4kyvyys etenkin rinnealueella kertautuu asiakkaiden some-sis\u00e4ll\u00f6ntuotannon kautta, Talma on eritt\u00e4in suosittu kuvauspaikka esimerkiksi lumilautavideoiden tuotantoon.<\/p>\n\n\n\n<p>Mainostauluja sijaitsee parkki- ja rinnealueella, paikka sovitaan yhdess\u00e4 asiakkaan kanssa. Digin\u00e4ytt\u00f6 sijaitsee vuokraamon ja ravintolan v\u00e4liss\u00e4 sis\u00e4pihalla eli hyvin keskeisell\u00e4 paikalla. Hinnat ovat verottomia ja sis\u00e4lt\u00e4v\u00e4t mainoslevyn tuotannon ja asennuksen paikalleen. Asiakas toimittaa painokelpoisen aineiston tai tarvittaessa voimme auttaa aineiston tekemisess\u00e4, sopimuksen mukaan. Fyysisten mainostaulujen hinnat ovat vuoden mittaiselle kampanjalle.<\/p>\n\n\n\n<p><strong>Mainostaulu 240x122cm<\/strong><br><strong>Suurtaulu 500x150cm<\/strong><br><strong>J\u00e4ttitaulu 854x275cm<\/strong><br><strong>Hissilinjataulut 3kpl sarja (3kpl 150x75cm)<\/strong><\/p>\n\n\n\n<figure class=\"wp-block-image size-large\"><img loading=\"lazy\" decoding=\"async\" width=\"1500\" height=\"766\" src=\"https:\/\/talmaski.fi\/wp-content\/uploads\/2024\/10\/hissilinjataulu-1500x766.jpg\" alt=\"\" class=\"wp-image-3514\" srcset=\"https:\/\/talmaski.fi\/wp-content\/uploads\/2024\/10\/hissilinjataulu-1500x766.jpg 1500w, https:\/\/talmaski.fi\/wp-content\/uploads\/2024\/10\/hissilinjataulu-600x306.jpg 600w, https:\/\/talmaski.fi\/wp-content\/uploads\/2024\/10\/hissilinjataulu-768x392.jpg 768w, https:\/\/talmaski.fi\/wp-content\/uploads\/2024\/10\/hissilinjataulu-18x9.jpg 18w, https:\/\/talmaski.fi\/wp-content\/uploads\/2024\/10\/hissilinjataulu.jpg 1536w\" sizes=\"auto, (max-width: 1500px) 100vw, 1500px\" \/><\/figure>\n\n\n\n<p><strong>Hissitolppataulut 3kpl sarja (3kpl 120x120cm)<\/strong><\/p>\n\n\n\n<figure class=\"wp-block-image size-large\"><img loading=\"lazy\" decoding=\"async\" width=\"1500\" height=\"686\" src=\"https:\/\/talmaski.fi\/wp-content\/uploads\/2024\/10\/hissitolppataulut-1500x686.jpg\" alt=\"\" class=\"wp-image-3516\" srcset=\"https:\/\/talmaski.fi\/wp-content\/uploads\/2024\/10\/hissitolppataulut-1500x686.jpg 1500w, https:\/\/talmaski.fi\/wp-content\/uploads\/2024\/10\/hissitolppataulut-600x275.jpg 600w, https:\/\/talmaski.fi\/wp-content\/uploads\/2024\/10\/hissitolppataulut-768x351.jpg 768w, https:\/\/talmaski.fi\/wp-content\/uploads\/2024\/10\/hissitolppataulut-1536x703.jpg 1536w, https:\/\/talmaski.fi\/wp-content\/uploads\/2024\/10\/hissitolppataulut-18x8.jpg 18w, https:\/\/talmaski.fi\/wp-content\/uploads\/2024\/10\/hissitolppataulut.jpg 1600w\" sizes=\"auto, (max-width: 1500px) 100vw, 1500px\" \/><\/figure>\n\n\n\n<p><\/p>\n\n\n\n<figure class=\"wp-block-image size-large\"><img loading=\"lazy\" decoding=\"async\" width=\"1500\" height=\"1238\" src=\"https:\/\/talmaski.fi\/wp-content\/uploads\/2024\/10\/jopiwanreililla-1500x1238.jpg\" alt=\"\" class=\"wp-image-3498\" srcset=\"https:\/\/talmaski.fi\/wp-content\/uploads\/2024\/10\/jopiwanreililla-1500x1238.jpg 1500w, https:\/\/talmaski.fi\/wp-content\/uploads\/2024\/10\/jopiwanreililla-600x495.jpg 600w, https:\/\/talmaski.fi\/wp-content\/uploads\/2024\/10\/jopiwanreililla-768x634.jpg 768w, https:\/\/talmaski.fi\/wp-content\/uploads\/2024\/10\/jopiwanreililla-1536x1267.jpg 1536w, https:\/\/talmaski.fi\/wp-content\/uploads\/2024\/10\/jopiwanreililla-2048x1690.jpg 2048w, https:\/\/talmaski.fi\/wp-content\/uploads\/2024\/10\/jopiwanreililla-15x12.jpg 15w\" sizes=\"auto, (max-width: 1500px) 100vw, 1500px\" \/><\/figure>\n\n\n\n<p><strong>Toiminnallinen mainospaikka esim reili<\/strong><\/p>\n\n\n\n<p><strong>Tiedustelut: talma(at)katalyytti.fi<\/strong><\/p>","protected":false},"excerpt":{"rendered":"<p>Talmassa k\u00e4y vuosittain noin 100 000 ihmist\u00e4 joista suurin osa talvikaudella. Tarjoamme yrityksille paketteja jotka tuottavat yrityksellenne n\u00e4kyvyytt\u00e4 sek\u00e4 antavat n\u00e4pp\u00e4r\u00e4n ty\u00f6kalun TYHY-k\u00e4ytt\u00f6\u00f6n eli firmakausikortin (ei henkil\u00f6kohtainen). N\u00e4kyvyys etenkin rinnealueella kertautuu asiakkaiden some-sis\u00e4ll\u00f6ntuotannon kautta, Talma on eritt\u00e4in suosittu kuvauspaikka esimerkiksi lumilautavideoiden tuotantoon. Mainostauluja sijaitsee parkki- ja rinnealueella, paikka sovitaan yhdess\u00e4 [&hellip;]<\/p>","protected":false},"author":3,"featured_media":0,"parent":121,"menu_order":0,"comment_status":"closed","ping_status":"closed","template":"","meta":{"_uag_custom_page_level_css":"","footnotes":""},"class_list":["post-3492","page","type-page","status-publish","hentry"],"uagb_featured_image_src":{"full":false,"thumbnail":false,"medium":false,"medium_large":false,"large":false,"1536x1536":false,"2048x2048":false,"trp-custom-language-flag":false,"hestia-blog":false},"uagb_author_info":{"display_name":"aleksi","author_link":"https:\/\/talmaski.fi\/en\/author\/aleksi\/"},"uagb_comment_info":0,"uagb_excerpt":"Talmassa k\u00e4y vuosittain noin 100 000 ihmist\u00e4 joista suurin osa talvikaudella. Tarjoamme yrityksille paketteja jotka tuottavat yrityksellenne n\u00e4kyvyytt\u00e4 sek\u00e4 antavat n\u00e4pp\u00e4r\u00e4n ty\u00f6kalun TYHY-k\u00e4ytt\u00f6\u00f6n eli firmakausikortin (ei henkil\u00f6kohtainen). N\u00e4kyvyys etenkin rinnealueella kertautuu asiakkaiden some-sis\u00e4ll\u00f6ntuotannon kautta, Talma on eritt\u00e4in suosittu kuvauspaikka esimerkiksi lumilautavideoiden tuotantoon. Mainostauluja sijaitsee parkki- ja rinnealueella, paikka sovitaan yhdess\u00e4 [&hellip;]","_links":{"self":[{"href":"https:\/\/talmaski.fi\/en\/wp-json\/wp\/v2\/pages\/3492","targetHints":{"allow":["GET"]}}],"collection":[{"href":"https:\/\/talmaski.fi\/en\/wp-json\/wp\/v2\/pages"}],"about":[{"href":"https:\/\/talmaski.fi\/en\/wp-json\/wp\/v2\/types\/page"}],"author":[{"embeddable":true,"href":"https:\/\/talmaski.fi\/en\/wp-json\/wp\/v2\/users\/3"}],"replies":[{"embeddable":true,"href":"https:\/\/talmaski.fi\/en\/wp-json\/wp\/v2\/comments?post=3492"}],"version-history":[{"count":11,"href":"https:\/\/talmaski.fi\/en\/wp-json\/wp\/v2\/pages\/3492\/revisions"}],"predecessor-version":[{"id":4842,"href":"https:\/\/talmaski.fi\/en\/wp-json\/wp\/v2\/pages\/3492\/revisions\/4842"}],"up":[{"embeddable":true,"href":"https:\/\/talmaski.fi\/en\/wp-json\/wp\/v2\/pages\/121"}],"wp:attachment":[{"href":"https:\/\/talmaski.fi\/en\/wp-json\/wp\/v2\/media?parent=3492"}],"curies":[{"name":"wp","href":"https:\/\/api.w.org\/{rel}","templated":true}]}}