{"id":394,"date":"2022-08-19T09:30:33","date_gmt":"2022-08-19T06:30:33","guid":{"rendered":"https:\/\/talmaski.fi\/2022\/?page_id=394"},"modified":"2026-02-06T17:09:27","modified_gmt":"2026-02-06T15:09:27","slug":"ski-patrol","status":"publish","type":"page","link":"https:\/\/talmaski.fi\/en\/ski-patrol\/","title":{"rendered":"Ski Patrol"},"content":{"rendered":"<h2 class=\"wp-block-heading\">Ski patrols<\/h2>\n\n\n\n<figure class=\"wp-block-image size-full\"><img loading=\"lazy\" decoding=\"async\" width=\"960\" height=\"720\" src=\"https:\/\/talmaski.fi\/wp-content\/uploads\/2023\/01\/skipatrol.jpg\" alt=\"\" class=\"wp-image-1515\" srcset=\"https:\/\/talmaski.fi\/wp-content\/uploads\/2023\/01\/skipatrol.jpg 960w, https:\/\/talmaski.fi\/wp-content\/uploads\/2023\/01\/skipatrol-600x450.jpg 600w, https:\/\/talmaski.fi\/wp-content\/uploads\/2023\/01\/skipatrol-768x576.jpg 768w, https:\/\/talmaski.fi\/wp-content\/uploads\/2023\/01\/skipatrol-16x12.jpg 16w\" sizes=\"auto, (max-width: 960px) 100vw, 960px\" \/><\/figure>\n\n\n\n<p><strong>To become a ski patrol in Talma?<\/strong><\/p>\n\n\n\n<p>We at Talma have over 10 active Ski Patrols. Ski Patrols are experts in slope safety. They do not only wait for an accident but first and foremost aim to prevent them in the first place. They help skiers, oversee safety and intervene in any action that compromises safety or customer enjoyment. They will also administer first aid when needed. Ski Patrol is volunteer work at its best! Ski patrols undergo a national training. You can take part in Ski Patrolling in any way that suits your life situation. <\/p>\n\n\n\n<p>Talma Ski is one of the first Ski patrol centers in Finland, and operations have already started in Talma in the beginning of 21st century. In addition to the official ski patrols, there are also first aid trained people who will attend the Ski patrol training later. You recognize Talma's patrols from the national Ski patrol vest.<\/p>\n\n\n\n<p>Would you like to know more about Ski Patrolling in Talma? You can come at any time to have a chat with our patrols on the slopes. If you have any questions or need assistance on the slopes, do not hesitate to ask a patrol!<\/p>\n\n\n\n<p>Talma Ski Patrol is also on Facebook: <a href=\"https:\/\/www.facebook.com\/Talma-Ski-Patrol-104836788160759\">Click here and follow up!<\/a><\/p>\n\n\n\n<p>Voit olla meihin yhteydess\u00e4 my\u00f6s s\u00e4hk\u00f6postitse tai puhelimitse: Olli-Pekka p. 0405044233, Jussi p.\u00a00400816862 \/ jussi.komokallio(at)kerava.fi, Juho p. 050 3691929.<\/p>","protected":false},"excerpt":{"rendered":"<p>Rinnep\u00e4ivyst\u00e4j\u00e4t Rinnep\u00e4ivyst\u00e4j\u00e4ksi Talmaan? Talmassa toimii t\u00e4ll\u00e4 hetkell\u00e4 toista kymment\u00e4 Ski patrolia. Ski patrolit ovat rinneturvallisuuden erityisosaajia, joiden teht\u00e4v\u00e4n\u00e4 on neuvoa ja auttaa rinnek\u00e4vij\u00f6it\u00e4, ennaltaehk\u00e4ist\u00e4 onnettomuuksia, valvoa ja puuttua viihtyisyytt\u00e4 sek\u00e4 turvallisuutta vaarantavaan toimintaan ja tarvittaessa antaa ensiapua. Ski patrol on vapaaehtoisty\u00f6t\u00e4 parhaimmillaan! Siin\u00e4 yhdistyy hauska harrastus ja mukava yhteis\u00f6. Ski [&hellip;]<\/p>","protected":false},"author":3,"featured_media":0,"parent":0,"menu_order":0,"comment_status":"closed","ping_status":"closed","template":"","meta":{"footnotes":""},"class_list":["post-394","page","type-page","status-publish","hentry"],"_links":{"self":[{"href":"https:\/\/talmaski.fi\/en\/wp-json\/wp\/v2\/pages\/394","targetHints":{"allow":["GET"]}}],"collection":[{"href":"https:\/\/talmaski.fi\/en\/wp-json\/wp\/v2\/pages"}],"about":[{"href":"https:\/\/talmaski.fi\/en\/wp-json\/wp\/v2\/types\/page"}],"author":[{"embeddable":true,"href":"https:\/\/talmaski.fi\/en\/wp-json\/wp\/v2\/users\/3"}],"replies":[{"embeddable":true,"href":"https:\/\/talmaski.fi\/en\/wp-json\/wp\/v2\/comments?post=394"}],"version-history":[{"count":14,"href":"https:\/\/talmaski.fi\/en\/wp-json\/wp\/v2\/pages\/394\/revisions"}],"predecessor-version":[{"id":4843,"href":"https:\/\/talmaski.fi\/en\/wp-json\/wp\/v2\/pages\/394\/revisions\/4843"}],"wp:attachment":[{"href":"https:\/\/talmaski.fi\/en\/wp-json\/wp\/v2\/media?parent=394"}],"curies":[{"name":"wp","href":"https:\/\/api.w.org\/{rel}","templated":true}]}}