{"id":398,"date":"2022-08-19T09:44:50","date_gmt":"2022-08-19T06:44:50","guid":{"rendered":"https:\/\/talmaski.fi\/2022\/?page_id=398"},"modified":"2026-03-18T12:03:41","modified_gmt":"2026-03-18T10:03:41","slug":"vuokrattavat-tilat","status":"publish","type":"page","link":"https:\/\/talmaski.fi\/en\/yritykset-ja-ryhmat\/vuokrattavat-tilat\/","title":{"rendered":"Premises for rent"},"content":{"rendered":"<!-- Groweo SmartFlow -->\r\n<div class=\"gw-smartflow\">\r\n<script src=\"https:\/\/engine.groweo.com\/smartFlow\/script.js\" data-cookieconsent=\"ignore\"><\/script>\r\n<iframe id=\"690491339471d85fdeba3550-68d3ce5ff1345c3924544916-smartflow-inpage\" \r\n    src=\"https:\/\/engine.groweo.com\/smartFlow\/?url=https:\/\/engine.groweo.com\/api\/68d3ce5ff1345c3924544916\/690491339471d85fdeba3550&#038;publishUrl=https:\/\/engine.groweo.com\/api\/session\/response&#038;workspaceId=68d3ce5ff1345c3924544916&#038;moduleId=690491339471d85fdeba3550&#038;inPage=true&#038;isPreview=false&#038;language=fi\" \r\n    lang=\"fi\"\r\n    title=\"groweoapp - smartflow\"\r\n    data-apptype=\"smartflow\"\r\n    data-test-id=\"smartflow-main-iframe\"\r\n    height=\"100%\" width=\"100%\" frameborder=\"0\" scrolling=\"auto\">\r\n<\/iframe>\r\n<\/div>\r\n\r\n<!-- End of Groweo SmartFlow -->\n\n\n\n<p><strong>Saunas:<\/strong> We have two saunas, e.g. one for men and one for women if needed. About ten people can fit in one sauna at a time. Both saunas also have own shower and dressing rooms. Our sauna rental includes towels and soaps. <\/p>\n\n\n\n<p><strong>Sauna cabinet: <\/strong>Good size and ambient space adjoined to the saunas. There are seating for about 20 people and it is equipped with large TV-screen, Playstation 5 console with two controllers and a large bluetooth speaker for playing music. The lighting can be modified to many colours, from bright to ambient dim. The space is covered by the restaurant's alcohol license so a selection of cold drinks can be put available and naturally restaurant SN\u00d6's great catering as well. There are also two toilets in the space.<\/p>\n\n\n\n<figure class=\"wp-block-gallery has-nested-images columns-default is-cropped wp-block-gallery-1 is-layout-flex wp-block-gallery-is-layout-flex\">\n<figure class=\"wp-block-image size-large\"><img loading=\"lazy\" decoding=\"async\" width=\"1500\" height=\"1153\" data-id=\"3599\" src=\"https:\/\/talmaski.fi\/wp-content\/uploads\/2024\/11\/vuokrattava-sauna-sipoo.jpg\" alt=\"\" class=\"wp-image-3599\" srcset=\"https:\/\/talmaski.fi\/wp-content\/uploads\/2024\/11\/vuokrattava-sauna-sipoo.jpg 1500w, https:\/\/talmaski.fi\/wp-content\/uploads\/2024\/11\/vuokrattava-sauna-sipoo-600x461.jpg 600w, https:\/\/talmaski.fi\/wp-content\/uploads\/2024\/11\/vuokrattava-sauna-sipoo-768x590.jpg 768w, https:\/\/talmaski.fi\/wp-content\/uploads\/2024\/11\/vuokrattava-sauna-sipoo-16x12.jpg 16w\" sizes=\"auto, (max-width: 1500px) 100vw, 1500px\" \/><figcaption class=\"wp-element-caption\">sauna cabinet<\/figcaption><\/figure>\n\n\n\n<figure class=\"wp-block-image size-large\"><img loading=\"lazy\" decoding=\"async\" width=\"1500\" height=\"1496\" data-id=\"3600\" src=\"https:\/\/talmaski.fi\/wp-content\/uploads\/2024\/11\/vuokrattava-sauna-sipoo_2.jpg\" alt=\"\" class=\"wp-image-3600\" srcset=\"https:\/\/talmaski.fi\/wp-content\/uploads\/2024\/11\/vuokrattava-sauna-sipoo_2.jpg 1500w, https:\/\/talmaski.fi\/wp-content\/uploads\/2024\/11\/vuokrattava-sauna-sipoo_2-600x598.jpg 600w, https:\/\/talmaski.fi\/wp-content\/uploads\/2024\/11\/vuokrattava-sauna-sipoo_2-150x150.jpg 150w, https:\/\/talmaski.fi\/wp-content\/uploads\/2024\/11\/vuokrattava-sauna-sipoo_2-768x766.jpg 768w, https:\/\/talmaski.fi\/wp-content\/uploads\/2024\/11\/vuokrattava-sauna-sipoo_2-12x12.jpg 12w\" sizes=\"auto, (max-width: 1500px) 100vw, 1500px\" \/><figcaption class=\"wp-element-caption\">sauna<\/figcaption><\/figure>\n\n\n\n<figure class=\"wp-block-image size-large\"><img loading=\"lazy\" decoding=\"async\" width=\"1389\" height=\"1500\" data-id=\"3604\" src=\"https:\/\/talmaski.fi\/wp-content\/uploads\/2024\/11\/vuokrattava-sauna-sipoo_3-1389x1500.jpg\" alt=\"\" class=\"wp-image-3604\" srcset=\"https:\/\/talmaski.fi\/wp-content\/uploads\/2024\/11\/vuokrattava-sauna-sipoo_3-1389x1500.jpg 1389w, https:\/\/talmaski.fi\/wp-content\/uploads\/2024\/11\/vuokrattava-sauna-sipoo_3-556x600.jpg 556w, https:\/\/talmaski.fi\/wp-content\/uploads\/2024\/11\/vuokrattava-sauna-sipoo_3-768x829.jpg 768w, https:\/\/talmaski.fi\/wp-content\/uploads\/2024\/11\/vuokrattava-sauna-sipoo_3-1422x1536.jpg 1422w, https:\/\/talmaski.fi\/wp-content\/uploads\/2024\/11\/vuokrattava-sauna-sipoo_3-11x12.jpg 11w, https:\/\/talmaski.fi\/wp-content\/uploads\/2024\/11\/vuokrattava-sauna-sipoo_3.jpg 1500w\" sizes=\"auto, (max-width: 1389px) 100vw, 1389px\" \/><figcaption class=\"wp-element-caption\">showers<\/figcaption><\/figure>\n\n\n\n<figure class=\"wp-block-image size-large\"><img loading=\"lazy\" decoding=\"async\" width=\"1340\" height=\"1500\" data-id=\"3602\" src=\"https:\/\/talmaski.fi\/wp-content\/uploads\/2024\/11\/vuokrattava-sauna-sipoo_4-1340x1500.jpg\" alt=\"\" class=\"wp-image-3602\" srcset=\"https:\/\/talmaski.fi\/wp-content\/uploads\/2024\/11\/vuokrattava-sauna-sipoo_4-1340x1500.jpg 1340w, https:\/\/talmaski.fi\/wp-content\/uploads\/2024\/11\/vuokrattava-sauna-sipoo_4-536x600.jpg 536w, https:\/\/talmaski.fi\/wp-content\/uploads\/2024\/11\/vuokrattava-sauna-sipoo_4-768x860.jpg 768w, https:\/\/talmaski.fi\/wp-content\/uploads\/2024\/11\/vuokrattava-sauna-sipoo_4-1372x1536.jpg 1372w, https:\/\/talmaski.fi\/wp-content\/uploads\/2024\/11\/vuokrattava-sauna-sipoo_4-11x12.jpg 11w, https:\/\/talmaski.fi\/wp-content\/uploads\/2024\/11\/vuokrattava-sauna-sipoo_4.jpg 1500w\" sizes=\"auto, (max-width: 1340px) 100vw, 1340px\" \/><figcaption class=\"wp-element-caption\">sauna cabinet<\/figcaption><\/figure>\n\n\n\n<figure class=\"wp-block-image size-large\"><img loading=\"lazy\" decoding=\"async\" width=\"1500\" height=\"1303\" data-id=\"3601\" src=\"https:\/\/talmaski.fi\/wp-content\/uploads\/2024\/11\/vuokrattava-sauna-sipoo_5.jpg\" alt=\"\" class=\"wp-image-3601\" srcset=\"https:\/\/talmaski.fi\/wp-content\/uploads\/2024\/11\/vuokrattava-sauna-sipoo_5.jpg 1500w, https:\/\/talmaski.fi\/wp-content\/uploads\/2024\/11\/vuokrattava-sauna-sipoo_5-600x521.jpg 600w, https:\/\/talmaski.fi\/wp-content\/uploads\/2024\/11\/vuokrattava-sauna-sipoo_5-768x667.jpg 768w, https:\/\/talmaski.fi\/wp-content\/uploads\/2024\/11\/vuokrattava-sauna-sipoo_5-14x12.jpg 14w\" sizes=\"auto, (max-width: 1500px) 100vw, 1500px\" \/><figcaption class=\"wp-element-caption\">dressing room<\/figcaption><\/figure>\n\n\n\n<figure class=\"wp-block-image size-large\"><img loading=\"lazy\" decoding=\"async\" width=\"1500\" height=\"1448\" data-id=\"3603\" src=\"https:\/\/talmaski.fi\/wp-content\/uploads\/2024\/11\/vuokrattava-sauna-sipoo_6.jpg\" alt=\"\" class=\"wp-image-3603\" srcset=\"https:\/\/talmaski.fi\/wp-content\/uploads\/2024\/11\/vuokrattava-sauna-sipoo_6.jpg 1500w, https:\/\/talmaski.fi\/wp-content\/uploads\/2024\/11\/vuokrattava-sauna-sipoo_6-600x579.jpg 600w, https:\/\/talmaski.fi\/wp-content\/uploads\/2024\/11\/vuokrattava-sauna-sipoo_6-768x741.jpg 768w, https:\/\/talmaski.fi\/wp-content\/uploads\/2024\/11\/vuokrattava-sauna-sipoo_6-12x12.jpg 12w\" sizes=\"auto, (max-width: 1500px) 100vw, 1500px\" \/><figcaption class=\"wp-element-caption\">sauna cabinet<\/figcaption><\/figure>\n<\/figure>\n\n\n\n<p><strong>Restaurant hall: <\/strong>Restaurant was fully refurbished in november 2022. A perfect space for large groups for meetings and meals. Seating for about hundred people. There is also a separate landscape cabinet with a view of the slopes. Video projector and screen available. Alcohol license on the premises. Own catering is not allowed in the restaurant.<\/p>\n\n\n\n<p><strong>Landscape cabinet:<\/strong> Situated on the restaurant's terrace, space with large round table and view to the slopes. Seating for 10 people. Nice private space for small meetings, birthday parties and dinners. <\/p>\n\n\n\n<p><strong>Bistro:<\/strong> Separate space in the restaurant. Functions well as a group dining space or meeting room for up to 40 people. Large windows with view to the slopes. Equipped with tv-screen, also video projector available.<\/p>\n\n\n\n<figure class=\"wp-block-gallery has-nested-images columns-default is-cropped wp-block-gallery-2 is-layout-flex wp-block-gallery-is-layout-flex\">\n<figure class=\"wp-block-image size-large\"><img loading=\"lazy\" decoding=\"async\" width=\"1500\" height=\"1089\" data-id=\"3079\" src=\"https:\/\/talmaski.fi\/wp-content\/uploads\/2024\/04\/kokous-sipoo-talma-1500x1089.jpg\" alt=\"\" class=\"wp-image-3079\" srcset=\"https:\/\/talmaski.fi\/wp-content\/uploads\/2024\/04\/kokous-sipoo-talma-1500x1089.jpg 1500w, https:\/\/talmaski.fi\/wp-content\/uploads\/2024\/04\/kokous-sipoo-talma-600x436.jpg 600w, https:\/\/talmaski.fi\/wp-content\/uploads\/2024\/04\/kokous-sipoo-talma-768x558.jpg 768w, https:\/\/talmaski.fi\/wp-content\/uploads\/2024\/04\/kokous-sipoo-talma-1536x1115.jpg 1536w, https:\/\/talmaski.fi\/wp-content\/uploads\/2024\/04\/kokous-sipoo-talma-2048x1487.jpg 2048w, https:\/\/talmaski.fi\/wp-content\/uploads\/2024\/04\/kokous-sipoo-talma-18x12.jpg 18w\" sizes=\"auto, (max-width: 1500px) 100vw, 1500px\" \/><figcaption class=\"wp-element-caption\">bistro<\/figcaption><\/figure>\n\n\n\n<figure class=\"wp-block-image size-large\"><img loading=\"lazy\" decoding=\"async\" width=\"980\" height=\"1500\" data-id=\"3080\" src=\"https:\/\/talmaski.fi\/wp-content\/uploads\/2024\/04\/kokoustila-sipoo-SNO-980x1500.jpg\" alt=\"\" class=\"wp-image-3080\" srcset=\"https:\/\/talmaski.fi\/wp-content\/uploads\/2024\/04\/kokoustila-sipoo-SNO-980x1500.jpg 980w, https:\/\/talmaski.fi\/wp-content\/uploads\/2024\/04\/kokoustila-sipoo-SNO-392x600.jpg 392w, https:\/\/talmaski.fi\/wp-content\/uploads\/2024\/04\/kokoustila-sipoo-SNO-768x1176.jpg 768w, https:\/\/talmaski.fi\/wp-content\/uploads\/2024\/04\/kokoustila-sipoo-SNO-1003x1536.jpg 1003w, https:\/\/talmaski.fi\/wp-content\/uploads\/2024\/04\/kokoustila-sipoo-SNO-1338x2048.jpg 1338w, https:\/\/talmaski.fi\/wp-content\/uploads\/2024\/04\/kokoustila-sipoo-SNO-8x12.jpg 8w, https:\/\/talmaski.fi\/wp-content\/uploads\/2024\/04\/kokoustila-sipoo-SNO-scaled.jpg 1672w\" sizes=\"auto, (max-width: 980px) 100vw, 980px\" \/><figcaption class=\"wp-element-caption\">bistro<\/figcaption><\/figure>\n\n\n\n<figure class=\"wp-block-image size-large\"><img loading=\"lazy\" decoding=\"async\" width=\"1272\" height=\"1500\" data-id=\"3081\" src=\"https:\/\/talmaski.fi\/wp-content\/uploads\/2024\/04\/ryhmatila-bistro-1272x1500.jpg\" alt=\"\" class=\"wp-image-3081\" srcset=\"https:\/\/talmaski.fi\/wp-content\/uploads\/2024\/04\/ryhmatila-bistro-1272x1500.jpg 1272w, https:\/\/talmaski.fi\/wp-content\/uploads\/2024\/04\/ryhmatila-bistro-509x600.jpg 509w, https:\/\/talmaski.fi\/wp-content\/uploads\/2024\/04\/ryhmatila-bistro-768x906.jpg 768w, https:\/\/talmaski.fi\/wp-content\/uploads\/2024\/04\/ryhmatila-bistro-1302x1536.jpg 1302w, https:\/\/talmaski.fi\/wp-content\/uploads\/2024\/04\/ryhmatila-bistro-1736x2048.jpg 1736w, https:\/\/talmaski.fi\/wp-content\/uploads\/2024\/04\/ryhmatila-bistro-10x12.jpg 10w\" sizes=\"auto, (max-width: 1272px) 100vw, 1272px\" \/><figcaption class=\"wp-element-caption\">group working space bistro<\/figcaption><\/figure>\n<\/figure>\n\n\n\n<figure class=\"wp-block-gallery has-nested-images columns-default is-cropped wp-block-gallery-3 is-layout-flex wp-block-gallery-is-layout-flex\">\n<figure class=\"wp-block-image size-large\"><img loading=\"lazy\" decoding=\"async\" width=\"512\" height=\"512\" data-id=\"1460\" src=\"https:\/\/talmaski.fi\/wp-content\/uploads\/2023\/01\/Ravintola-SNO-ravintolasali.jpg\" alt=\"\" class=\"wp-image-1460\" srcset=\"https:\/\/talmaski.fi\/wp-content\/uploads\/2023\/01\/Ravintola-SNO-ravintolasali.jpg 512w, https:\/\/talmaski.fi\/wp-content\/uploads\/2023\/01\/Ravintola-SNO-ravintolasali-150x150.jpg 150w, https:\/\/talmaski.fi\/wp-content\/uploads\/2023\/01\/Ravintola-SNO-ravintolasali-12x12.jpg 12w\" sizes=\"auto, (max-width: 512px) 100vw, 512px\" \/><figcaption class=\"wp-element-caption\">restaurant hall<\/figcaption><\/figure>\n\n\n\n<figure class=\"wp-block-image size-large\"><img loading=\"lazy\" decoding=\"async\" width=\"512\" height=\"512\" data-id=\"1461\" src=\"https:\/\/talmaski.fi\/wp-content\/uploads\/2023\/01\/Ravintola-SNO_1.jpg\" alt=\"\" class=\"wp-image-1461\" srcset=\"https:\/\/talmaski.fi\/wp-content\/uploads\/2023\/01\/Ravintola-SNO_1.jpg 512w, https:\/\/talmaski.fi\/wp-content\/uploads\/2023\/01\/Ravintola-SNO_1-150x150.jpg 150w, https:\/\/talmaski.fi\/wp-content\/uploads\/2023\/01\/Ravintola-SNO_1-12x12.jpg 12w\" sizes=\"auto, (max-width: 512px) 100vw, 512px\" \/><figcaption class=\"wp-element-caption\">restaurant hall<\/figcaption><\/figure>\n\n\n\n<figure class=\"wp-block-image size-full\"><img loading=\"lazy\" decoding=\"async\" width=\"1024\" height=\"768\" data-id=\"1897\" src=\"https:\/\/talmaski.fi\/wp-content\/uploads\/2023\/04\/SNO-maisemakabinetti.jpeg\" alt=\"\" class=\"wp-image-1897\" srcset=\"https:\/\/talmaski.fi\/wp-content\/uploads\/2023\/04\/SNO-maisemakabinetti.jpeg 1024w, https:\/\/talmaski.fi\/wp-content\/uploads\/2023\/04\/SNO-maisemakabinetti-600x450.jpeg 600w, https:\/\/talmaski.fi\/wp-content\/uploads\/2023\/04\/SNO-maisemakabinetti-768x576.jpeg 768w, https:\/\/talmaski.fi\/wp-content\/uploads\/2023\/04\/SNO-maisemakabinetti-16x12.jpeg 16w\" sizes=\"auto, (max-width: 1024px) 100vw, 1024px\" \/><figcaption class=\"wp-element-caption\">landscape cabinet<\/figcaption><\/figure>\n<\/figure>\n\n\n\n<p><strong>Big hut: <\/strong>The hut can be booked for private use. It is situated near the restaurant, right outside Werneri Park. Fits comfortably about 30-40 people. The ambient hut functions well as private space for the group during skiing day, in birthday parties or as a \"stage\" for a great exprerience with our chef making magically delicous food with great stories by the fire. Catering can be ordered from the restaurant or brought by yourself. <\/p>\n\n\n\n<figure class=\"wp-block-gallery has-nested-images columns-default is-cropped wp-block-gallery-4 is-layout-flex wp-block-gallery-is-layout-flex\">\n<figure class=\"wp-block-image size-large\"><img loading=\"lazy\" decoding=\"async\" width=\"1024\" height=\"683\" data-id=\"1106\" src=\"https:\/\/talmaski.fi\/wp-content\/uploads\/2022\/10\/kota-ryhmalle-3-1024x683.jpg\" alt=\"\" class=\"wp-image-1106\" srcset=\"https:\/\/talmaski.fi\/wp-content\/uploads\/2022\/10\/kota-ryhmalle-3-1024x683.jpg 1024w, https:\/\/talmaski.fi\/wp-content\/uploads\/2022\/10\/kota-ryhmalle-3-300x200.jpg 300w, https:\/\/talmaski.fi\/wp-content\/uploads\/2022\/10\/kota-ryhmalle-3-768x512.jpg 768w, https:\/\/talmaski.fi\/wp-content\/uploads\/2022\/10\/kota-ryhmalle-3-1536x1024.jpg 1536w, https:\/\/talmaski.fi\/wp-content\/uploads\/2022\/10\/kota-ryhmalle-3-18x12.jpg 18w, https:\/\/talmaski.fi\/wp-content\/uploads\/2022\/10\/kota-ryhmalle-3-360x240.jpg 360w, https:\/\/talmaski.fi\/wp-content\/uploads\/2022\/10\/kota-ryhmalle-3.jpg 1732w\" sizes=\"auto, (max-width: 1024px) 100vw, 1024px\" \/><\/figure>\n\n\n\n<figure class=\"wp-block-image size-large\"><img loading=\"lazy\" decoding=\"async\" width=\"960\" height=\"1024\" data-id=\"1107\" src=\"https:\/\/talmaski.fi\/wp-content\/uploads\/2022\/10\/Tunnelmallinen-illallinen-kodassa-1-960x1024.jpg\" alt=\"\" class=\"wp-image-1107\" srcset=\"https:\/\/talmaski.fi\/wp-content\/uploads\/2022\/10\/Tunnelmallinen-illallinen-kodassa-1-960x1024.jpg 960w, https:\/\/talmaski.fi\/wp-content\/uploads\/2022\/10\/Tunnelmallinen-illallinen-kodassa-1-281x300.jpg 281w, https:\/\/talmaski.fi\/wp-content\/uploads\/2022\/10\/Tunnelmallinen-illallinen-kodassa-1-768x819.jpg 768w, https:\/\/talmaski.fi\/wp-content\/uploads\/2022\/10\/Tunnelmallinen-illallinen-kodassa-1-1440x1536.jpg 1440w, https:\/\/talmaski.fi\/wp-content\/uploads\/2022\/10\/Tunnelmallinen-illallinen-kodassa-1-1920x2048.jpg 1920w, https:\/\/talmaski.fi\/wp-content\/uploads\/2022\/10\/Tunnelmallinen-illallinen-kodassa-1-11x12.jpg 11w\" sizes=\"auto, (max-width: 960px) 100vw, 960px\" \/><\/figure>\n\n\n\n<figure class=\"wp-block-image size-large\"><img loading=\"lazy\" decoding=\"async\" width=\"802\" height=\"1024\" data-id=\"1108\" src=\"https:\/\/talmaski.fi\/wp-content\/uploads\/2022\/10\/kotakokemus-loimulohi-3-802x1024.jpg\" alt=\"\" class=\"wp-image-1108\" srcset=\"https:\/\/talmaski.fi\/wp-content\/uploads\/2022\/10\/kotakokemus-loimulohi-3-802x1024.jpg 802w, https:\/\/talmaski.fi\/wp-content\/uploads\/2022\/10\/kotakokemus-loimulohi-3-235x300.jpg 235w, https:\/\/talmaski.fi\/wp-content\/uploads\/2022\/10\/kotakokemus-loimulohi-3-768x981.jpg 768w, https:\/\/talmaski.fi\/wp-content\/uploads\/2022\/10\/kotakokemus-loimulohi-3-1203x1536.jpg 1203w, https:\/\/talmaski.fi\/wp-content\/uploads\/2022\/10\/kotakokemus-loimulohi-3-9x12.jpg 9w, https:\/\/talmaski.fi\/wp-content\/uploads\/2022\/10\/kotakokemus-loimulohi-3.jpg 1436w\" sizes=\"auto, (max-width: 802px) 100vw, 802px\" \/><\/figure>\n<\/figure>\n\n\n\n<p><strong>Requests for offers and inquiries:<\/strong><br>hanna (at) talmaski.fi, puh. 040-1281419<\/p>","protected":false},"excerpt":{"rendered":"<p>Saunat: Tiloissamme on kaksi saunaa, joten esim. miehille ja naisille on tarvittaessa omansa. Yhteen saunaan mahtuu kerralla noin kymmenen ihmist\u00e4 saunomaan, molemmilla saunoilla on omat pesu- ja pukuhuonetilat. Saunavuokramme sis\u00e4lt\u00e4\u00e4 pyyhkeet ja pesuaineet. Saunakabinetti: N\u00e4pp\u00e4r\u00e4n kokoinen ja tunnelmallinen tila saunojen yhteydess\u00e4. Kabinetissa on istumapaikkoja noin 20 ja sielt\u00e4 l\u00f6ytyy suuri [&hellip;]<\/p>","protected":false},"author":3,"featured_media":0,"parent":121,"menu_order":0,"comment_status":"closed","ping_status":"closed","template":"","meta":{"footnotes":""},"class_list":["post-398","page","type-page","status-publish","hentry"],"_links":{"self":[{"href":"https:\/\/talmaski.fi\/en\/wp-json\/wp\/v2\/pages\/398","targetHints":{"allow":["GET"]}}],"collection":[{"href":"https:\/\/talmaski.fi\/en\/wp-json\/wp\/v2\/pages"}],"about":[{"href":"https:\/\/talmaski.fi\/en\/wp-json\/wp\/v2\/types\/page"}],"author":[{"embeddable":true,"href":"https:\/\/talmaski.fi\/en\/wp-json\/wp\/v2\/users\/3"}],"replies":[{"embeddable":true,"href":"https:\/\/talmaski.fi\/en\/wp-json\/wp\/v2\/comments?post=398"}],"version-history":[{"count":29,"href":"https:\/\/talmaski.fi\/en\/wp-json\/wp\/v2\/pages\/398\/revisions"}],"predecessor-version":[{"id":4957,"href":"https:\/\/talmaski.fi\/en\/wp-json\/wp\/v2\/pages\/398\/revisions\/4957"}],"up":[{"embeddable":true,"href":"https:\/\/talmaski.fi\/en\/wp-json\/wp\/v2\/pages\/121"}],"wp:attachment":[{"href":"https:\/\/talmaski.fi\/en\/wp-json\/wp\/v2\/media?parent=398"}],"curies":[{"name":"wp","href":"https:\/\/api.w.org\/{rel}","templated":true}]}}