{"id":4048,"date":"2025-03-20T13:42:52","date_gmt":"2025-03-20T11:42:52","guid":{"rendered":"https:\/\/talmaski.fi\/?page_id=4048"},"modified":"2025-03-20T13:42:52","modified_gmt":"2025-03-20T11:42:52","slug":"tarjouspyynto","status":"publish","type":"page","link":"https:\/\/talmaski.fi\/en\/tarjouspyynto\/","title":{"rendered":"Request a quote"},"content":{"rendered":"<div class=\"wpforms-container wpforms-container-full wpforms-block wpforms-block-2b53fe4a-3273-4d86-8e72-533ed5900227 wpforms-render-modern\" id=\"wpforms-4034\"><form id=\"wpforms-form-4034\" class=\"wpforms-validate wpforms-form wpforms-ajax-form\" data-formid=\"4034\" method=\"post\" enctype=\"multipart\/form-data\" action=\"\/en\/wp-json\/wp\/v2\/pages\/4048\" data-token=\"64c60cc7c702ea1ea0a58aa657eb16f9\" data-token-time=\"1776779761\" data-trp-original-action=\"\/en\/wp-json\/wp\/v2\/pages\/4048\"><noscript class=\"wpforms-error-noscript\">Please enable JavaScript in your browser to complete this form.<\/noscript><div id=\"wpforms-error-noscript\" style=\"display: none;\">Please enable JavaScript in your browser to complete this form.<\/div><div class=\"wpforms-field-container\"><div id=\"wpforms-4034-field_4-container\" class=\"wpforms-field wpforms-field-text\" data-field-id=\"4\"><label class=\"wpforms-field-label\" for=\"wpforms-4034-field_4\">Company\/group name <span class=\"wpforms-required-label\" aria-hidden=\"true\">*<\/span><\/label><input type=\"text\" id=\"wpforms-4034-field_4\" class=\"wpforms-field-medium wpforms-field-required\" name=\"wpforms[fields][4]\" aria-errormessage=\"wpforms-4034-field_4-error\" required><\/div><div id=\"wpforms-4034-field_5-container\" class=\"wpforms-field wpforms-field-text\" data-field-id=\"5\"><label class=\"wpforms-field-label\" for=\"wpforms-4034-field_5\">Name of contact person <span class=\"wpforms-required-label\" aria-hidden=\"true\">*<\/span><\/label><input type=\"text\" id=\"wpforms-4034-field_5\" class=\"wpforms-field-medium wpforms-field-required\" name=\"wpforms[fields][5]\" aria-errormessage=\"wpforms-4034-field_5-error\" required><\/div><div id=\"wpforms-4034-field_2-container\" class=\"wpforms-field wpforms-field-email\" data-field-id=\"2\"><label class=\"wpforms-field-label\" for=\"wpforms-4034-field_2\">Email <span class=\"wpforms-required-label\" aria-hidden=\"true\">*<\/span><\/label><input type=\"email\" id=\"wpforms-4034-field_2\" class=\"wpforms-field-medium wpforms-field-required\" name=\"wpforms[fields][2]\" spellcheck=\"false\" aria-errormessage=\"wpforms-4034-field_2-error\" required><\/div><div id=\"wpforms-4034-field_12-container\" class=\"wpforms-field wpforms-field-text\" data-field-id=\"12\"><label class=\"wpforms-field-label\" for=\"wpforms-4034-field_12\">Phone number<\/label><input type=\"text\" id=\"wpforms-4034-field_12\" class=\"wpforms-field-medium\" name=\"wpforms[fields][12]\" aria-errormessage=\"wpforms-4034-field_12-error\" ><\/div>\t\t<div id=\"wpforms-4034-field_1-container\"\n\t\t\tclass=\"wpforms-field wpforms-field-text\"\n\t\t\tdata-field-type=\"text\"\n\t\t\tdata-field-id=\"1\"\n\t\t\t>\n\t\t\t<label class=\"wpforms-field-label\" for=\"wpforms-4034-field_1\" >teill\u00e4 nimi henkil\u00f6m\u00e4\u00e4r\u00e4<\/label>\n\t\t\t<input type=\"text\" id=\"wpforms-4034-field_1\" class=\"wpforms-field-medium\" name=\"wpforms[fields][1]\" >\n\t\t<\/div>\n\t\t<div id=\"wpforms-4034-field_7-container\" class=\"wpforms-field wpforms-field-checkbox\" data-field-id=\"7\"><fieldset><legend class=\"wpforms-field-label\">Type of event<\/legend><ul id=\"wpforms-4034-field_7\"><li class=\"choice-1 depth-1\"><input type=\"checkbox\" id=\"wpforms-4034-field_7_1\" name=\"wpforms[fields][7][]\" value=\"Virkistys\/tyhyp\u00e4iv\u00e4\" aria-errormessage=\"wpforms-4034-field_7_1-error\"  ><label class=\"wpforms-field-label-inline\" for=\"wpforms-4034-field_7_1\">Recreational day<\/label><\/li><li class=\"choice-2 depth-1\"><input type=\"checkbox\" id=\"wpforms-4034-field_7_2\" name=\"wpforms[fields][7][]\" value=\"Kokous\/koulutus\" aria-errormessage=\"wpforms-4034-field_7_2-error\"  ><label class=\"wpforms-field-label-inline\" for=\"wpforms-4034-field_7_2\">Meeting\/training<\/label><\/li><li class=\"choice-3 depth-1\"><input type=\"checkbox\" id=\"wpforms-4034-field_7_3\" name=\"wpforms[fields][7][]\" value=\"Kouluryhm\u00e4n retki\" aria-errormessage=\"wpforms-4034-field_7_3-error\"  ><label class=\"wpforms-field-label-inline\" for=\"wpforms-4034-field_7_3\">School group trip<\/label><\/li><li class=\"choice-4 depth-1\"><input type=\"checkbox\" id=\"wpforms-4034-field_7_4\" name=\"wpforms[fields][7][]\" value=\"Yhdistyksen\/seuran tilaisuus\" aria-errormessage=\"wpforms-4034-field_7_4-error\"  ><label class=\"wpforms-field-label-inline\" for=\"wpforms-4034-field_7_4\">Association\/club event<\/label><\/li><li class=\"choice-5 depth-1\"><input type=\"checkbox\" id=\"wpforms-4034-field_7_5\" name=\"wpforms[fields][7][]\" value=\"Pikkujoulut\" aria-errormessage=\"wpforms-4034-field_7_5-error\"  ><label class=\"wpforms-field-label-inline\" for=\"wpforms-4034-field_7_5\">Christmas party<\/label><\/li><li class=\"choice-6 depth-1\"><input type=\"checkbox\" id=\"wpforms-4034-field_7_6\" name=\"wpforms[fields][7][]\" value=\"Asiakastilaisuus\" aria-errormessage=\"wpforms-4034-field_7_6-error\"  ><label class=\"wpforms-field-label-inline\" for=\"wpforms-4034-field_7_6\">Customer event<\/label><\/li><li class=\"choice-7 depth-1\"><input type=\"checkbox\" id=\"wpforms-4034-field_7_7\" name=\"wpforms[fields][7][]\" value=\"Perhep\u00e4iv\u00e4\" aria-errormessage=\"wpforms-4034-field_7_7-error\"  ><label class=\"wpforms-field-label-inline\" for=\"wpforms-4034-field_7_7\">Family day<\/label><\/li><li class=\"choice-9 depth-1\"><input type=\"checkbox\" id=\"wpforms-4034-field_7_9\" name=\"wpforms[fields][7][]\" value=\"Yritysjuhla\" aria-errormessage=\"wpforms-4034-field_7_9-error\"  ><label class=\"wpforms-field-label-inline\" for=\"wpforms-4034-field_7_9\">Company party<\/label><\/li><li class=\"choice-8 depth-1\"><input type=\"checkbox\" id=\"wpforms-4034-field_7_8\" name=\"wpforms[fields][7][]\" value=\"Muu\" aria-errormessage=\"wpforms-4034-field_7_8-error\"  ><label class=\"wpforms-field-label-inline\" for=\"wpforms-4034-field_7_8\">Other<\/label><\/li><\/ul><\/fieldset><\/div><div id=\"wpforms-4034-field_10-container\" class=\"wpforms-field wpforms-field-text\" data-field-id=\"10\"><label class=\"wpforms-field-label\" for=\"wpforms-4034-field_10\">Estimated amount of people <span class=\"wpforms-required-label\" aria-hidden=\"true\">*<\/span><\/label><input type=\"text\" id=\"wpforms-4034-field_10\" class=\"wpforms-field-medium wpforms-field-required\" name=\"wpforms[fields][10]\" aria-errormessage=\"wpforms-4034-field_10-error\" required><\/div><div id=\"wpforms-4034-field_11-container\" class=\"wpforms-field wpforms-field-text\" data-field-id=\"11\"><label class=\"wpforms-field-label\" for=\"wpforms-4034-field_11\">Date and timetable of the event<\/label><input type=\"text\" id=\"wpforms-4034-field_11\" class=\"wpforms-field-medium\" name=\"wpforms[fields][11]\" aria-errormessage=\"wpforms-4034-field_11-error\" ><\/div><div id=\"wpforms-4034-field_3-container\" class=\"wpforms-field wpforms-field-textarea\" data-field-id=\"3\"><label class=\"wpforms-field-label\" for=\"wpforms-4034-field_3\">What type of event would you like to have? What wishes do you have regarding e.g. activities, premises and catering? <span class=\"wpforms-required-label\" aria-hidden=\"true\">*<\/span><\/label><textarea id=\"wpforms-4034-field_3\" class=\"wpforms-field-medium wpforms-field-required\" name=\"wpforms[fields][3]\" aria-errormessage=\"wpforms-4034-field_3-error\" required><\/textarea><\/div><script>\n\t\t\t\t( function() {\n\t\t\t\t\tconst style = document.createElement( 'style' );\n\t\t\t\t\tstyle.appendChild( document.createTextNode( '#wpforms-4034-field_1-container { position: absolute !important; overflow: hidden !important; display: inline !important; height: 1px !important; width: 1px !important; z-index: -1000 !important; padding: 0 !important; } #wpforms-4034-field_1-container input { visibility: hidden; } #wpforms-conversational-form-page #wpforms-4034-field_1-container label { counter-increment: none; }' ) );\n\t\t\t\t\tdocument.head.appendChild( style );\n\t\t\t\t\tdocument.currentScript?.remove();\n\t\t\t\t} )();\n\t\t\t<\/script><\/div><!-- .wpforms-field-container --><div class=\"wpforms-submit-container\" ><input type=\"hidden\" name=\"wpforms[id]\" value=\"4034\"><input type=\"hidden\" name=\"page_title\" value=\"\"><input type=\"hidden\" name=\"page_url\" value=\"https:\/\/talmaski.fi\/en\/wp-json\/wp\/v2\/pages\/4048\"><input type=\"hidden\" name=\"url_referer\" value=\"\"><button type=\"submit\" name=\"wpforms[submit]\" id=\"wpforms-submit-4034\" class=\"wpforms-submit\" data-alt-text=\"Sending...\" data-submit-text=\"L\u00e4het\u00e4\" aria-live=\"assertive\" value=\"wpforms-submit\">send<\/button><img loading=\"lazy\" decoding=\"async\" src=\"https:\/\/talmaski.fi\/wp-content\/plugins\/wpforms-lite\/assets\/images\/submit-spin.svg\" class=\"wpforms-submit-spinner\" style=\"display: none;\" width=\"26\" height=\"26\" alt=\"Loading\"><\/div><input type=\"hidden\" name=\"trp-form-language\" value=\"en\"\/><\/form><\/div>  <!-- .wpforms-container -->","protected":false},"excerpt":{"rendered":"","protected":false},"author":3,"featured_media":0,"parent":0,"menu_order":0,"comment_status":"closed","ping_status":"closed","template":"","meta":{"footnotes":""},"class_list":["post-4048","page","type-page","status-publish","hentry"],"_links":{"self":[{"href":"https:\/\/talmaski.fi\/en\/wp-json\/wp\/v2\/pages\/4048","targetHints":{"allow":["GET"]}}],"collection":[{"href":"https:\/\/talmaski.fi\/en\/wp-json\/wp\/v2\/pages"}],"about":[{"href":"https:\/\/talmaski.fi\/en\/wp-json\/wp\/v2\/types\/page"}],"author":[{"embeddable":true,"href":"https:\/\/talmaski.fi\/en\/wp-json\/wp\/v2\/users\/3"}],"replies":[{"embeddable":true,"href":"https:\/\/talmaski.fi\/en\/wp-json\/wp\/v2\/comments?post=4048"}],"version-history":[{"count":1,"href":"https:\/\/talmaski.fi\/en\/wp-json\/wp\/v2\/pages\/4048\/revisions"}],"predecessor-version":[{"id":4049,"href":"https:\/\/talmaski.fi\/en\/wp-json\/wp\/v2\/pages\/4048\/revisions\/4049"}],"wp:attachment":[{"href":"https:\/\/talmaski.fi\/en\/wp-json\/wp\/v2\/media?parent=4048"}],"curies":[{"name":"wp","href":"https:\/\/api.w.org\/{rel}","templated":true}]}}