{"id":500,"date":"2022-08-23T14:14:41","date_gmt":"2022-08-23T11:14:41","guid":{"rendered":"https:\/\/talmaski.fi\/2022\/?page_id=500"},"modified":"2022-09-08T10:47:56","modified_gmt":"2022-09-08T07:47:56","slug":"toimitusehdot","status":"publish","type":"page","link":"https:\/\/talmaski.fi\/en\/hiihtokeskus\/toimitusehdot\/","title":{"rendered":"Terms of delivery"},"content":{"rendered":"<p>We comply with the regulations regarding skiing services <a rel=\"noreferrer noopener\" href=\"https:\/\/www.ski.fi\/info\/sopimusehdot\/hiihtokeskuspalveluiden-sopimusehdot\/\" target=\"_blank\">delivery conditions<\/a> ID number 92\/41\/286. The delivery terms and conditions are also available from our ticket office, if necessary.<\/p>\n\n\n\n<p>Insurances: the skier must take care of the insurance cover he\/she considers necessary, for example in the form of travel, luggage, accident, leisure or liability insurance.<\/p>\n\n\n\n<p>Slope and lift safety: Follow the given instructions on the slopes and lifts and consider other skiers. If necessary, you can get help and additional instructions from the staff.<\/p>\n\n\n\n<p>Slope and snow information: You can find the slope and snow information of SHKY&#039;s member centers, e.g. From YLE teletext pages 480-484 or from the address:<\/p>\n\n\n\n<p><strong><a href=\"https:\/\/www.ski.fi\/keskukset\/talma-ski\/\" target=\"_blank\" rel=\"noreferrer noopener\">SKI.FI &gt;&gt;<\/a><\/strong><\/p>","protected":false},"excerpt":{"rendered":"<p>We comply with the terms of delivery regarding skiing services Dnro 92\/41\/286. The delivery conditions are also available from our ticket office, if necessary. Insurances: the skier must take care of the insurance cover he\/she considers necessary, for example in the form of travel, luggage, accident, leisure or liability insurance. Slope and lift safety: Follow the given instructions on the slopes and lifts and consider other skiers. If necessary, you can get help and additional instructions from the staff. [\u2026]<\/p>","protected":false},"author":3,"featured_media":0,"parent":23,"menu_order":0,"comment_status":"closed","ping_status":"closed","template":"","meta":{"_uag_custom_page_level_css":"","footnotes":""},"class_list":["post-500","page","type-page","status-publish","hentry"],"uagb_featured_image_src":{"full":false,"thumbnail":false,"medium":false,"medium_large":false,"large":false,"1536x1536":false,"2048x2048":false,"trp-custom-language-flag":false,"hestia-blog":false},"uagb_author_info":{"display_name":"aleksi","author_link":"https:\/\/talmaski.fi\/en\/author\/aleksi\/"},"uagb_comment_info":0,"uagb_excerpt":"Noudatamme laskettelupalveluja koskevia toimitusehtoja Dnro 92\/41\/286. Toimitusehdot ovat tarvittaessa saatavissa my\u00f6s lipunmyynnist\u00e4mme. Vakuutukset: laskettelijan on itse huolehdittava siit\u00e4 vakuutusturvasta, jonka h\u00e4n katsoo tarvitsevansa esimerkiksi matka-, matkatavara-, tapaturma-, vapaa-ajan tai vastuuvakuutuksen muodossa. Rinne- ja hissiturvallisuus: Noudata annettuja ohjeita rinteiss\u00e4 ja hisseiss\u00e4 ja huomioi muut laskettelijat. Apua ja lis\u00e4ohjeita saat tarvittaessa henkil\u00f6kunnalta. [&hellip;]","_links":{"self":[{"href":"https:\/\/talmaski.fi\/en\/wp-json\/wp\/v2\/pages\/500","targetHints":{"allow":["GET"]}}],"collection":[{"href":"https:\/\/talmaski.fi\/en\/wp-json\/wp\/v2\/pages"}],"about":[{"href":"https:\/\/talmaski.fi\/en\/wp-json\/wp\/v2\/types\/page"}],"author":[{"embeddable":true,"href":"https:\/\/talmaski.fi\/en\/wp-json\/wp\/v2\/users\/3"}],"replies":[{"embeddable":true,"href":"https:\/\/talmaski.fi\/en\/wp-json\/wp\/v2\/comments?post=500"}],"version-history":[{"count":2,"href":"https:\/\/talmaski.fi\/en\/wp-json\/wp\/v2\/pages\/500\/revisions"}],"predecessor-version":[{"id":586,"href":"https:\/\/talmaski.fi\/en\/wp-json\/wp\/v2\/pages\/500\/revisions\/586"}],"up":[{"embeddable":true,"href":"https:\/\/talmaski.fi\/en\/wp-json\/wp\/v2\/pages\/23"}],"wp:attachment":[{"href":"https:\/\/talmaski.fi\/en\/wp-json\/wp\/v2\/media?parent=500"}],"curies":[{"name":"wp","href":"https:\/\/api.w.org\/{rel}","templated":true}]}}