{"id":5114,"date":"2026-04-27T15:55:34","date_gmt":"2026-04-27T12:55:34","guid":{"rendered":"https:\/\/talmaski.fi\/?page_id=5114"},"modified":"2026-04-27T16:14:26","modified_gmt":"2026-04-27T13:14:26","slug":"lasten-synttarit","status":"publish","type":"page","link":"https:\/\/talmaski.fi\/en\/yritykset-ja-ryhmat\/lasten-synttarit\/","title":{"rendered":"Lasten syntt\u00e4rit"},"content":{"rendered":"<p>Talma on hauska paikka lasten syntym\u00e4p\u00e4iv\u00e4juhlille niin talvella kuin kes\u00e4ll\u00e4kin! <\/p>\n\n\n\n<p>Onko lapsen juhlap\u00e4iv\u00e4 talvella? Werneri Parkin lumipuuhamaa tarjoaa oivaa tekemist\u00e4 lumileikeist\u00e4 nauttien. Aktiivisen ulkoilun j\u00e4lkeen on mukava tulla l\u00e4mpim\u00e4\u00e4n kotaan nauttimaan syntt\u00e4riherkuista.<\/p>\n\n\n\n<div class=\"wp-block-buttons is-layout-flex wp-block-buttons-is-layout-flex\">\n<div class=\"wp-block-button\"><a class=\"wp-block-button__link wp-element-button\" href=\"https:\/\/talmaski.fi\/en\/yritykset-ja-ryhmat\/lasten-synttarit\/wernerisynttarit\/\" target=\"_blank\" rel=\"noreferrer noopener\">Lue lis\u00e4\u00e4 Wernerisyntt\u00e4reist\u00e4<\/a><\/div>\n<\/div>\n\n\n\n<p>Vai viett\u00e4\u00e4k\u00f6 lapsi syntym\u00e4p\u00e4ivi\u00e4\u00e4n kes\u00e4ll\u00e4? Seikkailupuistossa on paljon hauskaa puuhaa monenik\u00e4isille; kiipeilypuisto vaijeriliukuineen, minigolf sek\u00e4 Werneri Parkin kes\u00e4inen puuhamaa, jossa mm. pomppulinnat, trampat, kiipeilysein\u00e4t, liukum\u00e4et ja monet muut aktiviteetit.<\/p>\n\n\n\n<div class=\"wp-block-buttons is-layout-flex wp-block-buttons-is-layout-flex\">\n<div class=\"wp-block-button\"><a class=\"wp-block-button__link wp-element-button\" href=\"https:\/\/talmaski.fi\/en\/activepark\/seikkailijan-synttarit\/\" target=\"_blank\" rel=\"noreferrer noopener\">Lue lis\u00e4\u00e4 seikkailijan syntt\u00e4reist\u00e4<\/a><\/div>\n<\/div>","protected":false},"excerpt":{"rendered":"<p>Talma on hauska paikka lasten syntym\u00e4p\u00e4iv\u00e4juhlille niin talvella kuin kes\u00e4ll\u00e4kin! Onko lapsen juhlap\u00e4iv\u00e4 talvella? Werneri Parkin lumipuuhamaa tarjoaa oivaa tekemist\u00e4 lumileikeist\u00e4 nauttien. Aktiivisen ulkoilun j\u00e4lkeen on mukava tulla l\u00e4mpim\u00e4\u00e4n kotaan nauttimaan syntt\u00e4riherkuista. Vai viett\u00e4\u00e4k\u00f6 lapsi syntym\u00e4p\u00e4ivi\u00e4\u00e4n kes\u00e4ll\u00e4? Seikkailupuistossa on paljon hauskaa puuhaa monenik\u00e4isille; kiipeilypuisto vaijeriliukuineen, minigolf sek\u00e4 Werneri Parkin kes\u00e4inen [&hellip;]<\/p>","protected":false},"author":3,"featured_media":0,"parent":121,"menu_order":0,"comment_status":"closed","ping_status":"closed","template":"","meta":{"_uag_custom_page_level_css":"","footnotes":""},"class_list":["post-5114","page","type-page","status-publish","hentry"],"uagb_featured_image_src":{"full":false,"thumbnail":false,"medium":false,"medium_large":false,"large":false,"1536x1536":false,"2048x2048":false,"trp-custom-language-flag":false,"hestia-blog":false},"uagb_author_info":{"display_name":"aleksi","author_link":"https:\/\/talmaski.fi\/en\/author\/aleksi\/"},"uagb_comment_info":0,"uagb_excerpt":"Talma on hauska paikka lasten syntym\u00e4p\u00e4iv\u00e4juhlille niin talvella kuin kes\u00e4ll\u00e4kin! Onko lapsen juhlap\u00e4iv\u00e4 talvella? Werneri Parkin lumipuuhamaa tarjoaa oivaa tekemist\u00e4 lumileikeist\u00e4 nauttien. Aktiivisen ulkoilun j\u00e4lkeen on mukava tulla l\u00e4mpim\u00e4\u00e4n kotaan nauttimaan syntt\u00e4riherkuista. Vai viett\u00e4\u00e4k\u00f6 lapsi syntym\u00e4p\u00e4ivi\u00e4\u00e4n kes\u00e4ll\u00e4? Seikkailupuistossa on paljon hauskaa puuhaa monenik\u00e4isille; kiipeilypuisto vaijeriliukuineen, minigolf sek\u00e4 Werneri Parkin kes\u00e4inen [&hellip;]","_links":{"self":[{"href":"https:\/\/talmaski.fi\/en\/wp-json\/wp\/v2\/pages\/5114","targetHints":{"allow":["GET"]}}],"collection":[{"href":"https:\/\/talmaski.fi\/en\/wp-json\/wp\/v2\/pages"}],"about":[{"href":"https:\/\/talmaski.fi\/en\/wp-json\/wp\/v2\/types\/page"}],"author":[{"embeddable":true,"href":"https:\/\/talmaski.fi\/en\/wp-json\/wp\/v2\/users\/3"}],"replies":[{"embeddable":true,"href":"https:\/\/talmaski.fi\/en\/wp-json\/wp\/v2\/comments?post=5114"}],"version-history":[{"count":5,"href":"https:\/\/talmaski.fi\/en\/wp-json\/wp\/v2\/pages\/5114\/revisions"}],"predecessor-version":[{"id":5123,"href":"https:\/\/talmaski.fi\/en\/wp-json\/wp\/v2\/pages\/5114\/revisions\/5123"}],"up":[{"embeddable":true,"href":"https:\/\/talmaski.fi\/en\/wp-json\/wp\/v2\/pages\/121"}],"wp:attachment":[{"href":"https:\/\/talmaski.fi\/en\/wp-json\/wp\/v2\/media?parent=5114"}],"curies":[{"name":"wp","href":"https:\/\/api.w.org\/{rel}","templated":true}]}}