{"id":5370,"date":"2026-05-08T11:59:11","date_gmt":"2026-05-08T08:59:11","guid":{"rendered":"https:\/\/talmaski.fi\/?page_id=5370"},"modified":"2026-05-08T13:51:57","modified_gmt":"2026-05-08T10:51:57","slug":"talvitapahtumat","status":"publish","type":"page","link":"https:\/\/talmaski.fi\/en\/yritykset-ja-ryhmat\/yritystapahtumat\/talvitapahtumat\/","title":{"rendered":"Talvitapahtumat"},"content":{"rendered":"<h2 class=\"wp-block-heading\">Yritysten talvitapahtumat ja pikkujoulut Helsingin l\u00e4hell\u00e4<\/h2>\n\n\n\n<p>Talvinen virkistysp\u00e4iv\u00e4 tai pikkujoulut Talmassa on kokemus joka j\u00e4\u00e4 mieleen. Raikkaassa ulkoilmassa lasketellen tai pulkkaillen, tunnelmallisessa kodassa makkaraa paistellen tai saunoen &#8211; ja kaikki t\u00e4m\u00e4 vain noin 30 minuutin ajomatkan p\u00e4\u00e4ss\u00e4 Helsingist\u00e4. <\/p>\n\n\n\n<p>Meill\u00e4 jokainen hissi on miehitetty ja henkil\u00f6kuntaa ja Ski patrol on aina saatavilla. Teid\u00e4n ei tarvitse huolehtia &#8211; me hoidamme homman. <\/p>\n\n\n\n<blockquote class=\"wp-block-quote is-layout-flow wp-block-quote-is-layout-flow\">\n<p>&#8221;Monipuolinen laskettelukeskus l\u00e4hell\u00e4 Helsinki\u00e4. Oli helppo ja huoleton paikka viett\u00e4\u00e4 yritystapahtumaa. Palvelu oli loistavaa &#8211; voin suositella l\u00e4mpim\u00e4sti.&#8221; &#8211; yritysasiakas, talvinen perhep\u00e4iv\u00e4<\/p>\n<\/blockquote>\n\n\n\n<h3 class=\"wp-block-heading\">Talvitarjontaamme yrityksille<\/h3>\n\n\n\n<p>Talvikaudella tarjontaamme kuuluvat rinteet lasketteluun ja lumilautailuun &#8211; suomen etel\u00e4isimmin tuolihissin kera &#8211; Werneri Park &#8211; uudenmaan monipuolisin lumipuuhamaa &#8211; sek\u00e4 viihtyis\u00e4t sauna- ja kokoustilat. Werneri Park sopii erinomaisesti my\u00f6s niille, jotka eiv\u00e4t laskettele, joten talvip\u00e4iv\u00e4st\u00e4 tulee hauska koko porukalle. My\u00f6s Talman palkitun hiihtokoulun ammattimaiset opettajat ovat valmiita johdattamaan laskettelun saloihin &#8211; niin ensikertalaiset kuin edistyneemm\u00e4tkin. <\/p>\n\n\n\n<div class=\"wp-block-buttons is-layout-flex wp-block-buttons-is-layout-flex\">\n<div class=\"wp-block-button\"><a class=\"wp-block-button__link has-accent-background-color has-background wp-element-button\" href=\"https:\/\/talmaski.fi\/en\/tarjouspyynto\/\">Tee varaus tai pyyd\u00e4 tarjous<\/a><\/div>\n<\/div>\n\n\n\n<h2 class=\"wp-block-heading\">Valmiit yrityspaketit yrityksille<\/h2>\n\n\n\n<p>Esimerkkipaketit ovat voimassa arki-iltaisin rinteiden aukioloaikoina (klo 16-20.30) sek\u00e4 arkisp\u00e4ivisin erikseen ilmoitettuina p\u00e4ivin\u00e4, jolloin rinteet avataan jo aamusta. Kaikkiin paketteihin lis\u00e4hinnasta saatavilla v\u00e4linevuokraus lasketteluun ja lumilautailuun. Minimiveloitus 10hl\u00f6. <\/p>\n\n\n\n<div class=\"wp-block-columns is-layout-flex wp-container-core-columns-is-layout-28f84493 wp-block-columns-is-layout-flex\">\n<div class=\"wp-block-column is-layout-flow wp-block-column-is-layout-flow\"><\/div>\n\n\n\n<div class=\"wp-block-column is-layout-flow wp-block-column-is-layout-flow\"><\/div>\n\n\n\n<div class=\"wp-block-column is-layout-flow wp-block-column-is-layout-flow\"><\/div>\n<\/div>\n\n\n\n<div class=\"wp-block-columns is-layout-flex wp-container-core-columns-is-layout-28f84493 wp-block-columns-is-layout-flex\">\n<div class=\"wp-block-column is-layout-flow wp-block-column-is-layout-flow\">\n<div class=\"wp-block-group has-background\" style=\"border-radius:8px;background-color:#1b181c12;padding-top:32px;padding-right:32px;padding-bottom:32px;padding-left:32px\"><div class=\"wp-block-group__inner-container is-layout-constrained wp-container-core-group-is-layout-a30d157d wp-block-group-is-layout-constrained\">\n<div class=\"wp-block-group\" style=\"margin-top:-60px;margin-bottom:20px\"><div class=\"wp-block-group__inner-container is-layout-constrained wp-block-group-is-layout-constrained\">\n<figure class=\"wp-block-image size-full is-resized has-custom-border\"><img loading=\"lazy\" decoding=\"async\" width=\"2000\" height=\"2000\" src=\"https:\/\/talmaski.fi\/wp-content\/uploads\/2026\/05\/talvinen-tyhypaiva-yrityksille-sipoossa-lahella-helsinkia.jpg\" alt=\"\" class=\"wp-image-5375\" style=\"border-radius:8px;width:128px\" srcset=\"https:\/\/talmaski.fi\/wp-content\/uploads\/2026\/05\/talvinen-tyhypaiva-yrityksille-sipoossa-lahella-helsinkia.jpg 2000w, https:\/\/talmaski.fi\/wp-content\/uploads\/2026\/05\/talvinen-tyhypaiva-yrityksille-sipoossa-lahella-helsinkia-600x600.jpg 600w, https:\/\/talmaski.fi\/wp-content\/uploads\/2026\/05\/talvinen-tyhypaiva-yrityksille-sipoossa-lahella-helsinkia-1500x1500.jpg 1500w, https:\/\/talmaski.fi\/wp-content\/uploads\/2026\/05\/talvinen-tyhypaiva-yrityksille-sipoossa-lahella-helsinkia-150x150.jpg 150w, https:\/\/talmaski.fi\/wp-content\/uploads\/2026\/05\/talvinen-tyhypaiva-yrityksille-sipoossa-lahella-helsinkia-768x768.jpg 768w, https:\/\/talmaski.fi\/wp-content\/uploads\/2026\/05\/talvinen-tyhypaiva-yrityksille-sipoossa-lahella-helsinkia-1536x1536.jpg 1536w, https:\/\/talmaski.fi\/wp-content\/uploads\/2026\/05\/talvinen-tyhypaiva-yrityksille-sipoossa-lahella-helsinkia-12x12.jpg 12w\" sizes=\"auto, (max-width: 2000px) 100vw, 2000px\" \/><\/figure>\n<\/div><\/div>\n\n\n\n<h3 class=\"wp-block-heading\">Rento rinnep\u00e4iv\u00e4<\/h3>\n\n\n\n<p>Helppo talvinen tyhyp\u00e4iv\u00e4; rentoa laskettelua ja\/tai pulkkailua ja herkullinen p\u00e4iv\u00e4n keitto <\/p>\n\n\n\n<p class=\"has-text-align-left has-accent-color has-text-color has-link-color has-small-font-size wp-elements-1d46d6bb4123ce2d04dcef583de40150\" style=\"font-style:normal;font-weight:600;text-transform:uppercase\">29\u20ac\/hl\u00f6 (+alv, min. 10hl\u00f6)<\/p>\n\n\n\n<ul class=\"wp-block-list\">\n<li>Arki-illan tai 4t hissilippu<\/li>\n\n\n\n<li>Werneri Park lippu<\/li>\n\n\n\n<li>P\u00e4iv\u00e4n keitto, leip\u00e4\u00e4, kahvi\/tee<\/li>\n<\/ul>\n\n\n\n<p><\/p>\n\n\n\n<p><em>Lis\u00e4hinnasta saatavilla vuokrav\u00e4lineet lasketteluun ja saunat.<\/em><\/p>\n<\/div><\/div>\n<\/div>\n\n\n\n<div class=\"wp-block-column is-layout-flow wp-block-column-is-layout-flow\">\n<div class=\"wp-block-group has-background\" style=\"border-radius:8px;background-color:#1b181c12;padding-top:32px;padding-right:32px;padding-bottom:32px;padding-left:32px\"><div class=\"wp-block-group__inner-container is-layout-constrained wp-container-core-group-is-layout-a30d157d wp-block-group-is-layout-constrained\">\n<div class=\"wp-block-group\" style=\"margin-top:-60px;margin-bottom:20px\"><div class=\"wp-block-group__inner-container is-layout-constrained wp-block-group-is-layout-constrained\">\n<figure class=\"wp-block-image size-full is-resized has-custom-border\"><img loading=\"lazy\" decoding=\"async\" width=\"2000\" height=\"2000\" src=\"https:\/\/talmaski.fi\/wp-content\/uploads\/2026\/05\/virkistyspaiva-laskettelu-sipoo-talma.jpg\" alt=\"\" class=\"wp-image-5391\" style=\"border-radius:8px;width:128px\" srcset=\"https:\/\/talmaski.fi\/wp-content\/uploads\/2026\/05\/virkistyspaiva-laskettelu-sipoo-talma.jpg 2000w, https:\/\/talmaski.fi\/wp-content\/uploads\/2026\/05\/virkistyspaiva-laskettelu-sipoo-talma-600x600.jpg 600w, https:\/\/talmaski.fi\/wp-content\/uploads\/2026\/05\/virkistyspaiva-laskettelu-sipoo-talma-1500x1500.jpg 1500w, https:\/\/talmaski.fi\/wp-content\/uploads\/2026\/05\/virkistyspaiva-laskettelu-sipoo-talma-150x150.jpg 150w, https:\/\/talmaski.fi\/wp-content\/uploads\/2026\/05\/virkistyspaiva-laskettelu-sipoo-talma-768x768.jpg 768w, https:\/\/talmaski.fi\/wp-content\/uploads\/2026\/05\/virkistyspaiva-laskettelu-sipoo-talma-1536x1536.jpg 1536w, https:\/\/talmaski.fi\/wp-content\/uploads\/2026\/05\/virkistyspaiva-laskettelu-sipoo-talma-12x12.jpg 12w\" sizes=\"auto, (max-width: 2000px) 100vw, 2000px\" \/><\/figure>\n<\/div><\/div>\n\n\n\n<h3 class=\"wp-block-heading\">Suksilta saunaan<\/h3>\n\n\n\n<p>Rento p\u00e4iv\u00e4 raikkaassa talvis\u00e4\u00e4ss\u00e4 rinteiss\u00e4, maistuvat tarjoilut ja rentouttavat l\u00f6ylyt saunassa. <\/p>\n\n\n\n<p class=\"has-text-align-left has-accent-color has-text-color has-link-color has-small-font-size wp-elements-3f39e0885a6fe7b7e0ec1a7449099b4f\" style=\"font-style:normal;font-weight:600;text-transform:uppercase\">37\u20ac\/hl\u00f6 (+alv, min. 10hl\u00f6)<\/p>\n\n\n\n<ul class=\"wp-block-list\">\n<li>Arki-ilta tai p\u00e4iv\u00e4 hissilippu<\/li>\n\n\n\n<li>Werneri Park lippu<\/li>\n\n\n\n<li>P\u00e4iv\u00e4n keitto, leip\u00e4\u00e4, kahvi\/tee<\/li>\n\n\n\n<li>Saunat 3t. (sis. pyyhkeet ja pesuaineet)<\/li>\n<\/ul>\n\n\n\n<p><\/p>\n\n\n\n<p><em>Lis\u00e4hinnasta saatavilla vuokrav\u00e4lineet lasketteluun.<\/em><\/p>\n<\/div><\/div>\n<\/div>\n\n\n\n<div class=\"wp-block-column is-layout-flow wp-block-column-is-layout-flow\">\n<div class=\"wp-block-group has-background\" style=\"border-radius:8px;background-color:#1b181c12;padding-top:32px;padding-right:32px;padding-bottom:32px;padding-left:32px\"><div class=\"wp-block-group__inner-container is-layout-constrained wp-container-core-group-is-layout-a30d157d wp-block-group-is-layout-constrained\">\n<div class=\"wp-block-group\" style=\"margin-top:-60px;margin-bottom:20px\"><div class=\"wp-block-group__inner-container is-layout-constrained wp-block-group-is-layout-constrained\">\n<figure class=\"wp-block-image size-full is-resized has-custom-border\"><img loading=\"lazy\" decoding=\"async\" width=\"1440\" height=\"1440\" src=\"https:\/\/talmaski.fi\/wp-content\/uploads\/2023\/01\/kaverimaanantai.jpg\" alt=\"\" class=\"wp-image-1407\" style=\"border-radius:8px;width:128px\" srcset=\"https:\/\/talmaski.fi\/wp-content\/uploads\/2023\/01\/kaverimaanantai.jpg 1440w, https:\/\/talmaski.fi\/wp-content\/uploads\/2023\/01\/kaverimaanantai-600x600.jpg 600w, https:\/\/talmaski.fi\/wp-content\/uploads\/2023\/01\/kaverimaanantai-150x150.jpg 150w, https:\/\/talmaski.fi\/wp-content\/uploads\/2023\/01\/kaverimaanantai-768x768.jpg 768w, https:\/\/talmaski.fi\/wp-content\/uploads\/2023\/01\/kaverimaanantai-12x12.jpg 12w\" sizes=\"auto, (max-width: 1440px) 100vw, 1440px\" \/><\/figure>\n<\/div><\/div>\n\n\n\n<h3 class=\"wp-block-heading\">Rakastu rinteisiin<\/h3>\n\n\n\n<p>Tutustukaa laskettelun maailmaan huippuopettajiemme kanssa! Hauska yhteinen kokemus on mukava jakaa kuuman keiton \u00e4\u00e4rell\u00e4 ravintolan l\u00e4mm\u00f6ss\u00e4, kaunista rinteiden iltavalaistusta katsellen. <\/p>\n\n\n\n<p class=\"has-text-align-left has-accent-color has-text-color has-link-color has-small-font-size wp-elements-ba779a8c0dda3bfc46a8892b967ee250\" style=\"font-style:normal;font-weight:600;text-transform:uppercase\">55\u20ac\/hl\u00f6 (+alv, 10-25hl\u00f6)<\/p>\n\n\n\n<ul class=\"wp-block-list\">\n<li>Hissilippu<\/li>\n\n\n\n<li>Vuokrav\u00e4linesetti (sis. sukset\/lauta, monot, kyp\u00e4r\u00e4)<\/li>\n\n\n\n<li>Lasketteluopetus opettajan johdolla (n. 2t)<\/li>\n\n\n\n<li>P\u00e4iv\u00e4n keitto, leip\u00e4\u00e4, kahi\/tee<\/li>\n<\/ul>\n<\/div><\/div>\n<\/div>\n<\/div>\n\n\n\n<div class=\"wp-block-columns is-layout-flex wp-container-core-columns-is-layout-28f84493 wp-block-columns-is-layout-flex\">\n<div class=\"wp-block-column is-layout-flow wp-block-column-is-layout-flow\">\n<div class=\"wp-block-group has-background\" style=\"border-radius:8px;background-color:#1b181c12;padding-top:32px;padding-right:32px;padding-bottom:32px;padding-left:32px\"><div class=\"wp-block-group__inner-container is-layout-constrained wp-container-core-group-is-layout-a30d157d wp-block-group-is-layout-constrained\">\n<div class=\"wp-block-group\" style=\"margin-top:-60px;margin-bottom:20px\"><div class=\"wp-block-group__inner-container is-layout-constrained wp-block-group-is-layout-constrained\">\n<figure class=\"wp-block-image size-full is-resized has-custom-border\"><img loading=\"lazy\" decoding=\"async\" width=\"2000\" height=\"2000\" src=\"https:\/\/talmaski.fi\/wp-content\/uploads\/2026\/05\/perhepaiva-laskettelukeskuksessa-talmassa-sipoossa.jpg\" alt=\"\" class=\"wp-image-5382\" style=\"border-radius:8px;width:128px\" srcset=\"https:\/\/talmaski.fi\/wp-content\/uploads\/2026\/05\/perhepaiva-laskettelukeskuksessa-talmassa-sipoossa.jpg 2000w, https:\/\/talmaski.fi\/wp-content\/uploads\/2026\/05\/perhepaiva-laskettelukeskuksessa-talmassa-sipoossa-600x600.jpg 600w, https:\/\/talmaski.fi\/wp-content\/uploads\/2026\/05\/perhepaiva-laskettelukeskuksessa-talmassa-sipoossa-1500x1500.jpg 1500w, https:\/\/talmaski.fi\/wp-content\/uploads\/2026\/05\/perhepaiva-laskettelukeskuksessa-talmassa-sipoossa-150x150.jpg 150w, https:\/\/talmaski.fi\/wp-content\/uploads\/2026\/05\/perhepaiva-laskettelukeskuksessa-talmassa-sipoossa-768x768.jpg 768w, https:\/\/talmaski.fi\/wp-content\/uploads\/2026\/05\/perhepaiva-laskettelukeskuksessa-talmassa-sipoossa-1536x1536.jpg 1536w, https:\/\/talmaski.fi\/wp-content\/uploads\/2026\/05\/perhepaiva-laskettelukeskuksessa-talmassa-sipoossa-12x12.jpg 12w\" sizes=\"auto, (max-width: 2000px) 100vw, 2000px\" \/><\/figure>\n<\/div><\/div>\n\n\n\n<h3 class=\"wp-block-heading\">Palaverista pulkkailemaan<\/h3>\n\n\n\n<p>Puolen p\u00e4iv\u00e4n kokous ja kokouksen p\u00e4\u00e4tteeksi hauskaa ulkoilua. <\/p>\n\n\n\n<p class=\"has-text-align-left has-accent-color has-text-color has-link-color has-small-font-size wp-elements-00d56ba21bb5c72dc81ab840aacfdf5c\" style=\"font-style:normal;font-weight:600;text-transform:uppercase\">39\u20ac\/hl\u00f6 (+alv, min. 10hl\u00f6)<\/p>\n\n\n\n<ul class=\"wp-block-list\">\n<li>Kokoustila (1-4t.)<\/li>\n\n\n\n<li>Keittolounas, kahvi\/tee, hedelmi\u00e4<\/li>\n\n\n\n<li>Arki-ilta hissilippu<\/li>\n\n\n\n<li>Werneri Park lippu<\/li>\n<\/ul>\n\n\n\n<p><\/p>\n\n\n\n<p><em><em>Lis\u00e4hinnasta saatavilla vuokrav\u00e4lineet lasketteluun.<\/em><\/em><\/p>\n<\/div><\/div>\n<\/div>\n\n\n\n<div class=\"wp-block-column is-layout-flow wp-block-column-is-layout-flow\">\n<div class=\"wp-block-group has-background\" style=\"border-radius:8px;background-color:#1b181c12;padding-top:32px;padding-right:32px;padding-bottom:32px;padding-left:32px\"><div class=\"wp-block-group__inner-container is-layout-constrained wp-container-core-group-is-layout-a30d157d wp-block-group-is-layout-constrained\">\n<div class=\"wp-block-group\" style=\"margin-top:-60px;margin-bottom:20px\"><div class=\"wp-block-group__inner-container is-layout-constrained wp-block-group-is-layout-constrained\">\n<figure class=\"wp-block-image size-full is-resized has-custom-border\"><img loading=\"lazy\" decoding=\"async\" width=\"2250\" height=\"2400\" src=\"https:\/\/talmaski.fi\/wp-content\/uploads\/2022\/10\/Tunnelmallinen-illallinen-kodassa-1.jpg\" alt=\"tunnelmallinen kota vuokrattavana\" class=\"wp-image-1107\" style=\"border-radius:8px;width:128px\" srcset=\"https:\/\/talmaski.fi\/wp-content\/uploads\/2022\/10\/Tunnelmallinen-illallinen-kodassa-1.jpg 2250w, https:\/\/talmaski.fi\/wp-content\/uploads\/2022\/10\/Tunnelmallinen-illallinen-kodassa-1-281x300.jpg 281w, https:\/\/talmaski.fi\/wp-content\/uploads\/2022\/10\/Tunnelmallinen-illallinen-kodassa-1-960x1024.jpg 960w, https:\/\/talmaski.fi\/wp-content\/uploads\/2022\/10\/Tunnelmallinen-illallinen-kodassa-1-768x819.jpg 768w, https:\/\/talmaski.fi\/wp-content\/uploads\/2022\/10\/Tunnelmallinen-illallinen-kodassa-1-1440x1536.jpg 1440w, https:\/\/talmaski.fi\/wp-content\/uploads\/2022\/10\/Tunnelmallinen-illallinen-kodassa-1-1920x2048.jpg 1920w, https:\/\/talmaski.fi\/wp-content\/uploads\/2022\/10\/Tunnelmallinen-illallinen-kodassa-1-11x12.jpg 11w\" sizes=\"auto, (max-width: 2250px) 100vw, 2250px\" \/><\/figure>\n<\/div><\/div>\n\n\n\n<h3 class=\"wp-block-heading\">Kotakokemus<\/h3>\n\n\n\n<p>Ravintola SN\u00d6n huippu keitti\u00f6mestari valmistaa kodassa usean ruokalajin illallisen asiakkaiden edess\u00e4, kertoen samalla tarinoita ruuanlaitosta avotulella. <\/p>\n\n\n\n<p class=\"has-text-align-left has-accent-color has-text-color has-link-color has-small-font-size wp-elements-825aea56569acefe092e8d54b793b338\" style=\"font-style:normal;font-weight:600;text-transform:uppercase\">89\u20ac\/hl\u00f6 (+alv, 6-20hl\u00f6)<\/p>\n\n\n\n<ul class=\"wp-block-list\">\n<li>Kotavuokra<\/li>\n\n\n\n<li>Usean ruokalajin menu (esimerkkimenu)<\/li>\n<\/ul>\n\n\n\n<p><\/p>\n\n\n\n<p><em>Tarjoiluesimerkki; Avotulella loimutettua nieri\u00e4\u00e4 ja hiiliss\u00e4 kypsynytt\u00e4 perunaa, ruskea voi hollandaise, hiilill\u00e4 grillattua h\u00e4r\u00e4nlihaa ja paistettua lapinjuustoa ja lakkahilloa.<\/em> <em>Tarjoilut voidaan koostaa my\u00f6s t\u00e4ysin toiveidenne mukaan.<\/em><\/p>\n<\/div><\/div>\n<\/div>\n\n\n\n<div class=\"wp-block-column is-layout-flow wp-block-column-is-layout-flow\">\n<div class=\"wp-block-group has-background\" style=\"border-radius:8px;background-color:#1b181c12;padding-top:32px;padding-right:32px;padding-bottom:32px;padding-left:32px\"><div class=\"wp-block-group__inner-container is-layout-constrained wp-container-core-group-is-layout-a30d157d wp-block-group-is-layout-constrained\">\n<div class=\"wp-block-group\" style=\"margin-top:-60px;margin-bottom:20px\"><div class=\"wp-block-group__inner-container is-layout-constrained wp-block-group-is-layout-constrained\">\n<figure class=\"wp-block-image size-full is-resized has-custom-border\"><img loading=\"lazy\" decoding=\"async\" width=\"2000\" height=\"2000\" src=\"https:\/\/talmaski.fi\/wp-content\/uploads\/2026\/04\/saunailta-yrityksille-sipoo-uusimaa.jpg\" alt=\"\" class=\"wp-image-5210\" style=\"border-radius:8px;width:128px\" srcset=\"https:\/\/talmaski.fi\/wp-content\/uploads\/2026\/04\/saunailta-yrityksille-sipoo-uusimaa.jpg 2000w, https:\/\/talmaski.fi\/wp-content\/uploads\/2026\/04\/saunailta-yrityksille-sipoo-uusimaa-600x600.jpg 600w, https:\/\/talmaski.fi\/wp-content\/uploads\/2026\/04\/saunailta-yrityksille-sipoo-uusimaa-1500x1500.jpg 1500w, https:\/\/talmaski.fi\/wp-content\/uploads\/2026\/04\/saunailta-yrityksille-sipoo-uusimaa-150x150.jpg 150w, https:\/\/talmaski.fi\/wp-content\/uploads\/2026\/04\/saunailta-yrityksille-sipoo-uusimaa-768x768.jpg 768w, https:\/\/talmaski.fi\/wp-content\/uploads\/2026\/04\/saunailta-yrityksille-sipoo-uusimaa-1536x1536.jpg 1536w, https:\/\/talmaski.fi\/wp-content\/uploads\/2026\/04\/saunailta-yrityksille-sipoo-uusimaa-12x12.jpg 12w\" sizes=\"auto, (max-width: 2000px) 100vw, 2000px\" \/><\/figure>\n<\/div><\/div>\n\n\n\n<h3 class=\"wp-block-heading\">Saunailtapaketti<\/h3>\n\n\n\n<p>Rento saunailta hyv\u00e4n ruoan \u00e4\u00e4rell\u00e4. Sis\u00e4lt\u00e4\u00e4 saunomisen, ruokailun arki-iltana rinteiden aukioloaikana.<\/p>\n\n\n\n<p class=\"has-text-align-left has-accent-color has-text-color has-link-color has-small-font-size wp-elements-5165f060515d943bf8f7698e7d6a14f6\" style=\"font-style:normal;font-weight:600;text-transform:uppercase\">26\u20ac\/hl\u00f6 (+alv, min. 10hl\u00f6)<\/p>\n\n\n\n<ul class=\"wp-block-list\">\n<li>Saunatilat (3t., sis. pyyhkeet ja pesuaineet)<\/li>\n\n\n\n<li>Maittava saunamenu<\/li>\n<\/ul>\n\n\n\n<p><\/p>\n\n\n\n<p><em>Saunamenu: artesaanimakkaroita, sinappista perunasalaattia, vihersalaattia, mausteita, leip\u00e4\u00e4. Ruokajuomana vesi, lis\u00e4hinnasta muut juomat A-oikeuksin.<\/em><\/p>\n<\/div><\/div>\n<\/div>\n<\/div>\n\n\n\n<p><\/p>\n\n\n\n<div class=\"wp-block-buttons is-layout-flex wp-block-buttons-is-layout-flex\">\n<div class=\"wp-block-button\"><a class=\"wp-block-button__link has-accent-background-color has-background wp-element-button\" href=\"https:\/\/talmaski.fi\/en\/tarjouspyynto\/\">Tee varaus tai pyyd\u00e4 tarjous<\/a><\/div>\n<\/div>\n\n\n\n<p><\/p>\n\n\n\n<h2 class=\"wp-block-heading\">Haluatteko varata koko laskettelukeskuksen?<\/h2>\n\n\n\n<p>Suunnitteletteko isoa tapahtumaa? Talmassa on kapasiteettia useille sadoille vieraille ja voimme mielell\u00e4mme r\u00e4\u00e4t\u00e4l\u00f6id\u00e4 koko laskettelukeskuksen palveluineen sis\u00e4lt\u00e4v\u00e4n kokonaisuuden. Koko laskettelukeskuksen yksityiseen k\u00e4ytt\u00f6\u00f6n vuokraaminen on mahdollista arkip\u00e4ivisin ennen rinteiden normaalia aukioloaikaa. Ota yhteytt\u00e4 ja jutellaan lis\u00e4\u00e4 mahdollisuuksista ja rakennetaan yhdess\u00e4 toimiva konsepti juuri teid\u00e4n tarpeisiinne. <\/p>\n\n\n\n<p><strong>Kysy lis\u00e4\u00e4 tai pyyd\u00e4 tarjous:<\/strong> hanna (at) talmaski.fi | puh. 040-1281419 | <a href=\"https:\/\/talmaski.fi\/en\/tarjouspyynto\/\">tarjouspyynt\u00f6<\/a><\/p>\n\n\n\n<figure class=\"wp-block-image size-large\"><img loading=\"lazy\" decoding=\"async\" width=\"1024\" height=\"253\" src=\"https:\/\/talmaski.fi\/wp-content\/uploads\/2022\/10\/rinnerieha-talmassa-1024x253.jpg\" alt=\"\" class=\"wp-image-807\" srcset=\"https:\/\/talmaski.fi\/wp-content\/uploads\/2022\/10\/rinnerieha-talmassa-1024x253.jpg 1024w, https:\/\/talmaski.fi\/wp-content\/uploads\/2022\/10\/rinnerieha-talmassa-300x74.jpg 300w, https:\/\/talmaski.fi\/wp-content\/uploads\/2022\/10\/rinnerieha-talmassa-768x189.jpg 768w, https:\/\/talmaski.fi\/wp-content\/uploads\/2022\/10\/rinnerieha-talmassa-1536x379.jpg 1536w, https:\/\/talmaski.fi\/wp-content\/uploads\/2022\/10\/rinnerieha-talmassa-600x148.jpg 600w, https:\/\/talmaski.fi\/wp-content\/uploads\/2022\/10\/rinnerieha-talmassa.jpg 2048w\" sizes=\"auto, (max-width: 1024px) 100vw, 1024px\" \/><\/figure>\n\n\n\n<h2 class=\"wp-block-heading\">Pyyd\u00e4 tarjous talvitapahtumaan<\/h2>\n\n\n\n<p>Perille p\u00e4\u00e4see omilla autoilla &#8211; parkkitilaa on runsaasti. Tarvittaessa j\u00e4rjest\u00e4mme yhteiskuljetuksen yhteisty\u00f6kumppanimme kautta.<\/p>\n\n\n\n<p>hanna (at) talmaski.fi | puh. 040-1281419 | <a href=\"https:\/\/talmaski.fi\/en\/tarjouspyynto\/\">tarjouspyynt\u00f6<\/a><\/p>","protected":false},"excerpt":{"rendered":"<p>Yritysten talvitapahtumat ja pikkujoulut Helsingin l\u00e4hell\u00e4 Talvinen virkistysp\u00e4iv\u00e4 tai pikkujoulut Talmassa on kokemus joka j\u00e4\u00e4 mieleen. Raikkaassa ulkoilmassa lasketellen tai pulkkaillen, tunnelmallisessa kodassa makkaraa paistellen tai saunoen &#8211; ja kaikki t\u00e4m\u00e4 vain noin 30 minuutin ajomatkan p\u00e4\u00e4ss\u00e4 Helsingist\u00e4. Meill\u00e4 jokainen hissi on miehitetty ja henkil\u00f6kuntaa ja Ski patrol on aina [&hellip;]<\/p>","protected":false},"author":3,"featured_media":0,"parent":339,"menu_order":0,"comment_status":"closed","ping_status":"closed","template":"","meta":{"_uag_custom_page_level_css":"","footnotes":""},"class_list":["post-5370","page","type-page","status-publish","hentry"],"uagb_featured_image_src":{"full":false,"thumbnail":false,"medium":false,"medium_large":false,"large":false,"1536x1536":false,"2048x2048":false,"trp-custom-language-flag":false,"hestia-blog":false},"uagb_author_info":{"display_name":"aleksi","author_link":"https:\/\/talmaski.fi\/en\/author\/aleksi\/"},"uagb_comment_info":0,"uagb_excerpt":"Yritysten talvitapahtumat ja pikkujoulut Helsingin l\u00e4hell\u00e4 Talvinen virkistysp\u00e4iv\u00e4 tai pikkujoulut Talmassa on kokemus joka j\u00e4\u00e4 mieleen. Raikkaassa ulkoilmassa lasketellen tai pulkkaillen, tunnelmallisessa kodassa makkaraa paistellen tai saunoen &#8211; ja kaikki t\u00e4m\u00e4 vain noin 30 minuutin ajomatkan p\u00e4\u00e4ss\u00e4 Helsingist\u00e4. Meill\u00e4 jokainen hissi on miehitetty ja henkil\u00f6kuntaa ja Ski patrol on aina [&hellip;]","_links":{"self":[{"href":"https:\/\/talmaski.fi\/en\/wp-json\/wp\/v2\/pages\/5370","targetHints":{"allow":["GET"]}}],"collection":[{"href":"https:\/\/talmaski.fi\/en\/wp-json\/wp\/v2\/pages"}],"about":[{"href":"https:\/\/talmaski.fi\/en\/wp-json\/wp\/v2\/types\/page"}],"author":[{"embeddable":true,"href":"https:\/\/talmaski.fi\/en\/wp-json\/wp\/v2\/users\/3"}],"replies":[{"embeddable":true,"href":"https:\/\/talmaski.fi\/en\/wp-json\/wp\/v2\/comments?post=5370"}],"version-history":[{"count":12,"href":"https:\/\/talmaski.fi\/en\/wp-json\/wp\/v2\/pages\/5370\/revisions"}],"predecessor-version":[{"id":5405,"href":"https:\/\/talmaski.fi\/en\/wp-json\/wp\/v2\/pages\/5370\/revisions\/5405"}],"up":[{"embeddable":true,"href":"https:\/\/talmaski.fi\/en\/wp-json\/wp\/v2\/pages\/339"}],"wp:attachment":[{"href":"https:\/\/talmaski.fi\/en\/wp-json\/wp\/v2\/media?parent=5370"}],"curies":[{"name":"wp","href":"https:\/\/api.w.org\/{rel}","templated":true}]}}