{"id":66,"date":"2022-08-01T12:41:06","date_gmt":"2022-08-01T09:41:06","guid":{"rendered":"https:\/\/talmaski.fi\/2022\/?page_id=66"},"modified":"2026-03-26T17:49:25","modified_gmt":"2026-03-26T15:49:25","slug":"tietosuojaseloste-2","status":"publish","type":"page","link":"https:\/\/talmaski.fi\/en\/tietosuojaseloste-2\/","title":{"rendered":"Privacy policies"},"content":{"rendered":"<h3 class=\"wp-block-heading\">Talma ski center privacy policy<\/h3>\n\n\n\n<p><strong>Registrar<\/strong><br>Talma Ski Oy<br>VAT number 2436369-0<br>Address Talmantie 341, 04240 Talma<\/p>\n\n\n\n<p><strong>Contact person for the register<\/strong><br>Jani Pihlajaniemi<br>Talmantie 341, 04240 Talma<br>0400 716 866<br>Jani (at) talmaski.fi<\/p>\n\n\n\n<p><strong>Registry name<br><\/strong>Order and purchase registry for Talma Ski tickets and equipment<\/p>\n\n\n\n<p><strong>Purpose of the register<br><\/strong>The information is used to register reservations and purchases of admission tickets. with regard to persons and in the rental and sale of skiing equipment and accessories for the execution of the contract. The basis of the processing is the execution of the contract based on the customer threat.<\/p>\n\n\n\n<p><strong>Data content of the register<br><\/strong>We collect the name, telephone and address information provided by the customer and, if necessary, the information of the disabled person&#039;s guardians when the latter provides them in connection with the situation.<\/p>\n\n\n\n<p><strong>Data sources of the register<br><\/strong>Names and other contact information are based on the customer relationship and are provided by customers.<\/p>\n\n\n\n<p><strong>Disclosure of information<br><\/strong>Information will not be disclosed to third parties.<\/p>\n\n\n\n<p><strong>Data transfer outside the EU or EEA<br><\/strong>Information is only disclosed at the customer&#039;s request.<\/p>\n\n\n\n<p><strong>Registry protection<br><\/strong>Manual registers are kept in a closed space. You can only access the registers kept in IT with a unique password.<\/p>\n\n\n\n<p><strong>Rights of the registrant<br><\/strong>The person in the register has:<\/p>\n\n\n\n<p>- at any time, the right to object to the processing of personal data<br>- get information about the processing of your data<br>- demand correction of inaccurate\/incorrect information.<\/p>\n\n\n\n<p>Requests for corrections must be made in writing or by e-mail to the contact person.<\/p>\n\n\n\n<p>The EU General Data Protection Regulation and the Data Protection Act apply to the data protection statement.<\/p>\n\n\n\n<hr class=\"wp-block-separator has-alpha-channel-opacity\"\/>\n\n\n\n<h3 class=\"wp-block-heading\">Talma ski school privacy policy<\/h3>\n\n\n\n<p><strong>Registrar<\/strong><br>Talma Active Oy<br>VAT number 2233619-7<br>Address Talmantie 341, 04240 Talma<\/p>\n\n\n\n<p><strong>Contact person for the register<\/strong><br>Talmantie 341, 04240 Talma<br>hiihdonopetus(at)talmaski.fi<\/p>\n\n\n\n<p><strong>Registry name<br><\/strong>Talma ski school reservation registry<\/p>\n\n\n\n<p><strong>Purpose of the register<br><\/strong>The information is used for the management of reserved lessons, student contact information and teaching. The information can also be used for pre-registration for future educational programs. The basis of the processing is the implementation of the contractual relationship based on the customer relationship<\/p>\n\n\n\n<p><strong>Data content of the register<br><\/strong>We collect the name, telephone and address information provided by the customer and, if necessary, the information of the disabled person&#039;s guardians when the latter provides them in connection with the situation.<\/p>\n\n\n\n<p><strong>Data sources of the register<br><\/strong>Names and other contact information are based on the customer relationship and are provided by customers.<\/p>\n\n\n\n<p><strong>Disclosure of information<br><\/strong>Information will not be disclosed to third parties.<\/p>\n\n\n\n<p><strong>Data transfer outside the EU or EEA<br><\/strong>Information is only disclosed at the customer&#039;s request.<\/p>\n\n\n\n<p><strong>Registry protection<br><\/strong>Manual registers are kept in a closed space. You can only access the registers kept in IT with a unique password.<\/p>\n\n\n\n<p><strong>Rights of the registrant<br><\/strong>The person in the register has:<\/p>\n\n\n\n<p>- at any time, the right to object to the processing of personal data<br>- get information about the processing of your data<br>- demand correction of inaccurate\/incorrect information.<\/p>\n\n\n\n<p>Requests for corrections must be made in writing or by e-mail to the contact person.<\/p>\n\n\n\n<p>The EU General Data Protection Regulation and the Data Protection Act apply to the data protection statement.<\/p>","protected":false},"excerpt":{"rendered":"<p>Talman hiihtokeskuksen tietosuojaseloste Rekisterinpit\u00e4j\u00e4Talma&nbsp;Ski OyY-tunnus 2436369-0Osoite Talmantie 341, 04240 Talma Yhteyshenkil\u00f6 rekisteri\u00e4 koskevissa asioissaJani PihlajaniemiTalmantie 341, 04240 Talma0400 716 866jani (at) talmaski.fi Rekisterin nimiTalma&nbsp;Skin lippujen ja v\u00e4lineiden tilaus- ja ostokirja Rekisterin k\u00e4ytt\u00f6tarkoitusTietoja k\u00e4ytet\u00e4\u00e4n p\u00e4\u00e4sylippujen varausten ja ostojen rekister\u00f6intiin ko. henkil\u00f6iden osalta sek\u00e4 lasketteluv\u00e4lineiden ja tarvikkeiden vuokrauksessa sek\u00e4 myynniss\u00e4 sopimuksen t\u00e4yt\u00e4nt\u00f6\u00f6npanoon. [&hellip;]<\/p>","protected":false},"author":1,"featured_media":0,"parent":0,"menu_order":0,"comment_status":"closed","ping_status":"closed","template":"","meta":{"_uag_custom_page_level_css":"","footnotes":""},"class_list":["post-66","page","type-page","status-publish","hentry"],"uagb_featured_image_src":{"full":false,"thumbnail":false,"medium":false,"medium_large":false,"large":false,"1536x1536":false,"2048x2048":false,"trp-custom-language-flag":false,"hestia-blog":false},"uagb_author_info":{"display_name":"talma_admin","author_link":"https:\/\/talmaski.fi\/en\/author\/talma_admin\/"},"uagb_comment_info":0,"uagb_excerpt":"Talman hiihtokeskuksen tietosuojaseloste Rekisterinpit\u00e4j\u00e4Talma&nbsp;Ski OyY-tunnus 2436369-0Osoite Talmantie 341, 04240 Talma Yhteyshenkil\u00f6 rekisteri\u00e4 koskevissa asioissaJani PihlajaniemiTalmantie 341, 04240 Talma0400 716 866jani (at) talmaski.fi Rekisterin nimiTalma&nbsp;Skin lippujen ja v\u00e4lineiden tilaus- ja ostokirja Rekisterin k\u00e4ytt\u00f6tarkoitusTietoja k\u00e4ytet\u00e4\u00e4n p\u00e4\u00e4sylippujen varausten ja ostojen rekister\u00f6intiin ko. henkil\u00f6iden osalta sek\u00e4 lasketteluv\u00e4lineiden ja tarvikkeiden vuokrauksessa sek\u00e4 myynniss\u00e4 sopimuksen t\u00e4yt\u00e4nt\u00f6\u00f6npanoon. [&hellip;]","_links":{"self":[{"href":"https:\/\/talmaski.fi\/en\/wp-json\/wp\/v2\/pages\/66","targetHints":{"allow":["GET"]}}],"collection":[{"href":"https:\/\/talmaski.fi\/en\/wp-json\/wp\/v2\/pages"}],"about":[{"href":"https:\/\/talmaski.fi\/en\/wp-json\/wp\/v2\/types\/page"}],"author":[{"embeddable":true,"href":"https:\/\/talmaski.fi\/en\/wp-json\/wp\/v2\/users\/1"}],"replies":[{"embeddable":true,"href":"https:\/\/talmaski.fi\/en\/wp-json\/wp\/v2\/comments?post=66"}],"version-history":[{"count":8,"href":"https:\/\/talmaski.fi\/en\/wp-json\/wp\/v2\/pages\/66\/revisions"}],"predecessor-version":[{"id":5002,"href":"https:\/\/talmaski.fi\/en\/wp-json\/wp\/v2\/pages\/66\/revisions\/5002"}],"wp:attachment":[{"href":"https:\/\/talmaski.fi\/en\/wp-json\/wp\/v2\/media?parent=66"}],"curies":[{"name":"wp","href":"https:\/\/api.w.org\/{rel}","templated":true}]}}