{"id":68,"date":"2022-08-01T12:41:06","date_gmt":"2022-08-01T09:41:06","guid":{"rendered":"https:\/\/talmaski.fi\/2022\/?page_id=68"},"modified":"2026-04-24T07:57:35","modified_gmt":"2026-04-24T04:57:35","slug":"avoimet-tyopaikat","status":"publish","type":"page","link":"https:\/\/talmaski.fi\/en\/avoimet-tyopaikat\/","title":{"rendered":"Recruitment"},"content":{"rendered":"<p>Talma Ski on vuonna 1984 perustettu hiihtokeskus, jossa vierailee talvikaudella noin 100 000 laskettelijaa. Talmassa on kymmenen rinnett\u00e4. Kaksi snow parkkia, Etel\u00e4-Suomen ainoa halfpipe, perherinne, jyrkempi\u00e4 rinteit\u00e4 vauhtia kaipaaville sek\u00e4 todella helppoja rinteit\u00e4 vasta-alkajille. Hissej\u00e4 on kaikkiaan 8kpl, joista kaksi on mattohissej\u00e4 ja yksi tuolihissi (avattu kaudella 2025-2026). T\u00e4ll\u00e4 hetkell\u00e4 Talmassa on meneill\u00e4\u00e4n iso, uusien rinteiden rakentamisprojekti, joista ensimm\u00e4inen rinne avattiin kauden 2025-2026 aikana. Talmassa toimii v\u00e4linevuokraamo, jossa on laaja valikoima v\u00e4lineit\u00e4 vuokrattavaksi \u2013 sek\u00e4 p\u00e4iv\u00e4ksi ett\u00e4 koko talvikaudeksi. Vuokraamon yhteydess\u00e4 toimii my\u00f6s v\u00e4linehuolto. Talmassa toimii lis\u00e4ksi aktiivinen hiihtokoulu (Talma Active Oy), joka j\u00e4rjest\u00e4\u00e4 paljon sek\u00e4 lasten ett\u00e4 aikuisten kursseja ja yksityisopetusta talven mittaan. Talman ravintolaa, Ravintola SN\u00d6:t\u00e4, py\u00f6ritt\u00e4\u00e4 ulkopuolinen yritys, Lumihuippu Oy. Talvikauden lis\u00e4ksi Talma toimii l\u00e4hes ymp\u00e4rivuotisesti; kes\u00e4ll\u00e4 Talmassa toimii seikkailupuisto, jossa kiipeilypuiston lis\u00e4ksi tarjonnassa on muita aktiviteetteja kuten paintball, minigolf ja frisbeegolf. <br><\/p>\n\n\n\n<p>Talmassa kokoaikaista henkil\u00f6kuntaa on ymp\u00e4rivuotisesti noin 10, lis\u00e4ksi kausity\u00f6ntekij\u00f6it\u00e4 on talvella parikymment\u00e4 ja kes\u00e4ll\u00e4 muutamia, hiihdonopettajia useita kymmeni\u00e4 ja ski patroleita noin 15 (ski patrolit ovat vapaaehtoisia). Talma Skin talvikausi kest\u00e4\u00e4 suunnilleen marraskuusta huhtikuulle. Kauden aloitus ja lopetus ajankohta riippuu kuitenkin aina s\u00e4\u00e4olosuhteista. Joinakin talvina kausi p\u00e4\u00e4st\u00e4\u00e4n aloittamaan vasta tammikuussa, joskus jopa jo lokakuussa. Kev\u00e4\u00e4n tullen kausi voi joskus loppua nopeastikin, mutta yleens\u00e4 huhtikuun alkuun tai puoliv\u00e4liin saakka laskettelemaan p\u00e4\u00e4see.<br><\/p>\n\n\n\n<p>Talma Ski on talvikaudella p\u00e4\u00e4s\u00e4\u00e4nt\u00f6isesti avoinna arkisin klo 16-20.30 ja viikonloppuisin klo 10-18. Peruskoulujen loma-aikoina, joulu- ja hiihtolomalla, arkip\u00e4ivisin aukioloaika klo 10-20. Ty\u00f6vuorot sijoittuvat luonnollisesti n\u00e4ille aukioloajoille. Valitettavasti julkisella liikenteell\u00e4 ei ihan perille asti t\u00f6ihin p\u00e4\u00e4se, l\u00e4himm\u00e4t pys\u00e4kit ovat noin 1,5km p\u00e4\u00e4ss\u00e4.<\/p>\n\n\n\n<h3 class=\"wp-block-heading\">Hissity\u00f6ntekij\u00e4t<\/h3>\n\n\n\n<p><strong>Hakuaika 1.9.- 14.10.2026<\/strong><\/p>\n\n\n\n<p>Haemme sek\u00e4 koko- ett\u00e4 osa-aikaisia hiihtokeskusty\u00f6ntekij\u00f6it\u00e4 talvikaudelle 2025-2026 erilaisiin ty\u00f6teht\u00e4viin hissity\u00f6ntekij\u00f6iksi p\u00e4\u00e4hisseille, Werneri Park lastenmaan valvojiksi ja lastenohjelmien vet\u00e4jiksi. Kokoaikaisena ty\u00f6vuoroja on keskim\u00e4\u00e4rin 4-5\/viikko ja viikkoty\u00f6tunnit vaihtelevat 20-40 v\u00e4lill\u00e4. Osa-aikaisena ty\u00f6t painottuvat viikonloppuihin ja voit tehd\u00e4 ty\u00f6vuoroja tilanteesi mukaan joustavasti. Ty\u00f6ajat vaihtelevat rinteiden aukioloaikojen mukaan arki-iltoina ja viikonloppuisin. Etenkin peruskoulujen loma-aikoina (joululoma\/hiihtoloma) on vuoroja paljon ja ty\u00f6t\u00e4 on my\u00f6s arkisin p\u00e4iv\u00e4ll\u00e4. Tarjoamme monipuolisen ja vaihtelevan ty\u00f6ymp\u00e4rist\u00f6n, hyv\u00e4t harrastusmahdollisuudet ja edut laskettelun\/lautailun parissa ja hauskan ja mukavan tiimin.<\/p>\n\n\n\n<p>The duties of lift workers include customer service in the lifts, use and supervision of elevators, and minor maintenance work, e.g. snow work at the departure points of the lifts and lift inspections. The work is outdoor work, the focus of which is to ensure a successful skiing day for the customers. In the job, experience\/hobby in skiing\/boarding is an advantage, but it is not necessary, we train for all tasks. The position requires attentiveness, agility, initiative and customer service spirit.<\/p>\n\n\n\n<p>Werneri Park lumipuuhamaan ja lastenhissin valvojan teht\u00e4viin kuuluvat asiakaspalvelu ja lasten leikkien ja ohjelmien vet\u00e4minen sek\u00e4 maskottina toimiminen. Teht\u00e4v\u00e4ss\u00e4 edellytet\u00e4\u00e4n valmiutta ja halua toimia lasten\/lapsiryhmien kanssa, reippautta ja asiakaspalveluhenkisyytt\u00e4. Ty\u00f6 on ulkoty\u00f6t\u00e4, johon sis\u00e4ltyy my\u00f6s ajoittaiset lumity\u00f6t.<\/p>\n\n\n\n<p>Kaikkiin ty\u00f6teht\u00e4viin yleisen\u00e4 vaatimuksena 18-vuoden ik\u00e4 sek\u00e4 suomenkielen taito. Odotamme my\u00f6s valmiutta ulkoty\u00f6h\u00f6n, joustavuutta sesonkiluontoiseen ty\u00f6h\u00f6n ja kiinnostusta oppia hiihtokeskuksen erilaisia ty\u00f6teht\u00e4vi\u00e4. Aikaisempi ty\u00f6kokemus on eduksi, joskaan ei v\u00e4ltt\u00e4m\u00e4t\u00f6n, sill\u00e4 koulutamme kaikkiin teht\u00e4viin. T\u00e4rkeint\u00e4 on reipas ja positiivinen ote ty\u00f6h\u00f6n, oma-aloitteisuus ja kiinnostus asiakaspalveluun! Ty\u00f6t alkavat rinteiden avautuessa (arviolta marras-joulukuu) ja kest\u00e4v\u00e4t kev\u00e4\u00e4ll\u00e4 rinteiden sulkeutumiseen saakka. Palkkaus kaikissa teht\u00e4viss\u00e4 hiihtokeskusalan ty\u00f6ehtosopimuksen mukainen.<\/p>\n\n\n\n<p>Hakuaika 1.9.-14.10.2026: hakemukset ja tiedustelut hanna (at) talmaski.fi<\/p>\n\n\n\n<h3 class=\"wp-block-heading\">Snowpark sheipperi<\/h3>\n\n\n\n<p>We are looking for a passionate snowboarder or freestyle skier to join our skilled Snow Park construction team to maintain and build performance areas. The age requirement is 18 years. Work is part-time and done mainly evening\/night times.<br>Vapaamuotoiset hakemukset ja lis\u00e4kysymykset: aleksi (at) talmaski.fi<\/p>\n\n\n\n<h3 class=\"wp-block-heading\">Vuokraamo ja lipunmyynti<\/h3>\n\n\n\n<p>Toistaiseksi ei vapaita paikkoja vuokraamon ja lipunmyynnin teht\u00e4viss\u00e4.<\/p>\n\n\n\n<h3 class=\"wp-block-heading\">Ski school<\/h3>\n\n\n\n<p>Toistaiseksi ei vapaita paikkoja hiihdonopettajille. Lis\u00e4tiedot ja kyselyt: hiihdonopetus (at) talmaski.fi<\/p>\n\n\n\n<h3 class=\"wp-block-heading\">Adventure park<\/h3>\n\n\n\n<p>Toistaiseksi ei vapaita paikkoja seikkailupuistossa \/ kes\u00e4kaudella. <\/p>\n\n\n\n<p><\/p>","protected":false},"excerpt":{"rendered":"<p>Talma Ski on vuonna 1984 perustettu hiihtokeskus, jossa vierailee talvikaudella noin 100 000 laskettelijaa. Talmassa on kymmenen rinnett\u00e4. Kaksi snow parkkia, Etel\u00e4-Suomen ainoa halfpipe, perherinne, jyrkempi\u00e4 rinteit\u00e4 vauhtia kaipaaville sek\u00e4 todella helppoja rinteit\u00e4 vasta-alkajille. Hissej\u00e4 on kaikkiaan 8kpl, joista kaksi on mattohissej\u00e4 ja yksi tuolihissi (avattu kaudella 2025-2026). T\u00e4ll\u00e4 hetkell\u00e4 [&hellip;]<\/p>","protected":false},"author":1,"featured_media":0,"parent":0,"menu_order":0,"comment_status":"closed","ping_status":"closed","template":"","meta":{"_uag_custom_page_level_css":"","footnotes":""},"class_list":["post-68","page","type-page","status-publish","hentry"],"uagb_featured_image_src":{"full":false,"thumbnail":false,"medium":false,"medium_large":false,"large":false,"1536x1536":false,"2048x2048":false,"trp-custom-language-flag":false,"hestia-blog":false},"uagb_author_info":{"display_name":"talma_admin","author_link":"https:\/\/talmaski.fi\/en\/author\/talma_admin\/"},"uagb_comment_info":0,"uagb_excerpt":"Talma Ski on vuonna 1984 perustettu hiihtokeskus, jossa vierailee talvikaudella noin 100 000 laskettelijaa. Talmassa on kymmenen rinnett\u00e4. Kaksi snow parkkia, Etel\u00e4-Suomen ainoa halfpipe, perherinne, jyrkempi\u00e4 rinteit\u00e4 vauhtia kaipaaville sek\u00e4 todella helppoja rinteit\u00e4 vasta-alkajille. Hissej\u00e4 on kaikkiaan 8kpl, joista kaksi on mattohissej\u00e4 ja yksi tuolihissi (avattu kaudella 2025-2026). T\u00e4ll\u00e4 hetkell\u00e4 [&hellip;]","_links":{"self":[{"href":"https:\/\/talmaski.fi\/en\/wp-json\/wp\/v2\/pages\/68","targetHints":{"allow":["GET"]}}],"collection":[{"href":"https:\/\/talmaski.fi\/en\/wp-json\/wp\/v2\/pages"}],"about":[{"href":"https:\/\/talmaski.fi\/en\/wp-json\/wp\/v2\/types\/page"}],"author":[{"embeddable":true,"href":"https:\/\/talmaski.fi\/en\/wp-json\/wp\/v2\/users\/1"}],"replies":[{"embeddable":true,"href":"https:\/\/talmaski.fi\/en\/wp-json\/wp\/v2\/comments?post=68"}],"version-history":[{"count":47,"href":"https:\/\/talmaski.fi\/en\/wp-json\/wp\/v2\/pages\/68\/revisions"}],"predecessor-version":[{"id":5063,"href":"https:\/\/talmaski.fi\/en\/wp-json\/wp\/v2\/pages\/68\/revisions\/5063"}],"wp:attachment":[{"href":"https:\/\/talmaski.fi\/en\/wp-json\/wp\/v2\/media?parent=68"}],"curies":[{"name":"wp","href":"https:\/\/api.w.org\/{rel}","templated":true}]}}