{"id":750,"date":"2022-10-06T12:16:03","date_gmt":"2022-10-06T09:16:03","guid":{"rendered":"https:\/\/talmaski.fi\/2022\/?page_id=750"},"modified":"2025-11-26T11:24:18","modified_gmt":"2025-11-26T09:24:18","slug":"wernerisynttarit","status":"publish","type":"page","link":"https:\/\/talmaski.fi\/en\/yritykset-ja-ryhmat\/wernerisynttarit\/","title":{"rendered":"Werneri birthdays"},"content":{"rendered":"<h2 class=\"wp-block-heading\">Werneri birthdays in the winter season<\/h2>\n\n\n\n<p>Your can arrange a birthday party at the wintery snow activity park Werneri Park easily! Werneri Park offers active and versatile outdoor activities that make the cheeks red - and lifts corners of the mouths up!<\/p>\n\n\n\n<p>Below are a few different birthday package suggestions for winter 2025-2026. Please note, the price is different for weekday evenings and weekends and holidays. We are happy to also customize the birthday package completely according to your wishes - ask for an offer: hanna (at) talmaski.fi or phone 040-1281419 (weekdays from 12 pm to 3 pm). Please note that adults also need a ticket to Werneri Park in the winter season.<\/p>\n\n\n\n<p>Birthday packages require at least a weeks advance booking. Prices valid on normal opening hours of Werneri Park during winter season.<\/p>\n\n\n\n<figure class=\"wp-block-image size-full\"><img loading=\"lazy\" decoding=\"async\" width=\"1080\" height=\"1080\" src=\"https:\/\/talmaski.fi\/wp-content\/uploads\/2025\/11\/Birthday-packages-at-werneri-park-talma-sipoo.jpg\" alt=\"\" class=\"wp-image-4608\" srcset=\"https:\/\/talmaski.fi\/wp-content\/uploads\/2025\/11\/Birthday-packages-at-werneri-park-talma-sipoo.jpg 1080w, https:\/\/talmaski.fi\/wp-content\/uploads\/2025\/11\/Birthday-packages-at-werneri-park-talma-sipoo-600x600.jpg 600w, https:\/\/talmaski.fi\/wp-content\/uploads\/2025\/11\/Birthday-packages-at-werneri-park-talma-sipoo-150x150.jpg 150w, https:\/\/talmaski.fi\/wp-content\/uploads\/2025\/11\/Birthday-packages-at-werneri-park-talma-sipoo-768x768.jpg 768w, https:\/\/talmaski.fi\/wp-content\/uploads\/2025\/11\/Birthday-packages-at-werneri-park-talma-sipoo-12x12.jpg 12w\" sizes=\"auto, (max-width: 1080px) 100vw, 1080px\" \/><\/figure>\n\n\n\n<p>In the above packages the amount of people has to be confirmed 7 days prior to the day of the event and the package is paid according to this confirmed amount. If no package is booked, ticket amount is paid according to the actual amount of people. If you are renting just the hut, it can be cancelled 3 days prior to the event.<\/p>\n\n\n\n<figure class=\"wp-block-gallery has-nested-images columns-default is-cropped wp-block-gallery-1 is-layout-flex wp-block-gallery-is-layout-flex\">\n<figure class=\"wp-block-image size-full\"><img loading=\"lazy\" decoding=\"async\" width=\"768\" height=\"576\" data-id=\"1011\" src=\"https:\/\/talmaski.fi\/wp-content\/uploads\/2022\/10\/snow-tube-karuselli.jpg\" alt=\"\" class=\"wp-image-1011\" srcset=\"https:\/\/talmaski.fi\/wp-content\/uploads\/2022\/10\/snow-tube-karuselli.jpg 768w, https:\/\/talmaski.fi\/wp-content\/uploads\/2022\/10\/snow-tube-karuselli-300x225.jpg 300w, https:\/\/talmaski.fi\/wp-content\/uploads\/2022\/10\/snow-tube-karuselli-16x12.jpg 16w\" sizes=\"auto, (max-width: 768px) 100vw, 768px\" \/><\/figure>\n\n\n\n<figure class=\"wp-block-image size-large\"><img loading=\"lazy\" decoding=\"async\" width=\"1024\" height=\"683\" data-id=\"970\" src=\"https:\/\/talmaski.fi\/wp-content\/uploads\/2022\/10\/synttarit-hiihtokeskuksessa-1024x683.jpg\" alt=\"\" class=\"wp-image-970\" srcset=\"https:\/\/talmaski.fi\/wp-content\/uploads\/2022\/10\/synttarit-hiihtokeskuksessa-1024x683.jpg 1024w, https:\/\/talmaski.fi\/wp-content\/uploads\/2022\/10\/synttarit-hiihtokeskuksessa-300x200.jpg 300w, https:\/\/talmaski.fi\/wp-content\/uploads\/2022\/10\/synttarit-hiihtokeskuksessa-768x512.jpg 768w, https:\/\/talmaski.fi\/wp-content\/uploads\/2022\/10\/synttarit-hiihtokeskuksessa-1536x1025.jpg 1536w, https:\/\/talmaski.fi\/wp-content\/uploads\/2022\/10\/synttarit-hiihtokeskuksessa-18x12.jpg 18w, https:\/\/talmaski.fi\/wp-content\/uploads\/2022\/10\/synttarit-hiihtokeskuksessa-360x240.jpg 360w, https:\/\/talmaski.fi\/wp-content\/uploads\/2022\/10\/synttarit-hiihtokeskuksessa.jpg 2048w\" sizes=\"auto, (max-width: 1024px) 100vw, 1024px\" \/><\/figure>\n\n\n\n<figure class=\"wp-block-image size-large\"><img loading=\"lazy\" decoding=\"async\" width=\"1024\" height=\"683\" data-id=\"974\" src=\"https:\/\/talmaski.fi\/wp-content\/uploads\/2022\/10\/talma-lasten-synttarit-1024x683.jpg\" alt=\"\" class=\"wp-image-974\" srcset=\"https:\/\/talmaski.fi\/wp-content\/uploads\/2022\/10\/talma-lasten-synttarit-1024x683.jpg 1024w, https:\/\/talmaski.fi\/wp-content\/uploads\/2022\/10\/talma-lasten-synttarit-300x200.jpg 300w, https:\/\/talmaski.fi\/wp-content\/uploads\/2022\/10\/talma-lasten-synttarit-768x512.jpg 768w, https:\/\/talmaski.fi\/wp-content\/uploads\/2022\/10\/talma-lasten-synttarit-1536x1024.jpg 1536w, https:\/\/talmaski.fi\/wp-content\/uploads\/2022\/10\/talma-lasten-synttarit-18x12.jpg 18w, https:\/\/talmaski.fi\/wp-content\/uploads\/2022\/10\/talma-lasten-synttarit-360x240.jpg 360w, https:\/\/talmaski.fi\/wp-content\/uploads\/2022\/10\/talma-lasten-synttarit.jpg 1731w\" sizes=\"auto, (max-width: 1024px) 100vw, 1024px\" \/><\/figure>\n<\/figure>\n\n\n\n<p>Werneri Park snow activity park offers:<\/p>\n\n\n\n<ul class=\"wp-block-list\">\n<li>Snow Tube slope with equipment<\/li>\n\n\n\n<li>A snow-covered and well-maintained sledding hill with snow racers<\/li>\n\n\n\n<li>The magic carpet lift for the Snow Tube slope and the sledge hill<\/li>\n\n\n\n<li>A play center where you can climb and slide down<\/li>\n\n\n\n<li>Electric carousel<\/li>\n\n\n\n<li>Net adventure<\/li>\n\n\n\n<li>A covered snack area for breaks<\/li>\n<\/ul>\n\n\n\n<p>Sleds, snow tubes, snow racers, slides, etc. can be found on site. You don't need to bring your own<\/p>\n\n\n\n<p>You can also bring your own food to the party. You can serve them at Werneri Park's grilling shed (can't be booked for private use), which is included in the Werneri tickets or you can rent our big and cosy hut for your private use. Rent for the hut is 150\u20ac\/3 hours (inc. vat) on weekends and holidays and 100\u20ac\/3 hours on weekday evenings. Price includes electric heating, fire wood and cleaning after the party.<\/p>\n\n\n\n<p>Plase note, the hut is a cold space regardless of the heating. With winter clothing, it will be adequatly warm with the heating and the fireplace heat.<\/p>\n\n\n\n<p>Make a booking or ask more hanna ( at) talmaski.fi<\/p>\n\n\n\n<h2 class=\"wp-block-heading\">Werneri birthdays in the summer season<\/h2>\n\n\n\n<p>Read more about the summer version of Werneri Park <a href=\"https:\/\/talmaski.fi\/en\/activepark\/werneri-park\/\">here. <\/a><\/p>\n\n\n\n<p>The adventure park is a great place to have birthdays. There will be a lot of activities and delicious food will make the fun day perfect. Read more about birthdays in the adventure park <a href=\"https:\/\/talmaski.fi\/en\/activepark\/seikkailijan-synttarit\/\">here.<\/a><\/p>\n\n\n\n<p>You can also organise the birthdays yourself by renting a space and bringing your own food. <\/p>\n\n\n\n<p>Enquiries and quote requests hanna (at) talmaski.fi <\/p>","protected":false},"excerpt":{"rendered":"<p>Talvikauden Wernerisyntt\u00e4rit Talvisessa Talman lumipuuhamaa Werneri Parkissa j\u00e4rjest\u00e4t syntt\u00e4rijuhlat helposti! Werneri Park tarjoaa aktiivista ja monipuolista ulkotouhua ja nostattaa punan poskille &#8211; ja hymyn huulille! Alla muutama valmis syntt\u00e4ripaketti talvikaudelle 2025-2026 Werneri Parkin aukioloaikoina. Huomaathan, ett\u00e4 arki-illoille ja viikonlopuille\/pyh\u00e4p\u00e4iville hinta on eri. R\u00e4\u00e4t\u00e4l\u00f6imme mielell\u00e4mme syntt\u00e4ripaketin my\u00f6s t\u00e4ysin toiveiden mukaan &#8211; [&hellip;]<\/p>","protected":false},"author":3,"featured_media":809,"parent":121,"menu_order":0,"comment_status":"closed","ping_status":"closed","template":"","meta":{"footnotes":""},"class_list":["post-750","page","type-page","status-publish","has-post-thumbnail","hentry"],"_links":{"self":[{"href":"https:\/\/talmaski.fi\/en\/wp-json\/wp\/v2\/pages\/750","targetHints":{"allow":["GET"]}}],"collection":[{"href":"https:\/\/talmaski.fi\/en\/wp-json\/wp\/v2\/pages"}],"about":[{"href":"https:\/\/talmaski.fi\/en\/wp-json\/wp\/v2\/types\/page"}],"author":[{"embeddable":true,"href":"https:\/\/talmaski.fi\/en\/wp-json\/wp\/v2\/users\/3"}],"replies":[{"embeddable":true,"href":"https:\/\/talmaski.fi\/en\/wp-json\/wp\/v2\/comments?post=750"}],"version-history":[{"count":42,"href":"https:\/\/talmaski.fi\/en\/wp-json\/wp\/v2\/pages\/750\/revisions"}],"predecessor-version":[{"id":4610,"href":"https:\/\/talmaski.fi\/en\/wp-json\/wp\/v2\/pages\/750\/revisions\/4610"}],"up":[{"embeddable":true,"href":"https:\/\/talmaski.fi\/en\/wp-json\/wp\/v2\/pages\/121"}],"wp:featuredmedia":[{"embeddable":true,"href":"https:\/\/talmaski.fi\/en\/wp-json\/wp\/v2\/media\/809"}],"wp:attachment":[{"href":"https:\/\/talmaski.fi\/en\/wp-json\/wp\/v2\/media?parent=750"}],"curies":[{"name":"wp","href":"https:\/\/api.w.org\/{rel}","templated":true}]}}