{"id":885,"date":"2022-10-13T09:14:35","date_gmt":"2022-10-13T06:14:35","guid":{"rendered":"https:\/\/talmaski.fi\/2022\/?page_id=885"},"modified":"2025-11-20T11:43:17","modified_gmt":"2025-11-20T09:43:17","slug":"snow-park","status":"publish","type":"page","link":"https:\/\/talmaski.fi\/en\/hiihtokeskus\/snow-park\/","title":{"rendered":"Snow Park"},"content":{"rendered":"<h4 class=\"wp-block-heading\">Two snow parks and Southern Finland's only half pipe!<\/h4>\n\n\n\n<p><\/p>\n\n\n\n<figure class=\"wp-block-gallery has-nested-images columns-default is-cropped wp-block-gallery-1 is-layout-flex wp-block-gallery-is-layout-flex\">\n<figure class=\"wp-block-image size-large\"><img loading=\"lazy\" decoding=\"async\" width=\"1024\" height=\"893\" data-id=\"618\" src=\"https:\/\/talmaski.fi\/wp-content\/uploads\/2022\/09\/Talma_hyppyri2-1-of-1-1024x893.jpg\" alt=\"\" class=\"wp-image-618\" srcset=\"https:\/\/talmaski.fi\/wp-content\/uploads\/2022\/09\/Talma_hyppyri2-1-of-1-1024x893.jpg 1024w, https:\/\/talmaski.fi\/wp-content\/uploads\/2022\/09\/Talma_hyppyri2-1-of-1-300x262.jpg 300w, https:\/\/talmaski.fi\/wp-content\/uploads\/2022\/09\/Talma_hyppyri2-1-of-1-768x670.jpg 768w, https:\/\/talmaski.fi\/wp-content\/uploads\/2022\/09\/Talma_hyppyri2-1-of-1-1536x1340.jpg 1536w, https:\/\/talmaski.fi\/wp-content\/uploads\/2022\/09\/Talma_hyppyri2-1-of-1-600x523.jpg 600w, https:\/\/talmaski.fi\/wp-content\/uploads\/2022\/09\/Talma_hyppyri2-1-of-1.jpg 1761w\" sizes=\"auto, (max-width: 1024px) 100vw, 1024px\" \/><\/figure>\n\n\n\n<figure class=\"wp-block-image size-large\"><img loading=\"lazy\" decoding=\"async\" width=\"2048\" height=\"1366\" data-id=\"601\" src=\"https:\/\/talmaski.fi\/wp-content\/uploads\/2022\/09\/Talma_fiftari-1-of-1.jpg\" alt=\"\" class=\"wp-image-601\" srcset=\"https:\/\/talmaski.fi\/wp-content\/uploads\/2022\/09\/Talma_fiftari-1-of-1.jpg 2048w, https:\/\/talmaski.fi\/wp-content\/uploads\/2022\/09\/Talma_fiftari-1-of-1-300x200.jpg 300w, https:\/\/talmaski.fi\/wp-content\/uploads\/2022\/09\/Talma_fiftari-1-of-1-1024x683.jpg 1024w, https:\/\/talmaski.fi\/wp-content\/uploads\/2022\/09\/Talma_fiftari-1-of-1-768x512.jpg 768w, https:\/\/talmaski.fi\/wp-content\/uploads\/2022\/09\/Talma_fiftari-1-of-1-1536x1025.jpg 1536w, https:\/\/talmaski.fi\/wp-content\/uploads\/2022\/09\/Talma_fiftari-1-of-1-360x240.jpg 360w, https:\/\/talmaski.fi\/wp-content\/uploads\/2022\/09\/Talma_fiftari-1-of-1-600x400.jpg 600w\" sizes=\"auto, (max-width: 2048px) 100vw, 2048px\" \/><\/figure>\n\n\n\n<figure class=\"wp-block-image size-large\"><img loading=\"lazy\" decoding=\"async\" width=\"2048\" height=\"1366\" data-id=\"628\" src=\"https:\/\/talmaski.fi\/wp-content\/uploads\/2022\/09\/Eero_kakkoshynda\u0308-1-of-1.jpeg\" alt=\"\" class=\"wp-image-628\" srcset=\"https:\/\/talmaski.fi\/wp-content\/uploads\/2022\/09\/Eero_kakkoshynda\u0308-1-of-1.jpeg 2048w, https:\/\/talmaski.fi\/wp-content\/uploads\/2022\/09\/Eero_kakkoshynda\u0308-1-of-1-300x200.jpeg 300w, https:\/\/talmaski.fi\/wp-content\/uploads\/2022\/09\/Eero_kakkoshynda\u0308-1-of-1-1024x683.jpeg 1024w, https:\/\/talmaski.fi\/wp-content\/uploads\/2022\/09\/Eero_kakkoshynda\u0308-1-of-1-768x512.jpeg 768w, https:\/\/talmaski.fi\/wp-content\/uploads\/2022\/09\/Eero_kakkoshynda\u0308-1-of-1-1536x1025.jpeg 1536w, https:\/\/talmaski.fi\/wp-content\/uploads\/2022\/09\/Eero_kakkoshynda\u0308-1-of-1-360x240.jpeg 360w, https:\/\/talmaski.fi\/wp-content\/uploads\/2022\/09\/Eero_kakkoshynda\u0308-1-of-1-600x400.jpeg 600w\" sizes=\"auto, (max-width: 2048px) 100vw, 2048px\" \/><\/figure>\n<\/figure>\n\n\n\n<p>Talma is not called the mecca of snowboarders for nothing. Snow parks designed together with professionals offer a large number of different performance locations. The parks are maintained by staff with a strong skiing background. Many professionals have ventured out into the world from Talma. <\/p>\n\n\n\n<p>If you are a freestyle skier or snowboarder, come and fall in love! The front snow park contains more challenging rail lines, jumps and a corner. Back snow park is a relaxed mini-park where you can find easy rails and presses, jumps and on the other hand our biggest jump - a giant gap.<\/p>\n\n\n\n<p>Half pipe maintenance days mondays and fridays, but this may vary depending on the weather.<\/p>\n\n\n\n<figure class=\"wp-block-gallery has-nested-images columns-default is-cropped wp-block-gallery-2 is-layout-flex wp-block-gallery-is-layout-flex\">\n<figure class=\"wp-block-image size-large\"><img loading=\"lazy\" decoding=\"async\" width=\"1024\" height=\"682\" data-id=\"624\" src=\"https:\/\/talmaski.fi\/wp-content\/uploads\/2022\/09\/Talma_kuvia_aurinkosa\u0308a\u0308-1-of-1-17-1-1024x682.jpg\" alt=\"Etuparkin reililinjaa. \" class=\"wp-image-624\" srcset=\"https:\/\/talmaski.fi\/wp-content\/uploads\/2022\/09\/Talma_kuvia_aurinkosa\u0308a\u0308-1-of-1-17-1-1024x682.jpg 1024w, https:\/\/talmaski.fi\/wp-content\/uploads\/2022\/09\/Talma_kuvia_aurinkosa\u0308a\u0308-1-of-1-17-1-300x200.jpg 300w, https:\/\/talmaski.fi\/wp-content\/uploads\/2022\/09\/Talma_kuvia_aurinkosa\u0308a\u0308-1-of-1-17-1-768x512.jpg 768w, https:\/\/talmaski.fi\/wp-content\/uploads\/2022\/09\/Talma_kuvia_aurinkosa\u0308a\u0308-1-of-1-17-1-1536x1024.jpg 1536w, https:\/\/talmaski.fi\/wp-content\/uploads\/2022\/09\/Talma_kuvia_aurinkosa\u0308a\u0308-1-of-1-17-1-360x240.jpg 360w, https:\/\/talmaski.fi\/wp-content\/uploads\/2022\/09\/Talma_kuvia_aurinkosa\u0308a\u0308-1-of-1-17-1-600x400.jpg 600w, https:\/\/talmaski.fi\/wp-content\/uploads\/2022\/09\/Talma_kuvia_aurinkosa\u0308a\u0308-1-of-1-17-1.jpg 2000w\" sizes=\"auto, (max-width: 1024px) 100vw, 1024px\" \/><\/figure>\n<figcaption class=\"blocks-gallery-caption wp-element-caption\">Front park rail line.<\/figcaption><\/figure>\n\n\n\n<figure class=\"wp-block-image size-large is-resized\"><img loading=\"lazy\" decoding=\"async\" width=\"903\" height=\"1024\" src=\"https:\/\/talmaski.fi\/wp-content\/uploads\/2022\/09\/Talma_takarinne-rainbow-1-of-1-903x1024.jpg\" alt=\"Takaparkista l\u00f6ytyy helpompaa laskettavaa.\" class=\"wp-image-625\" srcset=\"https:\/\/talmaski.fi\/wp-content\/uploads\/2022\/09\/Talma_takarinne-rainbow-1-of-1-903x1024.jpg 903w, https:\/\/talmaski.fi\/wp-content\/uploads\/2022\/09\/Talma_takarinne-rainbow-1-of-1-264x300.jpg 264w, https:\/\/talmaski.fi\/wp-content\/uploads\/2022\/09\/Talma_takarinne-rainbow-1-of-1-768x871.jpg 768w, https:\/\/talmaski.fi\/wp-content\/uploads\/2022\/09\/Talma_takarinne-rainbow-1-of-1-600x681.jpg 600w, https:\/\/talmaski.fi\/wp-content\/uploads\/2022\/09\/Talma_takarinne-rainbow-1-of-1.jpg 1354w\" sizes=\"auto, (max-width: 903px) 100vw, 903px\" \/><figcaption class=\"wp-element-caption\"><em>Back snow park is a relaxed mini-park where you can find easier rails, presses and jumps.<\/em><\/figcaption><\/figure>\n\n\n\n<figure class=\"wp-block-image size-large is-resized\"><img loading=\"lazy\" decoding=\"async\" width=\"1024\" height=\"683\" src=\"https:\/\/talmaski.fi\/wp-content\/uploads\/2022\/09\/Riku_japan2-1-of-1-1024x683.jpeg\" alt=\"Etel\u00e4-Suomen ainoa half pipe ja yksi harvoista koko Suomessa.\" class=\"wp-image-626\" srcset=\"https:\/\/talmaski.fi\/wp-content\/uploads\/2022\/09\/Riku_japan2-1-of-1-1024x683.jpeg 1024w, https:\/\/talmaski.fi\/wp-content\/uploads\/2022\/09\/Riku_japan2-1-of-1-300x200.jpeg 300w, https:\/\/talmaski.fi\/wp-content\/uploads\/2022\/09\/Riku_japan2-1-of-1-768x512.jpeg 768w, https:\/\/talmaski.fi\/wp-content\/uploads\/2022\/09\/Riku_japan2-1-of-1-1536x1025.jpeg 1536w, https:\/\/talmaski.fi\/wp-content\/uploads\/2022\/09\/Riku_japan2-1-of-1-360x240.jpeg 360w, https:\/\/talmaski.fi\/wp-content\/uploads\/2022\/09\/Riku_japan2-1-of-1-600x400.jpeg 600w, https:\/\/talmaski.fi\/wp-content\/uploads\/2022\/09\/Riku_japan2-1-of-1.jpeg 2048w\" sizes=\"auto, (max-width: 1024px) 100vw, 1024px\" \/><figcaption class=\"wp-element-caption\"><em>The only half pipe in southern Finland and one of the few in the whole of Finland.<\/em><\/figcaption><\/figure>\n\n\n\n<figure class=\"wp-block-embed is-type-rich is-provider-embed-handler wp-block-embed-embed-handler wp-embed-aspect-16-9 wp-has-aspect-ratio\"><div class=\"wp-block-embed__wrapper\">\n<iframe loading=\"lazy\" title=\"How to behave in the Park. Instructional video in the style of Real Skif.\" width=\"750\" height=\"422\" src=\"https:\/\/www.youtube.com\/embed\/Kllx29hS2cE?feature=oembed\" frameborder=\"0\" allow=\"accelerometer; autoplay; clipboard-write; encrypted-media; gyroscope; picture-in-picture; web-share\" referrerpolicy=\"strict-origin-when-cross-origin\" allowfullscreen><\/iframe>\n<\/div><\/figure>\n\n\n\n<p class=\"has-text-align-center\">TALMAN PARKKITIIMIN VAATETTAA DOPE SNOW.<\/p>\n\n\n\n<figure class=\"wp-block-image size-large\"><a href=\"https:\/\/www.dopesnow.com\/fi\/\"><img loading=\"lazy\" decoding=\"async\" width=\"1500\" height=\"594\" src=\"https:\/\/talmaski.fi\/wp-content\/uploads\/2025\/08\/Dope-Logo-1500x594.jpg\" alt=\"\" class=\"wp-image-4287\"\/><\/a><\/figure>","protected":false},"excerpt":{"rendered":"<p>Kaksi snow parkkia ja Etel\u00e4-Suomen ainoa halfpipe! Talmaa ei turhaan kutsuta lumilautailijoiden mekaksi. Ammattilaisten kanssa yhdess\u00e4 suunnitellut snow parkit tarjoavat suuren m\u00e4\u00e4r\u00e4n erilaisia suorituspaikkoja. Parkit pit\u00e4\u00e4 kunnossa vahvan laskutaustan omaava henkil\u00f6kunta. Talmasta on ponnistanut maailmalle todella moni ammattilainen. Mik\u00e4li olet freestyle-laskija tai lumilautailija, tule ja ihastu! Etummainen snow park sis\u00e4lt\u00e4\u00e4 [&hellip;]<\/p>","protected":false},"author":3,"featured_media":886,"parent":23,"menu_order":0,"comment_status":"closed","ping_status":"closed","template":"","meta":{"footnotes":""},"class_list":["post-885","page","type-page","status-publish","has-post-thumbnail","hentry"],"_links":{"self":[{"href":"https:\/\/talmaski.fi\/en\/wp-json\/wp\/v2\/pages\/885","targetHints":{"allow":["GET"]}}],"collection":[{"href":"https:\/\/talmaski.fi\/en\/wp-json\/wp\/v2\/pages"}],"about":[{"href":"https:\/\/talmaski.fi\/en\/wp-json\/wp\/v2\/types\/page"}],"author":[{"embeddable":true,"href":"https:\/\/talmaski.fi\/en\/wp-json\/wp\/v2\/users\/3"}],"replies":[{"embeddable":true,"href":"https:\/\/talmaski.fi\/en\/wp-json\/wp\/v2\/comments?post=885"}],"version-history":[{"count":25,"href":"https:\/\/talmaski.fi\/en\/wp-json\/wp\/v2\/pages\/885\/revisions"}],"predecessor-version":[{"id":4574,"href":"https:\/\/talmaski.fi\/en\/wp-json\/wp\/v2\/pages\/885\/revisions\/4574"}],"up":[{"embeddable":true,"href":"https:\/\/talmaski.fi\/en\/wp-json\/wp\/v2\/pages\/23"}],"wp:featuredmedia":[{"embeddable":true,"href":"https:\/\/talmaski.fi\/en\/wp-json\/wp\/v2\/media\/886"}],"wp:attachment":[{"href":"https:\/\/talmaski.fi\/en\/wp-json\/wp\/v2\/media?parent=885"}],"curies":[{"name":"wp","href":"https:\/\/api.w.org\/{rel}","templated":true}]}}